{"id":1003,"date":"2023-04-11T17:53:01","date_gmt":"2023-04-11T15:53:01","guid":{"rendered":"https:\/\/ambpraga.esteri.it\/chi-siamo\/lambasciatore\/"},"modified":"2026-02-04T10:23:51","modified_gmt":"2026-02-04T09:23:51","slug":"lambasciatore","status":"publish","type":"page","link":"https:\/\/ambpraga.esteri.it\/cs\/chi-siamo\/lambasciatore\/","title":{"rendered":"Velvyslanec"},"content":{"rendered":"<p>&nbsp;<\/p>\n<p>&nbsp;<\/p>\n<p><img loading=\"lazy\" decoding=\"async\" class=\"alignnone  wp-image-8788 img-fluid\" src=\"https:\/\/ambpraga.esteri.it\/wp-content\/uploads\/2026\/02\/Gaudiano-300x169.jpg\" alt=\"\" width=\"886\" height=\"499\" srcset=\"https:\/\/ambpraga.esteri.it\/wp-content\/uploads\/2026\/02\/Gaudiano-300x169.jpg 300w, https:\/\/ambpraga.esteri.it\/wp-content\/uploads\/2026\/02\/Gaudiano-1024x576.jpg 1024w, https:\/\/ambpraga.esteri.it\/wp-content\/uploads\/2026\/02\/Gaudiano-768x432.jpg 768w, https:\/\/ambpraga.esteri.it\/wp-content\/uploads\/2026\/02\/Gaudiano.jpg 1280w\" sizes=\"auto, (max-width: 886px) 100vw, 886px\" \/><\/p>\n<p>&nbsp;<\/p>\n<p>Vyslanec Alessandro Gaudiano je velvyslancem It\u00e1lie v Praze.<\/p>\n<p>Vystudoval politologii na Univerzit\u011b v \u0158\u00edm\u011b, kde promoval 17. \u010dervence 1987. Do diplomatick\u00fdch slu\u017eeb nastoupil v \u00fanoru 1989.<\/p>\n<p>V roce 1991 byl jmenov\u00e1n prvn\u00edm vicekonzulem v Berl\u00edn\u011b, kde byl n\u00e1sledn\u011b pov\u00fd\u0161en na prvn\u00edho tajemn\u00edka a potvrzen v \u00fa\u0159adu s funkc\u00ed z\u00e1stupce konzula. V roce 1995 byl jmenov\u00e1n prvn\u00edm obchodn\u00edm tajemn\u00edkem na italsk\u00e9m velvyslanectv\u00ed v Ottaw\u011b.<\/p>\n<p>Od roku 1999 p\u016fsobil na Odboru \u010d. X Gener\u00e1ln\u00edho \u0159editelstv\u00ed pro spolupr\u00e1ci a rozvoj. Ve stejn\u00e9m roce byl pov\u00fd\u0161en na tajemn\u00edka. V tomto obdob\u00ed zast\u00e1val funkce s rostouc\u00ed zodpov\u011bdnost\u00ed a v roce 2000 se stal vedouc\u00edm Odboru \u010d.V Gener\u00e1ln\u00edho \u0159editelstv\u00ed pro spolupr\u00e1ci a rozvoj.<\/p>\n<p>V roce 2004 se vr\u00e1til do Berl\u00edna ve funkci rada pro migraci a soci\u00e1ln\u00ed z\u00e1le\u017eitosti. Ve stejn\u00e9m roce byl pov\u00fd\u0161en na radu velvyslanectv\u00ed a n\u00e1sledn\u011b potvrzen ve funkci prvn\u00edho rady pro migraci a soci\u00e1ln\u00ed z\u00e1le\u017eitosti.<\/p>\n<p>V roce 2008 se vr\u00e1til na Gener\u00e1ln\u00edho \u0159editelstv\u00ed pro spolupr\u00e1ci a rozvoj jako vedouc\u00ed Odboru \u010d. V. V lednu 2011 byl jmenov\u00e1n zplnomocn\u011bn\u00fdm vyslancem a od b\u0159ezna t\u00e9ho\u017e roku zast\u00e1val i funkce z\u00e1stupce gener\u00e1ln\u00edho \u0159editele\/ vedouc\u00ed pro pl\u00e1nov\u00e1n\u00ed a realizaci program\u016f spolupr\u00e1ce.<\/p>\n<p>Od roku 2012 pracoval p\u0159\u00edmo pod gener\u00e1ln\u00edm \u0159editelem pro spolupr\u00e1ci a rozvoj jako vedouc\u00ed Task Force pro Afgh\u00e1nist\u00e1n, P\u00e1kist\u00e1n a Myanmar. V roce 2013 p\u0159evzal tak\u00e9 odpov\u011bdnost za Task Force pro Ir\u00e1k, p\u0159i\u010dem\u017e nad\u00e1le vykon\u00e1val funkce z\u00e1stupce gener\u00e1ln\u00edho \u0159editele.<\/p>\n<p>Od listopadu 2015 p\u016fsobil znovu v Berl\u00edn\u011b jako vyslanec. Od 1. \u010dervence 2020 byl z\u00e1stupcem gener\u00e1ln\u00edho \u0159editele pro Evropskou unii\/vedouc\u00edm pro evropsk\u00e9 zem\u011b. Tato pozice byla od 1. ledna 2022 p\u0159ejmenov\u00e1na na z\u00e1stupce gener\u00e1ln\u00edho \u0159editele pro Evropu a mezin\u00e1rodn\u00ed obchodn\u00ed politiku\/vedouc\u00ed pro evropsk\u00e9 zem\u011b.<\/p>\n<p>Od 2. \u00fanora 2026 je velvyslancem It\u00e1lie v Praze.<\/p>\n","protected":false},"excerpt":{"rendered":"&nbsp; &nbsp; &nbsp; Vyslanec Alessandro Gaudiano je velvyslancem It\u00e1lie v Praze. Vystudoval politologii na Univerzit\u011b v \u0158\u00edm\u011b, kde promoval 17. \u010dervence 1987. Do diplomatick\u00fdch slu\u017eeb nastoupil v \u00fanoru 1989. V roce 1991 byl jmenov\u00e1n prvn\u00edm vicekonzulem v Berl\u00edn\u011b, kde byl n\u00e1sledn\u011b pov\u00fd\u0161en na prvn\u00edho tajemn\u00edka a potvrzen v \u00fa\u0159adu s funkc\u00ed z\u00e1stupce konzula. V roce [&hellip;]","protected":false},"author":1,"featured_media":0,"parent":135,"menu_order":0,"comment_status":"closed","ping_status":"closed","template":"","meta":{"footnotes":""},"class_list":["post-1003","page","type-page","status-publish","hentry"],"_links":{"self":[{"href":"https:\/\/ambpraga.esteri.it\/cs\/wp-json\/wp\/v2\/pages\/1003","targetHints":{"allow":["GET"]}}],"collection":[{"href":"https:\/\/ambpraga.esteri.it\/cs\/wp-json\/wp\/v2\/pages"}],"about":[{"href":"https:\/\/ambpraga.esteri.it\/cs\/wp-json\/wp\/v2\/types\/page"}],"author":[{"embeddable":true,"href":"https:\/\/ambpraga.esteri.it\/cs\/wp-json\/wp\/v2\/users\/1"}],"replies":[{"embeddable":true,"href":"https:\/\/ambpraga.esteri.it\/cs\/wp-json\/wp\/v2\/comments?post=1003"}],"version-history":[{"count":3,"href":"https:\/\/ambpraga.esteri.it\/cs\/wp-json\/wp\/v2\/pages\/1003\/revisions"}],"predecessor-version":[{"id":8842,"href":"https:\/\/ambpraga.esteri.it\/cs\/wp-json\/wp\/v2\/pages\/1003\/revisions\/8842"}],"up":[{"embeddable":true,"href":"https:\/\/ambpraga.esteri.it\/cs\/wp-json\/wp\/v2\/pages\/135"}],"wp:attachment":[{"href":"https:\/\/ambpraga.esteri.it\/cs\/wp-json\/wp\/v2\/media?parent=1003"}],"curies":[{"name":"wp","href":"https:\/\/api.w.org\/{rel}","templated":true}]}}