{"id":1009,"date":"2023-04-11T18:01:19","date_gmt":"2023-04-11T16:01:19","guid":{"rendered":"https:\/\/ambpraga.esteri.it\/chi-siamo\/gli-uffici\/"},"modified":"2026-01-30T16:27:07","modified_gmt":"2026-01-30T15:27:07","slug":"gli-uffici","status":"publish","type":"page","link":"https:\/\/ambpraga.esteri.it\/cs\/chi-siamo\/gli-uffici\/","title":{"rendered":"Gli Uffici"},"content":{"rendered":"<h2 style=\"text-align: justify;\"><strong>Ambasciata d&#8217;Italia a Praga<\/strong><\/h2>\n<p style=\"text-align: justify; padding-left: 40px;\">Nerudova 214\/20,\u00a0118 00 Praha 1 &#8211; Mal\u00e1 Strana<\/p>\n<p><iframe loading=\"lazy\" style=\"border: 0;\" src=\"https:\/\/www.google.com\/maps\/embed?pb=!1m18!1m12!1m3!1d7896.03848494975!2d14.40681247607179!3d50.08677719301742!2m3!1f0!2f0!3f0!3m2!1i1024!2i768!4f13.1!3m3!1m2!1s0x470b951de246e1b9%3A0x6cb8195b88bd58d9!2sNerudova%20214%2F20%2C%20118%2000%20Mal%C3%A1%20Strana%2C%20Cechia!5e0!3m2!1sit!2sus!4v1682503797601!5m2!1sit!2sus\" width=\"600\" height=\"450\" allowfullscreen=\"allowfullscreen\"><span data-mce-type=\"bookmark\" style=\"display: inline-block; width: 0px; overflow: hidden; line-height: 0;\" class=\"mce_SELRES_start\">\ufeff<\/span><\/iframe><\/p>\n<h4 style=\"text-align: justify;\"><strong>Centralino:<\/strong><\/h4>\n<p style=\"text-align: justify; padding-left: 40px;\">Tel.: <strong>+420 233 080 111<\/strong><\/p>\n<h4 style=\"text-align: justify;\"><strong>Linea diretta Segreteria dell&#8217;Ambasciata:<\/strong><\/h4>\n<p style=\"text-align: justify; padding-left: 40px;\">Tel.: <strong>+420 233 080 111<\/strong><\/p>\n<h4 style=\"text-align: justify;\"><strong>Linea diretta per informazioni di natura consolare:<br \/>\n<\/strong><\/h4>\n<p><span style=\"text-decoration: underline;\"><strong>Si informa la gentile utenza che la Cancelleria Consolare \u00e8 raggiungibile telefonicamente dal luned\u00ec al venerd\u00ec durante l&#8217;orario di servizio. <\/strong><\/span><\/p>\n<p><span style=\"text-decoration: underline;\"><strong>Non viene, tuttavia, assicurata una pronta risposta durante la fascia di apertura al pubblico.<\/strong><\/span><\/p>\n<p>&nbsp;<\/p>\n<p style=\"text-align: justify; padding-left: 40px;\">Tel.: <strong>+420 233 080 111<\/strong> &#8211; premere 1 per il men\u00f9 in lingua italiana e poi nuovamente 1 per parlare con un operatore della Cancelleria consolare<\/p>\n<p style=\"padding-left: 80px;\"><em><strong>Si prega di consultare le informazioni contenute su questo sito, prima di contattare la Cancelleria consolare.<\/strong><\/em><\/p>\n<p style=\"text-align: justify; padding-left: 80px;\"><em>Si chiede ai connazionali di privilegiare le comunicazioni via e-mail:\u00a0<a href=\"mailto:consolare.praga@esteri.it\">consolare.praga@esteri.it<\/a><\/em><\/p>\n<p style=\"text-align: justify;\"><strong>Per prenotare un appuntamento presso gli uffici consolari<\/strong>, <a href=\"https:\/\/prenotami.esteri.it\/\" target=\"_blank\" rel=\"noopener\">CLICCARE QUI\u00a0<\/a><\/p>\n<p><strong>In caso di comprovata emergenza,<\/strong>\u00a0<a href=\"https:\/\/ambpraga.esteri.it\/cs\/chi-siamo\/numeri-di-emergenza\/\" target=\"_blank\" rel=\"noopener\">CLICCARE QUI PER I NUMERI DA CHIAMARE<\/a><\/p>\n<p style=\"text-align: justify;\"><strong>L&#8217;Ambasciata osserva un certo numero di festivit\u00e0 italiane e ceche ed <\/strong><strong>\u00e8 chiusa al pubblico nei seguenti giorni festivi\u00a0 dell&#8217;anno 2026:<\/strong><\/p>\n<table style=\"width: 532px; height: 223px;\">\n<tbody>\n<tr>\n<td><strong>1 gennaio<\/strong><\/td>\n<td><strong>Capodanno<\/strong><\/td>\n<\/tr>\n<tr>\n<td><strong>6 gennaio<\/strong><\/td>\n<td><strong>Epifania<\/strong><\/td>\n<\/tr>\n<tr>\n<td><strong>\u00a03 aprile<br \/>\n<\/strong><\/td>\n<td><strong>Venerd\u00ec Santo<\/strong><\/td>\n<\/tr>\n<tr>\n<td><strong>\u00a06 aprile<\/strong><\/td>\n<td><strong>Luned\u00ec dell&#8217;Angelo<\/strong><\/td>\n<\/tr>\n<tr>\n<td><strong>25 aprile<\/strong><\/td>\n<td><strong>Festa della Liberazione<\/strong><\/td>\n<\/tr>\n<tr>\n<td><strong>1 maggio<\/strong><\/td>\n<td><strong>Festa del Lavoro<\/strong><\/td>\n<\/tr>\n<tr>\n<td><strong>2 giugno<\/strong><\/td>\n<td><strong>Festa della Repubblica Italiana<\/strong><\/td>\n<\/tr>\n<tr>\n<td><strong>28 ottobre<\/strong><\/td>\n<td><strong>Festa nazionale della Repubblica Ceca<\/strong><\/td>\n<\/tr>\n<tr>\n<td><strong>24 dicembre<\/strong><\/td>\n<td><strong>Vigilia di Natale<\/strong><\/td>\n<\/tr>\n<tr>\n<td><strong>25 dicembre<\/strong><\/td>\n<td><strong>Santo Natale<\/strong><\/td>\n<\/tr>\n<tr>\n<td><strong>26 dicembre<\/strong><\/td>\n<td><strong>Santo Stefano<\/strong><\/td>\n<\/tr>\n<\/tbody>\n<\/table>\n<p>&nbsp;<\/p>\n<h4 style=\"text-align: justify;\"><strong><strong>Capo Missione<\/strong><\/strong><\/h4>\n<p style=\"text-align: justify;\"><em><strong> L&#8217;Ambasciatore\u00a0<\/strong><\/em><\/p>\n<p>&nbsp;<\/p>\n<p style=\"text-align: justify; padding-left: 40px;\">Tel. segreteria: <em><strong>+420 233 080 111<\/strong><br \/>\n<\/em><\/p>\n<p style=\"text-align: justify; padding-left: 40px;\">E-mail:\u00a0<a href=\"mailto:ambasciata.praga@esteri.it\">ambasciata.praga@esteri.it<\/a><\/p>\n<p style=\"padding-left: 40px;\">E-mail:\u00a0<a href=\"mailto:segreteria.praga@esteri.it\">segreteria.praga@esteri.it<\/a><\/p>\n<p style=\"text-align: justify; padding-left: 40px;\">Pec: <a href=\"mailto:amb.praga@cert.esteri.it\">amb.praga@cert.esteri.it<\/a><\/p>\n<p>&nbsp;<\/p>\n<h4 style=\"text-align: justify;\"><strong>Vice-Capo Missione<\/strong><\/h4>\n<p><em><strong>Cons. Laura Ulda Calligaro<\/strong><\/em><\/p>\n<p style=\"text-align: justify; padding-left: 40px;\">Tel. segreteria: <em><strong>+420 233 080 111<\/strong><br \/>\n<\/em><\/p>\n<p style=\"text-align: justify; padding-left: 40px;\">E-mail:\u00a0<a href=\"mailto:ambasciata.praga@esteri.it\">ambasciata.praga@esteri.it<\/a><\/p>\n<p style=\"padding-left: 40px;\">E-mail:\u00a0<a href=\"mailto:segreteria.praga@esteri.it\">segreteria.praga@esteri.it<\/a><\/p>\n<p style=\"text-align: justify; padding-left: 40px;\">Pec: <a href=\"mailto:amb.praga@cert.esteri.it\">amb.praga@cert.esteri.it<\/a><\/p>\n<p>&nbsp;<\/p>\n<h4 style=\"text-align: justify;\"><strong>Cancelleria consolare<\/strong><\/h4>\n<p style=\"text-align: justify;\"><em><strong>Capo della Cancelleria consolare Dott.ssa Loretta Rapisarda<\/strong><\/em><\/p>\n<p style=\"text-align: justify; padding-left: 40px;\">Tel.: <strong>+420 233 080 202<\/strong><\/p>\n<p style=\"text-align: justify; padding-left: 40px;\">E-mail:\u00a0<a href=\"mailto:consolare.praga@esteri.it\">consolare.praga@esteri.it<\/a><\/p>\n<p style=\"text-align: justify; padding-left: 40px;\">Pec:\u00a0<a href=\"mailto:amb.praga.consolare@cert.esteri.it\">amb.praga.consolare@cert.esteri.it<\/a><\/p>\n<p style=\"padding-left: 40px;\">Pec: <a href=\"mailto:amb.praga.pass@cert.esteri.it\">amb.praga.pass@cert.esteri.it<\/a><\/p>\n<h4 style=\"text-align: justify;\"><strong>Orario di apertura al pubblico della Cancelleria consolare:<\/strong><\/h4>\n<p style=\"text-align: justify;\">*Previo appuntamento sul portale <a href=\"https:\/\/prenotami.esteri.it\/\" target=\"_blank\" rel=\"noopener\">Prenot@mi<\/a>\u00a0&#8211;\u00a0<a href=\"https:\/\/prenotami.esteri.it\/\" target=\"_blank\" rel=\"noopener\">https:\/\/prenotami.esteri.it\/<\/a><\/p>\n<table style=\"height: 175px; width: 597px;\" border=\"0\">\n<tbody>\n<tr>\n<td><\/td>\n<td style=\"text-align: center;\"><strong>mattina<\/strong><\/td>\n<td style=\"text-align: center;\"><strong>pomeriggio<\/strong><\/td>\n<\/tr>\n<tr>\n<td><strong>luned\u00ec<\/strong><\/td>\n<td style=\"text-align: center;\"><strong>dalle ore 9.00 alle ore 12.00<\/strong><\/td>\n<td style=\"text-align: center;\"><strong>CHIUSO<\/strong><\/td>\n<\/tr>\n<tr>\n<td><strong>marted\u00ec<\/strong><\/td>\n<td style=\"text-align: center;\"><strong>dalle ore 9.00 alle ore 12.00<\/strong><\/td>\n<td style=\"text-align: center;\"><strong>dalle ore 14.30 alle ore 16.00<\/strong><\/td>\n<\/tr>\n<tr>\n<td><strong>mercoled\u00ec<\/strong><\/td>\n<td style=\"text-align: center;\"><strong>dalle ore 9.00 alle ore 12.00<\/strong><\/td>\n<td style=\"text-align: center;\"><strong>CHIUSO<\/strong><\/td>\n<\/tr>\n<tr>\n<td><strong>gioved\u00ec<\/strong><\/td>\n<td style=\"text-align: center;\"><strong>dalle ore 9.00 alle ore 12.00<\/strong><\/td>\n<td style=\"text-align: center;\"><strong>CHIUSO<\/strong><\/td>\n<\/tr>\n<tr>\n<td><strong>venerd\u00ec<\/strong><\/td>\n<td style=\"text-align: center;\"><strong>dalle ore 9.00 alle ore 12.00<\/strong><\/td>\n<td style=\"text-align: center;\"><strong>CHIUSO<\/strong><\/td>\n<\/tr>\n<\/tbody>\n<\/table>\n<p>&nbsp;<\/p>\n<h4 style=\"text-align: justify;\"><strong>Ufficio Amministrazione<\/strong><\/h4>\n<p><em><strong>Dott.ssa Loretta Rapisarda<\/strong><\/em><\/p>\n<p style=\"text-align: justify; padding-left: 40px;\">Tel.: <strong>+420 233 080 202<\/strong><\/p>\n<p style=\"text-align: justify; padding-left: 40px;\">E-mail: <a href=\"mailto:contabilita.praga@esteri.it\">contabilita.praga@esteri.it<\/a><\/p>\n<p>&nbsp;<\/p>\n<h4 style=\"text-align: justify;\"><strong>Ufficio Commerciale<\/strong><\/h4>\n<p><em><strong>Dott. M. Antonino Marino<\/strong><\/em><\/p>\n<p style=\"text-align: justify; padding-left: 40px;\">Tel.: <strong>+420 233 080 261<\/strong><\/p>\n<p style=\"text-align: justify; padding-left: 40px;\">E-mail:\u00a0<a href=\"mailto:commerciale.praga@esteri.it\">commerciale.praga@esteri.it<\/a><\/p>\n<p>&nbsp;<\/p>\n<h4 style=\"text-align: justify;\"><strong>Ufficio dell&#8217;Addetto Spaziale<\/strong><\/h4>\n<p><em><strong>Dott.ssa Maria Cristina Falvella<\/strong><\/em><\/p>\n<p style=\"text-align: justify; padding-left: 40px;\">Tel.: <strong>+420 233 080 210<\/strong><\/p>\n<p style=\"text-align: justify; padding-left: 40px;\">E-mail: <a href=\"mailto:ambpraga.spazio@esteri.it\">ambpraga.spazio@esteri.it\u00a0<\/a><\/p>\n<p>&nbsp;<\/p>\n<h4 style=\"text-align: justify;\"><strong>Istituto Italiano di Cultura<\/strong><\/h4>\n<p><em><strong>Direttrice dell&#8217;IIC Dott.ssa Marialuisa Pappalardo<\/strong><\/em><\/p>\n<p style=\"text-align: justify; padding-left: 40px;\">\u0160porkova 14, 118 00 &#8211; Praga 1<\/p>\n<p style=\"text-align: justify; padding-left: 40px;\">Tel.: <strong><em>+420 257 090 681<\/em><\/strong><\/p>\n<p style=\"text-align: justify; padding-left: 40px;\">E-mail: <a href=\"mailto:iicpraga@esteri.it\">iicpraga@esteri.it<\/a><\/p>\n<p style=\"padding-left: 40px;\">PEC:\u00a0<a href=\"mailto:iic.praga@cert.esteri.it\">iic.praga@cert.esteri.it<\/a><\/p>\n<p style=\"padding-left: 40px;\">Web:\u00a0<a href=\"https:\/\/iicpraga.esteri.it\/\" target=\"_blank\" rel=\"noopener\">https:\/\/iicpraga.esteri.it\/<\/a><\/p>\n<p>&nbsp;<\/p>\n<h4 style=\"text-align: justify;\"><strong>Ufficio dell&#8217;Addetto per la Difesa<\/strong><\/h4>\n<p style=\"text-align: justify;\"><em><strong>Col. Stefano Cavaliere<\/strong><\/em><\/p>\n<p style=\"padding-left: 40px;\">E-mail: <a href=\"mailto:difeitalia.varsavia@smd.difesa.it\">difeitalia.varsavia@smd.difesa.it<\/a><\/p>\n<p>&nbsp;<\/p>\n<h4 style=\"text-align: justify;\"><strong>Consolato Onorario d\u2019Italia a Brno<\/strong><\/h4>\n<p style=\"text-align: justify;\"><em><strong>Console onorario: Pavel Zezula<\/strong><\/em><\/p>\n<p style=\"text-align: justify; padding-left: 40px;\">V\u00fdstavi\u0161t\u011b 1,\u00a0603 00 &#8211; Brno<\/p>\n<p style=\"text-align: justify; padding-left: 40px;\">Tel.:<strong>+420 548 136 340<\/strong><\/p>\n<p style=\"padding-left: 40px;\">E-mail:\u00a0<a href=\"mailto:info@consolatobrno.cz\">info@consolatobrno.cz<\/a><\/p>\n<p style=\"text-align: justify; padding-left: 40px;\">Facebook: <a href=\"http:\/\/www.facebook.com\/Consolato-dItalia-a-Brno-2316907208533587\" target=\"_blank\" rel=\"noopener\">www.facebook.com\/Consolato-dItalia-a-Brno-2316907208533587<\/a><\/p>\n<p>&nbsp;<\/p>\n<h4 style=\"text-align: justify;\"><strong>ICE &#8211; ITA Italian Trade Agency &#8211; (Punto di Corrispondenza)<\/strong><\/h4>\n<p><strong><em>Referente: Ag\u00e1ta Cacciotti<\/em><\/strong><\/p>\n<p style=\"text-align: justify; padding-left: 40px;\">Z\u00e1meck\u00e9 schody 193\/1, 118 00 &#8211; Praga 1<\/p>\n<p style=\"text-align: justify; padding-left: 40px;\">Tel.: <strong>+420 220 560 799<\/strong><\/p>\n<p style=\"padding-left: 40px;\">E-mail: <a href=\"mailto:praga@ice.it\">praga@ice.it<\/a><\/p>\n<p style=\"padding-left: 40px;\">Web:\u00a0<a href=\"https:\/\/www.ice.it\/it\/mercati\/repubblica-ceca\" target=\"_blank\" rel=\"noopener\">https:\/\/www.ice.it\/it\/mercati\/repubblica-ceca<\/a><\/p>\n<p>&nbsp;<\/p>\n<h4 style=\"text-align: justify;\"><strong>Comites della Repubblica Ceca<\/strong><\/h4>\n<p style=\"padding-left: 40px;\">E-mail:\u00a0<a href=\"mailto:comites@comitescz.cz\">comites@comitescz.cz<\/a><\/p>\n<p style=\"padding-left: 40px;\">Facebook:\u00a0<a href=\"https:\/\/www.facebook.com\/ComitesRC\/\" target=\"_blank\" rel=\"noopener\">https:\/\/www.facebook.com\/ComitesRC\/<\/a><\/p>\n","protected":false},"excerpt":{"rendered":"Ambasciata d&#8217;Italia a Praga Nerudova 214\/20,\u00a0118 00 Praha 1 &#8211; Mal\u00e1 Strana \ufeff Centralino: Tel.: +420 233 080 111 Linea diretta Segreteria dell&#8217;Ambasciata: Tel.: +420 233 080 111 Linea diretta per informazioni di natura consolare: Si informa la gentile utenza che la Cancelleria Consolare \u00e8 raggiungibile telefonicamente dal luned\u00ec al venerd\u00ec durante l&#8217;orario di servizio. [&hellip;]","protected":false},"author":1,"featured_media":215,"parent":135,"menu_order":4,"comment_status":"closed","ping_status":"closed","template":"","meta":{"footnotes":""},"class_list":["post-1009","page","type-page","status-publish","has-post-thumbnail","hentry"],"_links":{"self":[{"href":"https:\/\/ambpraga.esteri.it\/cs\/wp-json\/wp\/v2\/pages\/1009","targetHints":{"allow":["GET"]}}],"collection":[{"href":"https:\/\/ambpraga.esteri.it\/cs\/wp-json\/wp\/v2\/pages"}],"about":[{"href":"https:\/\/ambpraga.esteri.it\/cs\/wp-json\/wp\/v2\/types\/page"}],"author":[{"embeddable":true,"href":"https:\/\/ambpraga.esteri.it\/cs\/wp-json\/wp\/v2\/users\/1"}],"replies":[{"embeddable":true,"href":"https:\/\/ambpraga.esteri.it\/cs\/wp-json\/wp\/v2\/comments?post=1009"}],"version-history":[{"count":7,"href":"https:\/\/ambpraga.esteri.it\/cs\/wp-json\/wp\/v2\/pages\/1009\/revisions"}],"predecessor-version":[{"id":8722,"href":"https:\/\/ambpraga.esteri.it\/cs\/wp-json\/wp\/v2\/pages\/1009\/revisions\/8722"}],"up":[{"embeddable":true,"href":"https:\/\/ambpraga.esteri.it\/cs\/wp-json\/wp\/v2\/pages\/135"}],"wp:featuredmedia":[{"embeddable":true,"href":"https:\/\/ambpraga.esteri.it\/cs\/wp-json\/wp\/v2\/media\/215"}],"wp:attachment":[{"href":"https:\/\/ambpraga.esteri.it\/cs\/wp-json\/wp\/v2\/media?parent=1009"}],"curies":[{"name":"wp","href":"https:\/\/api.w.org\/{rel}","templated":true}]}}