{"id":1011,"date":"2023-04-11T18:07:19","date_gmt":"2023-04-11T16:07:19","guid":{"rendered":"https:\/\/ambpraga.esteri.it\/chi-siamo\/numeri-di-emergenza\/"},"modified":"2023-05-19T11:38:36","modified_gmt":"2023-05-19T09:38:36","slug":"numeri-di-emergenza","status":"publish","type":"page","link":"https:\/\/ambpraga.esteri.it\/cs\/chi-siamo\/numeri-di-emergenza\/","title":{"rendered":"\u010c\u00edsla t\u00eds\u0148ov\u00e9ho vol\u00e1n\u00ed"},"content":{"rendered":"<p style=\"text-align: justify;\">Per informazioni generali ed operative sulla sicurezza in Repubblica Ceca, consulta il sito dell\u2019Unit\u00e0 di crisi della Farnesina \u201c<a href=\"https:\/\/www.viaggiaresicuri.it\/find-country\/country\/CZE\" target=\"_blank\" rel=\"noopener\"><strong>Viaggiare Sicuri<\/strong><\/a>\u201d.<\/p>\n<p style=\"text-align: justify;\">Se programmi un viaggio o risiedi in Repubblica Ceca, non dimenticare di registrarti al sito \u201c<a href=\"https:\/\/www.dovesiamonelmondo.it\/home.html\" target=\"_blank\" rel=\"noopener\"><strong>Dove siamo nel Mondo<\/strong><\/a>&#8220; per essere rintracciato in caso di emergenza.<\/p>\n<p style=\"text-align: justify;\">In caso di emergenza si prega di chiamare\u00a0<strong>(lun-ven, ore 9:00 &#8211; 16:00)<\/strong>:<\/p>\n<p style=\"padding-left: 40px; text-align: justify;\"><strong>+420 233 080 111<\/strong><strong><br \/>\n<\/strong><\/p>\n<p style=\"text-align: justify;\">Nel fine settimana e nei giorni festivi, nonch\u00e8 nelle ore serali\u00a0<strong>(fino alle 21.00)<\/strong>:<\/p>\n<p style=\"padding-left: 40px; text-align: justify;\"><strong>+420 603 517 770<\/strong><\/p>\n<p style=\"text-align: justify;\">Nelle ore notturne:<\/p>\n<p style=\"padding-left: 40px; text-align: justify;\"><strong>+39 0636 91 26 66\u00a0<\/strong>(Funzionario di Turno del MAECI)<\/p>\n<p style=\"text-align: justify;\">Numeri di emergenza nella Rep. Ceca:<\/p>\n<ul style=\"text-align: justify;\">\n<li>Tel. Emergenze: <strong>112<\/strong><\/li>\n<li>Polizia: <strong>158<\/strong><\/li>\n<li>Pronto soccorso: <strong>155<\/strong><\/li>\n<li>Vigili del fuoco: <strong>150<\/strong><\/li>\n<\/ul>\n<p style=\"text-align: justify;\"><strong>Si ricorda che numeri indicati sono adibiti esclusivamente alla segnalazione di situazioni di grave e comprovata emergenza che richiedono interventi immediati e non differibili da parte del Ministero degli Esteri a tutela dei cittadini italiani all\u2019estero (quali:\u00a0incidenti,\u00a0arresti,\u00a0gravi problemi medici,\u00a0calamit\u00e0 naturali,\u00a0serie situazioni familiari).<\/strong><\/p>\n<p style=\"text-align: justify;\">I funzionari di turno non possono dare seguito a richieste generiche relative a pratiche amministrative quali, ad esempio: iscrizioni AIRE, stato civile, passaporti o carte d\u2019identit\u00e0, richieste cittadinanza, servizi notarili, ecc.<\/p>\n<p style=\"text-align: justify;\"><strong>INFO UTILI:<\/strong><\/p>\n<ul style=\"text-align: justify;\">\n<li>In considerazione del notevole numero di furti di documenti personali nella citt\u00e0 di Praga, si invitano tutti i connazionali a viaggiare \u2013 ove possibile \u2013 con due documenti diversi, da tenere separati (ad esempio: carta d\u2019identit\u00e0 con s\u00e9 tutto il tempo, passaporto in altro luogo sicuro).<\/li>\n<li>Si invitano altres\u00ec i connazionali che viaggiano con un solo documento di identit\u00e0 di munirsi di copia dello stesso, da utilizzare durante il soggiorno in citt\u00e0. Si suggerisce parimenti di tenere i documenti di identificazione in luoghi diversi dai valori (contanti, carte bancomat e carte di credito, ecc.) e di non tenere questi ultimi tutti insieme.<\/li>\n<li>In caso di furto o di smarrimento di denaro contante e altri valori, si suggerisce di contattare immediatamente parenti o amici in Italia, chiedendo loro di inviare il denaro necessario per l\u2019emergenza tramite le agenzie di trasferimento denaro (Western Union, Money Gram, ecc.).<\/li>\n<li><a href=\"https:\/\/ambpraga.esteri.it\/wp-content\/uploads\/2023\/04\/traduzione-accatuto-polizia.pdf\" target=\"_blank\" rel=\"noopener\">Qui\u00a0<\/a>trovate un modulo per fornire le informazioni basiche sull&#8217;accaduto alla Polizia.<\/li>\n<\/ul>\n<p style=\"text-align: justify;\"><strong>INDIRIZZI UTILI<\/strong><\/p>\n<p style=\"text-align: justify;\"><a href=\"https:\/\/www.esteri.it\/it\/ministero\/struttura\/laretediplomatica\/\" target=\"_blank\" rel=\"noopener\">Qui\u00a0<\/a>trovate l&#8217;elenco e i recapiti di\u00a0<strong>tutti gli uffici consolari italiani all&#8217;estero<\/strong>.<\/p>\n<p style=\"text-align: justify;\"><strong>Polizia:<\/strong> Le denunce possono essere effettuate presso qualsiasi stazione di polizia di stato (ESCLUSA quella municipale ovvero la &#8222;<em>m\u011bstsk\u00e1 policie&#8220;)<\/em>, anche se non in tutte e\u2019 presente personale che parli lingue straniere. Un servizio di polizia dedicato agli stranieri con personale che inglese \u00e8 presso le stazioni in:<\/p>\n<ul style=\"text-align: justify;\">\n<li>Jungmannovo n\u00e1m. 771, 110 00 Praga 1 (nei pressi di Piazza Venceslao) &#8211;\u00a0Tel.: +420 974851750<\/li>\n<li>Vla\u0161sk\u00e1 362, 118 00 Praga 1 (vicino la nostra Ambasciata) &#8211; Tel.: +420 <span aria-label=\"Zavolat na \u010d\u00edslo 974 851 900\">974 851 900<\/span><\/li>\n<\/ul>\n<p style=\"text-align: justify;\"><strong>Pronto soccorso<\/strong>: Ospedale per stranieri sito in:<\/p>\n<ul>\n<li style=\"text-align: justify;\">Ospedale &#8222;Na Homolce\u201d Roentgenova, 2 \u2013 Motol Praga 5 &#8211; Tel.: +420 257 271 111.<\/li>\n<\/ul>\n","protected":false},"excerpt":{"rendered":"Per informazioni generali ed operative sulla sicurezza in Repubblica Ceca, consulta il sito dell\u2019Unit\u00e0 di crisi della Farnesina \u201cViaggiare Sicuri\u201d. Se programmi un viaggio o risiedi in Repubblica Ceca, non dimenticare di registrarti al sito \u201cDove siamo nel Mondo&#8220; per essere rintracciato in caso di emergenza. In caso di emergenza si prega di chiamare\u00a0(lun-ven, ore [&hellip;]","protected":false},"author":1,"featured_media":0,"parent":135,"menu_order":6,"comment_status":"closed","ping_status":"closed","template":"","meta":{"footnotes":""},"class_list":["post-1011","page","type-page","status-publish","hentry"],"_links":{"self":[{"href":"https:\/\/ambpraga.esteri.it\/cs\/wp-json\/wp\/v2\/pages\/1011","targetHints":{"allow":["GET"]}}],"collection":[{"href":"https:\/\/ambpraga.esteri.it\/cs\/wp-json\/wp\/v2\/pages"}],"about":[{"href":"https:\/\/ambpraga.esteri.it\/cs\/wp-json\/wp\/v2\/types\/page"}],"author":[{"embeddable":true,"href":"https:\/\/ambpraga.esteri.it\/cs\/wp-json\/wp\/v2\/users\/1"}],"replies":[{"embeddable":true,"href":"https:\/\/ambpraga.esteri.it\/cs\/wp-json\/wp\/v2\/comments?post=1011"}],"version-history":[{"count":0,"href":"https:\/\/ambpraga.esteri.it\/cs\/wp-json\/wp\/v2\/pages\/1011\/revisions"}],"up":[{"embeddable":true,"href":"https:\/\/ambpraga.esteri.it\/cs\/wp-json\/wp\/v2\/pages\/135"}],"wp:attachment":[{"href":"https:\/\/ambpraga.esteri.it\/cs\/wp-json\/wp\/v2\/media?parent=1011"}],"curies":[{"name":"wp","href":"https:\/\/api.w.org\/{rel}","templated":true}]}}