{"id":1013,"date":"2023-04-27T15:01:03","date_gmt":"2023-04-27T13:01:03","guid":{"rendered":"https:\/\/ambpraga.esteri.it\/chi-siamo\/numeri-di-emergenza\/medico-di-fiducia-dellambasciata\/"},"modified":"2023-05-19T11:38:46","modified_gmt":"2023-05-19T09:38:46","slug":"medico-di-fiducia-dellambasciata","status":"publish","type":"page","link":"https:\/\/ambpraga.esteri.it\/cs\/chi-siamo\/numeri-di-emergenza\/medico-di-fiducia-dellambasciata\/","title":{"rendered":"L\u00e9ka\u0159sk\u00fd pracovn\u00edk velvyslanectv\u00ed"},"content":{"rendered":"<p><img decoding=\"async\" class=\"aligncenter\" src=\"https:\/\/ambpraga.esteri.it\/wp-content\/uploads\/2023\/04\/SALUBRITA-web.jpg\" \/><\/p>\n<p>Il medico di fiducia dell\u00b4<strong>Ambasciata d\u00b4Italia a Praga<\/strong> \u00e8 la dottoressa <strong>MUDr. Vanda \u0158ezn\u00ed\u010dkov\u00e1<\/strong>, reperibile ai seguenti recapiti:<\/p>\n<p>Studio medico presso il Policlinico sito in:<\/p>\n<ul>\n<li>Palack\u00e9ho 720\/5 Scala E Piano 2 &#8211; 11000 Praga 1<\/li>\n<li>Ufficio: +420 251 642 196<\/li>\n<li>Mail:\u00a0<a href=\"mailto:info@salubrita.cz\">info@salubrita.cz<\/a><\/li>\n<li>Sito web:\u00a0<a href=\"https:\/\/www.salubrita.cz\/it\">https:\/\/www.salubrita.cz\/it<\/a><\/li>\n<\/ul>\n","protected":false},"excerpt":{"rendered":"Il medico di fiducia dell\u00b4Ambasciata d\u00b4Italia a Praga \u00e8 la dottoressa MUDr. Vanda \u0158ezn\u00ed\u010dkov\u00e1, reperibile ai seguenti recapiti: Studio medico presso il Policlinico sito in: Palack\u00e9ho 720\/5 Scala E Piano 2 &#8211; 11000 Praga 1 Ufficio: +420 251 642 196 Mail:\u00a0info@salubrita.cz Sito web:\u00a0https:\/\/www.salubrita.cz\/it","protected":false},"author":5,"featured_media":320,"parent":1011,"menu_order":0,"comment_status":"closed","ping_status":"closed","template":"","meta":{"footnotes":""},"class_list":["post-1013","page","type-page","status-publish","has-post-thumbnail","hentry"],"_links":{"self":[{"href":"https:\/\/ambpraga.esteri.it\/cs\/wp-json\/wp\/v2\/pages\/1013","targetHints":{"allow":["GET"]}}],"collection":[{"href":"https:\/\/ambpraga.esteri.it\/cs\/wp-json\/wp\/v2\/pages"}],"about":[{"href":"https:\/\/ambpraga.esteri.it\/cs\/wp-json\/wp\/v2\/types\/page"}],"author":[{"embeddable":true,"href":"https:\/\/ambpraga.esteri.it\/cs\/wp-json\/wp\/v2\/users\/5"}],"replies":[{"embeddable":true,"href":"https:\/\/ambpraga.esteri.it\/cs\/wp-json\/wp\/v2\/comments?post=1013"}],"version-history":[{"count":0,"href":"https:\/\/ambpraga.esteri.it\/cs\/wp-json\/wp\/v2\/pages\/1013\/revisions"}],"up":[{"embeddable":true,"href":"https:\/\/ambpraga.esteri.it\/cs\/wp-json\/wp\/v2\/pages\/1011"}],"wp:featuredmedia":[{"embeddable":true,"href":"https:\/\/ambpraga.esteri.it\/cs\/wp-json\/wp\/v2\/media\/320"}],"wp:attachment":[{"href":"https:\/\/ambpraga.esteri.it\/cs\/wp-json\/wp\/v2\/media?parent=1013"}],"curies":[{"name":"wp","href":"https:\/\/api.w.org\/{rel}","templated":true}]}}