{"id":1015,"date":"2023-04-11T18:08:31","date_gmt":"2023-04-11T16:08:31","guid":{"rendered":"https:\/\/ambpraga.esteri.it\/chi-siamo\/la-rete-consolare\/"},"modified":"2023-05-19T11:38:57","modified_gmt":"2023-05-19T09:38:57","slug":"la-rete-consolare","status":"publish","type":"page","link":"https:\/\/ambpraga.esteri.it\/cs\/chi-siamo\/la-rete-consolare\/","title":{"rendered":"Konzul\u00e1rn\u00ed s\u00ed\u0165"},"content":{"rendered":"<p><strong><span style=\"text-decoration: underline;\">PRAGA:<\/span><\/strong><\/p>\n<p><strong>Ambasciata d\u2019Italia a Praga &#8211;\u00a0<\/strong><strong>Cancelleria consolare<\/strong><\/p>\n<ul>\n<li>Nerudova 214\/20,<\/li>\n<li>118 00 Praha 1 \u2013 Mal\u00e1 Strana<\/li>\n<li>Tel: <strong>+420 233 080 111<\/strong> (dalle ore 9:00 alle ore 16:00, nei giorni lavorativi)<\/li>\n<li>E-mail: <a href=\"mailto:consolare.praga@esteri.it\">consolare.praga@esteri.it<\/a><\/li>\n<\/ul>\n<p>Si chiede ai connazionali di privilegiare le comunicazioni via E-mail.<\/p>\n<p><strong>In caso di comprovata emergenza<\/strong>, nei giorni festivi e al di l\u00e0 degli orari d\u2019ufficio (lun-ven dalle 9:00 alle 16:00) potete chiamare il seguente numero attivo fino alle ore 21.00:<\/p>\n<p>Cellulare di reperibilit\u00e0: <strong>+420 603 517 770<\/strong><\/p>\n<p>&nbsp;<\/p>\n<p><strong>Orario di apertura al pubblico della Cancelleria consolare:<\/strong><\/p>\n<p>*Previo appuntamento sul portale\u00a0<a href=\"https:\/\/prenotami.esteri.it\/\" target=\"_blank\" rel=\"noopener\">Prenot@mi<\/a>\u00a0\u2013\u00a0<a href=\"https:\/\/prenotami.esteri.it\/\" target=\"_blank\" rel=\"noopener\">https:\/\/prenotami.esteri.it\/<\/a><\/p>\n<table class=\"table table-bordered table-sm export-table\" border=\"0\">\n<tbody>\n<tr class=\"thead-light\">\n<td><\/td>\n<td style=\"text-align: center;\"><strong>mattina<\/strong><\/td>\n<td style=\"text-align: center;\"><strong>pomeriggio<\/strong><\/td>\n<\/tr>\n<tr>\n<td><strong>luned\u00ec<\/strong><\/td>\n<td style=\"text-align: center;\"><strong>dalle ore 9.00 alle ore 12.00<\/strong><\/td>\n<td style=\"text-align: center;\"><strong>CHIUSO<\/strong><\/td>\n<\/tr>\n<tr>\n<td><strong>marted\u00ec<\/strong><\/td>\n<td style=\"text-align: center;\"><strong>dalle ore 9.00 alle ore 12.00<\/strong><\/td>\n<td style=\"text-align: center;\"><strong>dalle ore 14.30 alle ore 16.00<\/strong><\/td>\n<\/tr>\n<tr>\n<td><strong>mercoled\u00ec<\/strong><\/td>\n<td style=\"text-align: center;\"><strong>dalle ore 9.00 alle ore 12.00<\/strong><\/td>\n<td style=\"text-align: center;\"><strong>CHIUSO<\/strong><\/td>\n<\/tr>\n<tr>\n<td><strong>gioved\u00ec<\/strong><\/td>\n<td style=\"text-align: center;\"><strong>dalle ore 9.00 alle ore 12.00<\/strong><\/td>\n<td style=\"text-align: center;\"><strong>CHIUSO<\/strong><\/td>\n<\/tr>\n<tr>\n<td><strong>venerd\u00ec<\/strong><\/td>\n<td style=\"text-align: center;\"><strong>dalle ore 9.00 alle ore 12.00<\/strong><\/td>\n<td style=\"text-align: center;\"><strong>CHIUSO<\/strong><\/td>\n<\/tr>\n<\/tbody>\n<\/table>\n<p>&nbsp;<\/p>\n<p><strong>L\u2019Ambasciata osserva un certo numero di festivit\u00e0 italiane e ceche ed\u00a0<\/strong><strong>\u00e8 chiusa al pubblico nei seguenti giorni festivi:<\/strong><\/p>\n<table class=\"table table-bordered table-sm export-table\">\n<tbody>\n<tr class=\"thead-light\">\n<td><strong>1 gennaio<\/strong><\/td>\n<td><strong>Capodanno<\/strong><\/td>\n<\/tr>\n<tr>\n<td><strong>6 gennaio<\/strong><\/td>\n<td><strong>Epifania<\/strong><\/td>\n<\/tr>\n<tr>\n<td><strong>10 aprile<\/strong><\/td>\n<td><strong>Lunedi dell\u2019Angelo<\/strong><\/td>\n<\/tr>\n<tr>\n<td><strong>25 aprile<\/strong><\/td>\n<td><strong>Festa della Liberazione<\/strong><\/td>\n<\/tr>\n<tr>\n<td><strong>1 maggio<\/strong><\/td>\n<td><strong>Festa del Lavoro<\/strong><\/td>\n<\/tr>\n<tr>\n<td><strong>8 maggio<\/strong><\/td>\n<td><strong>Festa della Liberazione della Repubblica Ceca<\/strong><\/td>\n<\/tr>\n<tr>\n<td><strong>2 giugno<\/strong><\/td>\n<td><strong>Festa della Repubblica Italiana<\/strong><\/td>\n<\/tr>\n<tr>\n<td><strong>28 ottobre<\/strong><\/td>\n<td><strong>Festa nazionale della Repubblica Ceca<\/strong><\/td>\n<\/tr>\n<tr>\n<td><strong>24 dicembre<\/strong><\/td>\n<td><strong>Vigilia di Natale<\/strong><\/td>\n<\/tr>\n<tr>\n<td><strong>25 dicembre<\/strong><\/td>\n<td><strong>Santo Natale<\/strong><\/td>\n<\/tr>\n<tr>\n<td><strong>26 dicembre<\/strong><\/td>\n<td><strong>Santo Stefano<\/strong><\/td>\n<\/tr>\n<\/tbody>\n<\/table>\n<p>&nbsp;<\/p>\n<p><strong><span style=\"text-decoration: underline;\">BRNO:<\/span><\/strong><\/p>\n<p><strong>Consolato Onorario in Brno<\/strong><\/p>\n<ul>\n<li>V\u00fdstavi\u0161t\u011b 1<\/li>\n<li>603 00 &#8211; Brno<\/li>\n<li>Tel: +420 548 136 340<\/li>\n<li>E-mail: <a href=\"mailto:info@consolatobrno.cz\">info@consolatobrno.cz<\/a><\/li>\n<li>Facebook: <a href=\"http:\/\/www.facebook.com\/Consolato-dItalia-a-Brno-2316907208533587\" target=\"_blank\" rel=\"noopener\">www.facebook.com\/Consolato-dItalia-a-Brno-2316907208533587\u00a0<\/a><\/li>\n<\/ul>\n","protected":false},"excerpt":{"rendered":"PRAGA: Ambasciata d\u2019Italia a Praga &#8211;\u00a0Cancelleria consolare Nerudova 214\/20, 118 00 Praha 1 \u2013 Mal\u00e1 Strana Tel: +420 233 080 111 (dalle ore 9:00 alle ore 16:00, nei giorni lavorativi) E-mail: consolare.praga@esteri.it Si chiede ai connazionali di privilegiare le comunicazioni via E-mail. In caso di comprovata emergenza, nei giorni festivi e al di l\u00e0 degli [&hellip;]","protected":false},"author":1,"featured_media":0,"parent":135,"menu_order":8,"comment_status":"closed","ping_status":"closed","template":"","meta":{"footnotes":""},"class_list":["post-1015","page","type-page","status-publish","hentry"],"_links":{"self":[{"href":"https:\/\/ambpraga.esteri.it\/cs\/wp-json\/wp\/v2\/pages\/1015","targetHints":{"allow":["GET"]}}],"collection":[{"href":"https:\/\/ambpraga.esteri.it\/cs\/wp-json\/wp\/v2\/pages"}],"about":[{"href":"https:\/\/ambpraga.esteri.it\/cs\/wp-json\/wp\/v2\/types\/page"}],"author":[{"embeddable":true,"href":"https:\/\/ambpraga.esteri.it\/cs\/wp-json\/wp\/v2\/users\/1"}],"replies":[{"embeddable":true,"href":"https:\/\/ambpraga.esteri.it\/cs\/wp-json\/wp\/v2\/comments?post=1015"}],"version-history":[{"count":0,"href":"https:\/\/ambpraga.esteri.it\/cs\/wp-json\/wp\/v2\/pages\/1015\/revisions"}],"up":[{"embeddable":true,"href":"https:\/\/ambpraga.esteri.it\/cs\/wp-json\/wp\/v2\/pages\/135"}],"wp:attachment":[{"href":"https:\/\/ambpraga.esteri.it\/cs\/wp-json\/wp\/v2\/media?parent=1015"}],"curies":[{"name":"wp","href":"https:\/\/api.w.org\/{rel}","templated":true}]}}