{"id":1032,"date":"2023-04-11T18:10:30","date_gmt":"2023-04-11T16:10:30","guid":{"rendered":"https:\/\/ambpraga.esteri.it\/italia-e-repubblica-ceca\/diplomazia-economica\/"},"modified":"2024-08-09T14:18:27","modified_gmt":"2024-08-09T12:18:27","slug":"diplomazia-economica","status":"publish","type":"page","link":"https:\/\/ambpraga.esteri.it\/cs\/italia-e-repubblica-ceca\/diplomazia-economica\/","title":{"rendered":"Ekonomick\u00e1 diplomacie"},"content":{"rendered":"<p style=\"text-align: justify;\">Hospod\u00e1\u0159sk\u00e1 diplomacie je jedn\u00edm z pil\u00ed\u0159\u016f italsk\u00e9 zahrani\u010dn\u00ed politiky a zahrnuje aktivity Ministerstva Zahrani\u010dn\u00edch V\u011bc\u00ed a Mezin\u00e1rodn\u00ed Spolupr\u00e1ce zam\u011b\u0159en\u00e9 na podporu italsk\u00fdch podnik\u016f v zahrani\u010d\u00ed a na podporu r\u016fstu zem\u011b v r\u016fzn\u00fdch oblastech. V\u00edce ne\u017e 450 kancel\u00e1\u0159\u00ed rozm\u00edst\u011bn\u00fdch po cel\u00e9m sv\u011bt\u011b, zahrnuj\u00edc\u00edch velvyslanectv\u00ed, konzul\u00e1ty, jednotky ICE a Enit, dnes za\u010dlen\u011bn\u00e9 do diplomatick\u00fdch a konzul\u00e1rn\u00edch zastoupen\u00ed, italsk\u00e9 kulturn\u00ed instituty a kancel\u00e1\u0159e v\u011bdeck\u00fdch a technologick\u00fdch ata\u0161\u00e9, koordinuje &#8222;Gener\u00e1ln\u00ed \u0159editelstv\u00ed pro propagaci Syst\u00e9mu Zem\u011b&#8220; Ministerstva zahrani\u010dn\u00edch v\u011bc\u00ed &#8211; kter\u00e9 je zase ve st\u00e1l\u00e9m spojen\u00ed s institucemi, org\u00e1ny, sdru\u017een\u00edmi, podniky, v\u00fdzkumn\u00fdmi st\u0159edisky a univerzitami &#8211; a usiluje o propagaci It\u00e1lie v jej\u00ed hospod\u00e1\u0159sk\u00e9, kulturn\u00ed a v\u011bdeck\u00e9 slo\u017ece z integrovan\u00e9ho hlediska.<\/p>\n<p style=\"text-align: justify;\">Strategick\u00e9 c\u00edle, kter\u00e9 jsou ka\u017edodenn\u00ed inspirac\u00ed pro ekonomickou diplomacii, jsou:<\/p>\n<p style=\"text-align: justify; padding-left: 40px;\">&#8211; podporovat podniky p\u0159i jejich obchodn\u00edm pronik\u00e1n\u00ed na nov\u011b vznikaj\u00edc\u00ed trhy a upev\u0148ovat se na tradi\u010dn\u00edch trz\u00edch<\/p>\n<p style=\"text-align: justify; padding-left: 40px;\">&#8211; podporovat mezin\u00e1rodn\u00ed aktivity \u00fazemn\u00edch org\u00e1n\u016f;<\/p>\n<p style=\"text-align: justify; padding-left: 40px;\">&#8211; p\u0159il\u00e1kat do It\u00e1lie produktivn\u00ed investice, turistick\u00fd ruch a talenty;<\/p>\n<p style=\"text-align: justify; padding-left: 40px;\">&#8211; podpora italsk\u00fdch investic v zahrani\u010d\u00ed.<\/p>\n","protected":false},"excerpt":{"rendered":"Hospod\u00e1\u0159sk\u00e1 diplomacie je jedn\u00edm z pil\u00ed\u0159\u016f italsk\u00e9 zahrani\u010dn\u00ed politiky a zahrnuje aktivity Ministerstva Zahrani\u010dn\u00edch V\u011bc\u00ed a Mezin\u00e1rodn\u00ed Spolupr\u00e1ce zam\u011b\u0159en\u00e9 na podporu italsk\u00fdch podnik\u016f v zahrani\u010d\u00ed a na podporu r\u016fstu zem\u011b v r\u016fzn\u00fdch oblastech. V\u00edce ne\u017e 450 kancel\u00e1\u0159\u00ed rozm\u00edst\u011bn\u00fdch po cel\u00e9m sv\u011bt\u011b, zahrnuj\u00edc\u00edch velvyslanectv\u00ed, konzul\u00e1ty, jednotky ICE a Enit, dnes za\u010dlen\u011bn\u00e9 do diplomatick\u00fdch a konzul\u00e1rn\u00edch zastoupen\u00ed, [&hellip;]","protected":false},"author":1,"featured_media":0,"parent":139,"menu_order":0,"comment_status":"closed","ping_status":"closed","template":"","meta":{"footnotes":""},"class_list":["post-1032","page","type-page","status-publish","hentry"],"_links":{"self":[{"href":"https:\/\/ambpraga.esteri.it\/cs\/wp-json\/wp\/v2\/pages\/1032","targetHints":{"allow":["GET"]}}],"collection":[{"href":"https:\/\/ambpraga.esteri.it\/cs\/wp-json\/wp\/v2\/pages"}],"about":[{"href":"https:\/\/ambpraga.esteri.it\/cs\/wp-json\/wp\/v2\/types\/page"}],"author":[{"embeddable":true,"href":"https:\/\/ambpraga.esteri.it\/cs\/wp-json\/wp\/v2\/users\/1"}],"replies":[{"embeddable":true,"href":"https:\/\/ambpraga.esteri.it\/cs\/wp-json\/wp\/v2\/comments?post=1032"}],"version-history":[{"count":2,"href":"https:\/\/ambpraga.esteri.it\/cs\/wp-json\/wp\/v2\/pages\/1032\/revisions"}],"predecessor-version":[{"id":3594,"href":"https:\/\/ambpraga.esteri.it\/cs\/wp-json\/wp\/v2\/pages\/1032\/revisions\/3594"}],"up":[{"embeddable":true,"href":"https:\/\/ambpraga.esteri.it\/cs\/wp-json\/wp\/v2\/pages\/139"}],"wp:attachment":[{"href":"https:\/\/ambpraga.esteri.it\/cs\/wp-json\/wp\/v2\/media?parent=1032"}],"curies":[{"name":"wp","href":"https:\/\/api.w.org\/{rel}","templated":true}]}}