{"id":1036,"date":"2023-04-11T18:24:01","date_gmt":"2023-04-11T16:24:01","guid":{"rendered":"https:\/\/ambpraga.esteri.it\/italia-e-repubblica-ceca\/diplomazia-economica\/fare-affari-in-italia\/"},"modified":"2024-08-08T10:39:01","modified_gmt":"2024-08-08T08:39:01","slug":"fare-affari-in-italia","status":"publish","type":"page","link":"https:\/\/ambpraga.esteri.it\/cs\/italia-e-repubblica-ceca\/diplomazia-economica\/fare-affari-in-italia\/","title":{"rendered":"Podnik\u00e1n\u00ed v It\u00e1lii"},"content":{"rendered":"<p style=\"text-align: justify;\">It\u00e1lie je \u0161estou zem\u00ed v oblasti OECD a \u010dtvrtou v evropsk\u00e9m prostoru z hlediska hodnoty hrub\u00e9ho dom\u00e1c\u00edho produktu. Italsk\u00e1 produkce tvo\u0159\u00ed v\u00edce ne\u017e 13 % HDP Evropsk\u00e9 unie.<\/p>\n<p style=\"text-align: justify;\">Pokud jde o charakteristiku struktury v\u00fdroby, je italsk\u00e1 skladba podle odv\u011btv\u00ed ekonomick\u00e9 \u010dinnosti podobn\u00e1 skladb\u011b hlavn\u00edch evropsk\u00fdch zem\u00ed, p\u0159i\u010dem\u017e p\u0159ibli\u017en\u011b t\u0159etina v\u00fdroby p\u0159ipad\u00e1 na zpracovatelsk\u00fd pr\u016fmysl a stavebnictv\u00ed a v\u011bt\u0161ina zb\u00fdvaj\u00edc\u00ed \u010d\u00e1sti na sektor slu\u017eeb. V r\u00e1mci posledn\u011b jmenovan\u00e9ho odv\u011btv\u00ed pohlcuje obchod, doprava a komunikace vy\u0161\u0161\u00ed pod\u00edl HDP, ne\u017e je pr\u016fm\u011br evropsk\u00fdch zem\u00ed.<\/p>\n<p style=\"text-align: justify;\">It\u00e1lie se nach\u00e1z\u00ed v srdci St\u0159edomo\u0159\u00ed a je kl\u00ed\u010dov\u00fdm uzlem pro silni\u010dn\u00ed, n\u00e1mo\u0159n\u00ed a leteck\u00e9 spojen\u00ed mezi severn\u00ed a ji\u017en\u00ed Evropou. D\u00edky sv\u00e9 strategick\u00e9 poloze It\u00e1lie umo\u017e\u0148uje snadn\u00fd p\u0159\u00edstup k 396 milion\u016fm spot\u0159ebitel\u016f v ostatn\u00edch st\u00e1tech Evropsk\u00e9 unie a 240 milion\u016fm spot\u0159ebitel\u016f v severn\u00ed Africe a na Bl\u00edzk\u00e9m v\u00fdchod\u011b. It\u00e1lie je na prvn\u00edm m\u00edst\u011b jako zem\u011b s nejni\u017e\u0161\u00edmi n\u00e1klady na z\u0159\u00edzen\u00ed biotechnologick\u00e9ho odv\u011btv\u00ed a na druh\u00e9m m\u00edst\u011b v oblasti testov\u00e1n\u00ed v\u00fdrobk\u016f v oblasti v\u00fdzkumu a v\u00fdvoje, chemick\u00fdch l\u00e1tek a elektroniky. V pr\u016fb\u011bhu let byly zavedeny struktur\u00e1ln\u00ed reformy, kter\u00e9 It\u00e1lii umo\u017enily harmonizovat sv\u016fj regula\u010dn\u00ed, da\u0148ov\u00fd a facilita\u010dn\u00ed r\u00e1mec s evropsk\u00fdmi standardy. D\u016fle\u017eit\u00e9 reformy byly provedeny zejm\u00e9na na trhu pr\u00e1ce, \u00fav\u011br\u016f, energi\u00ed a ve\u0159ejn\u00e9 spr\u00e1vy, aby se syst\u00e9m Sistema Italia stal atraktivn\u011bj\u0161\u00edm pro hospod\u00e1\u0159sk\u00e9 subjekty a konkurenceschopn\u011bj\u0161\u00edm v mezin\u00e1rodn\u00edm srovn\u00e1n\u00ed.<\/p>\n<p style=\"text-align: justify;\"><a href=\"https:\/\/www.investinitaly.gov.it\/\" target=\"_blank\" rel=\"noopener\">InvestinItaly.gov.it<\/a> je nov\u00fd anglicky psan\u00fd port\u00e1l, kter\u00fd p\u0159edstavuje hlavn\u00ed investi\u010dn\u00ed p\u0159\u00edle\u017eitosti v It\u00e1lii ve 13 strategick\u00fdch odv\u011btv\u00edch a poskytuje informace o pob\u00eddk\u00e1ch a povinnostech pro z\u00edsk\u00e1n\u00ed v\u00edce ne\u017e 250 pr\u016fmyslov\u00fdch lokalit, kter\u00e9 jsou investor\u016fm okam\u017eit\u011b k dispozici.<\/p>\n<p style=\"text-align: justify;\"><a href=\"https:\/\/investorvisa.mise.gov.it\/index.php\/it\/\" target=\"_blank\" rel=\"noopener\">Investorsk\u00e9 v\u00edzum pro It\u00e1lii<\/a> je dvoulet\u00e9 v\u00edzum pro ob\u010dany t\u0159et\u00edch zem\u00ed, kte\u0159\u00ed investuj\u00ed do strategick\u00fdch aktiv v It\u00e1lii, s mo\u017enost\u00ed prodlou\u017een\u00ed o dal\u0161\u00ed t\u0159i roky p\u0159i zachov\u00e1n\u00ed investice. Minim\u00e1ln\u00ed po\u017eadavky na investice:<\/p>\n<p style=\"text-align: justify;\">2 miliony eur ve st\u00e1tn\u00edch dluhopisech s minim\u00e1ln\u00ed dobou splatnosti dva roky.<\/p>\n<p style=\"text-align: justify;\">500 tis\u00edc eur do kapit\u00e1lov\u00e9 spole\u010dnosti.<\/p>\n<p style=\"text-align: justify;\">250 tis\u00edc eur do inovativn\u00edho za\u010d\u00ednaj\u00edc\u00edho podniku.<\/p>\n<p style=\"text-align: justify;\">1 milion eur ve filantropick\u00fdch darech na projekty ve\u0159ejn\u00e9ho z\u00e1jmu.<\/p>\n<p style=\"text-align: justify;\">Toto v\u00edzum je ide\u00e1ln\u00ed p\u0159\u00edle\u017eitost\u00ed, jak se usadit v It\u00e1lii s v\u00fdhodn\u00fdm da\u0148ov\u00fdm re\u017eimem a platit pevnou \u010d\u00e1stku dan\u011b bez ohledu na v\u00fd\u0161i p\u0159\u00edjm\u016f. Program ji\u017e vyu\u017eilo v\u00edce ne\u017e 150 investor\u016f, kte\u0159\u00ed p\u0159il\u00e1kali p\u0159ibli\u017en\u011b 120 milion\u016f eur, p\u0159edev\u0161\u00edm do italsk\u00fdch podnik\u016f a inovativn\u00edch start-up\u016f.<\/p>\n<p style=\"text-align: justify;\"><a href=\"https:\/\/italiastartupvisa.mise.gov.it\/#homepage\">Italia Startup Visa<\/a> je program, kter\u00fd byl spu\u0161t\u011bn ministerstvem hospod\u00e1\u0159sk\u00e9ho rozvoje a je ur\u010den v\u0161em podnikatel\u016fm ze zem\u00ed mimo EU, kte\u0159\u00ed cht\u011bj\u00ed z\u00edskat vstupn\u00ed v\u00edzum, aby mohli v zemi zalo\u017eit inovativn\u00ed start-up.<\/p>\n<p style=\"text-align: justify;\">Makroekonomick\u00fd r\u00e1mec<\/p>\n<p style=\"text-align: justify;\">Aktu\u00e1ln\u00ed \u00fadaje o italsk\u00fdch ekonomick\u00fdch trendech naleznete v n\u00ed\u017ee uveden\u00fdch zdroj\u00edch.<\/p>\n<p style=\"text-align: justify;\">Italsk\u00e1 centr\u00e1ln\u00ed banka<\/p>\n<p style=\"text-align: justify;\"><a href=\"https:\/\/www.bancaditalia.it\/homepage\/index.html?com.dotmarketing.htmlpage.language=102\">Na internetov\u00fdch str\u00e1nk\u00e1ch italsk\u00e9 centr\u00e1ln\u00ed banky<\/a> je odkaz na sekci publikac\u00ed, prost\u0159ednictv\u00edm kter\u00e9 lze z\u00edskat p\u0159\u00edstup k ekonomick\u00fdm a statistick\u00fdm slu\u017eb\u00e1m a slu\u017eb\u00e1m v oblasti m\u011bnov\u00e9 politiky It\u00e1lie. Pro p\u0159esnou a aktu\u00e1ln\u00ed anal\u00fdzu n\u00e1rodn\u00edho hospod\u00e1\u0159stv\u00ed je v t\u00e9to sekci zaj\u00edmav\u00fd zejm\u00e9na Ekonomick\u00fd bulletin.<\/p>\n<p style=\"text-align: justify;\">ISTAT<\/p>\n<p style=\"text-align: justify;\"><a href=\"https:\/\/www.istat.it\/it\/\">N\u00e1rodn\u00ed statistick\u00fd \u00fa\u0159ad<\/a> poskytuje aktu\u00e1ln\u00ed \u00fadaje o v\u0161ech ekonomick\u00fdch ukazatel\u00edch zem\u011b.<\/p>\n<p style=\"text-align: justify;\">Eurostat<\/p>\n<p style=\"text-align: justify;\"><a href=\"https:\/\/ec.europa.eu\/eurostat?etrans=it\">Evropsk\u00fd statistick\u00fd \u00fa\u0159ad<\/a> poskytuje aktu\u00e1ln\u00ed \u00fadaje o hlavn\u00edch ekonomick\u00fdch ukazatel\u00edch zem\u00ed EU.<\/p>\n<p style=\"text-align: justify;\">Referen\u010dn\u00ed instituce<\/p>\n<p style=\"text-align: justify;\"><a href=\"http:\/\/www.ice.gov.it\/\">ICE-Agenzia per la promozione all&#8217;estero e l&#8217;internazionalizzazione delle imprese italiane je italsk\u00e1 agentura<\/a>, kter\u00e1 usnad\u0148uje italsk\u00fdm spole\u010dnostem, zejm\u00e9na mal\u00fdm a st\u0159edn\u00edm, p\u0159\u00edstup na sv\u011btov\u00fd trh. D\u00edky celosv\u011btov\u00e9 s\u00edti 79 opera\u010dn\u00edch jednotek poskytuje pomoc, poradenstv\u00ed a podporu obchodu, p\u0159izp\u016fsobenou ka\u017ed\u00e9mu podniku a syst\u00e9mu Sistema Italia. C\u00edlem jej\u00ed \u010dinnosti je usnadnit mezin\u00e1rodn\u00ed obchod poskytov\u00e1n\u00edm informac\u00ed o obchodn\u00edch p\u0159\u00edle\u017eitostech, investic\u00edch a mezin\u00e1rodn\u00edch v\u00fdb\u011brov\u00fdch \u0159\u00edzen\u00edch, a t\u00edm p\u0159isp\u011bt k hospod\u00e1\u0159sk\u00e9mu rozvoji zem\u011b.<\/p>\n<p style=\"text-align: justify;\"><a href=\"http:\/\/www.unioncamere.gov.it\/\">Unione delle Camere di Commercio, Industria, Artigianato e Agricoltura<\/a> je referen\u010dn\u00edm m\u00edstem pro v\u00fdrobn\u00ed odv\u011btv\u00ed na m\u00edstn\u00ed, n\u00e1rodn\u00ed a mezin\u00e1rodn\u00ed \u00farovni. Podporuje a \u0159\u00edd\u00ed slu\u017eby pro obchodn\u00ed komory a hospod\u00e1\u0159sk\u00e9 kategorie, rozv\u00edj\u00ed spolupr\u00e1ci se s\u00edt\u00ed CCIE a usnad\u0148uje p\u0159\u00edstup k program\u016fm EU a mezin\u00e1rodn\u00edm dohod\u00e1m a propaguje It\u00e1lii ve sv\u011bt\u011b pomoc\u00ed vysp\u011bl\u00fdch technologi\u00ed.<\/p>\n<p style=\"text-align: justify;\"><a href=\"https:\/\/www.assocamerestero.it\/\">Assocamerestero<\/a> je sdru\u017een\u00ed italsk\u00fdch obchodn\u00edch komor ve sv\u011bt\u011b, kter\u00e9 bylo zalo\u017eeno za \u00fa\u010delem pos\u00edlen\u00ed a rozvoje \u010dinnosti komor a jejich zviditeln\u011bn\u00ed v italsk\u00fdch a mezin\u00e1rodn\u00edch instituc\u00edch a obchodn\u00edch organizac\u00edch. Asociace propaguje italsk\u00e9 obchodn\u00ed komory v zahrani\u010d\u00ed, usnad\u0148uje strategickou spolupr\u00e1ci, komunikaci a pomoc nov\u00fdm komor\u00e1m a vytv\u00e1\u0159en\u00ed mezin\u00e1rodn\u00edch s\u00edt\u00ed.<\/p>\n<p style=\"text-align: justify;\"><a href=\"http:\/\/www.confindustria.it\/\">Confindustria<\/a> (organizace zastupuj\u00edc\u00ed v\u00fdrobn\u00ed podniky a podniky slu\u017eeb v It\u00e1lii): byla zalo\u017eena v roce 1910 a zastupuje v\u00fdrobn\u00ed podniky a podniky slu\u017eeb v It\u00e1lii, kter\u00e9 sdru\u017euj\u00ed v\u00edce ne\u017e 147 000 podnik\u016f a p\u0159ibli\u017en\u011b 5 416 777 zam\u011bstnanc\u016f. Jej\u00edm hlavn\u00edm c\u00edlem je spolu s r\u016fzn\u00fdmi institucemi a organizacemi p\u0159isp\u00edvat k hospod\u00e1\u0159sk\u00e9mu r\u016fstu a soci\u00e1ln\u00edmu pokroku zem\u011b.<\/p>\n<p style=\"text-align: justify;\"><a href=\"http:\/\/www.cdp.it\/\">Cassa Depositi e Prestiti<\/a>, kontrolovan\u00e1 ministerstvem hospod\u00e1\u0159stv\u00ed a financ\u00ed, vyu\u017e\u00edv\u00e1 n\u00e1rodn\u00ed \u00faspory k hospod\u00e1\u0159sk\u00e9mu r\u016fstu. Spolupracuje s mezin\u00e1rodn\u00edmi finan\u010dn\u00edmi institucemi na podpo\u0159e investic do infrastruktury. Podporuje vztahy se zahrani\u010dn\u00edmi investory s c\u00edlem podpo\u0159it expanzi italsk\u00fdch podnik\u016f za hranice.<\/p>\n<p style=\"text-align: justify;\"><a href=\"http:\/\/www.sace.it\/\">SACE &#8211; Servizi Assicurativi del Commercio Estero<\/a>: exportn\u00ed poji\u0161\u0165ovna podporovan\u00e1 ministerstvem hospod\u00e1\u0159stv\u00ed, kryje politick\u00e1, ekonomick\u00e1 a obchodn\u00ed rizika italsk\u00fdch subjekt\u016f v zahrani\u010d\u00ed. Podporuje v\u00fdvoz italsk\u00fdch mal\u00fdch a st\u0159edn\u00edch podnik\u016f a usnad\u0148uje jim p\u0159\u00edstup k pojistn\u00fdm z\u00e1ruk\u00e1m.<\/p>\n<p style=\"text-align: justify;\"><a href=\"http:\/\/www.simest.it\/\">SIMEST &#8211; Finanziaria di sviluppo e promozione delle imprese italiane all&#8217;estero<\/a>: spole\u010dnost kontrolovan\u00e1 italskou vl\u00e1dou, kter\u00e1 propaguje a podporuje \u010dinnost italsk\u00fdch podnik\u016f v zahrani\u010d\u00ed, zejm\u00e9na mal\u00fdch a st\u0159edn\u00edch podnik\u016f, prost\u0159ednictv\u00edm podpory obchodu a investic. Poskytuje pomoc, poradenstv\u00ed a finan\u010dn\u00ed podporu, spravuje fondy rizikov\u00e9ho kapit\u00e1lu, poskytuje \u00farokov\u00e9 dotace, financuje studie proveditelnosti a dal\u0161\u00ed iniciativy usnad\u0148uj\u00edc\u00ed mezin\u00e1rodn\u00ed expanzi italsk\u00fdch spole\u010dnost\u00ed.<\/p>\n<p style=\"text-align: justify;\">N\u011bkter\u00e9 reprezentativn\u00ed organizace<\/p>\n<p style=\"text-align: justify;\">CONFAPI &#8211; Italsk\u00e1 konfederace mal\u00e9ho a st\u0159edn\u00edho pr\u016fmyslu<\/p>\n<p style=\"text-align: justify;\">Confapi se rozrostla spolu s italsk\u00fdmi mal\u00fdmi podniky a nyn\u00ed je konsolidovanou skute\u010dnost\u00ed, kter\u00e1 zastupuje v\u00edce ne\u017e 50 tis\u00edc spole\u010dnost\u00ed s p\u0159ibli\u017en\u011b jedn\u00edm milionem zam\u011bstnanc\u016f.<\/p>\n<p style=\"text-align: justify;\">Institucion\u00e1ln\u00edm c\u00edlem Confapi je h\u00e1jit z\u00e1jmy a zvy\u0161ovat hodnotu mal\u00e9ho a st\u0159edn\u00edho italsk\u00e9ho pr\u016fmyslu. Iniciativy a programy jsou realizov\u00e1ny s c\u00edlem podpo\u0159it hospod\u00e1\u0159sk\u00fd a ob\u010dansk\u00fd rozvoj zem\u011b ve spojen\u00ed s n\u00e1rodn\u00edmi a evropsk\u00fdmi organizacemi a institucemi. Konfederace pln\u00ed svou \u00falohu reprezentace a navrhov\u00e1n\u00ed ve prosp\u011bch mal\u00e9ho a st\u0159edn\u00edho pr\u016fmyslu a podporuje n\u00e1rodn\u00ed hospod\u00e1\u0159skou politiku, kter\u00e1 usnad\u0148uje r\u016fst podnik\u00e1n\u00ed. Internetov\u00e9 str\u00e1nky jsou k dispozici na n\u00e1sleduj\u00edc\u00ed adrese: <a href=\"https:\/\/www.confapi.org\/it\/\">CONFAPI<\/a><\/p>\n<p style=\"text-align: justify;\">FORMEZ<\/p>\n<p style=\"text-align: justify;\">\u0160kol\u00edc\u00ed a studijn\u00ed st\u0159edisko<\/p>\n<p style=\"text-align: justify;\"><a href=\"https:\/\/www.formez.it\/\">Formez PA | Centrum slu\u017eeb, pomoci, studi\u00ed a \u0161kolen\u00ed pro modernizaci P.A.<\/a><\/p>\n<p style=\"text-align: justify;\">INFORMEST<\/p>\n<p style=\"text-align: justify;\">Centrum slu\u017eeb a dokumentace pro mezin\u00e1rodn\u00ed hospod\u00e1\u0159skou spolupr\u00e1ci<\/p>\n<p style=\"text-align: justify;\"><a href=\"https:\/\/www.informest.it\/\">Informest &#8211; DOM\u016e<\/a><\/p>\n<p style=\"text-align: justify;\">Internetov\u00e9 str\u00e1nky italsk\u00fdch region\u016f<\/p>\n<p style=\"text-align: justify;\"><a href=\"http:\/\/www.regione.abruzzo.it\/\"><strong>Abruzzo<\/strong><\/a><br \/>\n<a href=\"http:\/\/www.regione.basilicata.it\/\"><strong>Basilicata<\/strong><\/a><br \/>\n<a href=\"http:\/\/www.regione.calabria.it\/\"><strong>Calabria<\/strong><\/a><br \/>\n<a href=\"http:\/\/www.regione.campania.it\/\"><strong>Campania<\/strong><\/a><br \/>\n<a href=\"http:\/\/www.regione.emilia-romagna.it\/\"><strong>Emilia Romagna<\/strong><\/a><br \/>\n<a href=\"http:\/\/www.regione.fvg.it\/\"><strong>Friuli Venezia Giulia<\/strong><\/a><br \/>\n<a href=\"http:\/\/www.regione.lazio.it\/\"><strong>Lazio<\/strong><\/a><br \/>\n<a href=\"http:\/\/www.regione.liguria.it\/\"><strong>Liguria<\/strong><\/a><br \/>\n<a href=\"http:\/\/www.regione.lombardia.it\/\"><strong>Lombardia<\/strong><\/a><br \/>\n<a href=\"http:\/\/www.regione.marche.it\/\"><strong>Marche<\/strong><\/a><br \/>\n<a href=\"http:\/\/www.regione.molise.it\/\"><strong>Molise<\/strong><\/a><br \/>\n<a href=\"http:\/\/www.regione.piemonte.it\/\"><strong>Piemonte<\/strong><\/a><br \/>\n<a href=\"http:\/\/www.regione.puglia.it\/\"><strong>Puglia<\/strong><\/a><br \/>\n<a href=\"http:\/\/www.regione.sardegna.it\/\"><strong>Sardegna<\/strong><\/a><br \/>\n<a href=\"http:\/\/www.regione.sicilia.it\/\"><strong>Sicilia<\/strong><\/a><br \/>\n<a href=\"http:\/\/www.regione.toscana.it\/\"><strong>Toscana<\/strong><\/a><br \/>\n<a href=\"http:\/\/www.regione.taa.it\/\"><strong>Trentino Alto Adige<\/strong><\/a><br \/>\n<a href=\"http:\/\/www.regione.umbria.it\/\"><strong>Umbria<\/strong><\/a><br \/>\n<a href=\"http:\/\/www.regione.vda.it\/\"><strong>Valle d\u2019Aosta<\/strong><\/a><br \/>\n<a href=\"http:\/\/www.regione.veneto.it\/\"><strong>Veneto<\/strong><\/a><\/p>\n","protected":false},"excerpt":{"rendered":"It\u00e1lie je \u0161estou zem\u00ed v oblasti OECD a \u010dtvrtou v evropsk\u00e9m prostoru z hlediska hodnoty hrub\u00e9ho dom\u00e1c\u00edho produktu. Italsk\u00e1 produkce tvo\u0159\u00ed v\u00edce ne\u017e 13 % HDP Evropsk\u00e9 unie. Pokud jde o charakteristiku struktury v\u00fdroby, je italsk\u00e1 skladba podle odv\u011btv\u00ed ekonomick\u00e9 \u010dinnosti podobn\u00e1 skladb\u011b hlavn\u00edch evropsk\u00fdch zem\u00ed, p\u0159i\u010dem\u017e p\u0159ibli\u017en\u011b t\u0159etina v\u00fdroby p\u0159ipad\u00e1 na zpracovatelsk\u00fd pr\u016fmysl a [&hellip;]","protected":false},"author":1,"featured_media":0,"parent":1032,"menu_order":0,"comment_status":"closed","ping_status":"closed","template":"","meta":{"footnotes":""},"class_list":["post-1036","page","type-page","status-publish","hentry"],"_links":{"self":[{"href":"https:\/\/ambpraga.esteri.it\/cs\/wp-json\/wp\/v2\/pages\/1036","targetHints":{"allow":["GET"]}}],"collection":[{"href":"https:\/\/ambpraga.esteri.it\/cs\/wp-json\/wp\/v2\/pages"}],"about":[{"href":"https:\/\/ambpraga.esteri.it\/cs\/wp-json\/wp\/v2\/types\/page"}],"author":[{"embeddable":true,"href":"https:\/\/ambpraga.esteri.it\/cs\/wp-json\/wp\/v2\/users\/1"}],"replies":[{"embeddable":true,"href":"https:\/\/ambpraga.esteri.it\/cs\/wp-json\/wp\/v2\/comments?post=1036"}],"version-history":[{"count":3,"href":"https:\/\/ambpraga.esteri.it\/cs\/wp-json\/wp\/v2\/pages\/1036\/revisions"}],"predecessor-version":[{"id":3571,"href":"https:\/\/ambpraga.esteri.it\/cs\/wp-json\/wp\/v2\/pages\/1036\/revisions\/3571"}],"up":[{"embeddable":true,"href":"https:\/\/ambpraga.esteri.it\/cs\/wp-json\/wp\/v2\/pages\/1032"}],"wp:attachment":[{"href":"https:\/\/ambpraga.esteri.it\/cs\/wp-json\/wp\/v2\/media?parent=1036"}],"curies":[{"name":"wp","href":"https:\/\/api.w.org\/{rel}","templated":true}]}}