{"id":1038,"date":"2023-04-11T18:23:52","date_gmt":"2023-04-11T16:23:52","guid":{"rendered":"https:\/\/ambpraga.esteri.it\/italia-e-repubblica-ceca\/diplomazia-economica\/fare-affari-nella-repubblica-ceca\/"},"modified":"2024-08-08T10:46:17","modified_gmt":"2024-08-08T08:46:17","slug":"fare-affari-nella-repubblica-ceca","status":"publish","type":"page","link":"https:\/\/ambpraga.esteri.it\/cs\/italia-e-repubblica-ceca\/diplomazia-economica\/fare-affari-nella-repubblica-ceca\/","title":{"rendered":"Podnik\u00e1n\u00ed v \u010cesk\u00e9 republice"},"content":{"rendered":"<p style=\"text-align: justify;\">OBCHOD A CESTOVN\u00cd RUCH<\/p>\n<p style=\"text-align: justify;\">Obchodn\u00ed vztahy mezi It\u00e1li\u00ed a \u010ceskou republikou jsou i nad\u00e1le velmi dobr\u00e9, p\u0159i\u010dem\u017e obchodn\u00ed v\u00fdm\u011bna dosahuje rekordn\u00edch hodnot, i kdy\u017e v porovn\u00e1n\u00ed s trendem minul\u00e9ho desetilet\u00ed m\u00edrn\u011b kles\u00e1. Sou\u010dasn\u00fd trend je i nad\u00e1le pozitivn\u00ed: v roce 2023 \u010dinil celkov\u00fd objem obchodu 18 miliard EUR, s vyhl\u00eddkami na op\u011btovn\u00fd r\u016fst v roce 2024. Jsme \u0161est\u00fdm nejv\u011bt\u0161\u00edm odb\u011bratelem a dodavatelem \u010cesk\u00e9 republiky, ale je t\u0159eba poznamenat, \u017ee v absolutn\u00edch hodnot\u00e1ch It\u00e1lie vyv\u00e1\u017e\u00ed do \u010cesk\u00e9 republiky v\u00edce ne\u017e do zem\u00ed, jako jsou Braz\u00edlie, Japonsko, Indie a Kanada.<\/p>\n<p style=\"text-align: justify;\">Zahrani\u010dn\u00ed obchod s It\u00e1li\u00ed v roce 2024 \u010d\u00e1ste\u010dn\u011b odr\u00e1\u017e\u00ed celkov\u00fd v\u00fdvoj \u010desk\u00e9 ekonomiky, kter\u00e1 v d\u016fsledku sl\u00e1bnouc\u00ed dom\u00e1c\u00ed popt\u00e1vky zaznamen\u00e1v\u00e1 pokles dovozu. Naopak v\u00fdborn\u00e9 jsou v\u00fdsledky italsk\u00e9ho v\u00fdvozu stroj\u016f a za\u0159\u00edzen\u00ed, kter\u00fd roste dvoucifern\u00fdm tempem. Krom\u011b pr\u016fmyslu a agrobyznysu se spolupr\u00e1ce mezi \u010ceskou republikou a It\u00e1li\u00ed nad\u00e1le posiluje ve vysoce inovativn\u00edch odv\u011btv\u00edch, jako je kosmick\u00fd v\u00fdzkum, letectv\u00ed, nanotechnologie a dopravn\u00ed infrastruktura, a tak\u00e9 v oblasti vzd\u011bl\u00e1v\u00e1n\u00ed, v\u011bdy a v\u00fdzkumu.<\/p>\n<p style=\"text-align: justify;\">Nep\u0159ehl\u00e9dnuteln\u00fd je tak\u00e9 obchod, kter\u00fd se to\u010d\u00ed kolem Made in Italy a na\u0161ich \u0161pi\u010dkov\u00fdch v\u00fdrobk\u016f. V t\u00e9to zemi p\u016fsob\u00ed v\u00fdznamn\u00e1 italsk\u00e1 podnikatelsk\u00e1 komunita: je zde p\u0159ibli\u017en\u011b 3 000 firem r\u016fzn\u00e9 velikosti, z nich\u017e mnoh\u00e9 jsou \u010dleny dynamick\u00e9 Italsko-\u010desk\u00e9 obchodn\u00ed a pr\u016fmyslov\u00e9 komory. V\u00edce ne\u017e 400 spole\u010dnost\u00ed p\u016fsob\u00ed v oblasti velkoobchodu a maloobchodu, v\u00fdroby a slu\u017eeb. V pr\u016fmyslov\u00e9m sektoru p\u016fsob\u00ed velk\u00e9 skupiny s v\u00fdznamn\u00fdmi v\u00fdrobn\u00edmi z\u00e1vody: Mezi n\u011b pat\u0159\u00ed Brembo, Beghelli, Brazzale, Iveco, Mattoni 1873 (nejv\u011bt\u0161\u00ed v\u00fdrobce miner\u00e1ln\u00edch a pramenit\u00fdch vod v \u010cesk\u00e9 republice a vedouc\u00ed spole\u010dnost na trhu nealkoholick\u00fdch n\u00e1poj\u016f ve st\u0159edn\u00ed Evrop\u011b), Mapei, Nova Mosilana (v\u00fdroba vln\u011bn\u00fdch tkanin skupiny Marzotto), SIAD a SAB Aerospace (vedouc\u00ed spole\u010dnost v kosmick\u00e9m pr\u016fmyslu), kter\u00e9 p\u016fsob\u00ed s v\u00fdznamnou p\u0159idanou hodnotou v oblasti inovac\u00ed a ekologick\u00e9 udr\u017eitelnosti a maj\u00ed vynikaj\u00edc\u00ed odezvu na trhu. P\u0159\u00edtomny, a zvl\u00e1\u0161t\u011b aktivn\u00ed jsou spole\u010dnosti Banca Intesa, Ferrero, Generali a Unicredit. Zat\u00edmco na italsk\u00e9m trhu p\u016fsob\u00ed stovky \u010desk\u00fdch spole\u010dnost\u00ed, kter\u00e9 jsou \u00fasp\u011b\u0161n\u00e9 v r\u016fzn\u00fdch oblastech, jako je letectv\u00ed, zelen\u00e1 energie, digit\u00e1ln\u00ed technologie, zem\u011bd\u011blstv\u00ed a informa\u010dn\u00ed technologie.<\/p>\n<p style=\"text-align: justify;\">Pozitivn\u00ed zpr\u00e1vy p\u0159ich\u00e1zej\u00ed tak\u00e9 z oblasti cestovn\u00edho ruchu, kdy It\u00e1lie podle \u00fadaj\u016f Ministerstva zahrani\u010dn\u00edch v\u011bc\u00ed potvrdila, \u017ee se v roce 2023 stala jednou z nejobl\u00edben\u011bj\u0161\u00edch destinac\u00ed pro \u010deskou letn\u00ed turistiku. Podle \u010cern\u00ednsk\u00e9ho pal\u00e1ce je It\u00e1lie pro \u010cechy t\u0159et\u00ed nejobl\u00edben\u011bj\u0161\u00ed destinac\u00ed pro tr\u00e1ven\u00ed dovolen\u00e9 v zahrani\u010d\u00ed. V letn\u00edch m\u011bs\u00edc\u00edch roku 2023 nav\u0161t\u00edvilo m\u011bsta um\u011bn\u00ed, pl\u00e1\u017ee a hory Apeninsk\u00e9ho poloostrova p\u0159ibli\u017en\u011b 470 000 \u010cech\u016f. \u0158ecko na druh\u00e9m m\u00edst\u011b zaznamenalo 640 000 p\u0159\u00edjezd\u016f z \u010cesk\u00e9 republiky a Chorvatsko, kter\u00e9 je tradi\u010dn\u011b nejobl\u00edben\u011bj\u0161\u00edm c\u00edlem letn\u00ed dovolen\u00e9 \u010cech\u016f, 800 000.<\/p>\n<p style=\"text-align: justify;\">Podrobn\u00e9 informace pro firmy jsou k dispozici na port\u00e1lu <a href=\"http:\/\/www.infomercatiesteri.it\">http:\/\/www.infomercatiesteri.it<\/a>, p\u0159i\u010dem\u017e zam\u011b\u0159en\u00ed na \u010ceskou republiku je pr\u016fb\u011b\u017en\u011b aktualizov\u00e1no na tomto odkazu: <a href=\"https:\/\/www.infomercatiesteri.it\/paese.php?id_paesi=86#\">https:\/\/www.infomercatiesteri.it\/paese.php?id_paesi=86#<\/a><\/p>\n<p style=\"text-align: justify;\">Italsk\u00e9 firmy mohou kontaktovat obchodn\u00ed odd\u011blen\u00ed velvyslanectv\u00ed prost\u0159ednictv\u00edm port\u00e1lu &#8222;NEXUS&#8220;, aplikace pro \u0159\u00edzen\u00ed vztah\u016f se z\u00e1kazn\u00edky z\u0159\u00edzen\u00e9 Ministerstvem zahrani\u010dn\u00edch v\u011bc\u00ed a mezin\u00e1rodn\u00ed spolupr\u00e1ce: <a href=\"https:\/\/nexus.esteri.it\/\">https:\/\/nexus.esteri.it\/<\/a> .<\/p>\n<p style=\"text-align: justify;\">Hospod\u00e1\u0159sk\u00e1 observato\u0159: Informa\u010dn\u00ed list o \u010cesk\u00e9 republice<\/p>\n<p style=\"text-align: justify;\"><a href=\"https:\/\/www.infomercatiesteri.it\/public\/osservatorio\/schede-sintesi\/repubblica-ceca_86.pdf\">https:\/\/www.infomercatiesteri.it\/public\/osservatorio\/schede-sintesi\/repubblica-ceca_86.pdf<\/a><\/p>\n<p style=\"text-align: justify;\">\u010casto kladen\u00e9 ot\u00e1zky t\u00fdkaj\u00edc\u00ed se pomoci italsk\u00fdm podnik\u016fm v zahrani\u010d\u00ed: <a href=\"https:\/\/ambdakar.esteri.it\/wp-content\/uploads\/2023\/11\/faq_assistenza_alle_imprese.pdf\">FAQ<\/a><\/p>\n<p style=\"text-align: justify;\">infoMercatiEsteri<\/p>\n<p style=\"text-align: justify;\">infoMercatiEsteri je inovativn\u00ed a zcela bezplatn\u00e1 platforma, kterou vymyslelo a realizovalo &#8222;Gener\u00e1ln\u00ed \u0159editelstv\u00ed pro propagaci Syst\u00e9mu Zem\u00ed&#8220; &#8211; \u00da\u0159ad I Ministerstva zahrani\u010dn\u00edch v\u011bc\u00ed, aby uspokojilo \u017e\u00e1dosti o informace o zahrani\u010dn\u00edch trz\u00edch, kter\u00e9 p\u0159ich\u00e1zej\u00ed od n\u00e1rodn\u00edch hospod\u00e1\u0159sk\u00fdch subjekt\u016f. D\u00edky soustavn\u00e9 analytick\u00e9 pr\u00e1ci velvyslanectv\u00ed a konzul\u00e1t\u016f, ve spolupr\u00e1ci s jednotkami agentury ICE, kter\u00e9 jsou do nich za\u010dlen\u011bny, a d\u00edky p\u0159\u00edsp\u011bvk\u016fm ENIT a italsk\u00fdch obchodn\u00edch komor v zahrani\u010d\u00ed poskytuje infoMercatiEsteri italsk\u00e9mu v\u00fdrobn\u00edmu syst\u00e9mu n\u00e1stroj pln\u00fd u\u017eite\u010dn\u00fdch informac\u00ed pro volbu internacionalizace. V\u00fdb\u011brem geografick\u00e9 p\u0159\u00edstupov\u00e9 cesty je mo\u017en\u00e9 pro ka\u017edou zemi z\u00edskat informace o:<\/p>\n<p style=\"text-align: justify;\">&#8211; ekonomick\u00e9 a politick\u00e9 vyhl\u00eddky;<\/p>\n<p style=\"text-align: justify;\">&#8211; tr\u017en\u00ed p\u0159\u00edle\u017eitosti a mo\u017enosti partnerstv\u00ed s m\u00edstn\u00edmi a\/nebo italsk\u00fdmi spole\u010dnostmi;<\/p>\n<p style=\"text-align: justify;\">&#8211; p\u0159ipravovan\u00e9 propaga\u010dn\u00ed iniciativy;<\/p>\n<p style=\"text-align: justify;\">&#8211; p\u0159ek\u00e1\u017eky obchodu, kritick\u00e1 m\u00edsta pro investice a mo\u017en\u00e1 rizika;<\/p>\n<p style=\"text-align: justify;\">&#8211; p\u0159\u00edstup k \u00fav\u011br\u016fm;<\/p>\n<p style=\"text-align: justify;\">&#8211; r\u00e1mec italsk\u00e9 p\u0159\u00edtomnosti a bilater\u00e1ln\u00ed vztahy.<\/p>\n<p style=\"text-align: justify;\">P\u0159\u00edpadn\u011b lze volbou odv\u011btvov\u00e9ho p\u0159\u00edstupu z\u00edskat informace o zvolen\u00e9m odv\u011btv\u00ed a n\u00e1vrhy zem\u00ed, kter\u00e9 jsou v dan\u00e9m odv\u011btv\u00ed prioritn\u011b zaj\u00edmav\u00e9, podle p\u0159izp\u016fsobiteln\u00fdch krit\u00e9ri\u00ed t\u00fdkaj\u00edc\u00edch se obchodu, investic, charakteristik trhu a \u00fadaj\u016f p\u0159ich\u00e1zej\u00edc\u00edch ze zahrani\u010dn\u00edch \u00fa\u0159ad\u016f.<\/p>\n<p style=\"text-align: justify;\">ICE &#8211; ITA Italsk\u00e1 obchodn\u00ed agentura<\/p>\n<p style=\"text-align: justify;\">ICE &#8211; Italsk\u00e1 obchodn\u00ed agentura je org\u00e1n, jeho\u017e prost\u0159ednictv\u00edm vl\u00e1da podporuje konsolidaci a hospod\u00e1\u0159sko-obchodn\u00ed rozvoj italsk\u00fdch spole\u010dnost\u00ed na zahrani\u010dn\u00edch trz\u00edch. P\u016fsob\u00ed rovn\u011b\u017e jako org\u00e1n odpov\u011bdn\u00fd za podporu p\u0159il\u00e1k\u00e1n\u00ed zahrani\u010dn\u00edch investic do It\u00e1lie. D\u00edky dynamick\u00e9, motivovan\u00e9 a modern\u00ed organizaci a rozs\u00e1hl\u00e9 s\u00edti pobo\u010dek v zahrani\u010d\u00ed poskytuje ICE mal\u00fdm a st\u0159edn\u00edm italsk\u00fdm podnik\u016fm informace, pomoc, poradenstv\u00ed, propagaci a \u0161kolen\u00ed. S vyu\u017eit\u00edm nejmodern\u011bj\u0161\u00edch n\u00e1stroj\u016f propagace a v\u00edcekan\u00e1lov\u00e9 komunikace p\u016fsob\u00ed tak, aby ve sv\u011bt\u011b potvrdila v\u00fdjime\u010dnost zna\u010dky Made in Italy. Podrobn\u00e9 informace pro podniky jsou k dispozici na port\u00e1lu <a href=\"https:\/\/www.ice.it\/it\/chi-siamo\">https:\/\/www.ice.it\/it\/chi-siamo<\/a>.<\/p>\n<p style=\"text-align: justify;\"><span style=\"text-decoration: underline;\">ICE &#8211; ITA Italsk\u00e1 obchodn\u00ed agentura &#8211; (Koresponden\u010dn\u00ed m\u00edsto pro \u010ceskou republiku)<\/span><\/p>\n<p style=\"text-align: justify;\">Kontaktn\u00ed osoba: Ag\u00e1ta Cacciotti<\/p>\n<p style=\"text-align: justify;\">Velvyslanectv\u00ed It\u00e1lie v Praze<\/p>\n<p style=\"text-align: justify;\">Nerudova 214\/20, 118 00 &#8211; Praha 1<\/p>\n<p style=\"text-align: justify;\">Tel.: +420 220 560 799<\/p>\n<p style=\"text-align: justify;\">E-mail: <a href=\"mailto:praga@ice.it\">praga@ice.it\u00a0<\/a><\/p>\n<p style=\"text-align: justify;\">Web: <a href=\"https:\/\/www.ice.it\/it\/mercati\/repubblica-ceca\">https:\/\/www.ice.it\/it\/mercati\/repubblica-ceca<\/a><\/p>\n<p style=\"text-align: justify;\">Italsko-\u010desk\u00e1 obchodn\u00ed a pr\u016fmyslov\u00e1 komora<\/p>\n<p style=\"text-align: justify;\">Sm\u00ed\u0161en\u00e1 italsko-\u010desk\u00e1 obchodn\u00ed a pr\u016fmyslov\u00e1 komora (CAMIC) byla zalo\u017eena v Praze v roce 2001 a rychle shrom\u00e1\u017edila v\u00fdznamn\u00fd po\u010det \u010dlen\u016f, zejm\u00e9na italsk\u00fdch podnikatel\u016f p\u016fsob\u00edc\u00edch na \u010desk\u00e9m trhu. V roce 2003 byla uzn\u00e1na italskou vl\u00e1dou (L.518 z 1. \u010dervence 1970) a \u010desk\u00fdm Ministerstvem pr\u016fmyslu a obchodu (z\u00e1kon \u010d. 42\/1980 Sb.) jako Italsk\u00e1 obchodn\u00ed komora v zahrani\u010d\u00ed. Dnes pat\u0159\u00ed mezi p\u0159edn\u00ed zahrani\u010dn\u00ed obchodn\u00ed komory v \u010cesk\u00e9 republice, s hlavn\u00edm s\u00eddlem v centru Prahy, v presti\u017en\u00edm Trauttmannsdorfsk\u00e9m pal\u00e1ci, a vedlej\u0161\u00edm s\u00eddlem v Brn\u011b, na v\u00fdstavi\u0161ti BVV, na Honor\u00e1rn\u00edm konzul\u00e1tu It\u00e1lie.<\/p>\n<p style=\"text-align: justify;\">Webov\u00e9 str\u00e1nky: <a href=\"https:\/\/www.camic.cz\/it\/\">https:\/\/www.camic.cz\/it\/<\/a><\/p>\n<p style=\"text-align: justify;\">Organizace a zam\u011bstnanci: <a href=\"https:\/\/www.camic.cz\/it\/organizzazione\/staff\/\">https:\/\/www.camic.cz\/it\/organizzazione\/staff\/<\/a><\/p>\n<p style=\"text-align: justify;\">Kontakty pro rozvoj trhu: <a href=\"https:\/\/www.camic.cz\/it\/sviluppo-mercato\/\">https:\/\/www.camic.cz\/it\/sviluppo-mercato\/<\/a><\/p>\n<p style=\"text-align: justify;\">Czech Invest<\/p>\n<p style=\"text-align: justify;\">Agentura CzechInvest hraje kl\u00ed\u010dovou roli v oblasti podpory podnik\u00e1n\u00ed a investic v \u010cesk\u00e9 republice. Integrovan\u00e1 kombinace region\u00e1ln\u00edch, centr\u00e1ln\u00edch a mezin\u00e1rodn\u00edch aktivit zaji\u0161\u0165uje propojen\u00ed glob\u00e1ln\u00edch trend\u016f s nejlep\u0161\u00edmi region\u00e1ln\u00edmi podm\u00ednkami. Jedn\u00edm z c\u00edl\u016f CzechInvestu je p\u0159em\u011bnit \u010ceskou republiku v inova\u010dn\u00edho l\u00eddra v Evrop\u011b. CzechInvest, zalo\u017een\u00fd v roce 1992, je st\u00e1tn\u00ed p\u0159\u00edsp\u011bvkovou organizac\u00ed pod\u0159\u00edzenou Ministerstvu pr\u016fmyslu a obchodu \u010cR.<\/p>\n<p style=\"text-align: justify;\">\u010cinnost CzechInvestu<\/p>\n<p style=\"text-align: justify;\">&#8211; Rozvoj potenci\u00e1lu \u010desk\u00fdch technologick\u00fdch firem;<\/p>\n<p style=\"text-align: justify;\">&#8211; podpora tzv. chytr\u00fdch investic;<\/p>\n<p style=\"text-align: justify;\">&#8211; motivace zahrani\u010dn\u00edch investor\u016f v \u010cesk\u00e9 republice k sofistikovan\u00fdm dopl\u0148kov\u00fdm investic\u00edm;<\/p>\n<p style=\"text-align: justify;\">&#8211; inkubace a rozvoj start-up\u016f a spin-off\u016f;<\/p>\n<p style=\"text-align: justify;\">&#8211; pomoc \u010desk\u00fdm firm\u00e1m p\u0159i vstupu na zahrani\u010dn\u00ed trhy;<\/p>\n<p style=\"text-align: justify;\">&#8211; propagace \u010desk\u00e9 ekonomiky, technologi\u00ed a v\u00fdzkumu i v zahrani\u010dn\u00ed projekci.<\/p>\n<p style=\"text-align: justify;\">&#8211; propojov\u00e1n\u00ed partner\u016f v oblasti podnik\u00e1n\u00ed, v\u00fdzkumu a v\u00fdvoje ve sv\u011bt\u011b.<\/p>\n<p class=\"gmail--wm-msonormal\"><i>GALLERY:<\/i><\/p>\n<p class=\"gmail--wm-msonormal\"><i>1-<\/i><i>\u00a0\u00a0\u00a0\u00a0\u00a0\u00a0<\/i><i>INFOMERCATIESTERI<\/i><\/p>\n<p><a href=\"https:\/\/www.infomercatiesteri.it\/paese.php?id_paesi=86#\" target=\"_blank\" rel=\"noopener\"><img loading=\"lazy\" decoding=\"async\" class=\"\" src=\"https:\/\/ambpraga.esteri.it\/wp-content\/uploads\/2024\/08\/infomercatiesteri-logo.png\" width=\"686\" height=\"100\" \/><\/a><\/p>\n<p class=\"gmail--wm-msonormal\"><i>\u00a0<\/i><i>2-<\/i><i>\u00a0\u00a0\u00a0\u00a0\u00a0\u00a0<\/i><i>ICE AGENZIA<\/i><\/p>\n<p><a href=\"https:\/\/www.ice.it\/it\/mercati\/repubblica-ceca\" target=\"_blank\" rel=\"noopener\"><img loading=\"lazy\" decoding=\"async\" class=\"\" src=\"https:\/\/ambpraga.esteri.it\/wp-content\/uploads\/2024\/08\/ICE-Agenzia.jpg\" width=\"250\" height=\"149\" \/><\/a><\/p>\n<p class=\"gmail--wm-msonormal\"><i>\u00a0<\/i><i>3-<\/i><i>\u00a0\u00a0\u00a0\u00a0\u00a0\u00a0<\/i><i>CAMIC<\/i><\/p>\n<p class=\"gmail--wm-msonormal\"><a href=\"https:\/\/www.camic.cz\/it\/\" target=\"_blank\" rel=\"noopener\"><img loading=\"lazy\" decoding=\"async\" class=\"\" src=\"https:\/\/ambpraga.esteri.it\/wp-content\/uploads\/2024\/08\/Logo-Camic.jpg\" width=\"250\" height=\"201\" \/><\/a><\/p>\n<p class=\"gmail--wm-msonormal\"><i>\u00a0<\/i><i>4-<\/i><i>\u00a0\u00a0\u00a0\u00a0\u00a0\u00a0<\/i><i>CZECH INVEST<\/i><\/p>\n<p class=\"gmail--wm-msonormal\"><a href=\"http:\/\/www.czech-research.com\/\" target=\"_blank\" rel=\"noopener\"><i><img loading=\"lazy\" decoding=\"async\" class=\"\" src=\"https:\/\/ambpraga.esteri.it\/wp-content\/uploads\/2024\/08\/Logo-Czech-Invest.png\" width=\"258\" height=\"100\" \/><\/i><\/a><\/p>\n","protected":false},"excerpt":{"rendered":"OBCHOD A CESTOVN\u00cd RUCH Obchodn\u00ed vztahy mezi It\u00e1li\u00ed a \u010ceskou republikou jsou i nad\u00e1le velmi dobr\u00e9, p\u0159i\u010dem\u017e obchodn\u00ed v\u00fdm\u011bna dosahuje rekordn\u00edch hodnot, i kdy\u017e v porovn\u00e1n\u00ed s trendem minul\u00e9ho desetilet\u00ed m\u00edrn\u011b kles\u00e1. Sou\u010dasn\u00fd trend je i nad\u00e1le pozitivn\u00ed: v roce 2023 \u010dinil celkov\u00fd objem obchodu 18 miliard EUR, s vyhl\u00eddkami na op\u011btovn\u00fd r\u016fst v roce [&hellip;]","protected":false},"author":1,"featured_media":0,"parent":1032,"menu_order":0,"comment_status":"closed","ping_status":"closed","template":"","meta":{"footnotes":""},"class_list":["post-1038","page","type-page","status-publish","hentry"],"_links":{"self":[{"href":"https:\/\/ambpraga.esteri.it\/cs\/wp-json\/wp\/v2\/pages\/1038","targetHints":{"allow":["GET"]}}],"collection":[{"href":"https:\/\/ambpraga.esteri.it\/cs\/wp-json\/wp\/v2\/pages"}],"about":[{"href":"https:\/\/ambpraga.esteri.it\/cs\/wp-json\/wp\/v2\/types\/page"}],"author":[{"embeddable":true,"href":"https:\/\/ambpraga.esteri.it\/cs\/wp-json\/wp\/v2\/users\/1"}],"replies":[{"embeddable":true,"href":"https:\/\/ambpraga.esteri.it\/cs\/wp-json\/wp\/v2\/comments?post=1038"}],"version-history":[{"count":1,"href":"https:\/\/ambpraga.esteri.it\/cs\/wp-json\/wp\/v2\/pages\/1038\/revisions"}],"predecessor-version":[{"id":3576,"href":"https:\/\/ambpraga.esteri.it\/cs\/wp-json\/wp\/v2\/pages\/1038\/revisions\/3576"}],"up":[{"embeddable":true,"href":"https:\/\/ambpraga.esteri.it\/cs\/wp-json\/wp\/v2\/pages\/1032"}],"wp:attachment":[{"href":"https:\/\/ambpraga.esteri.it\/cs\/wp-json\/wp\/v2\/media?parent=1038"}],"curies":[{"name":"wp","href":"https:\/\/api.w.org\/{rel}","templated":true}]}}