{"id":1044,"date":"2023-04-11T18:24:38","date_gmt":"2023-04-11T16:24:38","guid":{"rendered":"https:\/\/ambpraga.esteri.it\/italia-e-repubblica-ceca\/diplomazia-culturale\/studiare-in-italia\/"},"modified":"2023-05-19T11:40:45","modified_gmt":"2023-05-19T09:40:45","slug":"studiare-in-italia","status":"publish","type":"page","link":"https:\/\/ambpraga.esteri.it\/cs\/italia-e-repubblica-ceca\/diplomazia-culturale\/studiare-in-italia\/","title":{"rendered":"Studium v It\u00e1lii a \u010cesk\u00e9 republice"},"content":{"rendered":"<p><a href=\"https:\/\/www.esteri.it\/it\/sportello_info\/domandefrequenti\/studiare-in-italia\/\" target=\"_blank\" rel=\"noopener\">Studiare in Italia &#8211; Pagina del MAECI<\/a><\/p>\n<p><a href=\"https:\/\/ambpraga.esteri.it\/it\/servizi-consolari-e-visti\/servizi-per-il-cittadino-italiano\/studi-e-dichiarazioni-di-valore\/\" target=\"_blank\" rel=\"noopener\">Dichiarazioni di Valore<\/a><\/p>\n<p>&nbsp;<\/p>\n","protected":false},"excerpt":{"rendered":"Studiare in Italia &#8211; Pagina del MAECI Dichiarazioni di Valore &nbsp;","protected":false},"author":1,"featured_media":0,"parent":1040,"menu_order":0,"comment_status":"closed","ping_status":"closed","template":"","meta":{"footnotes":""},"class_list":["post-1044","page","type-page","status-publish","hentry"],"_links":{"self":[{"href":"https:\/\/ambpraga.esteri.it\/cs\/wp-json\/wp\/v2\/pages\/1044","targetHints":{"allow":["GET"]}}],"collection":[{"href":"https:\/\/ambpraga.esteri.it\/cs\/wp-json\/wp\/v2\/pages"}],"about":[{"href":"https:\/\/ambpraga.esteri.it\/cs\/wp-json\/wp\/v2\/types\/page"}],"author":[{"embeddable":true,"href":"https:\/\/ambpraga.esteri.it\/cs\/wp-json\/wp\/v2\/users\/1"}],"replies":[{"embeddable":true,"href":"https:\/\/ambpraga.esteri.it\/cs\/wp-json\/wp\/v2\/comments?post=1044"}],"version-history":[{"count":0,"href":"https:\/\/ambpraga.esteri.it\/cs\/wp-json\/wp\/v2\/pages\/1044\/revisions"}],"up":[{"embeddable":true,"href":"https:\/\/ambpraga.esteri.it\/cs\/wp-json\/wp\/v2\/pages\/1040"}],"wp:attachment":[{"href":"https:\/\/ambpraga.esteri.it\/cs\/wp-json\/wp\/v2\/media?parent=1044"}],"curies":[{"name":"wp","href":"https:\/\/api.w.org\/{rel}","templated":true}]}}