{"id":1046,"date":"2023-04-11T18:10:55","date_gmt":"2023-04-11T16:10:55","guid":{"rendered":"https:\/\/ambpraga.esteri.it\/italia-e-repubblica-ceca\/diplomazia-scientifica\/"},"modified":"2024-08-09T14:16:04","modified_gmt":"2024-08-09T12:16:04","slug":"diplomazia-scientifica","status":"publish","type":"page","link":"https:\/\/ambpraga.esteri.it\/cs\/italia-e-repubblica-ceca\/diplomazia-scientifica\/","title":{"rendered":"V\u011bdeck\u00e1 diplomacie"},"content":{"rendered":"<p style=\"text-align: justify;\">Od 1. \u0159\u00edjna 2022 zde p\u016fsob\u00ed vesm\u00edrn\u00fd ata\u0161\u00e9. Funkce kosmick\u00e9ho ata\u0161\u00e9 je v r\u00e1mci rol\u00ed na\u0161ich velvyslanectv\u00ed pom\u011brn\u011b nov\u00e1 a byla zavedena na podporu n\u00e1rodn\u00edho um\u00edst\u011bn\u00ed v kosmick\u00e9m sektoru. Konkr\u00e9tn\u011b v \u010cesk\u00e9 republice se kosmick\u00fd ata\u0161\u00e9 star\u00e1 o bilater\u00e1ln\u00ed vztahy a o spolupr\u00e1ci s Kosmickou agenturou Evropsk\u00e9 unie (EUSPA) s c\u00edlem podpo\u0159it zapojen\u00ed n\u00e1rodn\u00ed excelence. Do agendy kosmick\u00e9ho ata\u0161\u00e9 pat\u0159\u00ed tak\u00e9 identifikace nov\u00fdch p\u0159\u00edle\u017eitost\u00ed ke spolupr\u00e1ci pro n\u00e1rodn\u00ed kosmick\u00fd sektor prost\u0159ednictv\u00edm rozvoje s\u00edt\u011b vztah\u016f a kontakt\u016f s institucion\u00e1ln\u00edmi, akademick\u00fdmi a pr\u016fmyslov\u00fdmi partnery p\u0159\u00edtomn\u00fdmi na \u00fazem\u00ed a akreditovan\u00fdmi u r\u016fzn\u00fdch velvyslanectv\u00ed p\u0159\u00edtomn\u00fdch v Praze.<\/p>\n<h4>Kancel\u00e1\u0159 kosmick\u00e9ho ata\u0161\u00e9<\/h4>\n<p style=\"padding-left: 40px;\"><em><strong>dott.ssa Maria Cristina Falvella<\/strong><\/em><\/p>\n<p style=\"padding-left: 40px;\">Tel.:\u00a0<strong>+420 233 080 210<\/strong><\/p>\n<p style=\"padding-left: 40px;\">E-mail:\u00a0<a href=\"mailto:cristina.falvella@esteri.it\">cristina.falvella@esteri.it<\/a><\/p>\n","protected":false},"excerpt":{"rendered":"Od 1. \u0159\u00edjna 2022 zde p\u016fsob\u00ed vesm\u00edrn\u00fd ata\u0161\u00e9. Funkce kosmick\u00e9ho ata\u0161\u00e9 je v r\u00e1mci rol\u00ed na\u0161ich velvyslanectv\u00ed pom\u011brn\u011b nov\u00e1 a byla zavedena na podporu n\u00e1rodn\u00edho um\u00edst\u011bn\u00ed v kosmick\u00e9m sektoru. Konkr\u00e9tn\u011b v \u010cesk\u00e9 republice se kosmick\u00fd ata\u0161\u00e9 star\u00e1 o bilater\u00e1ln\u00ed vztahy a o spolupr\u00e1ci s Kosmickou agenturou Evropsk\u00e9 unie (EUSPA) s c\u00edlem podpo\u0159it zapojen\u00ed n\u00e1rodn\u00ed excelence. [&hellip;]","protected":false},"author":1,"featured_media":0,"parent":139,"menu_order":4,"comment_status":"closed","ping_status":"closed","template":"","meta":{"footnotes":""},"class_list":["post-1046","page","type-page","status-publish","hentry"],"_links":{"self":[{"href":"https:\/\/ambpraga.esteri.it\/cs\/wp-json\/wp\/v2\/pages\/1046","targetHints":{"allow":["GET"]}}],"collection":[{"href":"https:\/\/ambpraga.esteri.it\/cs\/wp-json\/wp\/v2\/pages"}],"about":[{"href":"https:\/\/ambpraga.esteri.it\/cs\/wp-json\/wp\/v2\/types\/page"}],"author":[{"embeddable":true,"href":"https:\/\/ambpraga.esteri.it\/cs\/wp-json\/wp\/v2\/users\/1"}],"replies":[{"embeddable":true,"href":"https:\/\/ambpraga.esteri.it\/cs\/wp-json\/wp\/v2\/comments?post=1046"}],"version-history":[{"count":2,"href":"https:\/\/ambpraga.esteri.it\/cs\/wp-json\/wp\/v2\/pages\/1046\/revisions"}],"predecessor-version":[{"id":3590,"href":"https:\/\/ambpraga.esteri.it\/cs\/wp-json\/wp\/v2\/pages\/1046\/revisions\/3590"}],"up":[{"embeddable":true,"href":"https:\/\/ambpraga.esteri.it\/cs\/wp-json\/wp\/v2\/pages\/139"}],"wp:attachment":[{"href":"https:\/\/ambpraga.esteri.it\/cs\/wp-json\/wp\/v2\/media?parent=1046"}],"curies":[{"name":"wp","href":"https:\/\/api.w.org\/{rel}","templated":true}]}}