{"id":1070,"date":"2025-06-24T09:38:00","date_gmt":"2025-06-24T07:38:00","guid":{"rendered":"https:\/\/ambpraga.esteri.it\/servizi-consolari-e-visti\/servizi-per-il-cittadino-italiano\/stato-civile\/nascita\/"},"modified":"2023-05-19T11:47:38","modified_gmt":"2023-05-19T09:47:38","slug":"nascita","status":"publish","type":"page","link":"https:\/\/ambpraga.esteri.it\/cs\/servizi-consolari-e-visti\/servizi-per-il-cittadino-italiano\/stato-civile\/nascita\/","title":{"rendered":"Narozen\u00ed"},"content":{"rendered":"<p style=\"text-align: justify;\">I figli di cittadini italiani, anche se lo \u00e8 uno solo dei genitori e anche se nati all\u2019estero ed eventualmente in possesso di un\u2019altra cittadinanza, sono cittadini italiani. Pertanto la loro nascita deve essere\u00a0<strong>tempestivamente registrata in Italia<\/strong>.<\/p>\n<p style=\"text-align: justify;\">Ai fini della trascrizione di una nascita, bisogna presentare alla Cancelleria Consolare di quest\u2019Ambasciata l\u2019<strong>Atto di Nascita\u00a0<\/strong>(<em>Rodn\u00fd List<\/em>)\u00a0<strong>in originale<\/strong>. Gli atti rilasciati con\u00a0<strong>estratto plurilingue<\/strong>\u00a0non necessitano di traduzione e\u00a0legalizzazione.<\/p>\n<p style=\"text-align: justify;\">Nel caso in cui il figlio sia nato da genitori non coniugati, occorre presentare, oltre all\u2019atto di nascita, anche il\u00a0<strong>Protocollo di riconoscimento di paternit\u00e0<\/strong>\u00a0(<em>Z\u00e1pis o ur\u010den\u00ed otcovstv\u00ed souhlasn\u00fdm prohl\u00e1\u0161en\u00edm rodi\u010d\u016f<\/em>), munito di una traduzione ufficiale in lingua italiana eseguita da uno dei traduttori registrati presso quest\u2019Ambasciata.<\/p>\n<p style=\"text-align: justify;\">Per presentare in Cancelleria consolare l&#8217;atto da trascrivere, si prega di prendere appuntamento tramite il portale <a href=\"https:\/\/prenotami.esteri.it\/\" target=\"_blank\" rel=\"noopener\">PRENOT@MI.<\/a><\/p>\n<p style=\"text-align: justify;\"><strong>CONTATTI:<\/strong><\/p>\n<ul style=\"text-align: justify;\">\n<li>Tel.: +420 233 080 111<\/li>\n<li>E-mail: <a href=\"mailto:consolare.praga@esteri.it\">consolare.praga@esteri.it<\/a><\/li>\n<li>PEC: <a href=\"mailto:amb.praga.consolare@cert.esteri.it\">amb.praga.consolare@cert.esteri.it<\/a><\/li>\n<\/ul>\n<p style=\"text-align: justify;\"><a href=\"https:\/\/ambpraga.esteri.it\/it\/servizi-consolari-e-visti\/servizi-per-il-cittadino-italiano\/elenchi-tecnici-traduttori-e-professionisti-sanitari\/\" target=\"_blank\" rel=\"noopener\">Per i traduttori vedasi lista nella sezione elenco professionisti.<\/a><\/p>\n","protected":false},"excerpt":{"rendered":"I figli di cittadini italiani, anche se lo \u00e8 uno solo dei genitori e anche se nati all\u2019estero ed eventualmente in possesso di un\u2019altra cittadinanza, sono cittadini italiani. Pertanto la loro nascita deve essere\u00a0tempestivamente registrata in Italia. Ai fini della trascrizione di una nascita, bisogna presentare alla Cancelleria Consolare di quest\u2019Ambasciata l\u2019Atto di Nascita\u00a0(Rodn\u00fd List)\u00a0in [&hellip;]","protected":false},"author":5,"featured_media":0,"parent":1068,"menu_order":1,"comment_status":"closed","ping_status":"closed","template":"","meta":{"footnotes":""},"class_list":["post-1070","page","type-page","status-publish","hentry"],"_links":{"self":[{"href":"https:\/\/ambpraga.esteri.it\/cs\/wp-json\/wp\/v2\/pages\/1070","targetHints":{"allow":["GET"]}}],"collection":[{"href":"https:\/\/ambpraga.esteri.it\/cs\/wp-json\/wp\/v2\/pages"}],"about":[{"href":"https:\/\/ambpraga.esteri.it\/cs\/wp-json\/wp\/v2\/types\/page"}],"author":[{"embeddable":true,"href":"https:\/\/ambpraga.esteri.it\/cs\/wp-json\/wp\/v2\/users\/5"}],"replies":[{"embeddable":true,"href":"https:\/\/ambpraga.esteri.it\/cs\/wp-json\/wp\/v2\/comments?post=1070"}],"version-history":[{"count":0,"href":"https:\/\/ambpraga.esteri.it\/cs\/wp-json\/wp\/v2\/pages\/1070\/revisions"}],"up":[{"embeddable":true,"href":"https:\/\/ambpraga.esteri.it\/cs\/wp-json\/wp\/v2\/pages\/1068"}],"wp:attachment":[{"href":"https:\/\/ambpraga.esteri.it\/cs\/wp-json\/wp\/v2\/media?parent=1070"}],"curies":[{"name":"wp","href":"https:\/\/api.w.org\/{rel}","templated":true}]}}