{"id":1087,"date":"2023-04-11T18:12:44","date_gmt":"2023-04-11T16:12:44","guid":{"rendered":"https:\/\/ambpraga.esteri.it\/servizi-consolari-e-visti\/servizi-per-il-cittadino-straniero\/"},"modified":"2023-05-19T11:48:45","modified_gmt":"2023-05-19T09:48:45","slug":"servizi-per-il-cittadino-straniero","status":"publish","type":"page","link":"https:\/\/ambpraga.esteri.it\/cs\/servizi-consolari-e-visti\/servizi-per-il-cittadino-straniero\/","title":{"rendered":"Slu\u017eby pro ciz\u00ed st\u00e1tn\u00ed p\u0159\u00edslu\u0161n\u00edky"},"content":{"rendered":"<ul>\n<li><strong><a href=\"https:\/\/ambpraga.esteri.it\/it\/servizi-consolari-e-visti\/servizi-per-il-cittadino-straniero\/apostille\/\" target=\"_blank\" rel=\"noopener\">Apostille<\/a><\/strong><\/li>\n<li><strong><a href=\"https:\/\/ambpraga.esteri.it\/it\/servizi-consolari-e-visti\/servizi-per-il-cittadino-straniero\/cittadinanza\/\" target=\"_blank\" rel=\"noopener\">Cittadinanza<\/a><\/strong><\/li>\n<li><strong><a href=\"https:\/\/ambpraga.esteri.it\/it\/servizi-consolari-e-visti\/servizi-per-il-cittadino-italiano\/codice-fiscale\/\" target=\"_blank\" rel=\"noopener\">Codice Fiscale<\/a><\/strong><\/li>\n<li><strong><a href=\"https:\/\/ambpraga.esteri.it\/it\/servizi-consolari-e-visti\/servizi-per-il-cittadino-straniero\/elenchi-tecnici-traduttori-e-professionisti-sanitari\/\" target=\"_blank\" rel=\"noopener\">Elenchi &#8211; Tecnici, Traduttori e Professionisti sanitari<\/a><\/strong><\/li>\n<li><a href=\"https:\/\/ambpraga.esteri.it\/it\/servizi-consolari-e-visti\/servizi-per-il-cittadino-italiano\/modulistica-consolare\/\" target=\"_blank\" rel=\"noopener\"><strong>Modulistica consolare<\/strong><\/a><\/li>\n<li><a href=\"https:\/\/www.esteri.it\/it\/servizi-consolari-e-visti\/normativa_consolare\/serviziconsolari\/notifiche\/\" target=\"_blank\" rel=\"noopener\"><strong>Notifiche all&#8217;estero<\/strong><\/a><\/li>\n<li><a href=\"https:\/\/ambpraga.esteri.it\/it\/servizi-consolari-e-visti\/servizi-per-il-cittadino-italiano\/pagamenti-dei-servizi-consolari\/\" target=\"_blank\" rel=\"noopener\"><strong>Pagamenti\u00a0dei servizi consolari<\/strong><\/a><\/li>\n<li><a href=\"https:\/\/ambpraga.esteri.it\/it\/servizi-consolari-e-visti\/servizi-per-il-cittadino-italiano\/pensioni-e-sicurezza-sociale\/\" target=\"_blank\" rel=\"noopener\"><strong>Pensioni e sicurezza sociale<\/strong><\/a><\/li>\n<li><a href=\"https:\/\/ambpraga.esteri.it\/it\/servizi-consolari-e-visti\/servizi-per-il-cittadino-italiano\/radiazione-per-esportazione-del-veicolo\/\" target=\"_blank\" rel=\"noopener\"><strong>Radiazione per esportazione del veicolo<\/strong><\/a><\/li>\n<li><a href=\"https:\/\/ambpraga.esteri.it\/it\/servizi-consolari-e-visti\/servizi-per-il-cittadino-italiano\/studi-e-dichiarazioni-di-valore\/\" target=\"_blank\" rel=\"noopener\"><strong>Studi e Dichiarazioni di valore<\/strong><\/a><\/li>\n<li><strong><a href=\"https:\/\/ambpraga.esteri.it\/it\/servizi-consolari-e-visti\/servizi-per-il-cittadino-straniero\/visti\/\" target=\"_blank\" rel=\"noopener\">Visti<\/a><\/strong><\/li>\n<\/ul>\n","protected":false},"excerpt":{"rendered":"Apostille Cittadinanza Codice Fiscale Elenchi &#8211; Tecnici, Traduttori e Professionisti sanitari Modulistica consolare Notifiche all&#8217;estero Pagamenti\u00a0dei servizi consolari Pensioni e sicurezza sociale Radiazione per esportazione del veicolo Studi e Dichiarazioni di valore Visti","protected":false},"author":1,"featured_media":0,"parent":137,"menu_order":2,"comment_status":"closed","ping_status":"closed","template":"","meta":{"footnotes":""},"class_list":["post-1087","page","type-page","status-publish","hentry"],"_links":{"self":[{"href":"https:\/\/ambpraga.esteri.it\/cs\/wp-json\/wp\/v2\/pages\/1087","targetHints":{"allow":["GET"]}}],"collection":[{"href":"https:\/\/ambpraga.esteri.it\/cs\/wp-json\/wp\/v2\/pages"}],"about":[{"href":"https:\/\/ambpraga.esteri.it\/cs\/wp-json\/wp\/v2\/types\/page"}],"author":[{"embeddable":true,"href":"https:\/\/ambpraga.esteri.it\/cs\/wp-json\/wp\/v2\/users\/1"}],"replies":[{"embeddable":true,"href":"https:\/\/ambpraga.esteri.it\/cs\/wp-json\/wp\/v2\/comments?post=1087"}],"version-history":[{"count":0,"href":"https:\/\/ambpraga.esteri.it\/cs\/wp-json\/wp\/v2\/pages\/1087\/revisions"}],"up":[{"embeddable":true,"href":"https:\/\/ambpraga.esteri.it\/cs\/wp-json\/wp\/v2\/pages\/137"}],"wp:attachment":[{"href":"https:\/\/ambpraga.esteri.it\/cs\/wp-json\/wp\/v2\/media?parent=1087"}],"curies":[{"name":"wp","href":"https:\/\/api.w.org\/{rel}","templated":true}]}}