{"id":1091,"date":"2023-05-03T11:52:00","date_gmt":"2023-05-03T09:52:00","guid":{"rendered":"https:\/\/ambpraga.esteri.it\/servizi-consolari-e-visti\/servizi-per-il-cittadino-straniero\/cittadinanza\/cittadinanza-jure-sanguinis\/"},"modified":"2026-03-03T11:29:59","modified_gmt":"2026-03-03T10:29:59","slug":"cittadinanza-jure-sanguinis","status":"publish","type":"page","link":"https:\/\/ambpraga.esteri.it\/cs\/servizi-consolari-e-visti\/servizi-per-il-cittadino-straniero\/cittadinanza\/cittadinanza-jure-sanguinis\/","title":{"rendered":"Cittadinanza jure sanguinis"},"content":{"rendered":"<p style=\"text-align: justify;\"><strong><img loading=\"lazy\" decoding=\"async\" class=\"aligncenter size-full wp-image-546 img-fluid\" src=\"https:\/\/ambpraga.esteri.it\/wp-content\/uploads\/2023\/05\/albero-foto.jpg\" alt=\"\" width=\"1280\" height=\"720\" srcset=\"https:\/\/ambpraga.esteri.it\/wp-content\/uploads\/2023\/05\/albero-foto.jpg 1280w, https:\/\/ambpraga.esteri.it\/wp-content\/uploads\/2023\/05\/albero-foto-300x169.jpg 300w, https:\/\/ambpraga.esteri.it\/wp-content\/uploads\/2023\/05\/albero-foto-1024x576.jpg 1024w, https:\/\/ambpraga.esteri.it\/wp-content\/uploads\/2023\/05\/albero-foto-768x432.jpg 768w\" sizes=\"auto, (max-width: 1280px) 100vw, 1280px\" \/><\/strong><\/p>\n<p style=\"text-align: justify;\"><strong>RICONOSCIMENTO DEL POSSESSO DELLA CITTADINANZA ITALIANA JURE SANGUINIS<\/strong><\/p>\n<p style=\"text-align: justify;\">(DISCENDENZA DIRETTA DA AVO ITALIANO SENZA INTERRUZIONE DI POSSESSO)<\/p>\n<p style=\"text-align: justify;\">SERVIZIO DISPONIBILE ESCLUSIVAMENTE SU APPUNTAMENTO PRESO ONLINE TRAMITE LA PIATTAFORMA <a href=\"https:\/\/prenotami.esteri.it\/\" target=\"_blank\" rel=\"noopener\">PRENOT@MI<\/a><\/p>\n<p style=\"text-align: justify;\">Per dubbi o chiarimenti scrivere a\u00a0<a href=\"mailto:identita-praga@esteri.it\">identita.praga@esteri.it<\/a><\/p>\n<ul style=\"text-align: justify;\">\n<li style=\"text-align: justify;\">Ai sensi dell\u2019art.1 della Legge 91\/92 \u00e8 cittadino italiano per nascita il figlio di padre o madre cittadini italiani.<\/li>\n<li style=\"text-align: justify;\">La trasmissione della cittadinanza per linea materna \u00e8 possibile solo per i figli nati dopo il 1\u00b0 gennaio 1948.<\/li>\n<li style=\"text-align: justify;\">La cittadinanza italiana si trasmette senza limiti di generazione, con la condizione che non vi siano state interruzioni nella trasmissione da una generazione all\u2019altra e che nessuno degli ascendenti abbia mai rinunciato alla cittadinanza.<\/li>\n<\/ul>\n<p style=\"text-align: justify;\">Il richiedente deve quindi dimostrare di discendere da un avo italiano senza che ci sia stata interruzione della trasmissione della cittadinanza da una generazione all\u2019altra.<\/p>\n<p style=\"text-align: justify;\"><strong>SI PRECISA CHE LE ISTANZE POSSONO ESSERE PRESENTATE ESCLUSIVAMENTE NEL PAESE DI RESIDENZA. PERTANTO, \u00c8 RICHIESTO IL POSSESSO DI REGOLARE PERMESSO DI SOGGIORNO NELLA REPUBBLICA CECA DI DURATA NON INFERIORE AI 2 ANNI.<\/strong><\/p>\n<p style=\"text-align: justify;\"><strong>ATTI E DOCUMENTI DA PRESENTARE IL GIORNO DELL\u2019APPUNTAMENTO:<\/strong><\/p>\n<ol style=\"text-align: justify;\">\n<li style=\"text-align: justify;\"><a href=\"https:\/\/ambpraga.esteri.it\/wp-content\/uploads\/2023\/05\/istanza_richiesta_cittadinanza_bilingue.pdf\" target=\"_blank\" rel=\"noopener\"><strong>Istanza dell\u2019interessato\/a, da firmare in Cancelleria Consolare;<\/strong><\/a><\/li>\n<li style=\"text-align: justify;\"><strong>permesso di soggiorno;<\/strong><\/li>\n<li style=\"text-align: justify;\"><strong>Comprovante di residenza\u00a0(contratto di affitto, contratto di lavoro, bollette utenze);<\/strong>\n<ul>\n<li><a href=\"https:\/\/ambpraga.esteri.it\/wp-content\/uploads\/2023\/05\/dichiarazione_relativa_al_richiedente.pdf\" target=\"_blank\" rel=\"noopener\">Dichiarazione di residenza storica e non rinuncia alla cittadinanza italiana del richiedente<\/a><\/li>\n<\/ul>\n<\/li>\n<li style=\"text-align: justify;\"><a href=\"https:\/\/ambpraga.esteri.it\/wp-content\/uploads\/2023\/05\/albero_genealogico.pdf\" target=\"_blank\" rel=\"noopener\"><strong>Albero genealogico;<\/strong><\/a><\/li>\n<li style=\"text-align: justify;\"><strong>Documentazione dell\u2019Avo nato in Italia<\/strong>:\n<ul>\n<li style=\"text-align: justify;\">Estratto dell\u2019atto di nascita, con indicazione di paternit\u00e0 e maternit\u00e0, rilasciato dal Comune italiano ove egli nacque; qualora l\u2019atto fosse rilasciato dalla Parrocchia (se nascita antecedente all\u2019istituzione degli Uffici di Stato Civile), il medesimo dovr\u00e0 essere completo di autentica in bollo da parte della Curia Vescovile competente;<\/li>\n<li style=\"text-align: justify;\">Certificato NEGATIVO di naturalizzazione* rilasciato dalle Autorit\u00e0 competenti (completo di tutte le varianti dei nomi, qualora il nome o cognome dell\u2019Avo risulti modificato all\u2019interno dei successivi atti formati all\u2019estero, sia per quanto riguarda lo stesso che per i suoi discendenti);<\/li>\n<li style=\"text-align: justify;\">Certificato NEGATIVO di naturalizzazione* rilasciato dalle Autorit\u00e0 competenti di eventuali altri Stati esteri in cui l\u2019Avo abbia risieduto;<\/li>\n<li style=\"text-align: justify;\">&#8211; Atto di matrimonio**;<\/li>\n<li style=\"text-align: justify;\">&#8211; Atto di morte (se deceduto)\n<ul>\n<li>* Nel caso in cui l\u2019Avo italiano si fosse naturalizzato, occorrer\u00e0 presentare la relativa sentenza di naturalizzazione, dalla quale sia possibile desumere la data esatta di acquisto della cittadinanza straniera. La naturalizzazione dell\u2019avo italiano potrebbe infatti comportare la perdita del diritto al riconoscimento della cittadinanza italiana dei discendenti.<\/li>\n<li>** in caso di secondo matrimonio \u00e8 necessario presentare l\u2019atto del primo matrimonio e l\u2019atto del secondo matrimonio. Atto di morte (se deceduto) del primo\/a coniuge oppure, in caso di divorzio, sentenza di divorzio passata in giudicato.<\/li>\n<\/ul>\n<\/li>\n<\/ul>\n<\/li>\n<li style=\"text-align: justify;\"><strong>Documentazione di ognuno dei discendenti in linea retta dell\u2019Avo<\/strong>:\n<ul>\n<li>Atto integrale di nascita, con indicazione di paternit\u00e0 e maternit\u00e0;<\/li>\n<li>Atto di matrimonio ** (attenzione questo documento ha una validit\u00e0 di 6 mesi per i discendenti vivi);<\/li>\n<li>Atto di morte (se deceduto).\n<ul>\n<li>** in caso di secondo matrimonio \u00e8 necessario presentare l\u2019atto del primo matrimonio e l\u2019atto del secondo matrimonio. Atto di morte (se deceduto) del primo\/a coniuge oppure, in caso di divorzio, sentenza di divorzio passata in giudicato.<\/li>\n<\/ul>\n<\/li>\n<\/ul>\n<\/li>\n<li style=\"text-align: justify;\"><strong>Documentazione del\/la richiedente la cittadinanza italiana<\/strong>:\n<ul>\n<li>Atto di integrale nascita proprio e degli eventuali figli minorenni;<\/li>\n<li>Eventuale atto di matrimonio (attenzione questo documento ha una validit\u00e0 di 6 mesi);<\/li>\n<li>Copia del passaporto in corso di validit\u00e0;<\/li>\n<li>Permesso di soggiorno di lunga durata in corso di validit\u00e0 e <strong>per i \u00a0cittadini cechi e UE \u00e8 richiesta la presentazione dell\u2019attestato di residenza con allegato formulario multilingue rilasciato dalla Posta ceca<\/strong><strong> (<\/strong>POSKYTNUT\u00cd \u00daDAJ\u00da Z REGISTRU OBYVATEL FYZICK\u00c9 OSOB\u011a), mentre per iI cittadini NON-UE \u00e8 richiesta la presentazione del certificato di residenza rilasciato dal Dipartimento per le politiche d\u2019asilo e migratorie (OAMP) competente per residenza.. Inoltre i cittadini NON-UE devono presentare il certificato di residenza rilasciato dal Dipartimento per le politiche d\u2019asilo e migratorie (OAMP) competente per residenza.<\/li>\n<li><a href=\"https:\/\/ambpraga.esteri.it\/wp-content\/uploads\/2023\/05\/dichiarazione_relativa_allascendente.pdf\" target=\"_blank\" rel=\"noopener\">Dichiarazione di residenza e non rinuncia alla cittadinanza italiana da parte degli ascendenti deceduti redatta e firmata dal richiedente;<\/a><\/li>\n<li><a href=\"https:\/\/ambpraga.esteri.it\/wp-content\/uploads\/2023\/05\/dichiarazione_relativa_allascendente_vivo.pdf\" target=\"_blank\" rel=\"noopener\">Dichiarazione di residenza e non rinuncia alla cittadinanza italiana da parte degli ascendenti vivi con firma autenticata, accompagnata da copia conforme all\u2019originale di un documento di riconoscimento.<\/a><\/li>\n<\/ul>\n<\/li>\n<\/ol>\n<p style=\"text-align: justify;\"><strong>REQUISITI DEI DOCUMENTI<\/strong><\/p>\n<p style=\"text-align: justify;\">Ciascuno dei documenti deve essere in originale e legalizzato o apostillato dalla competente Autorit\u00e0 nel paese di emissione del documento, tradotto in italiano da un traduttore giurato e legalizzato o apostillato secondo le disposizioni del competente Consolato italiano in loco (<strong>si suggerisce di informarsi presso la Rappresentanza Diplomatica italiana del Paese che ha prodotto il documento<\/strong>) Non verranno invece accettate traduzioni \u201cponte\u201d (come ad es. dal portoghese al ceco e dal ceco all\u2019italiano) e\/o traduzioni non materialmente unite con timbri di congiunzione dallo stesso traduttore ai documenti originali.<\/p>\n<p style=\"text-align: justify;\"><strong>NB: controllare che i dati relativi alle generalit\u00e0, data e luogo di nascita riportati nei certificati siano uguali, in caso di diversit\u00e0 tali dati andranno rettificati.<\/strong><\/p>\n<p style=\"text-align: justify;\">La documentazione dovr\u00e0 essere in originale (gli originali non verranno restituiti) accompagnata da una fotocopia di ogni documento (no fronte\/retro, una copia per pagina).<\/p>\n<p style=\"text-align: justify;\">In fase di istruttoria, potr\u00e0 essere richiesta documentazione aggiuntiva.<\/p>\n<p style=\"text-align: justify;\"><strong>COSTI<\/strong><\/p>\n<p style=\"text-align: justify;\">Dal 01\/01\/2025 le istanze di riconoscimento della cittadinanza italiana Iure Sanguinis sono soggette al pagamento di una percezione consolare per il trattamento della domanda di 600 Euro. Il pagamento deve essere effettuato in contanti o in carta di credito\/debito ed in corone ceche in base al<strong> <a href=\"https:\/\/ambpraga.esteri.it\/cs\/servizi-consolari-e-visti\/servizi-per-il-cittadino-italiano\/pagamenti-dei-servizi-consolari\/\">tasso di ragguaglio trimestrale di questa Ambasciata<\/a>.<\/strong><\/p>\n<p style=\"text-align: justify;\">Si aggiunge la marca da bollo di 16 euro e l\u2019autentica di firma del richiedente di 14 euro da pagare in contanti il giorno dell\u2019appuntamento.<\/p>\n<p style=\"text-align: justify;\"><span style=\"text-decoration: underline;\">Quanto sopra \u00e8 dovuto per la trattazione della pratica di ricostruzione ed \u00e8 indipendente dall\u2019esito dell\u2019accertamento: non si provveder\u00e0 quindi alla restituzione in caso di rigetto dell\u2019istanza.<\/span><\/p>\n<p style=\"text-align: justify;\"><span style=\"text-decoration: underline;\">NB: L\u2019Ufficio cittadinanza si riserva di richiedere ulteriore documentazione qualora gli elementi a disposizione fossero ritenuti insufficienti per una corretta valutazione dell\u2019istanza di cittadinanza.<\/span><\/p>\n<p style=\"text-align: justify;\"><strong>MODULISTICA<\/strong><\/p>\n<ul>\n<li style=\"text-align: justify;\"><strong><a href=\"https:\/\/ambpraga.esteri.it\/wp-content\/uploads\/2023\/05\/istanza_richiesta_cittadinanza_bilingue.pdf\" target=\"_blank\" rel=\"noopener\">Istanza di riconoscimento cittadinanza italiana per discendenza<\/a><\/strong><\/li>\n<li style=\"text-align: justify;\"><strong><a href=\"https:\/\/ambpraga.esteri.it\/wp-content\/uploads\/2023\/05\/albero_genealogico.pdf\" target=\"_blank\" rel=\"noopener\">Modello albero genealogico<\/a><\/strong><\/li>\n<li style=\"text-align: justify;\"><strong><a href=\"https:\/\/ambpraga.esteri.it\/wp-content\/uploads\/2023\/05\/dichiarazione_relativa_al_richiedente.pdf\" target=\"_blank\" rel=\"noopener\">Dichiarazione di residenza storica e non rinuncia alla cittadinanza italiana del richiedente<\/a><\/strong><\/li>\n<li style=\"text-align: justify;\"><strong><a href=\"https:\/\/ambpraga.esteri.it\/wp-content\/uploads\/2023\/05\/dichiarazione_relativa_allascendente_vivo.pdf\" target=\"_blank\" rel=\"noopener\">Dichiarazione di residenza e non rinuncia alla cittadinanza italiana da parte degli ascendenti deceduti redatta e firmata dal richiedente<\/a><\/strong><\/li>\n<li style=\"text-align: justify;\"><strong><a href=\"https:\/\/ambpraga.esteri.it\/wp-content\/uploads\/2023\/05\/dichiarazione_relativa_allascendente_vivo.pdf\" target=\"_blank\" rel=\"noopener\">Dichiarazione di residenza e non rinuncia alla cittadinanza italiana da parte degli ascendenti vivi con firma autenticata, accompagnata da copia conforme all\u2019originale di un documento di riconoscimento<\/a><\/strong><\/li>\n<\/ul>\n","protected":false},"excerpt":{"rendered":"RICONOSCIMENTO DEL POSSESSO DELLA CITTADINANZA ITALIANA JURE SANGUINIS (DISCENDENZA DIRETTA DA AVO ITALIANO SENZA INTERRUZIONE DI POSSESSO) SERVIZIO DISPONIBILE ESCLUSIVAMENTE SU APPUNTAMENTO PRESO ONLINE TRAMITE LA PIATTAFORMA PRENOT@MI Per dubbi o chiarimenti scrivere a\u00a0identita.praga@esteri.it Ai sensi dell\u2019art.1 della Legge 91\/92 \u00e8 cittadino italiano per nascita il figlio di padre o madre cittadini italiani. La trasmissione [&hellip;]","protected":false},"author":5,"featured_media":0,"parent":1089,"menu_order":12,"comment_status":"closed","ping_status":"closed","template":"","meta":{"footnotes":""},"class_list":["post-1091","page","type-page","status-publish","hentry"],"_links":{"self":[{"href":"https:\/\/ambpraga.esteri.it\/cs\/wp-json\/wp\/v2\/pages\/1091","targetHints":{"allow":["GET"]}}],"collection":[{"href":"https:\/\/ambpraga.esteri.it\/cs\/wp-json\/wp\/v2\/pages"}],"about":[{"href":"https:\/\/ambpraga.esteri.it\/cs\/wp-json\/wp\/v2\/types\/page"}],"author":[{"embeddable":true,"href":"https:\/\/ambpraga.esteri.it\/cs\/wp-json\/wp\/v2\/users\/5"}],"replies":[{"embeddable":true,"href":"https:\/\/ambpraga.esteri.it\/cs\/wp-json\/wp\/v2\/comments?post=1091"}],"version-history":[{"count":3,"href":"https:\/\/ambpraga.esteri.it\/cs\/wp-json\/wp\/v2\/pages\/1091\/revisions"}],"predecessor-version":[{"id":4987,"href":"https:\/\/ambpraga.esteri.it\/cs\/wp-json\/wp\/v2\/pages\/1091\/revisions\/4987"}],"up":[{"embeddable":true,"href":"https:\/\/ambpraga.esteri.it\/cs\/wp-json\/wp\/v2\/pages\/1089"}],"wp:attachment":[{"href":"https:\/\/ambpraga.esteri.it\/cs\/wp-json\/wp\/v2\/media?parent=1091"}],"curies":[{"name":"wp","href":"https:\/\/api.w.org\/{rel}","templated":true}]}}