{"id":139,"date":"2023-04-11T17:08:52","date_gmt":"2023-04-11T15:08:52","guid":{"rendered":"https:\/\/ambpraga.esteri.it\/italia-e-repubblica-ceca\/"},"modified":"2024-08-08T10:48:19","modified_gmt":"2024-08-08T08:48:19","slug":"italia-e-repubblica-ceca","status":"publish","type":"page","link":"https:\/\/ambpraga.esteri.it\/cs\/italia-e-repubblica-ceca\/","title":{"rendered":"It\u00e1lie a \u010cesk\u00e1 republika"},"content":{"rendered":"<ul>\n<li data-order=\"0\"><strong><a class=\"list-item\" title=\"Diplomazia economica\" href=\"https:\/\/ambpraga.esteri.it\/cs\/italia-e-repubblica-ceca\/diplomazia-economica\/\" data-focus-mouse=\"false\">Ekonomick\u00e1 diplomacie<\/a><\/strong><\/li>\n<li data-order=\"2\"><strong><a class=\"list-item\" title=\"Diplomazia culturale\" href=\"https:\/\/ambpraga.esteri.it\/cs\/italia-e-repubblica-ceca\/diplomazia-culturale\/\" target=\"_blank\" rel=\"noopener\">Kulturn\u00ed diplomacie<\/a><\/strong><\/li>\n<li data-order=\"4\"><strong><a class=\"list-item\" title=\"Diplomazia scientifica\" href=\"https:\/\/ambpraga.esteri.it\/cs\/italia-e-repubblica-ceca\/diplomazia-scientifica\/\" target=\"_blank\" rel=\"noopener\">V\u011bdeck\u00e1 diplomacie<\/a><\/strong><\/li>\n<\/ul>\n","protected":false},"excerpt":{"rendered":"Ekonomick\u00e1 diplomacie Kulturn\u00ed diplomacie V\u011bdeck\u00e1 diplomacie","protected":false},"author":1,"featured_media":0,"parent":0,"menu_order":4,"comment_status":"closed","ping_status":"closed","template":"","meta":{"footnotes":""},"class_list":["post-139","page","type-page","status-publish","hentry"],"_links":{"self":[{"href":"https:\/\/ambpraga.esteri.it\/cs\/wp-json\/wp\/v2\/pages\/139","targetHints":{"allow":["GET"]}}],"collection":[{"href":"https:\/\/ambpraga.esteri.it\/cs\/wp-json\/wp\/v2\/pages"}],"about":[{"href":"https:\/\/ambpraga.esteri.it\/cs\/wp-json\/wp\/v2\/types\/page"}],"author":[{"embeddable":true,"href":"https:\/\/ambpraga.esteri.it\/cs\/wp-json\/wp\/v2\/users\/1"}],"replies":[{"embeddable":true,"href":"https:\/\/ambpraga.esteri.it\/cs\/wp-json\/wp\/v2\/comments?post=139"}],"version-history":[{"count":2,"href":"https:\/\/ambpraga.esteri.it\/cs\/wp-json\/wp\/v2\/pages\/139\/revisions"}],"predecessor-version":[{"id":3579,"href":"https:\/\/ambpraga.esteri.it\/cs\/wp-json\/wp\/v2\/pages\/139\/revisions\/3579"}],"wp:attachment":[{"href":"https:\/\/ambpraga.esteri.it\/cs\/wp-json\/wp\/v2\/media?parent=139"}],"curies":[{"name":"wp","href":"https:\/\/api.w.org\/{rel}","templated":true}]}}