{"id":143,"date":"2023-04-11T17:48:10","date_gmt":"2023-04-11T15:48:10","guid":{"rendered":"https:\/\/ambpraga.esteri.it\/amministrazione-trasparente\/"},"modified":"2023-04-11T18:51:14","modified_gmt":"2023-04-11T16:51:14","slug":"amministrazione-trasparente","status":"publish","type":"page","link":"https:\/\/ambpraga.esteri.it\/cs\/amministrazione-trasparente\/","title":{"rendered":"Transparentn\u00ed administrativa"},"content":{"rendered":"<p>Obsah dostupn\u00fd pouze v ital\u0161tin\u011b<\/p>\n","protected":false},"excerpt":{"rendered":"Obsah dostupn\u00fd pouze v ital\u0161tin\u011b","protected":false},"author":1,"featured_media":0,"parent":0,"menu_order":10,"comment_status":"closed","ping_status":"closed","template":"","meta":{"footnotes":""},"class_list":["post-143","page","type-page","status-publish","hentry"],"_links":{"self":[{"href":"https:\/\/ambpraga.esteri.it\/cs\/wp-json\/wp\/v2\/pages\/143","targetHints":{"allow":["GET"]}}],"collection":[{"href":"https:\/\/ambpraga.esteri.it\/cs\/wp-json\/wp\/v2\/pages"}],"about":[{"href":"https:\/\/ambpraga.esteri.it\/cs\/wp-json\/wp\/v2\/types\/page"}],"author":[{"embeddable":true,"href":"https:\/\/ambpraga.esteri.it\/cs\/wp-json\/wp\/v2\/users\/1"}],"replies":[{"embeddable":true,"href":"https:\/\/ambpraga.esteri.it\/cs\/wp-json\/wp\/v2\/comments?post=143"}],"version-history":[{"count":0,"href":"https:\/\/ambpraga.esteri.it\/cs\/wp-json\/wp\/v2\/pages\/143\/revisions"}],"wp:attachment":[{"href":"https:\/\/ambpraga.esteri.it\/cs\/wp-json\/wp\/v2\/media?parent=143"}],"curies":[{"name":"wp","href":"https:\/\/api.w.org\/{rel}","templated":true}]}}