{"id":931,"date":"2023-04-28T12:36:34","date_gmt":"2023-04-28T10:36:34","guid":{"rendered":"https:\/\/ambpraga.esteri.it\/servizi-consolari-e-visti\/servizi-per-il-cittadino-italiano\/anagrafe-degli-italiani-residenti-allestero-aire\/"},"modified":"2023-06-12T09:38:12","modified_gmt":"2023-06-12T07:38:12","slug":"anagrafe-degli-italiani-residenti-allestero-aire","status":"publish","type":"page","link":"https:\/\/ambpraga.esteri.it\/cs\/servizi-consolari-e-visti\/servizi-per-il-cittadino-italiano\/anagrafe-degli-italiani-residenti-allestero-aire\/","title":{"rendered":"Registr Ital\u016f \u017eij\u00edc\u00edch v zahrani\u010d\u00ed (AIRE)"},"content":{"rendered":"<p style=\"text-align: justify;\"><img decoding=\"async\" class=\"aligncenter\" src=\"https:\/\/ambpraga.esteri.it\/wp-content\/uploads\/2023\/05\/AIRE-carousel.jpg\" \/><\/p>\n<p>&nbsp;<\/p>\n<p><strong>PORTALE FAST-IT: <a href=\"https:\/\/serviziconsolari.esteri.it\/ScoFE\/index.sco\" target=\"_blank\" rel=\"noopener\">https:\/\/serviziconsolari.esteri.it\/ScoFE\/index.sco <\/a><\/strong><\/p>\n<p>________________________________________________________<\/p>\n<p style=\"text-align: justify;\"><strong>TUTORIAL PER IL PORTALE FAST-IT:\u00a0<\/strong><\/p>\n<p style=\"text-align: justify;\"><a href=\"https:\/\/ambpraga.esteri.it\/wp-content\/uploads\/2023\/05\/opzione_1-registrazione-FAST-IT.pdf\" target=\"_blank\" rel=\"noopener\">Opzione 1 \u2013 Registrazione FAST-IT<\/a>.<\/p>\n<p style=\"text-align: justify;\"><a href=\"https:\/\/ambpraga.esteri.it\/wp-content\/uploads\/2023\/05\/opzione_2-Associazione-utenza-FAST-IT.pdf\" target=\"_blank\" rel=\"noopener\">Opzione 2 \u2013 Associazione utenza FAST-IT. Verifica dell\u2019identit\u00e0.<\/a><\/p>\n<p style=\"text-align: justify;\"><a href=\"https:\/\/ambpraga.esteri.it\/wp-content\/uploads\/2023\/05\/opzione_3-Richiesta-variazione-AIRE.pdf\" target=\"_blank\" rel=\"noopener\">Opzione 3 \u2013 Variazione dell&#8217;indirizzo AIRE.<\/a><\/p>\n<p style=\"text-align: justify;\">________________________________________________________<\/p>\n<p style=\"text-align: justify;\">L\u2019Anagrafe degli Italiani Residenti all\u2019Estero (A.I.R.E.) \u00e8 stata istituita con legge 27 ottobre 1988, n. 470 e contiene i dati dei cittadini italiani che risiedono all\u2019estero per un periodo superiore ai dodici mesi. Essa \u00e8 gestita dai Comuni sulla base dei dati e delle informazioni provenienti dalle Rappresentanze consolari all\u2019estero.<br \/>\nL\u2019iscrizione all\u2019A.I.R.E. \u00e8 un diritto-dovere del cittadino (art. 6 legge 470\/1988) e costituisce il presupposto per usufruire di una serie di servizi forniti dalle Rappresentanze consolari all\u2019estero, nonch\u00e9 per l\u2019esercizio di importanti diritti, quali per esempio:<\/p>\n<ul style=\"text-align: justify;\">\n<li>la possibilit\u00e0 di votare per elezioni politiche e referendum per corrispondenza nel Paese di residenza, e per l\u2019elezione dei rappresentanti italiani al Parlamento Europeo nei seggi istituiti dalla rete diplomatico-consolare nei Paesi appartenenti all\u2019U.E.;<\/li>\n<li>la possibilit\u00e0 di ottenere il rilascio o rinnovo di documenti di identit\u00e0 e di viaggio, nonch\u00e9 certificazioni;<\/li>\n<\/ul>\n<p style=\"text-align: justify;\"><strong>Devono iscriversi all\u2019A.I.R.E.:<\/strong><\/p>\n<ul style=\"text-align: justify;\">\n<li>i cittadini che trasferiscono la propria residenza all\u2019estero per periodi superiori a 12 mesi;<\/li>\n<li>quelli che gi\u00e0 vi risiedono, sia perch\u00e9 nati all\u2019estero che per successivo acquisto della cittadinanza italiana a qualsiasi titolo.<\/li>\n<\/ul>\n<p style=\"text-align: justify;\"><strong>Non devono iscriversi all\u2019A.I.R.E.:<\/strong><\/p>\n<ul style=\"text-align: justify;\">\n<li>le persone che si recano all\u2019estero per un periodo di tempo inferiore ad un anno;<\/li>\n<li>i lavoratori stagionali;<\/li>\n<li>i dipendenti di ruolo dello Stato in servizio all\u2019estero, che siano notificati ai sensi delle Convenzioni di Vienna sulle relazioni diplomatiche e sulle relazioni consolari rispettivamente del 1961 e del 1963;<\/li>\n<li>i militari italiani in servizio presso gli uffici e le strutture della NATO dislocate all\u2019estero.<\/li>\n<\/ul>\n<p style=\"text-align: justify;\">L\u2019iscrizione all\u2019A.I.R.E. \u00e8 effettuata a seguito di dichiarazione resa dall\u2019interessato all\u2019Ufficio consolare competente per territorio entro 90 giorni dal trasferimento della residenza e comporta la contestuale cancellazione dall\u2019Anagrafe della Popolazione Residente (A.P.R.) del Comune di provenienza.<\/p>\n<p style=\"text-align: justify;\">La richiesta va effettuata attraverso il portale\u00a0<a href=\"https:\/\/serviziconsolari.esteri.it\/ScoFE\/index.sco\">Fast.it<\/a>\u00a0dove si dovr\u00e0 allegare\u00a0documentazione che provi l\u2019effettiva residenza nella circoscrizione consolare e\u00a0una copia del documento d\u2019identit\u00e0 del richiedente.<\/p>\n<p style=\"text-align: justify;\">L\u2019iscrizione pu\u00f2 anche avvenire d\u2019ufficio, sulla base di informazioni di cui l\u2019Ufficio consolare sia venuto a conoscenza.<\/p>\n<p style=\"text-align: justify;\">L\u2019iscrizione all\u2019A.I.R.E. \u00e8\u00a0<strong>GRATUITA<\/strong>.<\/p>\n<p style=\"text-align: justify;\">Per le modalit\u00e0 di invio dei moduli via mail, fax, ecc. vi suggeriamo di visitare il sito web dell\u2019Ufficio consolare competente per territorio.<\/p>\n<p style=\"text-align: justify;\"><strong>La variazione dell\u2019A.I.R.E. dipende dal cittadino.<\/strong><\/p>\n<p style=\"text-align: justify;\">L\u2019interessato deve\u00a0comunicare\u00a0tempestivamente all\u2019ufficio consolare:<\/p>\n<ul style=\"text-align: justify;\">\n<li>il trasferimento della propria residenza o abitazione all\u2019estero;<\/li>\n<li>le modifiche dello stato civile anche per l\u2019eventuale trascrizione in Italia degli atti stranieri (matrimonio, nascita, divorzio, morte, ecc.);<\/li>\n<li>la perdita della cittadinanza italiana.<\/li>\n<\/ul>\n<p style=\"text-align: justify;\">I cittadini iscritti all\u2019AIRE che\u00a0<strong>rientrano definitivamente in Italia<\/strong>\u00a0dovranno presentarsi presso il\u00a0<strong>Comune Italiano<\/strong>\u00a0dove hanno deciso di stabilirsi per dichiarare il nuovo indirizzo di residenza. Nella stessa data il Comune provveder\u00e0 alla cancellazione dall\u2019AIRE con contestuale iscrizione in APR (Anagrafe Popolazione Residente). Sar\u00e0 cura del Comune comunicare ufficialmente la data di decorrenza del rimpatrio al Consolato di provenienza che registrer\u00e0 nei propri schedari consolari il rimpatrio.<\/p>\n<p style=\"text-align: justify;\"><strong>Il mancato aggiornamento delle informazioni, in particolare di quelle riguardanti il cambio di indirizzo, rende impossibile il contatto con il cittadino e il ricevimento della cartolina o del plico elettorale in caso di votazioni.<\/strong><\/p>\n<p style=\"text-align: justify;\"><strong>\u00c8 importante che il connazionale comunichi il proprio indirizzo in modo corretto e completo<\/strong>\u00a0attenendosi alle norme postali del Paese di residenza.<\/p>\n<p style=\"text-align: justify;\">\u00a0La\u00a0<strong>cancellazione dall\u2019A.I.R.E.<\/strong>\u00a0avviene:<\/p>\n<ul style=\"text-align: justify;\">\n<li>per iscrizione nell\u2019Anagrafe della Popolazione Residente (A.P.R.) di un Comune italiano a seguito di trasferimento dall\u2019estero o rimpatrio;<\/li>\n<li>per morte, compresa la morte presunta giudizialmente dichiarata;<\/li>\n<li>per irreperibilit\u00e0 presunta, salvo prova contraria, trascorsi cento anni dalla nascita o dopo la effettuazione di due successive rilevazioni, oppure quando risulti non pi\u00f9 valido l\u2019indirizzo all\u2019estero comunicato in precedenza e non sia possibile acquisire quello nuovo;<\/li>\n<li>per perdita della cittadinanza italiana;<\/li>\n<\/ul>\n<p style=\"text-align: justify;\"><strong>Note:<\/strong><\/p>\n<p style=\"text-align: justify;\">Si fa presente che l\u2019iscrizione AIRE, e la contestuale cancellazione dall\u2019APR (Anagrafe della popolazione residente) in Italia, ha importanti risvolti dal punto di vista assistenziale, sanitario e fiscale.<\/p>\n<p style=\"text-align: justify;\">Si fa inoltre presente che l&#8217;iscrizione all&#8217;AIRE \u00e8 diritto-dovere che il cittadino Italiano ha nei confronti dello Stato Italiano, ma non assolve gli obblighi che questi ha nei confronti delle Autorit\u00e0 locali. Si rimanda a tal proposito al sito web del Ministero dell&#8217;Interno della Repubblica Ceca.<\/p>\n<p style=\"text-align: justify;\"><strong>CERTIFICATI ANAGRAFICI ON-LINE<\/strong><\/p>\n<p style=\"text-align: justify;\">I cittadini italiani iscritti all\u2019 A.I.R.E. hanno la possibilit\u00e0 di richiedere in Italia direttamente online diversi tipi di certificati anagrafici. Il rilascio di tali certificati \u00e8 gratuito e pu\u00f2 avvenire solo tramite una delle identit\u00e0 digitali esistenti attualmente, che permettono l\u2019accesso ai servizi telematici erogati dalla Pubblica Amministrazione:<\/p>\n<ul style=\"text-align: justify;\">\n<li>CIE=Carta d&#8217;Identit\u00e0 Elettronica;<\/li>\n<li>SPID=Sistema Pubblico di Identit\u00e0 Digitale;<\/li>\n<li>CNS=Carta Nazionale Servizi.<\/li>\n<\/ul>\n<p style=\"text-align: justify;\"><strong>Il sito web al quale connettersi per ottenere i certificati on-line \u00e8:<\/strong><\/p>\n<p style=\"text-align: justify;\"><strong><a href=\"https:\/\/www.anagrafenazionale.interno.it\/servizi-al-cittadino\">https:\/\/www.anagrafenazionale.interno.it\/servizi-al-cittadino<\/a><\/strong><\/p>\n<p style=\"text-align: justify;\">I certificati che si possono richiedere, per s\u00e9 oppure per i familiari conviventi anagraficamente, sono:<\/p>\n<ul>\n<li style=\"text-align: justify;\">Anagrafico di nascita<\/li>\n<li style=\"text-align: justify;\">di Cittadinanza<\/li>\n<li style=\"text-align: justify;\">di Residenza AIRE<\/li>\n<li style=\"text-align: justify;\">di Stato di famiglia AIRE<\/li>\n<\/ul>\n","protected":false},"excerpt":{"rendered":"&nbsp; PORTALE FAST-IT: https:\/\/serviziconsolari.esteri.it\/ScoFE\/index.sco ________________________________________________________ TUTORIAL PER IL PORTALE FAST-IT:\u00a0 Opzione 1 \u2013 Registrazione FAST-IT. Opzione 2 \u2013 Associazione utenza FAST-IT. Verifica dell\u2019identit\u00e0. Opzione 3 \u2013 Variazione dell&#8217;indirizzo AIRE. ________________________________________________________ L\u2019Anagrafe degli Italiani Residenti all\u2019Estero (A.I.R.E.) \u00e8 stata istituita con legge 27 ottobre 1988, n. 470 e contiene i dati dei cittadini italiani che risiedono [&hellip;]","protected":false},"author":5,"featured_media":0,"parent":923,"menu_order":1,"comment_status":"closed","ping_status":"closed","template":"","meta":{"footnotes":""},"class_list":["post-931","page","type-page","status-publish","hentry"],"_links":{"self":[{"href":"https:\/\/ambpraga.esteri.it\/cs\/wp-json\/wp\/v2\/pages\/931","targetHints":{"allow":["GET"]}}],"collection":[{"href":"https:\/\/ambpraga.esteri.it\/cs\/wp-json\/wp\/v2\/pages"}],"about":[{"href":"https:\/\/ambpraga.esteri.it\/cs\/wp-json\/wp\/v2\/types\/page"}],"author":[{"embeddable":true,"href":"https:\/\/ambpraga.esteri.it\/cs\/wp-json\/wp\/v2\/users\/5"}],"replies":[{"embeddable":true,"href":"https:\/\/ambpraga.esteri.it\/cs\/wp-json\/wp\/v2\/comments?post=931"}],"version-history":[{"count":0,"href":"https:\/\/ambpraga.esteri.it\/cs\/wp-json\/wp\/v2\/pages\/931\/revisions"}],"up":[{"embeddable":true,"href":"https:\/\/ambpraga.esteri.it\/cs\/wp-json\/wp\/v2\/pages\/923"}],"wp:attachment":[{"href":"https:\/\/ambpraga.esteri.it\/cs\/wp-json\/wp\/v2\/media?parent=931"}],"curies":[{"name":"wp","href":"https:\/\/api.w.org\/{rel}","templated":true}]}}