{"id":939,"date":"2023-05-11T09:03:22","date_gmt":"2023-05-11T07:03:22","guid":{"rendered":"https:\/\/ambpraga.esteri.it\/servizi-consolari-e-visti\/servizi-per-il-cittadino-italiano\/carte-di-identita-ellettroniche-cie\/"},"modified":"2023-06-19T13:46:44","modified_gmt":"2023-06-19T11:46:44","slug":"carte-di-identita-elettroniche-cie","status":"publish","type":"page","link":"https:\/\/ambpraga.esteri.it\/cs\/servizi-consolari-e-visti\/servizi-per-il-cittadino-italiano\/carte-di-identita-elettroniche-cie\/","title":{"rendered":"Carte di Identit\u00e0 Elettroniche (CIE)"},"content":{"rendered":"<p style=\"text-align: justify;\"><strong>AVVERTENZE:<\/strong><\/p>\n<p style=\"text-align: justify;\"><strong>Questa Cancelleria Consolare sta testando l\u2019opportunit\u00e0 di produzione e spedizione della CIE \u201ca vista\u201d, previo appuntamento tramite il portale <a href=\"https:\/\/prenotami.esteri.it\/\" target=\"_blank\" rel=\"noopener\">Prenot@Mi<\/a>. La documentazione verr\u00e0 acquisita il giorno dell&#8217;appuntamento e la CIE verr\u00e0 successivamente recapitata all&#8217;indirizzo del connazionale con raccomandata, nell&#8217;arco di un mese dall&#8217;appuntamento. In tale caso, l\u2019ufficio CIE sar\u00e0 in grado di mandare il documento in produzione il giorno dell&#8217;appuntamento solo se i seguenti criteri saranno rispettati:<\/strong><\/p>\n<ul style=\"text-align: justify;\">\n<li><strong>Il connazionale \u00e8 regolarmente iscritto AIRE presso la nostra sede;<\/strong><\/li>\n<li><strong>L\u2019ufficio consolare non riscontrer\u00e0 cause ostative al rilascio del documento (controllo effettuato al momento della richiesta);<\/strong><\/li>\n<li><strong>Il connazionale presenta la documentazione completa, cos\u00ec come descritta in calce:<\/strong><\/li>\n<\/ul>\n<p style=\"text-align: justify;\"><strong>RICHIESTA DI UNA NUOVA CIE<\/strong><\/p>\n<p style=\"text-align: justify;\"><strong>Documentazione da presentare per:<\/strong><\/p>\n<ul style=\"text-align: justify;\">\n<li><strong>RICHIEDENTE MAGGIORENNE:<\/strong>\n<ul>\n<li>vecchio documento &#8211; carta d\u2019identit\u00e0 e\/o passaporto in corso di validit\u00e0 + fotocopia cartacea del documento;\n<ul>\n<li>nel caso in cui il connazionale non sia in possesso di nessun documento di identit\u00e0 (CIE\/PASSAPORTO), sar\u00e0 necessario presentarsi il giorno dell&#8217;appuntamento con 2 testimoni di cittadinanza EU che lo riconosceranno.<\/li>\n<\/ul>\n<\/li>\n<li>1 fotografia recente (massimo 6 mesi vecchia) formato ICAO (frontale, a colori, con sfondo bianco, dimensioni 35 x 40 mm);<\/li>\n<li>in caso di furto\/smarrimento del precedente documento, la relativa denuncia effettuata presso la polizia locale;<\/li>\n<li>in caso di deterioramento del precedente documento, il modulo di autodichiarazione di deterioramento del documento,\u00a0<a href=\"https:\/\/ambpraga.esteri.it\/wp-content\/uploads\/2023\/05\/mod_det_esaur_pagg.pdf\" target=\"_blank\" rel=\"noopener\">cliccare qui per il modulo<\/a>;<\/li>\n<\/ul>\n<\/li>\n<\/ul>\n<p style=\"text-align: justify;\"><strong>In presenza di figli minori il richiedente dovr\u00e0 auto dichiarare di non essere stato colpito da provvedimento di inibitoria al rilascio del documento emesso dall\u2019autorit\u00e0 giudiziaria italiana. Sulla dichiarazione saranno eseguiti i dovuti accertamenti.<\/strong><\/p>\n<ul style=\"text-align: justify;\">\n<li><strong>RICHIESTA A FAVORE DI MINORE:<\/strong>\n<ul>\n<li>vecchio documento &#8211; carta d\u2019identit\u00e0 e\/o passaporto in corso di validit\u00e0 del minore + fotocopia cartacea del documento;\n<ul>\n<li>nel caso in cui il minore non sia ancora in possesso di nessun documento di identit\u00e0 (CIE\/PASSAPORTO &#8211; anche di altri paesi EU), sar\u00e0 necessario presentarsi il giorno dell&#8217;appuntamento con 2 testimoni di cittadinanza EU che lo riconosceranno;<\/li>\n<li>si consiglia, pertanto, ai genitori di bambini appena nati senza nessun documento di riconoscimento di presentarsi entrambi il giorno dell&#8217;appuntamento. Fungeranno, infatti, loro da testimoni per il riconoscimento del bambino.<\/li>\n<\/ul>\n<\/li>\n<li>passaporto e\/o carta d\u2019identit\u00e0 in corso di validit\u00e0 di entrambi i genitori;<\/li>\n<li>1 fotografia recente (massimo 6 mesi vecchia) formato ICAO (frontale, a colori, con sfondo bianco, dimensioni 35 x 40 mm);<\/li>\n<li>in caso di furto\/smarrimento del precedente documento, la relativa denuncia effettuata presso la polizia locale;<\/li>\n<li>in caso di deterioramento del precedente documento, il modulo di autodichiarazione di deterioramento del documento,\u00a0<a href=\"https:\/\/ambpraga.esteri.it\/wp-content\/uploads\/2023\/05\/mod_det_esaur_pagg.pdf\" target=\"_blank\" rel=\"noopener\">cliccare qui per il modulo<\/a>;<\/li>\n<li><strong>atto\/i di assenso dell\u2019altro genitore dei figli minorenni<\/strong>,\u00a0<a href=\"https:\/\/ambpraga.esteri.it\/wp-content\/uploads\/2023\/05\/modello_assenso_altro_genitore.pdf\" target=\"_blank\" rel=\"noopener\">cliccare qui per il modulo<\/a>\n<ul>\n<li>in caso di richiesta di passaporto per un minore di 18 anni (se al momento dell\u2019appuntamento si presenter\u00e0 un solo genitore con il minore).<\/li>\n<\/ul>\n<\/li>\n<\/ul>\n<\/li>\n<\/ul>\n<p style=\"text-align: justify;\"><strong>La presenza del\/la minore \u00e8 assolutamente necessaria al momento dell&#8217;appuntamento, poich\u00e9 l\u2019ufficio dovr\u00e0 riconoscere il\/la bambino\/a con la foto presentata per la produzione del documento. <\/strong>Anche i minori di et\u00e0 inferiore ai 12 anni devono essere presenti, perch\u00e9 \u00e8 necessaria l\u2019identificazione da parte del funzionario dell\u2019ufficio. I minori devono essere sempre accompagnati da uno dei genitori o comunque dal titolare della responsabilit\u00e0 genitoriale.<\/p>\n<p style=\"text-align: justify;\"><strong>AVVERTENZE:<\/strong><\/p>\n<p style=\"text-align: justify;\">per i cittadini UE l\u2019atto di assenso va prodotto in originale unitamente ad una copia fotostatica del documento di identit\u00e0 del dichiarante. Per cittadini extra UE la firma deve essere autenticata dal funzionario consolare, oppure sar\u00e0 necessaria la presenza della persona al momento dell\u2019appuntamento. Nei casi in cui il\/la dichiarante, cittadino\/a di un paese terzo (extra UE), si trovi in un altro paese, l\u2019atto di assenso dovr\u00e0 essere sottoscritto presso la Sede consolare di competenza.<\/p>\n<p style=\"text-align: justify;\">Se il minore \u00e8 nato all\u2019estero, affinch\u00e9 ottenga la CIE \u00e8 necessario prima trascrivere la nascita in Italia: si veda a tal proposito la sezione <a href=\"https:\/\/ambpraga.esteri.it\/it\/servizi-consolari-e-visti\/servizi-per-il-cittadino-italiano\/stato-civile\/\" target=\"_blank\" rel=\"noopener\">STATO CIVILE<\/a>\u00a0di questo sito, sotto la voce\u00a0<a href=\"https:\/\/ambpraga.esteri.it\/it\/servizi-consolari-e-visti\/servizi-per-il-cittadino-italiano\/stato-civile\/nascita\/\" target=\"_blank\" rel=\"noopener\">NASCITA<\/a>. <strong><span style=\"text-decoration: underline;\">Se la nascita non \u00e8 stata ancora trascritta in Italia, l&#8217;ufficio CIE non potr\u00e0 procedere con la richiesta della carta d&#8217;identit\u00e0.<\/span><\/strong><\/p>\n<p style=\"text-align: justify;\">Nel caso in cui uno dei genitori si rifiuti di firmare\u00a0l\u2019atto di assenso al rilascio del documento in favore del minore, occorre che la persona richiedente il documento presenti alla Cancelleria Consolare una dichiarazione sottoscritta nella quale spieghi i motivi per i quali l\u2019altro genitore nega l\u2019assenso, indicando anche tutti i recapiti necessari a contattare quest\u2019ultimo.<\/p>\n<p style=\"text-align: justify;\">Nel caso in cui si riscontrasse che le motivazioni del dissenso non siano giustificate, il Capo della Cancelleria Consolare, con apposito decreto, potr\u00e0 autorizzare il rilascio del documento.<\/p>\n<p style=\"text-align: justify;\"><a href=\"https:\/\/ambpraga.esteri.it\/wp-content\/uploads\/2023\/05\/modello_istanza_Giudice_Tutelare.pdf\" target=\"_blank\" rel=\"noopener\">Cliccare qui<\/a>\u00a0per il modulo di istanza al giudice tutelare da presentare alla Cancelleria Consolare.<\/p>\n<p style=\"text-align: justify;\"><strong>PROCEDURA<\/strong><\/p>\n<ul style=\"text-align: justify;\">\n<li>Il connazionale iscritto in questa Circoscrizione consolare, in possesso della documentazione prescritta, pu\u00f2 prendere direttamente appuntamento tramite il portale\u00a0<a href=\"https:\/\/prenotami.esteri.it\/\" target=\"_blank\" rel=\"noopener\">Prenot@Mi<\/a>.<\/li>\n<li>Accertata la completezza della documentazione presentata e la insussistenza di cause ostative (precedenti penali, mancanza di assenso dell\u2019altro genitore etc.) il documento potr\u00e0 essere inviato per la produzione \u201ca vista\u201d, ovvero il giorno dell&#8217;appuntamento.<\/li>\n<li>Successivamente il documento verr\u00e0 recapitato al connazionale per le vie postali, con raccomandata, all&#8217;indirizzo indicato dal connazionale il giorno dell&#8217;appuntamento.\n<ul>\n<li><span style=\"text-decoration: underline;\"><strong>i tempi di attesa per il recapito del documento, successivi all&#8217;appuntamento sono di circa un mese.<\/strong><\/span><\/li>\n<\/ul>\n<\/li>\n<li>NON \u00e8 possibile richiedere la CIE per un cittadino che non sia gi\u00e0 iscritto all&#8217;AIRE presso la nostra circoscrizione consolare.<\/li>\n<\/ul>\n<p style=\"text-align: justify;\"><strong>VALIDITA&#8216; DEL DOCUMENTO<\/strong><\/p>\n<p style=\"text-align: justify;\"><strong>La validit\u00e0 del documento varia a seconda dell&#8217;et\u00e0 del titolare ed \u00e8 di:<\/strong><\/p>\n<ul style=\"text-align: justify;\">\n<li>3 anni per i minori di et\u00e0 compresa tra 0 e 3 anni;<\/li>\n<li>5 anni per i minori di et\u00e0 compresa tra 3 anni e il raggiungimento della maggiore et\u00e0 (18 anni);<\/li>\n<li>10 anni dai 18 anni di et\u00e0.<\/li>\n<\/ul>\n<p style=\"text-align: justify;\"><strong>N.B.: una volta fissato l\u2019appuntamento, se per sopravvenute esigenze, non fosse pi\u00f9 possibile rispettarlo, se ne dovr\u00e0 dare tempestiva comunicazione all\u2019Ufficio tramite lo stesso portale.<\/strong><\/p>\n<p style=\"text-align: justify;\">Nel giorno e nell\u2019ora stabiliti bisogna recarsi all\u2019ufficio passaporti della Cancelleria consolare dell\u2019Ambasciata d\u2019Italia a Praga in via Nerudova 214\/20, presentando la documentazione completa.<\/p>\n<p style=\"text-align: justify;\"><span style=\"text-align: justify;\">Il costo della CIE \u00e8 di\u00a0<\/span><strong style=\"text-align: justify;\">21.95 Euro<\/strong><span style=\"text-align: justify;\">\u00a0(27,11 Euro in caso di duplicato)\u00a0<\/span><strong style=\"text-align: justify;\">da pagare in contanti ed in corone ceche<\/strong><strong style=\"text-align: justify;\">, in base al <a href=\"https:\/\/ambpraga.esteri.it\/it\/servizi-consolari-e-visti\/servizi-per-il-cittadino-italiano\/pagamenti-dei-servizi-consolari\/\" target=\"_blank\" rel=\"noopener\">tasso di ragguaglio trimestrale di questa Ambasciata<\/a>. Non si accettano carte di credito o Euro.<\/strong><\/p>\n","protected":false},"excerpt":{"rendered":"AVVERTENZE: Questa Cancelleria Consolare sta testando l\u2019opportunit\u00e0 di produzione e spedizione della CIE \u201ca vista\u201d, previo appuntamento tramite il portale Prenot@Mi. La documentazione verr\u00e0 acquisita il giorno dell&#8217;appuntamento e la CIE verr\u00e0 successivamente recapitata all&#8217;indirizzo del connazionale con raccomandata, nell&#8217;arco di un mese dall&#8217;appuntamento. In tale caso, l\u2019ufficio CIE sar\u00e0 in grado di mandare il [&hellip;]","protected":false},"author":5,"featured_media":0,"parent":923,"menu_order":5,"comment_status":"closed","ping_status":"closed","template":"","meta":{"footnotes":""},"class_list":["post-939","page","type-page","status-publish","hentry"],"_links":{"self":[{"href":"https:\/\/ambpraga.esteri.it\/cs\/wp-json\/wp\/v2\/pages\/939","targetHints":{"allow":["GET"]}}],"collection":[{"href":"https:\/\/ambpraga.esteri.it\/cs\/wp-json\/wp\/v2\/pages"}],"about":[{"href":"https:\/\/ambpraga.esteri.it\/cs\/wp-json\/wp\/v2\/types\/page"}],"author":[{"embeddable":true,"href":"https:\/\/ambpraga.esteri.it\/cs\/wp-json\/wp\/v2\/users\/5"}],"replies":[{"embeddable":true,"href":"https:\/\/ambpraga.esteri.it\/cs\/wp-json\/wp\/v2\/comments?post=939"}],"version-history":[{"count":0,"href":"https:\/\/ambpraga.esteri.it\/cs\/wp-json\/wp\/v2\/pages\/939\/revisions"}],"up":[{"embeddable":true,"href":"https:\/\/ambpraga.esteri.it\/cs\/wp-json\/wp\/v2\/pages\/923"}],"wp:attachment":[{"href":"https:\/\/ambpraga.esteri.it\/cs\/wp-json\/wp\/v2\/media?parent=939"}],"curies":[{"name":"wp","href":"https:\/\/api.w.org\/{rel}","templated":true}]}}