{"id":967,"date":"2023-04-28T12:39:09","date_gmt":"2023-04-28T10:39:09","guid":{"rendered":"https:\/\/ambpraga.esteri.it\/servizi-consolari-e-visti\/servizi-per-il-cittadino-italiano\/notarile\/"},"modified":"2023-05-19T11:43:51","modified_gmt":"2023-05-19T09:43:51","slug":"notarile","status":"publish","type":"page","link":"https:\/\/ambpraga.esteri.it\/cs\/servizi-consolari-e-visti\/servizi-per-il-cittadino-italiano\/notarile\/","title":{"rendered":"Not\u00e1\u0159"},"content":{"rendered":"<p style=\"text-align: justify;\" align=\"left\">L\u2019ufficio consolare esercita \u2013\u00a0<strong>esclusivamente nei confronti di cittadini italiani che si trovano all\u2019estero in via permanente o temporanea e in via prioritaria per quelli iscritti all\u2019AIRE<\/strong>\u00a0\u2013 alcune funzioni notarili previste dal nostro ordinamento. Essenzialmente si tratta del ricevimento di atti pubblici (procure, testamenti), di atti notori, di autenticazioni e di sottoscrizioni apposte a scritture private.<\/p>\n<p style=\"text-align: justify;\" align=\"left\">Il cittadino italiano in Repubblica Ceca pu\u00f2, in alternativa, formalizzare l\u2019atto presso un pubblico notaio ufficialmente accreditato nella Reubblica Ceca. Successivamente, considerato la Repubblica Ceca ha aderito alla Convenzione dell\u2019Aja del 1961 per l\u2019abolizione della legalizzazione, deve provvedere a far apporre sul documento l\u2019\u00ab<a href=\"https:\/\/ambpraga.esteri.it\/it\/servizi-consolari-e-visti\/servizi-per-il-cittadino-italiano\/apostille\/\" target=\"_blank\" rel=\"noopener\"><strong>apostille<\/strong><\/a>\u00bb da parte della <a href=\"https:\/\/www.nkcr.cz\/apostila\" target=\"_blank\" rel=\"noopener\">Camera dei Notai della Repubblica Ceca.<\/a><\/p>\n<p style=\"text-align: justify;\" align=\"left\">I servizi notarili pi\u00f9 frequentemente richiesti ad un Ufficio consolare sono:<\/p>\n<ul style=\"text-align: justify;\">\n<li>\n<div align=\"left\"><strong>Procure<\/strong><\/div>\n<\/li>\n<li>\n<div align=\"left\"><strong>Testamenti<\/strong><\/div>\n<\/li>\n<li>\n<div align=\"left\"><strong>Atti Pubblici<\/strong><\/div>\n<\/li>\n<li>\n<div align=\"left\"><strong>Attivit\u00e0 di autenticazione<\/strong><\/div>\n<\/li>\n<li><a href=\"https:\/\/ambpraga.esteri.it\/it\/servizi-consolari-e-visti\/servizi-per-il-cittadino-italiano\/notarile\/accettazioni-rinuncia-alleredita\/\" target=\"_blank\" rel=\"noopener\"><strong>Accettazioni\/Rinuncia all&#8217;eredit\u00e0<\/strong><\/a><\/li>\n<\/ul>\n<p style=\"text-align: justify;\" align=\"left\">Esistono tuttavia alcune differenze tra le competenze consolari in materia notarile e quelle attribuite ai notai esercenti in Italia, sostanzialmente connesse alla diversa posizione del Capo della Rappresentanza consolare, funzionario dello Stato, e quella del notaio, libero professionista.<\/p>\n<p style=\"text-align: justify;\" align=\"left\">In effetti:<\/p>\n<ul style=\"text-align: justify;\">\n<li>\n<div style=\"text-align: justify;\" align=\"left\">il notaio pu\u00f2 anche essere chiamato a fungere da consulente legale del cliente; egli pertanto pu\u00f2 assumere informazioni circa la solvibilit\u00e0 di una persona o agire da mediatore in una transazione, oppure consigliare il cliente circa rapporti familiari o finanziari.\u00a0<strong>E\u2019 escluso che l\u2019Autorit\u00e0 consolare possa svolgere attivit\u00e0 analoghe<\/strong>. Il suo consiglio, se richiesto, deve essere limitato al campo giuridico, con particolare riguardo alla validit\u00e0 degli atti che le si domanda di ricevere. La sua assistenza deve limitarsi alla legalit\u00e0 degli atti prospettati e non alla loro utilit\u00e0 economica.<\/div>\n<\/li>\n<li>\n<div align=\"left\">il notaio pu\u00f2 essere a volte il mandatario del cliente rispetto alla pubblicit\u00e0 e alla esecuzione di formalit\u00e0 relative agli atti da lui ricevuti.\u00a0<strong>Nessuna attivit\u00e0 di tale natura pu\u00f2, invece, essere svolta dal capo della Rappresentanza consolare<\/strong>.<\/div>\n<\/li>\n<li>\n<div align=\"left\">mentre il notaio ha diritto ad un onorario,\u00a0<strong>tutti gli atti consolari sono soggetti unicamente alla tassa indicata nella Tariffa consolare<\/strong>.<\/div>\n<\/li>\n<\/ul>\n<p style=\"text-align: justify;\">Gli appuntamenti per i servizi notarli vengono dati direttamente dall\u2019Ufficio Notarile della Cancelleria consolare successivamente alla visione della documentazione che deve essere inviata via posta elettronica alla casella postale: <a href=\"mailto:consolare.praga@esteri.it\">consolare.praga@esteri.it<\/a><\/p>\n<p style=\"text-align: justify;\"><strong>Domande frequenti:<\/strong><\/p>\n<ol style=\"text-align: justify;\">\n<li style=\"text-align: justify;\"><strong>Chi pu\u00f2 richiedere un servizio notarile?<\/strong>\n<ul>\n<li style=\"text-align: justify;\">Le funzioni in materia notarile possono essere esercitate esclusivamente nei confronti dei cittadini italiani.<\/li>\n<\/ul>\n<\/li>\n<li style=\"text-align: justify;\"><strong>Quali sono i servizi notarili pi\u00f9 frequentemente richiesti ad un Ufficio Consolare?<\/strong>\n<ul>\n<li style=\"text-align: justify;\">I servizi notarili pi\u00f9 frequentemente richiesti ad un Ufficio Consolare sono: procure speciali e generali; autentica notarile di firma su scrittura privata; testamenti.<\/li>\n<\/ul>\n<\/li>\n<li style=\"text-align: justify;\"><strong>Quali documenti di devono inviare per una Procura in forma di \u201catto pubblico\u201d?:<\/strong>\n<ul>\n<li style=\"text-align: justify;\">Per le Procure in forma di \u201catto pubblico\u201d, prima di prendere appuntamento si chiede di inviare a\u00a0<a href=\"mailto:consolare.praga@esteri.it\">consolare.praga@esteri.it<\/a>\u00a0:\n<ul>\n<li style=\"text-align: justify;\">Fotocopia di un documento di riconoscimento valido (preferibilmente carta di identit\u00e0) del mandante;<\/li>\n<li style=\"text-align: justify;\">Fotocopia del tesserino del codice fiscale o tessera sanitaria italiana del mandante;<\/li>\n<li style=\"text-align: justify;\">Fotocopia di un documento di riconoscimento valido (preferibilmente carta di identit\u00e0) del mandatario;<\/li>\n<li style=\"text-align: justify;\">Fotocopia del tesserino del codice fiscale o tessera sanitaria italiana del mandatario (qualora nell\u2019atto notarile venga menzionato il codice fiscale);<\/li>\n<li style=\"text-align: justify;\">Visura catastale se l\u2019atto si riferisce a beni immobili;<\/li>\n<li style=\"text-align: justify;\">Si consiglia inviare bozza del testo della procura<\/li>\n<\/ul>\n<\/li>\n<\/ul>\n<\/li>\n<li style=\"text-align: justify;\"><strong>Perch\u00e9 devo inviare la bozza del testo della procura?<\/strong>\n<ul>\n<li style=\"text-align: justify;\">L\u2019Ufficio Consolare ha il compito istituzionale di documentazione, certificazione e attribuzione della pubblica fede agli atti,\u00a0<strong>non svolge consulenza legale,<\/strong>\u00a0pertanto per la preparazione della documentazione, data la complessit\u00e0 della materia, si consiglia di consultarsi preventivamente con il legale o notaio che in Italia dovr\u00e0 ricevere l&#8217;atto firmato presso l&#8217;Ufficio Consolare, per avere da questi indicazioni su eventuali specifici contenuti che l&#8217;atto stesso dovr\u00e0 riportare).<\/li>\n<\/ul>\n<\/li>\n<li style=\"text-align: justify;\"><strong>Quali documenti devo inviare per richiedere l\u2019autenticazione notarile di firma su scrittura privata?:<\/strong>\n<ul>\n<li style=\"text-align: justify;\">Fotocopia di un documento di riconoscimento valido del mandante (preferibile carta di identit\u00e0);<\/li>\n<li style=\"text-align: justify;\">Fotocopia del codice fiscale o tessera sanitaria italiana del mandante;<\/li>\n<li style=\"text-align: justify;\">Fotocopia di un documento di riconoscimento valido (preferibilmente carta di identit\u00e0) del mandatario;<\/li>\n<li style=\"text-align: justify;\">Fotocopia del tesserino del codice fiscale o tessera sanitaria italiana del mandatario (qualora nell\u2019atto notarile venga menzionato il codice fiscale);<\/li>\n<li style=\"text-align: justify;\">Visura catastale se l\u2019atto si riferisce a beni immobili;<\/li>\n<li style=\"text-align: justify;\">Testo della scrittura privata (procura)<\/li>\n<\/ul>\n<\/li>\n<li style=\"text-align: justify;\"><strong>Come si prende appuntamento?<\/strong>\n<ul>\n<li style=\"text-align: justify;\">Una volta avuta conferma sulla completezza della documentazione inviata sar\u00e0 possibile prendere un appuntamento attraverso il portale <a href=\"https:\/\/prenotami.esteri.it\/\" target=\"_blank\" rel=\"noopener\">PRENOTAMI@MI<\/a><\/li>\n<li style=\"text-align: justify;\">Il rilascio delle procure e degli atti notarili \u00e8 soggetto al versamento delle relative tariffe consolari.<\/li>\n<\/ul>\n<\/li>\n<li style=\"text-align: justify;\"><strong>Quanto tempo ci vuole per essere ricevuti?<\/strong>\n<ul>\n<li style=\"text-align: justify;\">In considerazione della complessit\u00e0 del servizio, non sar\u00e0 possibile ricevere prima di 15 giorni dall\u2019invio della documentazione.<\/li>\n<\/ul>\n<\/li>\n<li style=\"text-align: justify;\"><strong>Posso rivolgermi anche ad un notaio locale?<\/strong>\n<ul>\n<li style=\"text-align: justify;\">Il cittadino italiano all&#8217;estero pu\u00f2, in alternativa, formalizzare l&#8217;atto presso un pubblico notaio ufficialmente accreditato nella Repubblica ceca. Successivamente, dovr\u00e0 far apostillare il documento e farlo tradurre da uno dei traduttori di riferimento di questa Ambasciata. La firma del traduttore dovr\u00e0 infine essere legalizzata da parte di questa Cancelleria Consolare.<\/li>\n<\/ul>\n<\/li>\n<\/ol>\n<p style=\"text-align: justify;\"><strong>Informazioni generale sugli atti notarili<\/strong><\/p>\n<p style=\"text-align: justify;\">Per informazioni generali (in italiano) sugli atti notarili all\u2019estero\u00a0<a href=\"https:\/\/www.esteri.it\/it\/servizi-consolari-e-visti\/italiani-all-estero\/attinotarili\/\" target=\"_blank\" rel=\"noopener\">clicca qui per accedere alla relativa pagina\u00a0del sito del Ministero degli Affari Esteri e della Cooperazione Internazionale.<\/a><\/p>\n","protected":false},"excerpt":{"rendered":"L\u2019ufficio consolare esercita \u2013\u00a0esclusivamente nei confronti di cittadini italiani che si trovano all\u2019estero in via permanente o temporanea e in via prioritaria per quelli iscritti all\u2019AIRE\u00a0\u2013 alcune funzioni notarili previste dal nostro ordinamento. Essenzialmente si tratta del ricevimento di atti pubblici (procure, testamenti), di atti notori, di autenticazioni e di sottoscrizioni apposte a scritture private. [&hellip;]","protected":false},"author":5,"featured_media":0,"parent":923,"menu_order":19,"comment_status":"closed","ping_status":"closed","template":"","meta":{"footnotes":""},"class_list":["post-967","page","type-page","status-publish","hentry"],"_links":{"self":[{"href":"https:\/\/ambpraga.esteri.it\/cs\/wp-json\/wp\/v2\/pages\/967","targetHints":{"allow":["GET"]}}],"collection":[{"href":"https:\/\/ambpraga.esteri.it\/cs\/wp-json\/wp\/v2\/pages"}],"about":[{"href":"https:\/\/ambpraga.esteri.it\/cs\/wp-json\/wp\/v2\/types\/page"}],"author":[{"embeddable":true,"href":"https:\/\/ambpraga.esteri.it\/cs\/wp-json\/wp\/v2\/users\/5"}],"replies":[{"embeddable":true,"href":"https:\/\/ambpraga.esteri.it\/cs\/wp-json\/wp\/v2\/comments?post=967"}],"version-history":[{"count":0,"href":"https:\/\/ambpraga.esteri.it\/cs\/wp-json\/wp\/v2\/pages\/967\/revisions"}],"up":[{"embeddable":true,"href":"https:\/\/ambpraga.esteri.it\/cs\/wp-json\/wp\/v2\/pages\/923"}],"wp:attachment":[{"href":"https:\/\/ambpraga.esteri.it\/cs\/wp-json\/wp\/v2\/media?parent=967"}],"curies":[{"name":"wp","href":"https:\/\/api.w.org\/{rel}","templated":true}]}}