{"id":983,"date":"2023-04-28T12:40:08","date_gmt":"2023-04-28T10:40:08","guid":{"rendered":"https:\/\/ambpraga.esteri.it\/servizi-consolari-e-visti\/servizi-per-il-cittadino-italiano\/patenti-di-guida\/"},"modified":"2023-05-19T11:44:46","modified_gmt":"2023-05-19T09:44:46","slug":"patenti-di-guida","status":"publish","type":"page","link":"https:\/\/ambpraga.esteri.it\/cs\/servizi-consolari-e-visti\/servizi-per-il-cittadino-italiano\/patenti-di-guida\/","title":{"rendered":"\u0158idi\u010dsk\u00e9 pr\u016fkazy"},"content":{"rendered":"<p style=\"text-align: justify;\"><strong>Cittadini italiani residenti in Repubblica Ceca<\/strong><\/p>\n<p style=\"text-align: justify;\">In conformit\u00e0 con la vigente normativa europea (<a href=\"https:\/\/eur-lex.europa.eu\/legal-content\/IT\/TXT\/PDF\/?uri=CELEX:01991L0439-20090826\" target=\"_blank\" rel=\"noopener\">Direttiva Europea 91\/439\/CEE del 21\/07\/1991<\/a>) e le disposizioni nazionali in materia (<a href=\"https:\/\/www.esteri.it\/mae\/normative\/normativa_consolare\/serviziconsolari\/autoveicoli\/rinnovopatenti\/circolare_mintrasp_n30_21052005.pdf\" target=\"_blank\" rel=\"noopener\">Circolare del Ministero delle Infrastrutture e dei Trasporti n. 30 del 21 maggio 1999<\/a>),\u00a0i cittadini italiani residenti all\u2019estero in un paese dell\u2019Unione Europea e che sono regolarmente iscritti all\u2019Anagrafe Italiani Residenti all\u2019Estero (AIRE) devono rivolgersi, in vista del rinnovo della loro patente,\u00a0<strong>esclusivamente\u00a0alle autorit\u00e0 del Paese di residenza che provvederanno alla conversione della stessa.<\/strong><\/p>\n<p style=\"text-align: justify;\">Pertanto, se il cittadino italiano \u00e8 stabilmente residente in Repubblica Ceca, egli potr\u00e0 rinnovare la sua patente presso le autorit\u00e0 ceche competenti per il luogo di residenza. Se invece non \u00e8 iscritto all\u2019AIRE e, pur trascorrendo alcuni periodi all\u2019estero, ha mantenuto la propria residenza in Italia, egli dovr\u00e0 rivolgersi all\u2019<strong>Ufficio della Motorizzazione che in Italia ne ha effettuato il rilascio (e non in Ambasciata).<\/strong><\/p>\n<p style=\"text-align: justify;\">Si ricorda inoltre che, in qualsiasi momento i cittadini italiani residenti in Repubblica Ceca possono richiedere alle autorit\u00e0 ceche la conversione della loro patente in corso di validit\u00e0 e non devono attendere la naturale scadenza del documento.<\/p>\n<p style=\"text-align: justify;\"><strong>Attenzione<\/strong>: le pratiche di conversione delle patenti sono gestite dalla motorizzazione ceca, solitamente sita nell&#8217;ufficio Comunale ceco della citt\u00e0 di residenza (M\u011bstsk\u00fd \u00fa\u0159ad).<\/p>\n<p style=\"text-align: justify;\">Per i residenti a Praga, occorre rivolgersi all&#8217;ufficio (esclusivamente di persona):<\/p>\n<ul style=\"text-align: justify;\">\n<li><strong>Na Pankr\u00e1ci 1685\/17,19, Praha 4 &#8211; Business Centrum Vy\u0161ehrad<\/strong><\/li>\n<\/ul>\n<p style=\"text-align: justify;\">Per le modalit\u00e0 di richiesta della conversione, si prega di consultare attentamente il seguente sito istituzionale \u201cService Public\u201d (informativa in ceco):<\/p>\n<p style=\"text-align: justify;\"><a href=\"https:\/\/www.praha.eu\/jnp\/cz\/potrebuji_resit\/zivotni_situace\/dopravnespravni_cinnosti\/registr_ridicu\/ridicske_prukazy_vystaveni_vymena_old.html\" target=\"_blank\" rel=\"noopener\">\u0158idi\u010dsk\u00e9 pr\u016fkazy &#8211; vyd\u00e1n\u00ed, v\u00fdm\u011bna (Port\u00e1l hlavn\u00edho m\u011bsta Prahy) (praha.eu)<\/a><\/p>\n<p>La documentazione necessaria da presentare alla motorizzazione ceca per la conversione \u00e8 la seguente:<\/p>\n<ul>\n<li><strong>documento di identit\u00e0 o passaporto<\/strong><\/li>\n<li><strong>conferma di registrazione presso la polizia per stranieri ceca con la data di registrazione di almento 185 giorni prima della richiesta di conversione<\/strong><\/li>\n<li><strong>ulteriori prove di residenza di almeno 6 mesi sul terrirorio della Rep. Ceca che potrebbero essere richieste<\/strong>\n<ul>\n<li><strong>contratto di affitto a nome del richiedente<\/strong><\/li>\n<li><strong>estratto catastale di propriet\u00e0<\/strong><\/li>\n<li><strong>utenze intestate al richiedente<\/strong><\/li>\n<li><strong>contratti di telefonia<\/strong><\/li>\n<li><strong>estratti di movimenti bancari<\/strong><\/li>\n<li><strong>abbonamenti al trasporto pubblico della citt\u00e0 di residenza<\/strong><\/li>\n<\/ul>\n<\/li>\n<li><strong>vecchia patente italiana da convertire ancora in corso di validit\u00e0<\/strong><\/li>\n<\/ul>\n<p style=\"text-align: justify;\">Si fa presente che, nel caso in cui le autorit\u00e0 ceche avessero dei dubbi sull\u2019autenticit\u00e0 della patente di guida da convertire o registrare, sono le autorit\u00e0 ceche stesse che dovranno farsi carico della verifica con le autorit\u00e0 italiane che hanno emesso il documento.<\/p>\n<p style=\"text-align: justify;\">In caso invece, di furto o smarrimento del titolo di guida italiano, le autorit\u00e0 ceche richiedono al diretto interessato un\u2019attestazione di possesso (certificato di titolarit\u00e0) che dovr\u00e0 essere rilasciata dalla motorizzazione civile italiana.<\/p>\n<p style=\"text-align: justify;\">In ogni caso, il Ministero delle Infrastrutture e dei Trasporti ha precisato con apposita\u00a0Circolare del 19\/02\/2015\u00a0 che <strong>\u201cLa competenza a rilasciare l\u2019attestato richiesto dall\u2019utente \u00e8 esclusivamente degli Uffici della Motorizzazione Civile\u201d<\/strong>, secondo le modalit\u00e0 descritte nella Circolare stessa. Pertanto questo Consolato Generale non \u00e8 abilitato al rilascio di attestati relativi alle patenti.<\/p>\n<p style=\"text-align: justify;\"><strong>Cittadini italiani temporaneamente in Repubblica Ceca<\/strong><\/p>\n<p style=\"text-align: justify;\">I cittadini italiani che si trovano temporaneamente in Repubblica Ceca, possono liberamente circolare sul territorio, purch\u00e9 muniti di una patente di Unione Europea. Ci\u00f2 ai sensi della <a href=\"https:\/\/eur-lex.europa.eu\/legal-content\/IT\/TXT\/PDF\/?uri=CELEX:01991L0439-20090826\" target=\"_blank\" rel=\"noopener\">Direttiva Europea 91\/439\/CEE del 21\/07\/1991<\/a> la quale riconosce la validit\u00e0 di una patente di guida rilasciata da un Paese membro U.E..<\/p>\n","protected":false},"excerpt":{"rendered":"Cittadini italiani residenti in Repubblica Ceca In conformit\u00e0 con la vigente normativa europea (Direttiva Europea 91\/439\/CEE del 21\/07\/1991) e le disposizioni nazionali in materia (Circolare del Ministero delle Infrastrutture e dei Trasporti n. 30 del 21 maggio 1999),\u00a0i cittadini italiani residenti all\u2019estero in un paese dell\u2019Unione Europea e che sono regolarmente iscritti all\u2019Anagrafe Italiani Residenti [&hellip;]","protected":false},"author":5,"featured_media":0,"parent":923,"menu_order":27,"comment_status":"closed","ping_status":"closed","template":"","meta":{"footnotes":""},"class_list":["post-983","page","type-page","status-publish","hentry"],"_links":{"self":[{"href":"https:\/\/ambpraga.esteri.it\/cs\/wp-json\/wp\/v2\/pages\/983","targetHints":{"allow":["GET"]}}],"collection":[{"href":"https:\/\/ambpraga.esteri.it\/cs\/wp-json\/wp\/v2\/pages"}],"about":[{"href":"https:\/\/ambpraga.esteri.it\/cs\/wp-json\/wp\/v2\/types\/page"}],"author":[{"embeddable":true,"href":"https:\/\/ambpraga.esteri.it\/cs\/wp-json\/wp\/v2\/users\/5"}],"replies":[{"embeddable":true,"href":"https:\/\/ambpraga.esteri.it\/cs\/wp-json\/wp\/v2\/comments?post=983"}],"version-history":[{"count":0,"href":"https:\/\/ambpraga.esteri.it\/cs\/wp-json\/wp\/v2\/pages\/983\/revisions"}],"up":[{"embeddable":true,"href":"https:\/\/ambpraga.esteri.it\/cs\/wp-json\/wp\/v2\/pages\/923"}],"wp:attachment":[{"href":"https:\/\/ambpraga.esteri.it\/cs\/wp-json\/wp\/v2\/media?parent=983"}],"curies":[{"name":"wp","href":"https:\/\/api.w.org\/{rel}","templated":true}]}}