{"id":987,"date":"2023-04-28T12:40:34","date_gmt":"2023-04-28T10:40:34","guid":{"rendered":"https:\/\/ambpraga.esteri.it\/servizi-consolari-e-visti\/servizi-per-il-cittadino-italiano\/pensioni-e-sicurezza-sociale\/"},"modified":"2023-05-19T11:47:07","modified_gmt":"2023-05-19T09:47:07","slug":"pensioni-e-sicurezza-sociale","status":"publish","type":"page","link":"https:\/\/ambpraga.esteri.it\/cs\/servizi-consolari-e-visti\/servizi-per-il-cittadino-italiano\/pensioni-e-sicurezza-sociale\/","title":{"rendered":"D\u016fchody a soci\u00e1ln\u00ed zabezpe\u010den\u00ed"},"content":{"rendered":"<p><img loading=\"lazy\" decoding=\"async\" class=\"\" src=\"http:\/\/ambpraga.esteri.it\/ambasciata_praga\/resource\/resource\/2022\/03\/enasc_orizz-e1563378333584.png\" alt=\"ENASC LOGO\" width=\"333\" height=\"112\" \/><\/p>\n<p><strong>Contatti del Patronato ENASC a Praga:<\/strong><\/p>\n<ul>\n<li>UNSIC CR,<\/li>\n<li>Jakub Hornacek,<\/li>\n<li>Kaprova 42\/14,<\/li>\n<li>Praga 1, 11000<\/li>\n<li>email &#8211;\u00a0<a href=\"mailto:patronatoenasc@post.cz\">patronatoenasc@post.cz<\/a><\/li>\n<li>tel.: +420 776 538 073<\/li>\n<\/ul>\n<p>Orari di apertura:<\/p>\n<ul>\n<li>Marted\u00ec dalle ore 11:00 alle ore 16:00<\/li>\n<li>Gioved\u00ec dalle ore 11:00 alle ore 16:00<\/li>\n<\/ul>\n<p>Per ulteriori informazioni sui servizi del Patronato ENASC,\u00a0<a href=\"https:\/\/enasc.it\/chi-siamo\/\" target=\"_blank\" rel=\"noopener\">clicca qui<\/a><\/p>\n","protected":false},"excerpt":{"rendered":"Contatti del Patronato ENASC a Praga: UNSIC CR, Jakub Hornacek, Kaprova 42\/14, Praga 1, 11000 email &#8211;\u00a0patronatoenasc@post.cz tel.: +420 776 538 073 Orari di apertura: Marted\u00ec dalle ore 11:00 alle ore 16:00 Gioved\u00ec dalle ore 11:00 alle ore 16:00 Per ulteriori informazioni sui servizi del Patronato ENASC,\u00a0clicca qui","protected":false},"author":5,"featured_media":0,"parent":923,"menu_order":29,"comment_status":"closed","ping_status":"closed","template":"","meta":{"footnotes":""},"class_list":["post-987","page","type-page","status-publish","hentry"],"_links":{"self":[{"href":"https:\/\/ambpraga.esteri.it\/cs\/wp-json\/wp\/v2\/pages\/987","targetHints":{"allow":["GET"]}}],"collection":[{"href":"https:\/\/ambpraga.esteri.it\/cs\/wp-json\/wp\/v2\/pages"}],"about":[{"href":"https:\/\/ambpraga.esteri.it\/cs\/wp-json\/wp\/v2\/types\/page"}],"author":[{"embeddable":true,"href":"https:\/\/ambpraga.esteri.it\/cs\/wp-json\/wp\/v2\/users\/5"}],"replies":[{"embeddable":true,"href":"https:\/\/ambpraga.esteri.it\/cs\/wp-json\/wp\/v2\/comments?post=987"}],"version-history":[{"count":0,"href":"https:\/\/ambpraga.esteri.it\/cs\/wp-json\/wp\/v2\/pages\/987\/revisions"}],"up":[{"embeddable":true,"href":"https:\/\/ambpraga.esteri.it\/cs\/wp-json\/wp\/v2\/pages\/923"}],"wp:attachment":[{"href":"https:\/\/ambpraga.esteri.it\/cs\/wp-json\/wp\/v2\/media?parent=987"}],"curies":[{"name":"wp","href":"https:\/\/api.w.org\/{rel}","templated":true}]}}