{"id":100,"date":"2023-04-11T18:24:48","date_gmt":"2023-04-11T16:24:48","guid":{"rendered":"https:\/\/ambpraga.esteri.it\/?page_id=100"},"modified":"2026-04-17T10:51:46","modified_gmt":"2026-04-17T08:51:46","slug":"turismo","status":"publish","type":"page","link":"https:\/\/ambpraga.esteri.it\/it\/italia-e-repubblica-ceca\/diplomazia-culturale\/turismo\/","title":{"rendered":"Turismo"},"content":{"rendered":"<p><strong>Repubblica Ceca \u2013 Informazioni utili<\/strong><\/p>\n<p>La Repubblica Ceca si estende su una superficie di circa 78.900 km\u00b2 nel cuore dell\u2019Europa centrale e confina con Germania, Polonia, Austria e Slovacchia. La capitale \u00e8 Praga, principale centro politico, economico e culturale del Paese.<\/p>\n<p>La popolazione \u00e8 di circa 10,7 milioni di abitanti, con una forte concentrazione urbana. Praga conta oltre 1,3 milioni di residenti.<\/p>\n<p>Principali citt\u00e0:<\/p>\n<ul>\n<li>Brno (circa 380.000 abitanti)<\/li>\n<li>Ostrava (circa 280.000 abitanti)<\/li>\n<li>Plze\u0148 (circa 180.000 abitanti)<\/li>\n<li>Liberec (circa 100.000 abitanti)<\/li>\n<\/ul>\n<p>Il clima \u00e8 di tipo continentale temperato, con estati miti (temperature medie tra 20\u00b0C e 25\u00b0C) e inverni freddi (temperature medie tra 0\u00b0C e -5\u00b0C).<\/p>\n<p>Il Paese presenta un territorio prevalentemente collinare e boschivo, con numerose aree naturali protette, parchi nazionali e citt\u00e0 storiche di rilievo. Praga, il centro storico di \u010cesk\u00fd Krumlov e Kutn\u00e1 Hora sono inclusi nella lista del patrimonio mondiale UNESCO.<\/p>\n<p>La Repubblica Ceca gode di una posizione geografica centrale che la rende un importante nodo di collegamenti europei, facilmente accessibile sia via terra che via aerea.<\/p>\n<p>Per informazioni sul settore turistico: <a href=\"https:\/\/www.czechtourism.cz\/en-US\">https:\/\/www.czechtourism.cz\/en-US<\/a><\/p>\n<p><strong>Italia \u2013 Informazioni utili<\/strong><\/p>\n<p>Se sei interessato\/a a recarti in Italia per turismo, puoi consultare il portale ufficiale del Ministero del Turismo (<a href=\"https:\/\/www.italia.it\/it\">Sito Ufficiale del Turismo &#8211; Italia.it<\/a>), che offre informazioni aggiornate su destinazioni, itinerari e servizi per i viaggiatori.<\/p>\n<p>Ulteriori informazioni sulla pagina dell\u2019ENIT &#8211; Agenzia Nazionale del Turismo: <a href=\"https:\/\/www.enit.it\/\">https:\/\/www.enit.it\/<\/a><\/p>\n<p>Per informazioni pratiche e aggiornamenti sulle condizioni di viaggio, si invita inoltre a consultare il portale <strong>Viaggiare Sicuri<\/strong> del Ministero degli Affari Esteri e della Cooperazione Internazionale (<a href=\"https:\/\/www.viaggiaresicuri.it\/find-country\/country\/CZE\">Viaggiare Sicuri<\/a>)<\/p>\n<p>Regioni italiane<\/p>\n<p>I siti web ufficiali delle Regioni italiane offrono ulteriori informazioni su territori, eventi e offerte turistiche:<\/p>\n<p>Abruzzo (<a href=\"http:\/\/www.regione.abruzzo.it\">www.regione.abruzzo.it<\/a>)<br \/>\nBasilicata (<a href=\"http:\/\/www.regione.basilicata.it\">www.regione.basilicata.it<\/a>)<br \/>\nCalabria (<a href=\"http:\/\/www.regione.calabria.it\">www.regione.calabria.it<\/a>)<br \/>\nCampania (<a href=\"http:\/\/www.regione.campania.it\">www.regione.campania.it<\/a>)<br \/>\nEmilia-Romagna (<a href=\"http:\/\/www.regione.emilia-romagna.it\">www.regione.emilia-romagna.it<\/a>)<br \/>\nFriuli Venezia Giulia (<a href=\"http:\/\/www.regionefvg.it\">www.regionefvg.it<\/a>)<br \/>\nLazio (<a href=\"http:\/\/www.regione.lazio.it\">www.regione.lazio.it<\/a>)<br \/>\nLiguria (<a href=\"http:\/\/www.regione.liguria.it\">www.regione.liguria.it<\/a>)<br \/>\nLombardia (<a href=\"http:\/\/www.regione.lombardia.it\">www.regione.lombardia.it<\/a>)<br \/>\nMarche (<a href=\"http:\/\/www.regione.marche.it\">www.regione.marche.it<\/a>)<br \/>\nMolise (<a href=\"http:\/\/www.regione.molise.it\">www.regione.molise.it<\/a>)<br \/>\nPiemonte (<a href=\"http:\/\/www.regione.piemonte.it\">www.regione.piemonte.it<\/a>)<br \/>\nPuglia (<a href=\"http:\/\/www.regione.puglia.it\">www.regione.puglia.it<\/a>)<br \/>\nSardegna (<a href=\"http:\/\/www.regione.sardegna.it\">www.regione.sardegna.it<\/a>)<br \/>\nSicilia (<a href=\"http:\/\/www.regione.sicilia.it\">www.regione.sicilia.it<\/a>)<br \/>\nToscana (<a href=\"http:\/\/www.regione.toscana.it\">www.regione.toscana.it<\/a>)<br \/>\nTrentino-Alto Adige (<a href=\"http:\/\/www.regione.taa.it\">www.regione.taa.it<\/a>)<br \/>\nUmbria (<a href=\"http:\/\/www.regione.umbria.it\">www.regione.umbria.it<\/a>)<br \/>\nValle d\u2019Aosta (<a href=\"http:\/\/www.regione.vda.it\">www.regione.vda.it<\/a>)<br \/>\nVeneto (<a href=\"http:\/\/www.regione.veneto.it\">www.regione.veneto.it<\/a>)<\/p>\n","protected":false},"excerpt":{"rendered":"Repubblica Ceca \u2013 Informazioni utili La Repubblica Ceca si estende su una superficie di circa 78.900 km\u00b2 nel cuore dell\u2019Europa centrale e confina con Germania, Polonia, Austria e Slovacchia. La capitale \u00e8 Praga, principale centro politico, economico e culturale del Paese. La popolazione \u00e8 di circa 10,7 milioni di abitanti, con una forte concentrazione urbana. [&hellip;]","protected":false},"author":1,"featured_media":0,"parent":44,"menu_order":0,"comment_status":"closed","ping_status":"closed","template":"","meta":{"footnotes":""},"class_list":["post-100","page","type-page","status-publish","hentry"],"_links":{"self":[{"href":"https:\/\/ambpraga.esteri.it\/it\/wp-json\/wp\/v2\/pages\/100","targetHints":{"allow":["GET"]}}],"collection":[{"href":"https:\/\/ambpraga.esteri.it\/it\/wp-json\/wp\/v2\/pages"}],"about":[{"href":"https:\/\/ambpraga.esteri.it\/it\/wp-json\/wp\/v2\/types\/page"}],"author":[{"embeddable":true,"href":"https:\/\/ambpraga.esteri.it\/it\/wp-json\/wp\/v2\/users\/1"}],"replies":[{"embeddable":true,"href":"https:\/\/ambpraga.esteri.it\/it\/wp-json\/wp\/v2\/comments?post=100"}],"version-history":[{"count":1,"href":"https:\/\/ambpraga.esteri.it\/it\/wp-json\/wp\/v2\/pages\/100\/revisions"}],"predecessor-version":[{"id":9454,"href":"https:\/\/ambpraga.esteri.it\/it\/wp-json\/wp\/v2\/pages\/100\/revisions\/9454"}],"up":[{"embeddable":true,"href":"https:\/\/ambpraga.esteri.it\/it\/wp-json\/wp\/v2\/pages\/44"}],"wp:attachment":[{"href":"https:\/\/ambpraga.esteri.it\/it\/wp-json\/wp\/v2\/media?parent=100"}],"curies":[{"name":"wp","href":"https:\/\/api.w.org\/{rel}","templated":true}]}}