{"id":101,"date":"2023-04-11T18:24:57","date_gmt":"2023-04-11T16:24:57","guid":{"rendered":"https:\/\/ambpraga.esteri.it\/?page_id=101"},"modified":"2026-04-17T10:40:36","modified_gmt":"2026-04-17T08:40:36","slug":"lingua-e-cultura-italiana","status":"publish","type":"page","link":"https:\/\/ambpraga.esteri.it\/it\/italia-e-repubblica-ceca\/diplomazia-culturale\/lingua-e-cultura-italiana\/","title":{"rendered":"Lingua e Cultura italiana"},"content":{"rendered":"<p><strong>Lingua e Cultura Italiana<\/strong><\/p>\n<p>L\u2019interesse per la lingua italiana \u00e8 in costante crescita anche nella Repubblica Ceca, dove lo studio dell\u2019italiano rappresenta un importante strumento di accesso alla cultura, alla formazione e alle opportunit\u00e0 professionali offerte dall\u2019Italia.<\/p>\n<p>Conoscerlo consente di accedere a un patrimonio artistico, storico e letterario di primaria importanza per la civilt\u00e0 europea, nonch\u00e9 alla produzione musicale, teatrale, cinematografica e creativa contemporanea italiana.<\/p>\n<p>Ogni anno numerosi studenti cechi scelgono di intraprendere percorsi di studio in Italia presso Universit\u00e0, Accademie e Istituzioni di alta formazione, anche grazie ai programmi di cooperazione accademica e mobilit\u00e0 internazionale.<\/p>\n<p>La conoscenza dell\u2019italiano rappresenta un valore aggiunto nei settori economici, industriali e culturali, in un contesto caratterizzato da intensi rapporti bilaterali tra Italia e Repubblica Ceca.<\/p>\n<p><strong>Studiare italiano nella Repubblica Ceca<\/strong><\/p>\n<p>L\u2019insegnamento della lingua italiana \u00e8 diffuso nella Repubblica Ceca a diversi livelli del sistema educativo, sia nell\u2019ambito scolastico che universitario, oltre che attraverso istituzioni culturali e scuole private.<\/p>\n<p>Corsi di lingua italiana sono offerti da:<\/p>\n<ul>\n<li>scuole secondarie e licei con indirizzi linguistici;<\/li>\n<li>universit\u00e0 e facolt\u00e0 di lingue e letterature straniere;<\/li>\n<li>istituzioni culturali e scuole private di lingua.<\/li>\n<\/ul>\n<p>A Praga sono inoltre attivi il Ginnasio ceco-italiano Gymn\u00e1zium \u00dastavn\u00ed (<a href=\"https:\/\/www.ggg.cz\/cs\/\">https:\/\/www.ggg.cz\/cs\/<\/a>) e la scuola elementare di primo ciclo Zakladni skola J. Gutha-Jarkovskeho con programma ceco-italiano (<a href=\"https:\/\/zakladniskola.truhla.cz\/\">https:\/\/zakladniskola.truhla.cz\/<\/a>).<\/p>\n<p>&nbsp;<\/p>\n<p>Per un quadro aggiornato e dettagliato dell\u2019offerta formativa, si invita a consultare il sito dell\u2019<strong>Istituto Italiano di Cultura di Praga<\/strong> (<a href=\"https:\/\/iicpraga.esteri.it\/it\/lingua-e-cultura\/i-corsi-di-lingua\/\">I corsi di lingua \u2013 Istituto Italiano di Cultura di Praga<\/a>), punto di riferimento per la promozione della lingua e cultura italiana nel Paese.<\/p>\n<p>L\u2019Istituto Italiano di Cultura di Praga promuove e diffonde la lingua e la cultura italiana attraverso:<\/p>\n<ul>\n<li>corsi di lingua italiana per tutti i livelli;<\/li>\n<li>eventi culturali (mostre, concerti, conferenze, rassegne cinematografiche);<\/li>\n<li>collaborazioni con istituzioni accademiche e culturali ceche;<\/li>\n<li>iniziative di promozione della cultura italiana contemporanea.<\/li>\n<\/ul>\n<p>Corsi di lingua italiana vengono erogati anche dalla Societ\u00e0 Dante Alighieri di Praga: <a href=\"https:\/\/dantepraga.cz\/it\/\">https:\/\/dantepraga.cz\/it\/<\/a><\/p>\n<p><strong>Certificazioni linguistiche<\/strong><\/p>\n<p>Nella Repubblica Ceca \u00e8 possibile conseguire certificazioni ufficiali di conoscenza della lingua italiana, riconosciute a livello internazionale e utili anche per l\u2019accesso al sistema universitario italiano.<\/p>\n<p>Tra queste:<\/p>\n<ul>\n<li><strong>PLIDA<\/strong> (Societ\u00e0 Dante Alighieri) <a href=\"https:\/\/www.dante.global\/\">Dante Global | Societ\u00e0 Dante Alighieri<\/a><\/li>\n<li><strong>CILS<\/strong> (Universit\u00e0 per Stranieri di Siena) <a href=\"https:\/\/cils.unistrasi.it\/\">Centro Cils<\/a><\/li>\n<li><strong>CELI \u2013 CIC <\/strong>(Universit\u00e0 per Stranieri di Perugia) <a href=\"https:\/\/cvcl.unistrapg.it\/\">CVCL: Centro per la Valutazione e le Certificazioni Linguistiche | Universit\u00e0 per Stranieri di Perugia<\/a><\/li>\n<li><strong>CERT.IT <\/strong>(Universit\u00e0 degli Studi Roma Tre) <a href=\"https:\/\/certificazioneitaliano.uniroma3.it\/\">Homepage &#8211; Certificazione dell&#8217;italiano come lingua straniera<\/a><\/li>\n<\/ul>\n<p>Per informazioni sulle modalit\u00e0 di iscrizione e sulle sedi d\u2019esame, si invita a fare riferimento all\u2019Istituto Italiano di Cultura di Praga e agli enti certificatori.<\/p>\n","protected":false},"excerpt":{"rendered":"Lingua e Cultura Italiana L\u2019interesse per la lingua italiana \u00e8 in costante crescita anche nella Repubblica Ceca, dove lo studio dell\u2019italiano rappresenta un importante strumento di accesso alla cultura, alla formazione e alle opportunit\u00e0 professionali offerte dall\u2019Italia. Conoscerlo consente di accedere a un patrimonio artistico, storico e letterario di primaria importanza per la civilt\u00e0 europea, [&hellip;]","protected":false},"author":1,"featured_media":0,"parent":44,"menu_order":0,"comment_status":"closed","ping_status":"closed","template":"","meta":{"footnotes":""},"class_list":["post-101","page","type-page","status-publish","hentry"],"_links":{"self":[{"href":"https:\/\/ambpraga.esteri.it\/it\/wp-json\/wp\/v2\/pages\/101","targetHints":{"allow":["GET"]}}],"collection":[{"href":"https:\/\/ambpraga.esteri.it\/it\/wp-json\/wp\/v2\/pages"}],"about":[{"href":"https:\/\/ambpraga.esteri.it\/it\/wp-json\/wp\/v2\/types\/page"}],"author":[{"embeddable":true,"href":"https:\/\/ambpraga.esteri.it\/it\/wp-json\/wp\/v2\/users\/1"}],"replies":[{"embeddable":true,"href":"https:\/\/ambpraga.esteri.it\/it\/wp-json\/wp\/v2\/comments?post=101"}],"version-history":[{"count":1,"href":"https:\/\/ambpraga.esteri.it\/it\/wp-json\/wp\/v2\/pages\/101\/revisions"}],"predecessor-version":[{"id":9451,"href":"https:\/\/ambpraga.esteri.it\/it\/wp-json\/wp\/v2\/pages\/101\/revisions\/9451"}],"up":[{"embeddable":true,"href":"https:\/\/ambpraga.esteri.it\/it\/wp-json\/wp\/v2\/pages\/44"}],"wp:attachment":[{"href":"https:\/\/ambpraga.esteri.it\/it\/wp-json\/wp\/v2\/media?parent=101"}],"curies":[{"name":"wp","href":"https:\/\/api.w.org\/{rel}","templated":true}]}}