{"id":15,"date":"2023-04-11T17:08:57","date_gmt":"2023-04-11T15:08:57","guid":{"rendered":"https:\/\/ambpraga.esteri.it\/?page_id=15"},"modified":"2026-03-03T11:34:19","modified_gmt":"2026-03-03T10:34:19","slug":"servizi-consolari-e-visti","status":"publish","type":"page","link":"https:\/\/ambpraga.esteri.it\/it\/servizi-consolari-e-visti\/","title":{"rendered":"Servizi Consolari e Visti"},"content":{"rendered":"<p><a href=\"https:\/\/ambpraga.esteri.it\/wp-content\/uploads\/2024\/06\/Convenzione.pdf\" target=\"_blank\" rel=\"noopener\"><strong>CONVENZIONE CONSOLARE TRA LA REPUBBLICA ITALIANA E LA REPUBBLICA SOCIALISTA CECOSLOVACCA, PRAGA 10 OTTOBRE 1975<\/strong><\/a><\/p>\n<p style=\"text-align: justify;\">Se sei un cittadino italiano che si trova in Repubblica Ceca, o un cittadino ceco interessato a svolgere delle attivit\u00e0 in Italia, potresti avere bisogno dei servizi erogati dalla Sezione Consolare dell&#8217;Ambasciata d&#8217;Italia a Praga.<\/p>\n<p><span style=\"text-decoration: underline;\"><strong>Si informa la gentile utenza che la Cancelleria Consolare \u00e8 raggiungibile telefonicamente dal luned\u00ec al venerd\u00ec durante l&#8217;orario di servizio.<\/strong><\/span><\/p>\n<p><span style=\"text-decoration: underline;\"><strong>Non viene, tuttavia, assicurata una pronta risposta durante la fascia di apertura al pubblico.<\/strong><\/span><\/p>\n<ul>\n<li><strong><a href=\"https:\/\/www.esteri.it\/it\/servizi-consolari-e-visti\/italiani-all-estero\/adozioni-internazionali\/\" target=\"_blank\" rel=\"noopener\">Adozioni internazionali<\/a><\/strong><\/li>\n<li><a href=\"https:\/\/ambpraga.esteri.it\/it\/servizi-consolari-e-visti\/servizi-per-il-cittadino-italiano\/albo-consolare\/\" target=\"_blank\" rel=\"noopener\"><strong>Albo Consolare<\/strong><\/a>\n<ul>\n<li><strong><a href=\"https:\/\/ambpraga.esteri.it\/it\/servizi-consolari-e-visti\/servizi-per-il-cittadino-italiano\/albo-consolare\/pubblicazioni-albo-consolare\/\">Pubblicazioni Albo Consolare<\/a><\/strong><\/li>\n<li><a href=\"https:\/\/ambpraga.esteri.it\/it\/servizi-consolari-e-visti\/servizi-per-il-cittadino-italiano\/albo-consolare\/decreti-comunicazioni-consolari\/\" target=\"_blank\" rel=\"noopener\"><strong>Decreti &#8211; Comunicazioni Consolari<\/strong><\/a><\/li>\n<li><a href=\"https:\/\/ambpraga.esteri.it\/it\/servizi-consolari-e-visti\/servizi-per-il-cittadino-italiano\/albo-consolare\/altre-pubblicazioni-e-comunicazioni\/\" target=\"_blank\" rel=\"noopener\"><strong>Altre pubblicazioni e comunicazioni<\/strong><\/a><\/li>\n<li><a href=\"https:\/\/ambpraga.esteri.it\/it\/servizi-consolari-e-visti\/servizi-per-il-cittadino-italiano\/albo-consolare\/albo-consolare-enti-gestori-di-iniziative-a-favore-della-lingua-e-della-cultura-italiana\/\" target=\"_blank\" rel=\"noopener\"><strong>Enti Gestori di iniziative a favore della lingua e della cultura italiana.<\/strong><\/a><\/li>\n<\/ul>\n<\/li>\n<li><strong><a href=\"https:\/\/ambpraga.esteri.it\/it\/servizi-consolari-e-visti\/servizi-per-il-cittadino-italiano\/anagrafe-degli-italiani-residenti-allestero-aire\/\" target=\"_blank\" rel=\"noopener\">Anagrafe degli Italiani Residenti all&#8217;Estero (AIRE)<\/a><\/strong><\/li>\n<li><strong><a href=\"https:\/\/ambpraga.esteri.it\/it\/servizi-consolari-e-visti\/servizi-per-il-cittadino-italiano\/apostille\/\" target=\"_blank\" rel=\"noopener\">Apostille<\/a><\/strong><\/li>\n<li><strong><a href=\"https:\/\/www.esteri.it\/it\/servizi-consolari-e-visti\/italiani-all-estero\/assistenzacittadiniestero\/\" target=\"_blank\" rel=\"noopener\">Assistenza ai cittadini all&#8217;estero<\/a><\/strong><\/li>\n<li><a href=\"https:\/\/ambpraga.esteri.it\/it\/servizi-consolari-e-visti\/servizi-per-il-cittadino-italiano\/domande-di-cambiamento-del-nome-o-del-cognome\/\" target=\"_blank\" rel=\"noopener\"><strong>Cambio del Nome o del Cognome<\/strong><\/a><\/li>\n<li><a href=\"https:\/\/ambpraga.esteri.it\/it\/servizi-consolari-e-visti\/servizi-per-il-cittadino-italiano\/carte-di-identita-elettroniche-cie\/\" target=\"_blank\" rel=\"noopener\"><strong>Carte di Identit\u00e0 Elettroniche (CIE)<\/strong><\/a><\/li>\n<li><strong><a href=\"https:\/\/ambpraga.esteri.it\/it\/servizi-consolari-e-visti\/servizi-per-il-cittadino-straniero\/cittadinanza\/\" target=\"_blank\" rel=\"noopener\">Cittadinanza<\/a><\/strong><\/li>\n<li><strong><a href=\"https:\/\/ambpraga.esteri.it\/it\/servizi-consolari-e-visti\/servizi-per-il-cittadino-italiano\/codice-fiscale\/\" target=\"_blank\" rel=\"noopener\">Codice Fiscale<\/a><\/strong><\/li>\n<li><strong><a href=\"https:\/\/ambpraga.esteri.it\/it\/servizi-consolari-e-visti\/servizi-per-il-cittadino-italiano\/elenchi-tecnici-traduttori-e-professionisti-sanitari\/\" target=\"_blank\" rel=\"noopener\">Elenchi &#8211; Tecnici, Traduttori e Professionisti sanitari<\/a><\/strong><\/li>\n<li><a href=\"https:\/\/ambpraga.esteri.it\/it\/servizi-consolari-e-visti\/servizi-per-il-cittadino-italiano\/elettorale\/\" target=\"_blank\" rel=\"noopener\"><strong>Elettorale<\/strong><\/a><\/li>\n<li><a href=\"https:\/\/ambpraga.esteri.it\/it\/servizi-consolari-e-visti\/servizi-per-il-cittadino-italiano\/emergency-travel-documents-etd\/\" target=\"_blank\" rel=\"noopener\"><strong>EU Emergency Travel Documents (EU ETD)<\/strong><\/a><\/li>\n<li><a href=\"https:\/\/ambpraga.esteri.it\/it\/servizi-consolari-e-visti\/servizi-per-il-cittadino-italiano\/modulistica-consolare\/\" target=\"_blank\" rel=\"noopener\"><strong>Modulistica consolare<\/strong><\/a><\/li>\n<li><a href=\"https:\/\/ambpraga.esteri.it\/it\/servizi-consolari-e-visti\/servizi-per-il-cittadino-italiano\/notarile\/\" target=\"_blank\" rel=\"noopener\"><strong>Notarile<\/strong><\/a><\/li>\n<li><a href=\"https:\/\/www.esteri.it\/it\/servizi-consolari-e-visti\/normativa_consolare\/serviziconsolari\/notifiche\/\" target=\"_blank\" rel=\"noopener\"><strong>Notifiche all&#8217;estero<\/strong><\/a><\/li>\n<li><a href=\"https:\/\/ambpraga.esteri.it\/it\/servizi-consolari-e-visti\/servizi-per-il-cittadino-italiano\/pagamenti-dei-servizi-consolari\/\" target=\"_blank\" rel=\"noopener\"><strong>Pagamenti\u00a0dei servizi consolari<\/strong><\/a><\/li>\n<li><a href=\"https:\/\/ambpraga.esteri.it\/it\/servizi-consolari-e-visti\/servizi-per-il-cittadino-italiano\/passaporti\/passaporti\/\" target=\"_blank\" rel=\"noopener\"><strong>Passaporti<\/strong><\/a><\/li>\n<li><a href=\"https:\/\/ambpraga.esteri.it\/it\/servizi-consolari-e-visti\/servizi-per-il-cittadino-italiano\/patenti-di-guida\/\" target=\"_blank\" rel=\"noopener\"><strong>Patenti di guida<\/strong><\/a><\/li>\n<li><a href=\"https:\/\/ambpraga.esteri.it\/it\/servizi-consolari-e-visti\/servizi-per-il-cittadino-italiano\/pensioni-e-sicurezza-sociale\/\" target=\"_blank\" rel=\"noopener\"><strong>Pensioni e sicurezza sociale<\/strong><\/a><\/li>\n<li><a href=\"https:\/\/ambpraga.esteri.it\/it\/servizi-consolari-e-visti\/servizi-per-il-cittadino-italiano\/radiazione-per-esportazione-del-veicolo\/\" target=\"_blank\" rel=\"noopener\"><strong>Radiazione per esportazione del veicolo<\/strong><\/a><\/li>\n<li><strong><a href=\"https:\/\/ambpraga.esteri.it\/it\/servizi-consolari-e-visti\/servizi-per-il-cittadino-italiano\/restituzione-di-documenti-rinvenuti-allestero\/\" target=\"_blank\" rel=\"noopener\">Restituzione di documenti rinvenuti all\u2019estero<\/a><\/strong><\/li>\n<li><a href=\"https:\/\/ambpraga.esteri.it\/it\/servizi-consolari-e-visti\/servizi-per-il-cittadino-italiano\/stato-civile\/\" target=\"_blank\" rel=\"noopener\"><strong>Stato civile<\/strong><\/a><\/li>\n<li><a href=\"https:\/\/ambpraga.esteri.it\/it\/servizi-consolari-e-visti\/servizi-per-il-cittadino-italiano\/studi-e-dichiarazioni-di-valore\/\" target=\"_blank\" rel=\"noopener\"><strong>Studi e Dichiarazioni di valore<\/strong><\/a><\/li>\n<li><strong><a href=\"https:\/\/www.esteri.it\/it\/servizi-consolari-e-visti\/italiani-all-estero\/traduzione-e-legalizzazione-documenti\/\" target=\"_blank\" rel=\"noopener\">Traduzioni e Legalizzazione dei Documenti<\/a><\/strong><\/li>\n<li><strong><a href=\"https:\/\/ambpraga.esteri.it\/it\/servizi-consolari-e-visti\/servizi-per-il-cittadino-straniero\/visti\/\" target=\"_blank\" rel=\"noopener\">Visti<\/a><\/strong><\/li>\n<\/ul>\n<p style=\"text-align: justify;\">I Consolati italiani tutelano i connazionali in varie circostanze. Ad esempio: violazione dei loro diritti fondamentali, arresto o detenzione, emergenze in situazioni di crisi, ricerca di familiari, rilascio di documenti di viaggio in caso di smarrimento o furto del passaporto, rimpatrio delle salme.<\/p>\n<p style=\"text-align: justify;\">I servizi consolari sono erogati secondo i principi di eguaglianza, imparzialit\u00e0, efficienza e\u00a0 trasparenza. L\u2019esercizio di alcuni diritti e l\u2019accesso ad alcuni servizi sono limitati soltanto agli Italiani che abbiano provveduto all\u2019iscrizione all\u2019Anagrafe degli Italiani Residenti all\u2019Estero (AIRE), obbligatoria in base alla Legge n. 470 del 1988.<\/p>\n<p style=\"text-align: justify;\">INFORMATIVA SUL TRATTAMENTO DEI DATI PERSONALI DEI RICHIEDENTI I SERVIZI CONSOLARI<\/p>\n<ul style=\"text-align: justify;\">\n<li><a href=\"https:\/\/ambpraga.esteri.it\/wp-content\/uploads\/2023\/04\/Informativa-sulla-protezione-delle-persone-fisiche-con-riguardo-al-trattamento-dei-dati-personali-ai-fini-del-riconoscimento-della-cittadinanza-italiana-iure-sanguinis.pdf\" target=\"_blank\" rel=\"noopener\">Informativa sulla protezione delle persone fisichecon riguardo al trattamento dei dati personali ai fini del riconoscimento della cittadinanza italiana iure sanguinis o della sua acquisizione per naturalizzazione (artt. 5 e 7, nonch\u00e9 art. 9, comma 1, lettera c, e comma 2 della legge n. 91\/1992) (Regolamento Generale sulla Protezione dei Dati (UE) 2016\/679, art. 13)<\/a><\/li>\n<\/ul>\n<ul style=\"text-align: justify;\">\n<li><a href=\"https:\/\/ambpraga.esteri.it\/wp-content\/uploads\/2023\/04\/Informativa-sulla-protezione-delle-persone-fisiche-con-riguardo-al-trattamento-dei-dati-personali-ai-fini-del-rilascio-di-un-visto-dingresso-in-Italia-e-nellarea-Schengen.pdf\" target=\"_blank\" rel=\"noopener\">Informativa sulla protezione delle persone fisiche con riguardo al trattamento dei dati personali ai fini del rilascio di un visto d\u2019ingresso in Italia e nell\u2019area Schengen. (Regolamento Generale sulla Protezione dei Dati (UE) 2016\/679, art. 13)<\/a><\/li>\n<\/ul>\n<ul>\n<li style=\"text-align: justify;\"><a href=\"https:\/\/ambpraga.esteri.it\/wp-content\/uploads\/2023\/04\/Informativa-sulla-protezione-delle-persone-fisiche-con-riguardo-al-trattamento-dei-dati-personali-ai-fini-dellerogazione-dei-servizi-consolari.pdf\" target=\"_blank\" rel=\"noopener\">Informativa sulla protezione delle persone fisiche con riguardo al trattamento dei dati personali ai fini dell\u2019erogazione dei servizi consolari (ad esclusione del rilascio dei visti e delle pratiche di cittadinanza) (Regolamento Generale sulla Protezione dei Dati (UE) 2016\/679, art. 13)<\/a><\/li>\n<\/ul>\n","protected":false},"excerpt":{"rendered":"CONVENZIONE CONSOLARE TRA LA REPUBBLICA ITALIANA E LA REPUBBLICA SOCIALISTA CECOSLOVACCA, PRAGA 10 OTTOBRE 1975 Se sei un cittadino italiano che si trova in Repubblica Ceca, o un cittadino ceco interessato a svolgere delle attivit\u00e0 in Italia, potresti avere bisogno dei servizi erogati dalla Sezione Consolare dell&#8217;Ambasciata d&#8217;Italia a Praga. Si informa la gentile utenza [&hellip;]","protected":false},"author":1,"featured_media":0,"parent":0,"menu_order":6,"comment_status":"closed","ping_status":"closed","template":"","meta":{"footnotes":""},"class_list":["post-15","page","type-page","status-publish","hentry"],"_links":{"self":[{"href":"https:\/\/ambpraga.esteri.it\/it\/wp-json\/wp\/v2\/pages\/15","targetHints":{"allow":["GET"]}}],"collection":[{"href":"https:\/\/ambpraga.esteri.it\/it\/wp-json\/wp\/v2\/pages"}],"about":[{"href":"https:\/\/ambpraga.esteri.it\/it\/wp-json\/wp\/v2\/types\/page"}],"author":[{"embeddable":true,"href":"https:\/\/ambpraga.esteri.it\/it\/wp-json\/wp\/v2\/users\/1"}],"replies":[{"embeddable":true,"href":"https:\/\/ambpraga.esteri.it\/it\/wp-json\/wp\/v2\/comments?post=15"}],"version-history":[{"count":6,"href":"https:\/\/ambpraga.esteri.it\/it\/wp-json\/wp\/v2\/pages\/15\/revisions"}],"predecessor-version":[{"id":8939,"href":"https:\/\/ambpraga.esteri.it\/it\/wp-json\/wp\/v2\/pages\/15\/revisions\/8939"}],"wp:attachment":[{"href":"https:\/\/ambpraga.esteri.it\/it\/wp-json\/wp\/v2\/media?parent=15"}],"curies":[{"name":"wp","href":"https:\/\/api.w.org\/{rel}","templated":true}]}}