{"id":380,"date":"2023-04-28T12:37:06","date_gmt":"2023-04-28T10:37:06","guid":{"rendered":"https:\/\/ambpraga.esteri.it\/?page_id=380"},"modified":"2023-10-11T13:40:11","modified_gmt":"2023-10-11T11:40:11","slug":"apostille","status":"publish","type":"page","link":"https:\/\/ambpraga.esteri.it\/it\/servizi-consolari-e-visti\/servizi-per-il-cittadino-italiano\/apostille\/","title":{"rendered":"Apostille"},"content":{"rendered":"<p>&nbsp;<\/p>\n<p><img loading=\"lazy\" decoding=\"async\" class=\"aligncenter size-full wp-image-417 img-fluid\" src=\"https:\/\/ambpraga.esteri.it\/wp-content\/uploads\/2023\/04\/apostille-carousel.jpg\" alt=\"\" width=\"1280\" height=\"720\" srcset=\"https:\/\/ambpraga.esteri.it\/wp-content\/uploads\/2023\/04\/apostille-carousel.jpg 1280w, https:\/\/ambpraga.esteri.it\/wp-content\/uploads\/2023\/04\/apostille-carousel-300x169.jpg 300w, https:\/\/ambpraga.esteri.it\/wp-content\/uploads\/2023\/04\/apostille-carousel-1024x576.jpg 1024w, https:\/\/ambpraga.esteri.it\/wp-content\/uploads\/2023\/04\/apostille-carousel-768x432.jpg 768w\" sizes=\"auto, (max-width: 1280px) 100vw, 1280px\" \/><\/p>\n<p style=\"text-align: justify;\">L&#8217;apostilla \u00e8 una certificazione che convalida, con pieno valore giuridico, sul piano internazionale l&#8217;autenticit\u00e0 di un atto pubblico. Tale valore giuridico \u00e8 riconosciuto dagli stati che hanno sottoscritto la Convenzione dell&#8217;Aia del 5 ottobre 1961, della quale sono Italia e Repubblica Ceca entrambi membri firmatari.<\/p>\n<p style=\"text-align: justify;\">In particolare, l&#8217;apostilla \u00e8 un&#8217;annotazione da parte di una autorit\u00e0 dello stato firmatario, identificata dalla legge di attuazione della convenzione, sull&#8217;originale del certificato\/documento\/atto notarile, rilasciato dalle autorit\u00e0 competenti del Paese di rilascio, al fine di certificarne l\u2019autenticit\u00e0 e renderli validi nel paese in cui il certificato\/documento\/atto notarile deve essere prodotto: in questo caso, dalla Repubblica Ceca all\u2019Italia e viceversa.<\/p>\n<p style=\"text-align: justify;\">Essa sostituisce, quindi, in toto la legalizzazione del documento effettuata nei modi usuali attraverso l&#8217;Ambasciata o il Consolato dello Stato in cui verr\u00e0 utilizzato, avendo piena validit\u00e0 in tutti i Paesi sottoscrittori della Convenzione dell&#8217;Aia del 5 ottobre 1961.<\/p>\n<p style=\"text-align: justify;\">Ad esempio, se una persona ha bisogno di far valere in Italia un certificato di nascita e vive in un Paese che ha aderito alla Convenzione dell&#8217;Aia del 5 ottobre 1961, non ha bisogno di recarsi presso l&#8217;Ambasciata italiana e chiedere la legalizzazione, ma pu\u00f2 recarsi presso l&#8217;autorit\u00e0 interna di quello Stato per ottenere l&#8217;annotazione dell&#8217;apostilla sul certificato. Quindi quel documento, anche se redatto nella lingua di un diverso Paese, deve essere ritenuto valido dalla legge italiana.<\/p>\n<p style=\"text-align: justify;\">La Convenzione riguarda, specificamente, l&#8217;abolizione della legalizzazione di atti pubblici stranieri, pertanto anche se un documento \u201capostillato\u201d fosse redatto interamente in lingua straniera, potrebbe essere necessaria una traduzione giurata, per la presentazione alle autorit\u00e0 italiane.<\/p>\n<p style=\"text-align: justify;\">In Repubblica Ceca le autorit\u00e0 competenti al rilascio delle apostille sono:<\/p>\n<p style=\"text-align: justify;\">Il Ministero degli Affari Esteri della Repubblica Ceca \u2013 per l\u2019annotazione dell\u2019apostilla su <strong>certificati di stato civile e\/o di studio<\/strong> \u2013 Contatti:<\/p>\n<p style=\"padding-left: 40px; text-align: justify;\">Odd\u011blen\u00ed legalizace ve\u0159ejn\u00fdch listin \u2013 Hrad\u010dansk\u00e9 n\u00e1m. 5, Praha 1<\/p>\n<p style=\"padding-left: 40px; text-align: justify;\">Tel.: +420 224 18 2188, +420 224 18 2153<\/p>\n<p style=\"padding-left: 40px; text-align: justify;\">E-mail: <a href=\"mailto:legalizace@mzv.cz\">legalizace@mzv.cz<\/a><\/p>\n<p style=\"padding-left: 40px;\">Web: <a href=\"https:\/\/www.mzv.cz\/jnp\/cz\/cestujeme\/overovani_listin\/\">https:\/\/www.mzv.cz\/jnp\/cz\/cestujeme\/overovani_listin\/<\/a><\/p>\n<p style=\"text-align: justify;\">Camera dei Notai della Repubblica Ceca \u2013 per l\u2019annotazione dell\u2019apostilla su <strong>atti notarili redatti da notai cechi<\/strong> \u2013 Contatti:<\/p>\n<p style=\"padding-left: 40px; text-align: justify;\">Not\u00e1\u0159sk\u00e1 komora \u010cesk\u00e9 republiky \u2013 Apolin\u00e1\u0159sk\u00e1 442\/12, 128 00 Praha 2<\/p>\n<p style=\"padding-left: 40px; text-align: justify;\">Tel.: +420 273 037 033<\/p>\n<p style=\"padding-left: 40px; text-align: justify;\">E-mail: <a href=\"mailto:apostila@nkcr.cz\">apostila@nkcr.cz<\/a><\/p>\n<p style=\"padding-left: 40px;\">Web: <a href=\"https:\/\/www.nkcr.cz\/apostila\">https:\/\/www.nkcr.cz\/apostila<\/a><\/p>\n","protected":false},"excerpt":{"rendered":"&nbsp; L&#8217;apostilla \u00e8 una certificazione che convalida, con pieno valore giuridico, sul piano internazionale l&#8217;autenticit\u00e0 di un atto pubblico. Tale valore giuridico \u00e8 riconosciuto dagli stati che hanno sottoscritto la Convenzione dell&#8217;Aia del 5 ottobre 1961, della quale sono Italia e Repubblica Ceca entrambi membri firmatari. In particolare, l&#8217;apostilla \u00e8 un&#8217;annotazione da parte di una [&hellip;]","protected":false},"author":5,"featured_media":0,"parent":47,"menu_order":3,"comment_status":"closed","ping_status":"closed","template":"","meta":{"footnotes":""},"class_list":["post-380","page","type-page","status-publish","hentry"],"_links":{"self":[{"href":"https:\/\/ambpraga.esteri.it\/it\/wp-json\/wp\/v2\/pages\/380","targetHints":{"allow":["GET"]}}],"collection":[{"href":"https:\/\/ambpraga.esteri.it\/it\/wp-json\/wp\/v2\/pages"}],"about":[{"href":"https:\/\/ambpraga.esteri.it\/it\/wp-json\/wp\/v2\/types\/page"}],"author":[{"embeddable":true,"href":"https:\/\/ambpraga.esteri.it\/it\/wp-json\/wp\/v2\/users\/5"}],"replies":[{"embeddable":true,"href":"https:\/\/ambpraga.esteri.it\/it\/wp-json\/wp\/v2\/comments?post=380"}],"version-history":[{"count":1,"href":"https:\/\/ambpraga.esteri.it\/it\/wp-json\/wp\/v2\/pages\/380\/revisions"}],"predecessor-version":[{"id":2164,"href":"https:\/\/ambpraga.esteri.it\/it\/wp-json\/wp\/v2\/pages\/380\/revisions\/2164"}],"up":[{"embeddable":true,"href":"https:\/\/ambpraga.esteri.it\/it\/wp-json\/wp\/v2\/pages\/47"}],"wp:attachment":[{"href":"https:\/\/ambpraga.esteri.it\/it\/wp-json\/wp\/v2\/media?parent=380"}],"curies":[{"name":"wp","href":"https:\/\/api.w.org\/{rel}","templated":true}]}}