{"id":400,"date":"2023-04-28T12:39:54","date_gmt":"2023-04-28T10:39:54","guid":{"rendered":"https:\/\/ambpraga.esteri.it\/?page_id=400"},"modified":"2025-12-03T11:52:55","modified_gmt":"2025-12-03T10:52:55","slug":"passaporti","status":"publish","type":"page","link":"https:\/\/ambpraga.esteri.it\/it\/servizi-consolari-e-visti\/servizi-per-il-cittadino-italiano\/passaporti\/","title":{"rendered":"Passaporti"},"content":{"rendered":"<p style=\"text-align: justify;\"><strong>AVVERTENZE:<\/strong><\/p>\n<p style=\"text-align: justify;\"><strong>Si pregano gli utenti di non acquistare biglietti aerei senza prima aver ottenuto il rilascio di un nuovo passaporto o aver controllato la validit\u00e0 del passaporto di cui si \u00e8 gi\u00e0 in possesso per poter effettuare il viaggio. Il possesso di un biglietto aereo non verr\u00e0 considerato motivo d\u2019urgenza per il rilascio.<\/strong><\/p>\n<p style=\"text-align: justify;\"><strong>Questa Cancelleria Consolare sta testando l\u2019opportunit\u00e0 di rilascio del passaporto \u201ca vista\u201d, previo appuntamento tramite il portale\u00a0<a href=\"https:\/\/prenotami.esteri.it\/\" target=\"_blank\" rel=\"noopener\">Prenot@Mi<\/a>. In tale caso, l\u2019ufficio passaporti sar\u00e0 in grado di rilasciare il documento solo se i seguenti criteri saranno rispettati:<\/strong><\/p>\n<ul style=\"text-align: justify;\">\n<li><strong>Il connazionale \u00e8 regolarmente iscritto AIRE presso la nostra sede;<\/strong><\/li>\n<li><strong>L\u2019ufficio consolare non riscontrer\u00e0 cause ostative al rilascio del documento (controllo effettuato al momento della richiesta);<\/strong><\/li>\n<li><strong>Il connazionale presenta la documentazione completa, cos\u00ec come descritta in calce:<\/strong><\/li>\n<\/ul>\n<p style=\"text-align: justify;\"><strong>RICHIESTA DI UN NUOVO PASSAPORTO<\/strong><\/p>\n<p style=\"text-align: justify;\"><strong>Documentazione da presentare per:<\/strong><\/p>\n<ul style=\"text-align: justify;\">\n<li><strong>RICHIEDENTE MAGGIORENNE:<\/strong>\n<ul>\n<li>vecchio passaporto e\/o carta d&#8217;identit\u00e0 in corso di validit\u00e0;<\/li>\n<li><strong>(SOLO DA ANNI 12+)<\/strong> la fotografia \u00e8 possibile farla in consolato gratuitamente, il giorno dell&#8217;appuntamento\n<ul>\n<li>si consiglia per\u00f2 di venire muniti di 1 fotografia recente (massimo 6 mesi vecchia) formato ICAO (frontale, a colori, con sfondo bianco, dimensioni 35 x 40 mm);<\/li>\n<\/ul>\n<\/li>\n<li>in caso di furto\/smarrimento del precedente documento, la relativa denuncia effettuata presso la polizia locale;<\/li>\n<li>in caso di deterioramento del precedente documento, il modulo di autodichiarazione di deterioramento del documento, <a href=\"https:\/\/ambpraga.esteri.it\/wp-content\/uploads\/2023\/05\/mod_det_esaur_pagg.pdf\" target=\"_blank\" rel=\"noopener\">cliccare qui per il modulo<\/a>;<\/li>\n<\/ul>\n<\/li>\n<\/ul>\n<p style=\"text-align: justify;\"><strong>In presenza di figli minori il richiedente dovr\u00e0 auto dichiarare di non essere stato colpito da provvedimento di inibitoria al rilascio del documento emesso dall\u2019autorit\u00e0 giudiziaria italiana. Sulla dichiarazione saranno eseguiti i dovuti accertamenti.<\/strong><\/p>\n<ul style=\"text-align: justify;\">\n<li><strong>RICHIESTA A FAVORE DI MINORE:<\/strong>\n<ul>\n<li>vecchio passaporto e\/o carta d&#8217;identit\u00e0 in corso di validit\u00e0 del minore;<\/li>\n<li>passaporto e\/o carta d&#8217;identit\u00e0 in corso di validit\u00e0 di entrambi i genitori;<\/li>\n<li><strong>(SOLO DA ANNI 12+)<\/strong> la fotografia \u00e8 possibile farla in consolato gratuitamente, il giorno dell&#8217;appuntamento\n<ul>\n<li><strong>(SPECIALMENTE PER I NEONATI)<\/strong> si consiglia di venire muniti 1 fotografia recente (massimo 6 mesi vecchia) formato ICAO (frontale, a colori, con sfondo bianco, dimensioni 35 x 40 mm);<\/li>\n<\/ul>\n<\/li>\n<li>in caso di furto\/smarrimento del precedente documento, la relativa denuncia effettuata presso la polizia locale;<\/li>\n<li>in caso di deterioramento del precedente documento, il modulo di autodichiarazione di deterioramento del documento, <a href=\"https:\/\/ambpraga.esteri.it\/wp-content\/uploads\/2023\/05\/mod_det_esaur_pagg.pdf\" target=\"_blank\" rel=\"noopener\">cliccare qui per il modulo<\/a>;<\/li>\n<li><strong>atto\/i di assenso dell&#8217;altro genitore dei figli minorenni<\/strong>,\u00a0<a href=\"https:\/\/ambpraga.esteri.it\/wp-content\/uploads\/2023\/05\/modello_assenso_altro_genitore.pdf\" target=\"_blank\" rel=\"noopener\">cliccare qui per il modulo<\/a>\n<ul>\n<li>in caso di richiesta di passaporto per un minore di 18 anni (se al momento dell\u2019appuntamento si presenter\u00e0 un solo genitore con il minore).<\/li>\n<\/ul>\n<\/li>\n<\/ul>\n<\/li>\n<\/ul>\n<p style=\"text-align: justify;\"><strong>La presenza del\/la minore \u00e8 assolutamente necessaria al momento del rilascio, poich\u00e9 l\u2019ufficio dovr\u00e0 riconoscere il\/la bambino\/a con la foto presentata per la stampa del passaporto. <\/strong>Anche i minori di et\u00e0 inferiore ai 12 anni devono essere presenti, perch\u00e9 \u00e8 necessaria l&#8217;identificazione da parte del funzionario dell&#8217;ufficio. I minori devono essere sempre accompagnati da uno dei genitori o comunque dal titolare della responsabilit\u00e0 genitoriale.<\/p>\n<p style=\"text-align: justify;\"><strong>AVVERTENZE:<\/strong><\/p>\n<p style=\"text-align: justify;\">per i cittadini UE l\u2019atto di assenso va prodotto in originale unitamente ad una copia fotostatica del documento di identit\u00e0 del dichiarante. Per cittadini extra UE la firma deve essere autenticata dal funzionario consolare, oppure sar\u00e0 necessaria la presenza della persona al momento dell\u2019appuntamento. Nei casi in cui il\/la dichiarante, cittadino\/a di un paese terzo (extra UE), si trovi in un altro paese, l\u2019atto di assenso dovr\u00e0 essere sottoscritto presso la Sede consolare di competenza.<\/p>\n<p style=\"text-align: justify;\">Se il minore \u00e8 nato all&#8217;estero, affinch\u00e9 ottenga il passaporto \u00e8 necessario prima trascrivere la nascita in Italia: si veda a tal proposito la sezione <a href=\"https:\/\/ambpraga.esteri.it\/it\/servizi-consolari-e-visti\/servizi-per-il-cittadino-italiano\/stato-civile\/\" target=\"_blank\" rel=\"noopener\">STATO CIVILE<\/a> di questo sito, sotto la voce <a href=\"https:\/\/ambpraga.esteri.it\/it\/servizi-consolari-e-visti\/servizi-per-il-cittadino-italiano\/stato-civile\/nascita\/\" target=\"_blank\" rel=\"noopener\">NASCITA<\/a>.<\/p>\n<p style=\"text-align: justify;\">Nel caso in cui uno dei genitori si rifiuti di firmare <span style=\"text-decoration: underline;\">l\u2019atto di assenso al rilascio del documento in favore del minore<\/span>, occorre che la persona richiedente il documento presenti alla Cancelleria Consolare una dichiarazione sottoscritta nella quale spieghi i motivi per i quali l&#8217;altro genitore nega l&#8217;assenso, indicando anche tutti i recapiti necessari a contattare quest&#8217;ultimo.<\/p>\n<p style=\"text-align: justify;\">Nel caso in cui si riscontrasse che le motivazioni del dissenso non siano giustificate, il Capo della Cancelleria Consolare, con apposito decreto, potr\u00e0 autorizzare il rilascio del documento.<\/p>\n<p style=\"text-align: justify;\"><a href=\"https:\/\/ambpraga.esteri.it\/wp-content\/uploads\/2023\/05\/modello_istanza_Giudice_Tutelare.pdf\" target=\"_blank\" rel=\"noopener\">Cliccare qui<\/a> per il modulo di istanza al giudice tutelare da presentare alla Cancelleria Consolare.<\/p>\n<p style=\"text-align: justify;\"><strong>PROCEDURA<\/strong><\/p>\n<ul>\n<li style=\"text-align: justify;\">Il connazionale iscritto in questa Circoscrizione consolare, in possesso della documentazione prescritta, pu\u00f2 prendere direttamente appuntamento tramite il portale <a href=\"https:\/\/prenotami.esteri.it\/\" target=\"_blank\" rel=\"noopener\">Prenot@Mi<\/a>. Accertata la completezza della documentazione presentata e la insussistenza di cause ostative (precedenti penali, mancanza di assenso dell\u2019altro genitore etc.) il documento potr\u00e0 essere rilasciato \u201ca vista\u201d.<\/li>\n<li style=\"text-align: justify;\">I non iscritti potranno inoltrare la richiesta, con la prescritta documentazione, all\u2019ufficio passaporti al seguente indirizzo di posta elettronica: <a href=\"mailto:passaporti.praga@esteri.it\">passaporti.praga@esteri.it<\/a>. L&#8217;Ufficio passaporti, una volta espletati i controlli di rito e ritenendo la documentazione completa, invier\u00e0 una e-mail di conferma al richiedente che potr\u00e0 cos\u00ec prenotare un appuntamento per il rilascio del documento, utilizzando il portale\u00a0<a href=\"https:\/\/prenotami.esteri.it\/\" target=\"_blank\" rel=\"noopener\">Prenot@Mi<\/a>.<\/li>\n<\/ul>\n<p><strong>VALIDITA\u2019 DEL DOCUMENTO<\/strong><\/p>\n<p><strong>La validit\u00e0 del documento varia a seconda dell\u2019et\u00e0 del titolare ed \u00e8 di:<\/strong><\/p>\n<ul>\n<li>3 anni per i minori di et\u00e0 compresa tra 0 e 3 anni;<\/li>\n<li>5 anni per i minori di et\u00e0 compresa tra 3 anni e il raggiungimento della maggiore et\u00e0 (18 anni);<\/li>\n<li>10 anni dai 18 anni di et\u00e0.<\/li>\n<\/ul>\n<p style=\"text-align: justify;\"><strong>N.B.: una volta fissato l&#8217;appuntamento, se per sopravvenute esigenze, non fosse pi\u00f9 possibile rispettarlo, se ne dovr\u00e0 dare tempestiva comunicazione all&#8217;Ufficio tramite lo stesso portale.<\/strong><\/p>\n<p style=\"text-align: justify;\">Nel giorno e nell&#8217;ora stabiliti bisogna recarsi all\u2019ufficio passaporti della Cancelleria consolare dell\u2019Ambasciata d\u2019Italia a Praga in via Nerudova 214\/20, presentando la documentazione completa.<\/p>\n<p style=\"text-align: justify;\">Il costo di un nuovo passaporto \u00e8 di <strong>116,20 Euro da pagare in contanti o in carta di credito\/debito ed in corone ceche, in base al <a href=\"https:\/\/ambpraga.esteri.it\/it\/servizi-consolari-e-visti\/servizi-per-il-cittadino-italiano\/pagamenti-dei-servizi-consolari\/\" target=\"_blank\" rel=\"noopener\">tasso di ragguaglio trimestrale di questa Ambasciata<\/a>. Non si accettano pagamenti in Euro.<\/strong><\/p>\n","protected":false},"excerpt":{"rendered":"AVVERTENZE: Si pregano gli utenti di non acquistare biglietti aerei senza prima aver ottenuto il rilascio di un nuovo passaporto o aver controllato la validit\u00e0 del passaporto di cui si \u00e8 gi\u00e0 in possesso per poter effettuare il viaggio. Il possesso di un biglietto aereo non verr\u00e0 considerato motivo d\u2019urgenza per il rilascio. Questa Cancelleria [&hellip;]","protected":false},"author":5,"featured_media":0,"parent":47,"menu_order":25,"comment_status":"closed","ping_status":"closed","template":"","meta":{"footnotes":""},"class_list":["post-400","page","type-page","status-publish","hentry"],"_links":{"self":[{"href":"https:\/\/ambpraga.esteri.it\/it\/wp-json\/wp\/v2\/pages\/400","targetHints":{"allow":["GET"]}}],"collection":[{"href":"https:\/\/ambpraga.esteri.it\/it\/wp-json\/wp\/v2\/pages"}],"about":[{"href":"https:\/\/ambpraga.esteri.it\/it\/wp-json\/wp\/v2\/types\/page"}],"author":[{"embeddable":true,"href":"https:\/\/ambpraga.esteri.it\/it\/wp-json\/wp\/v2\/users\/5"}],"replies":[{"embeddable":true,"href":"https:\/\/ambpraga.esteri.it\/it\/wp-json\/wp\/v2\/comments?post=400"}],"version-history":[{"count":5,"href":"https:\/\/ambpraga.esteri.it\/it\/wp-json\/wp\/v2\/pages\/400\/revisions"}],"predecessor-version":[{"id":8348,"href":"https:\/\/ambpraga.esteri.it\/it\/wp-json\/wp\/v2\/pages\/400\/revisions\/8348"}],"up":[{"embeddable":true,"href":"https:\/\/ambpraga.esteri.it\/it\/wp-json\/wp\/v2\/pages\/47"}],"wp:attachment":[{"href":"https:\/\/ambpraga.esteri.it\/it\/wp-json\/wp\/v2\/media?parent=400"}],"curies":[{"name":"wp","href":"https:\/\/api.w.org\/{rel}","templated":true}]}}