{"id":42,"date":"2023-04-11T18:08:31","date_gmt":"2023-04-11T16:08:31","guid":{"rendered":"https:\/\/ambpraga.esteri.it\/?page_id=42"},"modified":"2026-01-12T14:39:01","modified_gmt":"2026-01-12T13:39:01","slug":"la-rete-consolare","status":"publish","type":"page","link":"https:\/\/ambpraga.esteri.it\/it\/chi-siamo\/la-rete-consolare\/","title":{"rendered":"La Rete Consolare"},"content":{"rendered":"<p><strong><span style=\"text-decoration: underline;\">PRAGA:<\/span><\/strong><\/p>\n<p><strong>Ambasciata d\u2019Italia a Praga &#8211;\u00a0<\/strong><strong>Cancelleria consolare<\/strong><\/p>\n<ul>\n<li>Nerudova 214\/20,<\/li>\n<li>118 00 Praha 1 \u2013 Mal\u00e1 Strana<\/li>\n<li>Tel: <strong>+420 233 080 111<\/strong> (<span style=\"text-decoration: underline;\"><strong>dal luned\u00ec al venerd\u00ec dalle 12.00 alle 15.00<\/strong><\/span>)<\/li>\n<li>E-mail: <a href=\"mailto:consolare.praga@esteri.it\">consolare.praga@esteri.it<\/a><\/li>\n<\/ul>\n<p>Si chiede ai connazionali di privilegiare le comunicazioni via E-mail.<\/p>\n<p><strong>In caso di comprovata emergenza<\/strong>, nei giorni festivi e al di l\u00e0 degli orari d\u2019ufficio (lun-ven dalle 9:00 alle 16:00) potete chiamare il seguente numero attivo fino alle ore 21.00:<\/p>\n<p>Cellulare di reperibilit\u00e0: <strong>+420 603 517 770<\/strong><\/p>\n<p>&nbsp;<\/p>\n<p><strong>Orario di apertura al pubblico della Cancelleria consolare:<\/strong><\/p>\n<p>*Previo appuntamento sul portale\u00a0<a href=\"https:\/\/prenotami.esteri.it\/\" target=\"_blank\" rel=\"noopener\">Prenot@mi<\/a>\u00a0\u2013\u00a0<a href=\"https:\/\/prenotami.esteri.it\/\" target=\"_blank\" rel=\"noopener\">https:\/\/prenotami.esteri.it\/<\/a><\/p>\n<table class=\"table table-bordered table-sm export-table\" border=\"0\">\n<tbody>\n<tr class=\"thead-light\">\n<td><\/td>\n<td style=\"text-align: center;\"><strong>mattina<\/strong><\/td>\n<td style=\"text-align: center;\"><strong>pomeriggio<\/strong><\/td>\n<\/tr>\n<tr>\n<td><strong>luned\u00ec<\/strong><\/td>\n<td style=\"text-align: center;\"><strong>dalle ore 9.00 alle ore 12.00<\/strong><\/td>\n<td style=\"text-align: center;\"><strong>CHIUSO<\/strong><\/td>\n<\/tr>\n<tr>\n<td><strong>marted\u00ec<\/strong><\/td>\n<td style=\"text-align: center;\"><strong>dalle ore 9.00 alle ore 12.00<\/strong><\/td>\n<td style=\"text-align: center;\"><strong>dalle ore 14.30 alle ore 16.00<\/strong><\/td>\n<\/tr>\n<tr>\n<td><strong>mercoled\u00ec<\/strong><\/td>\n<td style=\"text-align: center;\"><strong>dalle ore 9.00 alle ore 12.00<\/strong><\/td>\n<td style=\"text-align: center;\"><strong>CHIUSO<\/strong><\/td>\n<\/tr>\n<tr>\n<td><strong>gioved\u00ec<\/strong><\/td>\n<td style=\"text-align: center;\"><strong>dalle ore 9.00 alle ore 12.00<\/strong><\/td>\n<td style=\"text-align: center;\"><strong>CHIUSO<\/strong><\/td>\n<\/tr>\n<tr>\n<td><strong>venerd\u00ec<\/strong><\/td>\n<td style=\"text-align: center;\"><strong>dalle ore 9.00 alle ore 12.00<\/strong><\/td>\n<td style=\"text-align: center;\"><strong>CHIUSO<\/strong><\/td>\n<\/tr>\n<\/tbody>\n<\/table>\n<p>&nbsp;<\/p>\n<p><strong>L\u2019Ambasciata osserva un certo numero di festivit\u00e0 italiane e ceche ed\u00a0<\/strong><strong>\u00e8 chiusa al pubblico nei seguenti giorni festivi dell&#8217;anno 2026:<\/strong><\/p>\n<table style=\"width: 532px; height: 223px;\">\n<tbody>\n<tr>\n<td><strong>1\u00a0 \u00a0gennaio<\/strong><\/td>\n<td><strong>Capodanno<\/strong><\/td>\n<\/tr>\n<tr>\n<td><strong>6\u00a0 \u00a0gennaio<\/strong><\/td>\n<td><strong>Epifania<\/strong><\/td>\n<\/tr>\n<tr>\n<td><strong>3\u00a0 \u00a0aprile<br \/>\n<\/strong><\/td>\n<td><strong>Venerd\u00ec Santo<\/strong><\/td>\n<\/tr>\n<tr>\n<td><strong>6\u00a0 \u00a0aprile<\/strong><\/td>\n<td><strong>Luned\u00ec dell&#8217;Angelo<\/strong><\/td>\n<\/tr>\n<tr>\n<td><strong>25 aprile<\/strong><\/td>\n<td><strong>Festa della Liberazione<\/strong><\/td>\n<\/tr>\n<tr>\n<td><strong>1\u00a0 \u00a0 maggio<\/strong><\/td>\n<td><strong>Festa del Lavoro<\/strong><\/td>\n<\/tr>\n<tr>\n<td><strong>2\u00a0 \u00a0 giugno<\/strong><\/td>\n<td><strong>Festa della Repubblica Italiana<\/strong><\/td>\n<\/tr>\n<tr>\n<td><strong>28 ottobre<\/strong><\/td>\n<td><strong>Festa nazionale della Repubblica Ceca<\/strong><\/td>\n<\/tr>\n<tr>\n<td><strong>24 dicembre<\/strong><\/td>\n<td><strong>Vigilia di Natale<\/strong><\/td>\n<\/tr>\n<tr>\n<td><strong>25 dicembre<\/strong><\/td>\n<td><strong>Santo Natale<\/strong><\/td>\n<\/tr>\n<tr>\n<td><strong>26 dicembre<\/strong><\/td>\n<td><strong>Santo Stefano<\/strong><\/td>\n<\/tr>\n<\/tbody>\n<\/table>\n<p>&nbsp;<\/p>\n<p><strong><span style=\"text-decoration: underline;\">BRNO:<\/span><\/strong><\/p>\n<p><strong>Consolato Onorario in Brno<\/strong><\/p>\n<ul>\n<li>V\u00fdstavi\u0161t\u011b 1<\/li>\n<li>603 00 &#8211; Brno<\/li>\n<li>Tel: +420 548 136 340<\/li>\n<li>E-mail: <a href=\"mailto:info@consolatobrno.cz\">info@consolatobrno.cz<\/a><\/li>\n<li>Facebook: <a href=\"http:\/\/www.facebook.com\/Consolato-dItalia-a-Brno-2316907208533587\" target=\"_blank\" rel=\"noopener\">www.facebook.com\/Consolato-dItalia-a-Brno-2316907208533587\u00a0<\/a><\/li>\n<\/ul>\n","protected":false},"excerpt":{"rendered":"PRAGA: Ambasciata d\u2019Italia a Praga &#8211;\u00a0Cancelleria consolare Nerudova 214\/20, 118 00 Praha 1 \u2013 Mal\u00e1 Strana Tel: +420 233 080 111 (dal luned\u00ec al venerd\u00ec dalle 12.00 alle 15.00) E-mail: consolare.praga@esteri.it Si chiede ai connazionali di privilegiare le comunicazioni via E-mail. In caso di comprovata emergenza, nei giorni festivi e al di l\u00e0 degli orari [&hellip;]","protected":false},"author":1,"featured_media":0,"parent":13,"menu_order":8,"comment_status":"closed","ping_status":"closed","template":"","meta":{"footnotes":""},"class_list":["post-42","page","type-page","status-publish","hentry"],"_links":{"self":[{"href":"https:\/\/ambpraga.esteri.it\/it\/wp-json\/wp\/v2\/pages\/42","targetHints":{"allow":["GET"]}}],"collection":[{"href":"https:\/\/ambpraga.esteri.it\/it\/wp-json\/wp\/v2\/pages"}],"about":[{"href":"https:\/\/ambpraga.esteri.it\/it\/wp-json\/wp\/v2\/types\/page"}],"author":[{"embeddable":true,"href":"https:\/\/ambpraga.esteri.it\/it\/wp-json\/wp\/v2\/users\/1"}],"replies":[{"embeddable":true,"href":"https:\/\/ambpraga.esteri.it\/it\/wp-json\/wp\/v2\/comments?post=42"}],"version-history":[{"count":3,"href":"https:\/\/ambpraga.esteri.it\/it\/wp-json\/wp\/v2\/pages\/42\/revisions"}],"predecessor-version":[{"id":8582,"href":"https:\/\/ambpraga.esteri.it\/it\/wp-json\/wp\/v2\/pages\/42\/revisions\/8582"}],"up":[{"embeddable":true,"href":"https:\/\/ambpraga.esteri.it\/it\/wp-json\/wp\/v2\/pages\/13"}],"wp:attachment":[{"href":"https:\/\/ambpraga.esteri.it\/it\/wp-json\/wp\/v2\/media?parent=42"}],"curies":[{"name":"wp","href":"https:\/\/api.w.org\/{rel}","templated":true}]}}