{"id":44,"date":"2023-04-11T18:10:45","date_gmt":"2023-04-11T16:10:45","guid":{"rendered":"https:\/\/ambpraga.esteri.it\/?page_id=44"},"modified":"2023-10-11T12:55:12","modified_gmt":"2023-10-11T10:55:12","slug":"diplomazia-culturale","status":"publish","type":"page","link":"https:\/\/ambpraga.esteri.it\/it\/italia-e-repubblica-ceca\/diplomazia-culturale\/","title":{"rendered":"Diplomazia culturale"},"content":{"rendered":"<p>&nbsp;<\/p>\n<p><img loading=\"lazy\" decoding=\"async\" class=\"aligncenter size-full wp-image-507 img-fluid\" src=\"https:\/\/ambpraga.esteri.it\/wp-content\/uploads\/2023\/05\/cultura-carousel.jpg\" alt=\"\" width=\"1280\" height=\"720\" srcset=\"https:\/\/ambpraga.esteri.it\/wp-content\/uploads\/2023\/05\/cultura-carousel.jpg 1280w, https:\/\/ambpraga.esteri.it\/wp-content\/uploads\/2023\/05\/cultura-carousel-300x169.jpg 300w, https:\/\/ambpraga.esteri.it\/wp-content\/uploads\/2023\/05\/cultura-carousel-1024x576.jpg 1024w, https:\/\/ambpraga.esteri.it\/wp-content\/uploads\/2023\/05\/cultura-carousel-768x432.jpg 768w\" sizes=\"auto, (max-width: 1280px) 100vw, 1280px\" \/><\/p>\n<p style=\"font-weight: 400; text-align: justify;\">Il braccio operativo dell&#8217;Ambasciata nella promozione dei rapporti e degli scambi culturali tra Italia e Repubblica Ceca, oltre che nella diffusione della cultura e della lingua italiana sul territorio ceco, \u00e8 l&#8217;<a href=\"https:\/\/iicpraga.esteri.it\/iic_praga\/it\" target=\"_blank\" rel=\"noopener\">Istituto Italiano di Cultura di Praga<\/a>. Le linee guida in materia di rapporti bilaterali tra i due Paesi sono state definite dall\u2019Accordo Culturale firmato nel 1971 e rinnovato nel gennaio 2011. Tra Italia e Repubblica Ceca \u00e8 stato stipulato, nel 1990, anche un Accordo di Cooperazione Scientifica e Tecnica, implementato mediante Programmi Esecutivi di validit\u00e0 quadriennale.<\/p>\n<p style=\"font-weight: 400; text-align: justify;\">L&#8217;Istituto ha il compito di stabilire i contatti e di promuovere la collaborazione con Istituzioni, Enti, Universit\u00e0 e Accademie della Repubblica Ceca, partecipando a proposte e organizzando progetti volti alla conoscenza dell\u2019Italia e della sua complessa realt\u00e0 culturale. L&#8217;interscambio di eventi tra istituzioni italiane e ceche \u00e8 una delle forme attraverso cui le attivit\u00e0 di cooperazione prendono corpo. Da un lato, infatti, l&#8217;Istituto lavora con enti ed organizzazioni pubbliche e private italiane per l&#8217;esportazione di eventi nella Repubblica Ceca, dall&#8217;altro supporta l&#8217;organizzazione di iniziative culturali\u00a0ceche che si svolgono in Italia, fungendo da punto di snodo e contatto tra i due Paesi. In quest&#8217;ottica l&#8217;Istituto si propone anche come centro di produzione di cultura italiana ed europea, attraverso l&#8217;organizzazione e la promozione di mostre, concerti, simposi, retrospettive e festival cinematografici.<\/p>\n<p style=\"font-weight: 400; text-align: justify;\">ATTIVITA&#8217; ISTITUZIONALI<\/p>\n<p style=\"font-weight: 400; text-align: justify;\">L\u2019offerta istituzionale nel settore culturale\u00a0si declina secondo le seguenti direttrici:<\/p>\n<ul style=\"text-align: justify;\">\n<li style=\"font-weight: 400;\">organizzazione e promozione di eventi in settori quali: arte, musica, letteratura, poesia, cinema, teatro, danza, moda, design, fotografia, scienze e tecnologia;<\/li>\n<li style=\"font-weight: 400;\">opportunit\u00e0 di conoscere la lingua e la cultura italiana attraverso l\u2019organizzazione di corsi (anche per la certificazione C.I.L.S.), la gestione della biblioteca, della videoteca e del centro documentale, nonch\u00e9 attraverso l\u2019offerta di materiale didattico ed editoriale;<\/li>\n<li style=\"font-weight: 400;\">creazione di contatti per agevolare l&#8217;integrazione degli operatori italiani nei processi di scambio e di produzione culturale tra l\u2019Italia e la Repubblica Ceca e per favorire le sinergie fra impresa e cultura;<\/li>\n<li style=\"font-weight: 400;\">supporto informativo e logistico agli operatori culturali pubblici e privati, e sostegno alle iniziative che favoriscono il dialogo interculturale fondato sui principi della\u00a0 democrazia partecipativa e della solidariet\u00e0 internazionale;<\/li>\n<li style=\"font-weight: 400;\">coordinamento di una rete di contatti proattivi con le Universit\u00e0 e le Accademie della Repubblica Ceca per lo scambio di docenti e ricercatori, servizio di consulenza per le borse di studio accordate dal MAECI ai cittadini cechi, gestione delle pratiche relative alle richieste di contributi per la traduzione di opere italiane;<\/li>\n<li style=\"font-weight: 400;\">promozione e diffusione degli eventi organizzati o patrocinati attraverso servizi stampa e di comunicazione integrata.<\/li>\n<\/ul>\n<p style=\"font-weight: 400; text-align: justify;\">STORIA<\/p>\n<p style=\"font-weight: 400; text-align: justify;\">L\u2019edificio che ospita l\u2019Istituto fu costruito nel 1573 per accogliere\u00a0la\u00a0<a href=\"http:\/\/it.wikipedia.org\/wiki\/Congregazione_Italiana_di_Praga\">Congregazione Italiana di Praga<\/a>. Pi\u00f9 volte perduto e riacquistato dall\u2019Italia nel corso dei secoli; trasformatosi nel tempo in ospedale, orfanotrofio, maternit\u00e0, Casa e Chiesa d\u2019Italia, attualmente \u00e8 uno dei pi\u00f9 famosi complessi residenziali stranieri presenti in Repubblica Ceca.<\/p>\n<h4 style=\"text-align: justify;\"><strong>Istituto Italiano di Cultura<\/strong><\/h4>\n<p style=\"font-weight: 400; text-align: justify;\"><b><strong><img loading=\"lazy\" decoding=\"async\" class=\"alignleft\" src=\"https:\/\/ambpraga.esteri.it\/wp-content\/uploads\/2023\/04\/Instituto-74.jpg\" width=\"240\" height=\"160\" \/><\/strong><\/b><\/p>\n<p style=\"font-weight: 400; text-align: justify;\">\u0160porkova 14<br \/>\n118 00 Praha 1 &#8211; Mal\u00e1 Strana<br \/>\nRepubblica Ceca<br \/>\nTelefono: +420 257 090 681<br \/>\ne-mail: <a href=\"mailto:iicpraga@esteri.it\">iicpraga@esteri.it<\/a><\/p>\n<p>&nbsp;<\/p>\n<ul style=\"font-weight: 400;\">\n<li style=\"text-align: justify;\"><a href=\"https:\/\/iicpraga.esteri.it\/iic_praga\/it\/istituto\/sala_stampa\/rassegna_stampa\" target=\"_blank\" rel=\"noopener\">Rassegna stampa<\/a><\/li>\n<li style=\"text-align: justify;\"><a href=\"https:\/\/iicpraga.esteri.it\/iic_praga\/it\/istituto\/sala_stampa\/press_kit\" target=\"_blank\" rel=\"noopener\">Press kit<\/a><\/li>\n<li style=\"text-align: justify;\"><a href=\"https:\/\/iicpraga.esteri.it\/iic_praga\/it\/istituto\/sala_stampa\/galleria_immagini\" target=\"_blank\" rel=\"noopener\">Galleria immagini<\/a><\/li>\n<\/ul>\n","protected":false},"excerpt":{"rendered":"&nbsp; Il braccio operativo dell&#8217;Ambasciata nella promozione dei rapporti e degli scambi culturali tra Italia e Repubblica Ceca, oltre che nella diffusione della cultura e della lingua italiana sul territorio ceco, \u00e8 l&#8217;Istituto Italiano di Cultura di Praga. Le linee guida in materia di rapporti bilaterali tra i due Paesi sono state definite dall\u2019Accordo Culturale [&hellip;]","protected":false},"author":1,"featured_media":0,"parent":14,"menu_order":2,"comment_status":"closed","ping_status":"closed","template":"","meta":{"footnotes":""},"class_list":["post-44","page","type-page","status-publish","hentry"],"_links":{"self":[{"href":"https:\/\/ambpraga.esteri.it\/it\/wp-json\/wp\/v2\/pages\/44","targetHints":{"allow":["GET"]}}],"collection":[{"href":"https:\/\/ambpraga.esteri.it\/it\/wp-json\/wp\/v2\/pages"}],"about":[{"href":"https:\/\/ambpraga.esteri.it\/it\/wp-json\/wp\/v2\/types\/page"}],"author":[{"embeddable":true,"href":"https:\/\/ambpraga.esteri.it\/it\/wp-json\/wp\/v2\/users\/1"}],"replies":[{"embeddable":true,"href":"https:\/\/ambpraga.esteri.it\/it\/wp-json\/wp\/v2\/comments?post=44"}],"version-history":[{"count":1,"href":"https:\/\/ambpraga.esteri.it\/it\/wp-json\/wp\/v2\/pages\/44\/revisions"}],"predecessor-version":[{"id":2161,"href":"https:\/\/ambpraga.esteri.it\/it\/wp-json\/wp\/v2\/pages\/44\/revisions\/2161"}],"up":[{"embeddable":true,"href":"https:\/\/ambpraga.esteri.it\/it\/wp-json\/wp\/v2\/pages\/14"}],"wp:attachment":[{"href":"https:\/\/ambpraga.esteri.it\/it\/wp-json\/wp\/v2\/media?parent=44"}],"curies":[{"name":"wp","href":"https:\/\/api.w.org\/{rel}","templated":true}]}}