{"id":45,"date":"2023-04-11T18:10:55","date_gmt":"2023-04-11T16:10:55","guid":{"rendered":"https:\/\/ambpraga.esteri.it\/?page_id=45"},"modified":"2024-08-01T14:56:43","modified_gmt":"2024-08-01T12:56:43","slug":"diplomazia-scientifica","status":"publish","type":"page","link":"https:\/\/ambpraga.esteri.it\/it\/italia-e-repubblica-ceca\/diplomazia-scientifica\/","title":{"rendered":"Diplomazia scientifica"},"content":{"rendered":"<p style=\"text-align: justify;\">Dal giorno 1 ottobre 2022 \u00e8 in servizio presso questa un addetto spaziale. La funzione di addetto spaziale \u00e8 relativamente nuova nei ruoli delle nostre Ambasciate ed \u00e8 stata introdotta per promuovere il posizionamento nazionale nel settore spazio. In particolare in Repubblica Ceca l\u2019addetto spaziale cura le relazioni bilaterali e i rapporti con l\u2019Agenzia Spaziale dell\u2019Unione Europea (EUSPA) per favorire il coinvolgimento delle eccellenze nazionali. Il dossier dell\u2019addetto spaziale include anche l\u2019individuazione di nuove opportunit\u00e0 di cooperazione per il comparto spazio nazionale attraverso lo sviluppo di una rete di relazioni e contatti con gli interlocutori istituzionali, accademici e industriali presenti sul territorio e accreditati dalle diverse Ambasciate presenti a Praga.<\/p>\n<h4><strong>Ufficio dell\u2019Addetto Spaziale<\/strong><\/h4>\n<p style=\"padding-left: 40px;\"><em><strong>dott.ssa Maria Cristina Falvella<\/strong><\/em><\/p>\n<p style=\"padding-left: 40px;\">Tel.:\u00a0<strong>+420 233 080 210<\/strong><\/p>\n<p style=\"padding-left: 40px;\">E-mail:\u00a0<a href=\"mailto:cristina.falvella@esteri.it\">cristina.falvella@esteri.it<\/a><\/p>\n","protected":false},"excerpt":{"rendered":"Dal giorno 1 ottobre 2022 \u00e8 in servizio presso questa un addetto spaziale. La funzione di addetto spaziale \u00e8 relativamente nuova nei ruoli delle nostre Ambasciate ed \u00e8 stata introdotta per promuovere il posizionamento nazionale nel settore spazio. In particolare in Repubblica Ceca l\u2019addetto spaziale cura le relazioni bilaterali e i rapporti con l\u2019Agenzia Spaziale [&hellip;]","protected":false},"author":1,"featured_media":0,"parent":14,"menu_order":4,"comment_status":"closed","ping_status":"closed","template":"","meta":{"footnotes":""},"class_list":["post-45","page","type-page","status-publish","hentry"],"_links":{"self":[{"href":"https:\/\/ambpraga.esteri.it\/it\/wp-json\/wp\/v2\/pages\/45","targetHints":{"allow":["GET"]}}],"collection":[{"href":"https:\/\/ambpraga.esteri.it\/it\/wp-json\/wp\/v2\/pages"}],"about":[{"href":"https:\/\/ambpraga.esteri.it\/it\/wp-json\/wp\/v2\/types\/page"}],"author":[{"embeddable":true,"href":"https:\/\/ambpraga.esteri.it\/it\/wp-json\/wp\/v2\/users\/1"}],"replies":[{"embeddable":true,"href":"https:\/\/ambpraga.esteri.it\/it\/wp-json\/wp\/v2\/comments?post=45"}],"version-history":[{"count":3,"href":"https:\/\/ambpraga.esteri.it\/it\/wp-json\/wp\/v2\/pages\/45\/revisions"}],"predecessor-version":[{"id":3484,"href":"https:\/\/ambpraga.esteri.it\/it\/wp-json\/wp\/v2\/pages\/45\/revisions\/3484"}],"up":[{"embeddable":true,"href":"https:\/\/ambpraga.esteri.it\/it\/wp-json\/wp\/v2\/pages\/14"}],"wp:attachment":[{"href":"https:\/\/ambpraga.esteri.it\/it\/wp-json\/wp\/v2\/media?parent=45"}],"curies":[{"name":"wp","href":"https:\/\/api.w.org\/{rel}","templated":true}]}}