{"id":545,"date":"2023-05-03T13:01:33","date_gmt":"2023-05-03T11:01:33","guid":{"rendered":"https:\/\/ambpraga.esteri.it\/?page_id=545"},"modified":"2026-03-03T11:31:37","modified_gmt":"2026-03-03T10:31:37","slug":"cittadinanza-per-matrimonio","status":"publish","type":"page","link":"https:\/\/ambpraga.esteri.it\/it\/servizi-consolari-e-visti\/servizi-per-il-cittadino-straniero\/cittadinanza\/cittadinanza-per-matrimonio\/","title":{"rendered":"Cittadinanza per matrimonio"},"content":{"rendered":"<p><img loading=\"lazy\" decoding=\"async\" class=\"aligncenter size-full wp-image-550 img-fluid\" src=\"https:\/\/ambpraga.esteri.it\/wp-content\/uploads\/2023\/05\/matrimonio-foto.jpg\" alt=\"\" width=\"1280\" height=\"720\" srcset=\"https:\/\/ambpraga.esteri.it\/wp-content\/uploads\/2023\/05\/matrimonio-foto.jpg 1280w, https:\/\/ambpraga.esteri.it\/wp-content\/uploads\/2023\/05\/matrimonio-foto-300x169.jpg 300w, https:\/\/ambpraga.esteri.it\/wp-content\/uploads\/2023\/05\/matrimonio-foto-1024x576.jpg 1024w, https:\/\/ambpraga.esteri.it\/wp-content\/uploads\/2023\/05\/matrimonio-foto-768x432.jpg 768w\" sizes=\"auto, (max-width: 1280px) 100vw, 1280px\" \/><\/p>\n<p><strong> CENNI NORMATIVI<\/strong><\/p>\n<p style=\"text-align: justify;\"><em>In conformit\u00e0 alla normativa in vigore, che richiede la conoscenza della lingua italiana, le informazioni relative alla cittadinanza per matrimonio vengono fornite in italiano.<\/em><\/p>\n<p style=\"text-align: justify;\"><em>Coloro che richiedono la cittadinanza italiana per matrimonio o unione civile devono essere a conoscenza dei doveri nei confronti della Repubblica italiana, primi fra tutti l\u2019adesione ai valori nazionali e l\u2019irreprensibilit\u00e0 della condotta.<\/em><\/p>\n<p style=\"text-align: justify;\">L\u2019acquisto della cittadinanza italiana da parte del coniuge straniero o apolide che abbia contratto matrimonio con cittadino italiano a partire dal 27 aprile 1983 \u00e8 attualmente regolato dalla Legge 5 febbraio 1992 n. 91 (artt. 5, 6, 7 e 8) e successive modifiche.<\/p>\n<p style=\"text-align: justify;\">Le richieste di cittadinanza italiana possono essere presentate anche da parte del cittadino o della cittadina stranieri che hanno costituito un\u2019unione civile con cittadino\/a italiano\/a trascritta nei registri dello stato civile del Comune italiano (D. Lgs. 5, 6 e 7\/ 2017).<\/p>\n<p style=\"text-align: justify;\">Il coniuge\/parte dell\u2019unione civile straniero pu\u00f2 acquistare la cittadinanza italiana su domanda, in presenza dei requisiti stabiliti dalla normativa vigente, come spiegato nelle sezioni successive.<\/p>\n<p style=\"text-align: justify;\">Riferimenti normativi:<\/p>\n<ul>\n<li style=\"text-align: justify;\"><a href=\"https:\/\/www.normattiva.it\/uri-res\/N2Ls?urn:nir:stato:legge:1983-04-21;123~art39\" target=\"_blank\" rel=\"noopener\">Legge N.123 del 21 aprile 1983<\/a><\/li>\n<li style=\"text-align: justify;\"><a href=\"https:\/\/www.normattiva.it\/uri-res\/N2Ls?urn:nir:stato:legge:1992-02-05;91!vig=\" target=\"_blank\" rel=\"noopener\">Legge N. 91 del 5 febbraio 1992<\/a><\/li>\n<li style=\"text-align: justify;\">Decreti legislativi N. <a href=\"https:\/\/www.normattiva.it\/uri-res\/N2Ls?urn:nir:stato:decreto.legislativo:2017-01-19;5\" target=\"_blank\" rel=\"noopener\">5<\/a>, <a href=\"https:\/\/www.normattiva.it\/uri-res\/N2Ls?urn:nir:stato:decreto.legislativo:2017-01-19;6\" target=\"_blank\" rel=\"noopener\">6<\/a> e <a href=\"https:\/\/www.normattiva.it\/uri-res\/N2Ls?urn:nir:stato:decreto.legislativo:2017-01-19;7!vig=\" target=\"_blank\" rel=\"noopener\">7<\/a> del 19 gennaio 2017<\/li>\n<li style=\"text-align: justify;\"><a href=\"https:\/\/www.normattiva.it\/uri-res\/N2Ls?urn:nir:stato:decreto.legge:2018;113~art13\" target=\"_blank\" rel=\"noopener\">Decreto Legge N. 113 del 4 ottobre 2018<\/a> (decreto sicurezza), convertito dalla Legge N.132 del 1 dicembre 2018<\/li>\n<li style=\"text-align: justify;\"><a href=\"https:\/\/www.normattiva.it\/uri-res\/N2Ls?urn:nir:stato:decreto.legge:2020-10-21;130\">Decreto Legge N. 130 del\u00a0 21 ottobre 2020<\/a>, convertito dalla Legge N. 173 del 18 dicembre 2020<\/li>\n<\/ul>\n<p><strong> REQUISITI PER LA RICHIESTA DI CITTADINANZA<\/strong><\/p>\n<ul style=\"text-align: justify;\">\n<li><strong><span style=\"text-decoration: underline;\">Residenza <\/span>nella circoscrizione consolare:<\/strong><\/li>\n<li>Il richiedente dovr\u00e0 indirizzare la domanda alla Rappresentanza diplomatico-consolare competente per la sua residenza <strong>per il tramite del portale cittadinanza del Ministero dell&#8217;Interno <a href=\"https:\/\/portaleserviziapp.dlci.interno.it\/\">https:\/\/portaleserviziapp.dlci.interno.it\/<\/a>;<\/strong><\/li>\n<li><strong>Il coniuge\/parte dell\u2019unione civile di nazionalit\u00e0 italiana deve essere residente e regolarmente iscritto all\u2019anagrafe degli italiani residenti all\u2019estero (A.I.R.E.) della circoscrizione consolare di competenza e convivente allo stesso indirizzo del richiedente la cittadinanza. In caso contrario,<\/strong> dovr\u00e0 fornire documentazione comprovante la motivazione (es. lavoro, scolarit\u00e0 dei figli, cure mediche o altro), che determina o ha determinato la necessit\u00e0 di domicilio disgiunto;<\/li>\n<li><strong><u>Termini di presentazione<\/u>: la domanda pu\u00f2 essere presentata tre anni dopo il matrimonio\/unione civile<\/strong> se il coniuge \u00e8 cittadino italiano <em>iure sanguinis<\/em>; in caso di naturalizzazione avvenuta dopo il matrimonio, i tre anni decorrono dalla data della naturalizzazione del coniuge. I tre anni vengono ridotti a un anno e mezzo in presenza di figli nati o adottati dai coniugi;<\/li>\n<li><strong><u>Trascrizione del matrimonio\/unione civile<\/u><\/strong>: se avvenuti all&#8217;estero, devono essere stati trascritti presso il Comune in Italia;<\/li>\n<li><strong><u>Validit\u00e0<\/u><\/strong> del matrimonio\/unione civile e stabilit\u00e0 del vincolo di coniugio\/unione civile fino all\u2019adozione del provvedimento di concessione della cittadinanza. Al fine del conferimento della cittadinanza italiana, alla data di adozione del decreto non devono essere intervenuti lo scioglimento, l\u2019annullamento o la cessazione degli effetti civili del matrimonio\/unione civile (separazione personale, divorzio, decesso del coniuge o parte dell\u2019unione civile);<\/li>\n<li><strong><u>Assenza<\/u><\/strong> di sentenze di condanna da parte delle Autorit\u00e0 giudiziarie italiane per reati per i quali sia prevista una pena superiore a tre anni di reclusione;<\/li>\n<li><strong><u>Assenza<\/u><\/strong> di sentenze di condanna da parte delle Autorit\u00e0 giudiziarie straniere ad una pena superiore ad un anno per reati non politici;<\/li>\n<li><strong><u>Assenza<\/u><\/strong> di condanne per delitti contro la personalit\u00e0 dello Stato;<\/li>\n<li><strong><u>Assenza<\/u><\/strong> di motivi ostativi per la sicurezza della Repubblica;<\/li>\n<li>Conoscenza della <strong><u>lingua italiana<\/u><\/strong> non inferiore a livello B1 del Quadro Comune Europeo di Riferimento (QCER).<\/li>\n<li><strong><u>Pagamento<\/u><\/strong> delle tasse e percezioni indicate nella sezione documenti e costi.<\/li>\n<\/ul>\n<p><strong> DOCUMENTI NECESSARI PER LA RICHIESTA DI CITTADINANZA<\/strong><\/p>\n<ol>\n<li style=\"text-align: justify;\"><strong> Estratto dell\u2019atto di nascita o equivalente: <\/strong>in originale, rilasciato possibilmente da non oltre sei mesi dal Paese in cui si \u00e8 nati, completo di tutte le generalit\u00e0 (incluse paternit\u00e0 e maternit\u00e0), debitamente legalizzato\/apostillato e tradotto in lingua italiana. <strong>Dal 16.02.2019<\/strong><strong> per i cittadini cechi occorre semplicemente allegare l&#8217;atto di nascita redatto su formulario plurilingue (allegato 1 Reg. UE)<\/strong><\/li>\n<li style=\"text-align: justify;\"><strong> Certificato Penale del Paese di origine e degli eventuali Paesi terzi di residenza (a partire dai 14 anni d\u2019et\u00e0) <\/strong>\u2013 tranne l\u2019Italia \u2013 e dei Paesi di cui si possiede la cittadinanza, in originale, rilasciato da non oltre sei mesi prima della presentazione della domanda, debitamente legalizzato\/apostillato e tradotto in lingua italiana.<\/li>\n<\/ol>\n<p style=\"text-align: justify; padding-left: 40px;\">Il richiedente \u00e8 esonerato dal presentare il certificato penale del Paese di origine solo se lo ha lasciato prima del compimento dei 14 anni e non ne ha conservato la cittadinanza.<\/p>\n<p style=\"padding-left: 40px; text-align: justify;\">Il certificato penale si richiede al Tribunale (Legerova 1877\/7, 120 00 Praha 2) e deve essere munito di \u201cApostille\u201d del Ministero degli Affari Esteri Ceco. Al certificato deve essere allegata la traduzione giurata in lingua italiana dichiarata conforme all\u2019originale da un traduttore pubblico presente nella lista di questa Cancelleria Consolare pubblicata sul sito web. La firma del traduttore dovr\u00e0 essere successivamente legalizzata da questa cancelleria consolare.<\/p>\n<p style=\"padding-left: 40px; text-align: justify;\"><strong>Solo per i cittadini cechi<\/strong>: dal 16.02.2019 il certificato penale rilasciato dalle Autorit\u00e0 ceche non richiede \u201cApostille\u201d e se rilasciato con allegato formulario plurilingue non richiede traduzione.<\/p>\n<ol style=\"text-align: justify;\" start=\"3\">\n<li><strong> Ricevuta del versamento del contributo di euro 250,00 a favore del Ministero dell\u2019Interno, con le modalit\u00e0 indicate nella sezione \u201cCosti\u201d.<\/strong><\/li>\n<li><strong> Documento di identit\u00e0: <\/strong>fotocopia del passaporto in corso di validit\u00e0 (pagine con i dati personali, fotografia, date di rilascio e scadenza) oppure carta di identit\u00e0.<\/li>\n<li><strong> Copia dell\u2019atto di matrimonio o estratto per riassunto del registro dei matrimoni<\/strong>, da richiedere al competente Comune italiano in cui l\u2019atto risulta trascritto, possibilmente rilasciato da non oltre sei mesi prima dell\u2019istanza. Questo documento pu\u00f2 essere inserito al momento della presentazione della domanda alla voce \u201cdocumento generico\u201d e andr\u00e0 presentato al momento della convocazione presso gli Uffici Consolari.<\/li>\n<\/ol>\n<p style=\"text-align: justify; padding-left: 40px;\">NOTA BENE: Qualora il richiedente sia un cittadino UE, potr\u00e0 avvalersi dell\u2019autocertificazione al posto dell\u2019atto di matrimonio, stato di famiglia e certificato di cittadinanza del coniuge\/parte dell\u2019unione civile (DPR 445\/2000)<\/p>\n<ol style=\"text-align: justify;\" start=\"7\">\n<li><strong> Permesso di soggiorno ceco di lunga durata in corso di validit\u00e0 e \u201ccertificato di residenza\u201d<\/strong><strong>. I cittadini cechi e UE devono presentare un attestato di residenza con allegato X formulario multilingue rilasciato dalla Posta ceca (<\/strong>POSKYTNUT\u00cd \u00daDAJ\u00da Z REGISTRU OBYVATEL FYZICK\u00c9 OSOB\u011a). I cittadini NON-UE devono presentare il certificato di residenza rilasciato dal Dipartimento per le politiche d\u2019asilo e migratorie (OAMP) competente per residenza.<\/li>\n<li><strong>Certificato di conoscenza della lingua italiana non inferiore al livello B1 del Quadro Comune Europeo di Riferimento (QCER)<\/strong> o titolo di studio rilasciato da un istituto di istruzione pubblico o paritario riconosciuto dal Ministero dell\u2019Istruzione, dell\u2019Universit\u00e0 e della Ricerca e dal Ministero degli Affari Esteri e della Cooperazione internazionale.<\/li>\n<\/ol>\n<p style=\"text-align: justify;\">Gli enti certificatori CLIQ (Certificazione Lingua Italiana di Qualit\u00e0) &#8211; eventualmente in regime di collaborazione con i locali istituti italiani di cultura \u2013 sono esclusivamente l\u2019Universit\u00e0 per stranieri di Siena, l\u2019Universit\u00e0 per stranieri di Perugia, l\u2019Universit\u00e0 Roma Tre e la Societ\u00e0 Dante Alighieri.<\/p>\n<p style=\"text-align: justify;\">Nella Repubblica ceca sono presenti l\u2019Istituto italiano di cultura (<a href=\"http:\/\/www.iicpraga.esteri.it\">www.iicpraga.esteri.it<\/a>) e la Societ\u00e0 Dante Alighieri\u00a0(<a href=\"http:\/\/www.dantepraga.cz\">www.dantepraga.cz<\/a>).<\/p>\n<p style=\"text-align: justify;\">Non sono tenuti alla presentazione del titolo di conoscenza della lingua italiana:<\/p>\n<ul style=\"text-align: justify;\">\n<li>Gli stranieri (anche se residenti all\u2019estero) che abbiano sottoscritto l\u2019accordo di integrazione di cui all\u2019art. 4 bis del d.lgs. n. 286\/1998 Testo Unico Immigrazione<\/li>\n<li>I titolari di permesso di soggiorno UE (o CE) rilasciato dall&#8217;Italia per soggiornanti di lungo periodo di cui all\u2019articolo 9 del medesimo testo unico.<\/li>\n<\/ul>\n<p><strong> PROCEDURA<\/strong><\/p>\n<p style=\"text-align: justify;\"><strong>FASE 1 \u2013 <\/strong><strong>REGISTRAZIONE<\/strong><\/p>\n<p style=\"text-align: justify;\"><strong>Il richiedente dovr\u00e0 effettuare la registrazione sul portale del Ministero dell\u2019Interno <\/strong>(<a href=\"https:\/\/www.interno.gov.it\/it\/temi\/cittadinanza-e-altri-diritti-civili\/cittadinanza\/cittadinanza-invia-tua-domanda\" target=\"_blank\" rel=\"noopener\">https:\/\/www.interno.gov.it\/it\/temi\/cittadinanza-e-altri-diritti-civili\/cittadinanza\/cittadinanza-invia-tua-domanda<\/a>).<\/p>\n<p style=\"text-align: justify;\">Si precisa che l\u2019indirizzo email dichiarato sul portale in fase di inoltro della domanda on line costituisce domicilio eletto (art. 47 c.c.), si rende pertanto necessaria una frequente consultazione della propria email in quanto tutte le comunicazioni relative alla domanda di cittadinanza, ivi comprese richieste di integrazione documentale, convocazioni, notifiche di provvedimenti, ecc. avverranno UNICAMENTE tramite canale informatico.<\/p>\n<p style=\"text-align: justify;\"><strong>FASE 2 \u2013 INSERIMENTO ISTANZA (Modello AE)<\/strong><\/p>\n<p style=\"text-align: justify;\">Una volta registrato, il richiedente potr\u00e0 procedere alla compilazione della domanda \u201conline\u201d e all\u2019inserimento di tutti i documenti richiesti sull\u2019apposito portale del Ministero dell\u2019Interno:<\/p>\n<p style=\"text-align: justify;\">(<a href=\"https:\/\/portaleserviziapp.dlci.interno.it\">https:\/\/portaleserviziapp.dlci.interno.it<\/a>). <strong>Qualsiasi domanda di carattere tecnico o di contenuto relativa all\u2019istanza online dovr\u00e0 essere risolta rivolgendosi direttamente al Ministero dell\u2019Interno che ha predisposto un servizio di assistenza con FAQ e HelpDesk dedicati.<\/strong><\/p>\n<p style=\"text-align: justify;\"><strong>Attenzione: NOTE PER LA COMPILAZIONE DELLA DOMANDA ONLINE<\/strong><\/p>\n<ul style=\"text-align: justify;\">\n<li>nel modulo di registrazione vanno inseriti DATA E LUOGO DI NASCITA cos\u00ec come indicati nell\u2019atto di nascita. <strong>I dati cosi\u0300 inseriti non potranno pi\u00f9 essere modificati e saranno riportati nel successivo decreto. E\u2019 quindi molto importante compilare con attenzione questa prima scheda anagrafica.<\/strong><\/li>\n<li>Nelle schermate successive l\u2019istante dovr\u00e0\u0300 compilare altre specifiche maschere anagrafiche per ciascuno dei documenti inseriti a corredo della domanda (certificati penali, documento di riconoscimento, estratto di matrimonio, certificato di lingua italiana\u2026). <strong>I dati anagrafici inseriti per ogni scheda dovranno sempre coincidere. <\/strong>Vanno riportate le GENERALIT\u00c0 indicate in atti e documenti formati all\u2019estero dalle competenti autorit\u00e0 straniere. In caso di discordanze, fornire documentazione giustificativa.<\/li>\n<li>Specificare nell&#8217;istanza l&#8217;eventuale presenza di figli minori del\/della richiedente, nati da una precedente relazione.<\/li>\n<li>Una volta inviato il modulo, il sistema invier\u00e0 una mail all&#8217;indirizzo di posta elettronica utilizzato per la registrazione. Sar\u00e0 necessario seguire le istruzioni ricevute per confermare la registrazione tramite il link ricevuto nella mail. Una volta effettuata la conferma della registrazione, sar\u00e0 possibile accedere al sistema con la userID e password create per la propria utenza.<\/li>\n<\/ul>\n<p style=\"text-align: justify;\"><strong>FASE 3 \u2013 VERIFICA CONSOLARE<\/strong><\/p>\n<p style=\"text-align: justify;\">L\u2019Ufficio Consolare sar\u00e0 automaticamente informato della presentazione della domanda e proceder\u00e0 alle necessarie VERIFICHE.<\/p>\n<p style=\"text-align: justify;\">Il richiedente ricever\u00e0 quindi, in modalit\u00e0 telematica tramite il portale del Ministero dell\u2019Interno, una comunicazione relativa all\u2019accettazione o al motivo dell\u2019inammissibilit\u00e0.<\/p>\n<p style=\"text-align: justify;\">In caso di accettazione della domanda, il richiedente sar\u00e0 convocato, per via telematica, presso la Rappresentanza diplomatico-consolare per l\u2019autentica della firma apposta sulla domanda di cittadinanza, per la consegna di tutta la documentazione cartacea IN ORIGINALE, ivi compresa quella gi\u00e0 trasmessa per via telematica tramite il Portale, per la riscossione o verifica dell\u2019avvenuto pagamento delle percezioni consolari previste.<\/p>\n<p style=\"text-align: justify;\">Tutta la documentazione di cui sopra sar\u00e0 conservata in originale dalla Rappresentanza diplomatico-consolare, ad eccezione del passaporto e del certificato linguistico, per i quali verr\u00e0 effettuata una copia conforme con relativi pagamenti.<\/p>\n<p style=\"text-align: justify;\"><strong>FASE 4 \u2013 VALUTAZIONE e TERMINI DEL PROCEDIMENTO<\/strong><\/p>\n<p style=\"text-align: justify;\">La valutazione della domanda e la definizione del procedimento sono di esclusiva competenza del Ministero dell\u2019Interno: 24 mesi dalla data di presentazione della domanda &#8211; prorogabili fino al massimo di 36 mesi &#8211; per le istanze di cittadinanza presentate a partire dal 20 dicembre 2020 (data di entrata in vigore della L. 18 dicembre 2020 n. 173). Qualora al termine della valutazione della pratica il procedimento si concluda positivamente, il Ministero dell\u2019Interno invier\u00e0 il Decreto di conferimento di cittadinanza italiana alla Rappresentanza diplomatico-consolare competente per residenza dell\u2019interessato\/a.<\/p>\n<p style=\"text-align: justify;\"><strong>FASE 5<\/strong> \u2013 <strong>DECRETO, NOTIFICA E GIURAMENTO<\/strong><\/p>\n<p style=\"text-align: justify;\">Il Decreto di conferimento della cittadinanza italiana verr\u00e0 notificato \u2013 tramite portale \u2013 con comunicazione indirizzata all\u2019email indicata dal richiedente in fase di registrazione. All\u2019atto della notifica verranno altres\u00ec richiesti documenti \u2013 previsti dalla normativa nazionale \u2013 volti a verificare la permanenza del vincolo coniugale. Tali documenti devono avere data successiva all\u2019adozione del decreto:<\/p>\n<ul style=\"text-align: justify;\">\n<li>atto integrale di matrimonio rilasciato dal competente Comune italiano;<\/li>\n<li>certificato penale del Paese di attuale residenza, debitamente legalizzato e tradotto (vedi sezione documenti);<\/li>\n<li>certificato di esistenza in vita del coniuge\/parte dell\u2019unione civile italiano\/a qualora non sia presente all\u2019atto del giuramento.<\/li>\n<\/ul>\n<p style=\"text-align: justify;\">Alla data di adozione del decreto, quindi, non deve essere intervenuto lo scioglimento, l\u2019annullamento o la cessazione degli effetti civili del matrimonio o dell\u2019unione civile n\u00e9 la separazione personale (sentenza di separazione).<\/p>\n<p style=\"text-align: justify;\">Entro e non oltre sei mesi dalla notifica, l\u2019interessato verr\u00e0 convocato presso gli uffici consolari, per prestare giuramento di fedelt\u00e0 alla Repubblica e alle sue leggi.<\/p>\n<p style=\"text-align: justify;\">\u00c8 previsto il pagamento della marca da bollo sul decreto.<\/p>\n<p style=\"text-align: justify;\">L\u2019atto integrale di matrimonio va richiesto al Comune italiano nei cui registri l\u2019atto risulta trascritto; il certificato penale si richiede alle Autorit\u00e0 competenti nel paese di residenza e<strong> dovr\u00e0 <\/strong>essere in regola con le disposizioni in materia di legalizzazione\/apostille e traduzione, come spiegato nella sezione \u201cdocumenti\u201d.<\/p>\n<p style=\"text-align: justify;\">La persona interessata prester\u00e0 giuramento di fedelt\u00e0 alla Repubblica italiana pronunciando le parole:<\/p>\n<p style=\"text-align: justify;\">\u201cGIURO DI ESSERE FEDELE ALLA REPUBBLICA E DI OSSERVARE LA <a href=\"https:\/\/www.cortecostituzionale.it\/documenti\/download\/pdf\/Costituzione_della_Repubblica_italiana.pdf\">COSTITUZIONE<\/a> E LE LEGGI DELLO STATO\u201d<\/p>\n<p style=\"text-align: justify;\">Gli effetti del giuramento, ovvero l\u2019acquisto della cittadinanza italiana, saranno efficaci a partire dal giorno successivo a quello del giuramento.<\/p>\n<p style=\"text-align: justify;\">Il certificato di nascita originale sar\u00e0 inviato per la trascrizione al Comune italiano di riferimento insieme alla richiesta di iscrizione all\u2019AIRE e al verbale dell\u2019avvenuto giuramento.<\/p>\n<p><strong> SEMPLIFICAZIONE AMMINISTRATIVA E COSTI<\/strong><\/p>\n<p style=\"text-align: justify;\">Se il richiedente \u00e8 un cittadino di un paese UE potr\u00e0 avvalersi dell\u2019autocertificazione per il possesso della cittadinanza italiana del coniuge\/parte dell\u2019unione civile, per il vincolo di coniugio\/unione civile con cittadino\/a italiano\/a e la composizione del nucleo familiare.<\/p>\n<p style=\"text-align: justify;\">Le informazioni, i dati e i documenti gi\u00e0 in possesso della Pubblica Amministrazione sono acquisite d\u2019ufficio, previa indicazione da parte dell\u2019interessato degli elementi indispensabili per il reperimento delle informazioni richieste (DPR 445\/2000).<\/p>\n<p style=\"text-align: justify;\"><strong>COSTI:<\/strong><\/p>\n<p style=\"text-align: justify;\">Dal 25 maggio 2022 il <b>bollo di 16,00 Euro<\/b> e <b>il contributo di Euro 250,0<\/b>0, necessari per la richiesta di cittadinanza italiana, dovranno essere pagati tramite <a href=\"https:\/\/www.pagopa.gov.it\/\" target=\"_blank\" rel=\"noopener\"><b>PagoPa<\/b><\/a> direttamente dal portale al momento della presentazione della domanda di cittadinanza.<\/p>\n<p style=\"text-align: justify;\">In alternativa, il contributo di euro 250,00 a favore del Ministero dell\u2019Interno, da effettuare esclusivamente sul conto corrente indicato dal Ministero dell\u2019Interno (ricevuta da inserire nella domanda online)<\/p>\n<ul>\n<li style=\"text-align: justify;\">\u201cMinistero dell\u2019Interno D.L.C.I Cittadinanza\u201d<\/li>\n<li style=\"text-align: justify;\">Nome della Banca: Poste Italiane S.p.A.<\/li>\n<li style=\"text-align: justify;\">Codice IBAN: IT54D0760103200000000809020<\/li>\n<li style=\"text-align: justify;\">Causale del versamento:\u00a0Richiesta cittadinanza per matrimonio ex art. 5 L. 91\/1992 e nome e cognome del richiedente<\/li>\n<li style=\"text-align: justify;\">Codice BIC\/SWIFT di Poste Italiane:\u00a0BPPIITRRXXX (per bonifici esteri);<\/li>\n<li style=\"text-align: justify;\">Codice BIC\/SWIFT: PIBPITRA (per operazioni del circuito EUROGIRO)<\/li>\n<\/ul>\n<p style=\"text-align: justify;\">Articoli della <a href=\"https:\/\/ambpraga.esteri.it\/it\/servizi-consolari-e-visti\/servizi-per-il-cittadino-italiano\/pagamenti-dei-servizi-consolari\/\" target=\"_blank\" rel=\"noopener\">tabella consolare<\/a> da applicare:<\/p>\n<ul style=\"text-align: justify;\">\n<li>Autentica di firma sull\u2019istanza: art. 24<\/li>\n<li>Legalizzazione firma del traduttore: art. 69<\/li>\n<li>Copia conforme del documento di identit\u00e0 in corso di validit\u00e0: art 71 (Laddove il documento non sia in caratteri latini occorre anche la traduzione)<\/li>\n<li>Copia conforme della certificazione linguistica: art. 71<\/li>\n<li>Marca da bollo sul decreto di cittadinanza: art N\/A<\/li>\n<\/ul>\n<p><strong> CONTATTI E LINK UTILI<\/strong><\/p>\n<ul>\n<li style=\"text-align: justify;\">TROVA IL TUO CONSOLATO: <a href=\"https:\/\/serviziconsolarionline.esteri.it\/ScoFE\/services\/consulate\/find-consulate.sco\">https:\/\/serviziconsolarionline.esteri.it\/ScoFE\/services\/consulate\/find-consulate.sco<\/a><\/li>\n<li style=\"text-align: justify;\">INVIA LA TUA DOMANDA AL MINISTERO DELL\u2019INTERNO <a href=\"https:\/\/portaleserviziapp.dlci.interno.it\">https:\/\/portaleserviziapp.dlci.interno.it<\/a><\/li>\n<li style=\"text-align: justify;\">SITO DEL MINISTERO DEGLI ESTERI\u00a0 <a href=\"https:\/\/www.esteri.it\/mae\/it\/servizi\/italiani-all-estero\/cittadinanza.html\">https:\/\/www.esteri.it\/mae\/it\/servizi\/italiani-all-estero\/cittadinanza.html<\/a><\/li>\n<li style=\"text-align: justify;\"><a href=\"https:\/\/ambpraga.esteri.it\/it\/servizi-consolari-e-visti\/servizi-per-il-cittadino-italiano\/pagamenti-dei-servizi-consolari\/\" target=\"_blank\" rel=\"noopener\">TABELLA CONSOLARE<\/a><\/li>\n<\/ul>\n<p style=\"text-align: justify;\"><strong>NOTA: fino al 27 aprile 1983 &#8211; data di entrata in vigore della precedente legge sulla cittadinanza n.123\/83 &#8211; la donna straniera che sposava un cittadino italiano acquisiva automaticamente la cittadinanza italiana.<\/strong><\/p>\n<p style=\"text-align: justify;\"><strong>Tuttavia, ai fini del riconoscimento della cittadinanza italiana, nonch\u00e9 per il successivo rilascio dei relativi documenti di identit\u00e0 \u00e8 necessario che l\u2019atto di nascita dell\u2019interessata sia trascritto in Italia previo pagamento della relativa tassa consolare di euro 300.<\/strong><\/p>\n<p style=\"text-align: justify;\"><strong>\u00a0<\/strong><\/p>\n","protected":false},"excerpt":{"rendered":"CENNI NORMATIVI In conformit\u00e0 alla normativa in vigore, che richiede la conoscenza della lingua italiana, le informazioni relative alla cittadinanza per matrimonio vengono fornite in italiano. Coloro che richiedono la cittadinanza italiana per matrimonio o unione civile devono essere a conoscenza dei doveri nei confronti della Repubblica italiana, primi fra tutti l\u2019adesione ai valori nazionali [&hellip;]","protected":false},"author":5,"featured_media":0,"parent":90,"menu_order":13,"comment_status":"closed","ping_status":"closed","template":"","meta":{"footnotes":""},"class_list":["post-545","page","type-page","status-publish","hentry"],"_links":{"self":[{"href":"https:\/\/ambpraga.esteri.it\/it\/wp-json\/wp\/v2\/pages\/545","targetHints":{"allow":["GET"]}}],"collection":[{"href":"https:\/\/ambpraga.esteri.it\/it\/wp-json\/wp\/v2\/pages"}],"about":[{"href":"https:\/\/ambpraga.esteri.it\/it\/wp-json\/wp\/v2\/types\/page"}],"author":[{"embeddable":true,"href":"https:\/\/ambpraga.esteri.it\/it\/wp-json\/wp\/v2\/users\/5"}],"replies":[{"embeddable":true,"href":"https:\/\/ambpraga.esteri.it\/it\/wp-json\/wp\/v2\/comments?post=545"}],"version-history":[{"count":5,"href":"https:\/\/ambpraga.esteri.it\/it\/wp-json\/wp\/v2\/pages\/545\/revisions"}],"predecessor-version":[{"id":3280,"href":"https:\/\/ambpraga.esteri.it\/it\/wp-json\/wp\/v2\/pages\/545\/revisions\/3280"}],"up":[{"embeddable":true,"href":"https:\/\/ambpraga.esteri.it\/it\/wp-json\/wp\/v2\/pages\/90"}],"wp:attachment":[{"href":"https:\/\/ambpraga.esteri.it\/it\/wp-json\/wp\/v2\/media?parent=545"}],"curies":[{"name":"wp","href":"https:\/\/api.w.org\/{rel}","templated":true}]}}