{"id":619,"date":"2023-05-04T14:41:55","date_gmt":"2023-05-04T12:41:55","guid":{"rendered":"https:\/\/ambpraga.esteri.it\/?page_id=619"},"modified":"2023-05-17T14:35:22","modified_gmt":"2023-05-17T12:35:22","slug":"accettazioni-rinuncia-alleredita","status":"publish","type":"page","link":"https:\/\/ambpraga.esteri.it\/it\/servizi-consolari-e-visti\/servizi-per-il-cittadino-italiano\/notarile\/accettazioni-rinuncia-alleredita\/","title":{"rendered":"Accettazioni\/Rinuncia all&#8217;eredit\u00e0"},"content":{"rendered":"<p style=\"text-align: justify;\">Le accettazioni\/rinunce all&#8217;eredit\u00e0 vanno fatte con un atto pubblico alla presenza di due testimoni:<\/p>\n<p style=\"text-align: justify;\">In Italia:<\/p>\n<ul>\n<li style=\"text-align: justify;\">da un Notaio oppure<\/li>\n<li style=\"text-align: justify;\">dal Cancelliere del Tribunale del circondario in cui si \u00e8 aperta la successione (Cancelleria della Volontaria Giurisdizione).<\/li>\n<\/ul>\n<p style=\"text-align: justify;\"><strong>All\u2019estero:<\/strong><\/p>\n<ul>\n<li style=\"text-align: justify;\"><strong>dal Funzionario consolare delegato.<\/strong><\/li>\n<\/ul>\n<p style=\"text-align: justify;\">Per sottoscrivere un atto pubblico di accettazione o di rinuncia all\u2019eredit\u00e0 presso questa Cancelleria Consolare occorre prenotare un appuntamento on-line sulla piattaforma <a href=\"https:\/\/prenotami.esteri.it\/\" target=\"_blank\" rel=\"noopener\">PRENOT@MI<\/a>.\u00a0<strong>\u00a0L\u2019appuntamento va prenotato almeno 7 giorni dopo l\u2019invio della documentazione al seguente indirizzo di posta elettronica\u00a0<a href=\"mailto:consolare.praga@esteri.it\">consolare.praga@esteri.it<\/a>). L\u2019invio di documentazione incompleta o non corretta sar\u00e0 segnalato dall\u2019ufficio consolare e comporter\u00e0 l\u2019annullamento dell\u2019appuntamento gi\u00e0 preso. Un nuovo appuntamento potr\u00e0 essere preso solo dopo almeno 7 giorni dall\u2019invio delle integrazioni documentali richieste.<\/strong><\/p>\n<p style=\"text-align: justify;\">Pertanto prima di prenotare l\u2019appuntamento l\u2019interessato dovr\u00e0 inviare i seguenti documenti, da presentare in originale il giorno dell\u2019appuntamento:<\/p>\n<ul>\n<li style=\"text-align: justify;\">Copia documento di identit\u00e0 italiano in corso di validit\u00e0 (passaporto o carta d\u2019identit\u00e0) dell\u2019interessato<\/li>\n<li style=\"text-align: justify;\">Codice fiscale dell\u2019interessato<\/li>\n<li style=\"text-align: justify;\">Certificato di morte della persona deceduta<\/li>\n<li style=\"text-align: justify;\">Codice fiscale della persona deceduta<\/li>\n<li style=\"text-align: justify;\">Dovranno inoltre essere forniti i dati relativi alla residenza anagrafica dell\u2019interessato e del defunto<\/li>\n<\/ul>\n<p style=\"text-align: justify;\">Il costo del servizio \u00e8 quello indicato all\u2019art. 26 della Tabella dei diritti consolari (Euro 28 da pagare in Corone ceche al tasso di cambio consolare corrente ed in contanti).<\/p>\n<p style=\"text-align: justify;\"><strong>N.B.: <\/strong><strong>Nel caso in cui l\u2019accettazione o la rinuncia all\u2019eredit\u00e0 riguardi un minore, sar\u00e0 necessario ottenere un\u2019autorizzazione del Giudice Tutelare.<\/strong><\/p>\n<p style=\"text-align: justify;\">In base al D. Lgs. 71\/2011 il Capo dell\u2019Ufficio Consolare esercita nei confronti dei cittadini minorenni, residenti in questa circoscrizione consolare ed iscritti all\u2019AIRE, le funzioni ed i poteri, in materia di tutela e di curatela, che le leggi dello Stato attribuiscono al giudice tutelare. In tal caso, i genitori o gli esercenti la responsabilit\u00e0 sui figli minori, residenti in questa circoscrizione consolare e iscritti all\u2019AIRE, devono presentare istanza al Capo della Cancelleria Consolare in qualit\u00e0 di giudice tutelare per le accettazioni\/rinunce all\u2019eredit\u00e0.<\/p>\n<ul>\n<li><a href=\"https:\/\/ambpraga.esteri.it\/wp-content\/uploads\/2023\/05\/Accettazione_eredita_minore.pdf\" target=\"_blank\" rel=\"noopener\">Accettazione eredit\u00e0 per minore<\/a><\/li>\n<li><a href=\"https:\/\/ambpraga.esteri.it\/wp-content\/uploads\/2023\/05\/Rinuncia_eredita_minore.pdf\" target=\"_blank\" rel=\"noopener\">Rinuncia all\u2019eredit\u00e0 per minore<\/a><\/li>\n<li style=\"text-align: justify;\"><a href=\"https:\/\/ambpraga.esteri.it\/wp-content\/uploads\/2023\/05\/Dichiarazione-sostitutiva-di-certificazione-o-di-atto-di-notorieta.pdf\" target=\"_blank\" rel=\"noopener\">Dichiarazione sostitutiva di atto notorio<\/a> sottoscritta da entrambi i genitori ove risulti chi sono tutti gli eredi o chiamati all\u2019eredit\u00e0 e che l\u2019eredit\u00e0 \u00e8 passiva. Occorre specificare e documentare le passivit\u00e0, indicando al contempo la presenza nel patrimonio della persona deceduta di eventuali beni, titoli o altre attivit\u00e0 a lui intestate.<\/li>\n<\/ul>\n<p style=\"text-align: justify;\">Si fa presente che i modelli di istanza sopra forniti, costituiscono una bozza che gli utenti potranno modificare ed adattare alle proprie esigenze.<\/p>\n<p style=\"text-align: justify;\">L\u2019istanza, deve essere presentata all\u2019Ufficio Notarile dai genitori congiuntamente o da quello di essi che esercita in via esclusiva la responsabilit\u00e0 genitoriale. Per depositare l\u2019istanza e la relativa documentazione sar\u00e0 necessario concordare un appuntamento via e-mail con l\u2019Ufficio notarile al seguente indirizzo di posta elettronica:\u00a0<a href=\"mailto:consolare.praga@esteri.it\">consolare.praga@esteri.it.<\/a><\/p>\n<p style=\"text-align: justify;\">Il Capo della Cancelleria Consolare pu\u00f2 autorizzare l&#8217;istanza cos\u00ec come proposta dalle parti o rigettarla se, dopo aver valutato l&#8217;interesse per il minore, non la ritenga tuttavia vantaggiosa. E\u2019 facolt\u00e0 del Capo della Cancelleria Consolare richiedere la produzione di ulteriore documentazione.<\/p>\n<p style=\"text-align: justify;\">Diritti consolari da pagarsi presso l\u2019Ufficio Cassa di questo Consolato Generale: Art 31 (Euro 11 per ogni istanza o provvedimento, da pagare in contanti in Corone ceche al tasso di cambio consolare corrente).<\/p>\n<p style=\"text-align: justify;\">La rinunzia all&#8217;eredit\u00e0 (art.519 cod.civ. ) deve essere inserita, ai sensi dell&#8217;art.52 disp. att. cod.civ. nel registro delle successioni tenuto presso la cancelleria del Tribunale nella cui circoscrizione sia aperta la successione.<\/p>\n<p style=\"text-align: justify;\">La dichiarazione effettuata presso questa Cancelleria consolare deve, pertanto, essere successivamente registrata, a cura dell\u2019interessato, presso la Cancelleria successioni del competente Tribunale italiano.<\/p>\n<p style=\"text-align: justify;\">Per modalit\u00e0 di registrazione e pagamento della relativa imposta contattare direttamente il Tribunale.<\/p>\n","protected":false},"excerpt":{"rendered":"Le accettazioni\/rinunce all&#8217;eredit\u00e0 vanno fatte con un atto pubblico alla presenza di due testimoni: In Italia: da un Notaio oppure dal Cancelliere del Tribunale del circondario in cui si \u00e8 aperta la successione (Cancelleria della Volontaria Giurisdizione). All\u2019estero: dal Funzionario consolare delegato. Per sottoscrivere un atto pubblico di accettazione o di rinuncia all\u2019eredit\u00e0 presso questa [&hellip;]","protected":false},"author":5,"featured_media":0,"parent":394,"menu_order":1,"comment_status":"closed","ping_status":"closed","template":"","meta":{"footnotes":""},"class_list":["post-619","page","type-page","status-publish","hentry"],"_links":{"self":[{"href":"https:\/\/ambpraga.esteri.it\/it\/wp-json\/wp\/v2\/pages\/619","targetHints":{"allow":["GET"]}}],"collection":[{"href":"https:\/\/ambpraga.esteri.it\/it\/wp-json\/wp\/v2\/pages"}],"about":[{"href":"https:\/\/ambpraga.esteri.it\/it\/wp-json\/wp\/v2\/types\/page"}],"author":[{"embeddable":true,"href":"https:\/\/ambpraga.esteri.it\/it\/wp-json\/wp\/v2\/users\/5"}],"replies":[{"embeddable":true,"href":"https:\/\/ambpraga.esteri.it\/it\/wp-json\/wp\/v2\/comments?post=619"}],"version-history":[{"count":0,"href":"https:\/\/ambpraga.esteri.it\/it\/wp-json\/wp\/v2\/pages\/619\/revisions"}],"up":[{"embeddable":true,"href":"https:\/\/ambpraga.esteri.it\/it\/wp-json\/wp\/v2\/pages\/394"}],"wp:attachment":[{"href":"https:\/\/ambpraga.esteri.it\/it\/wp-json\/wp\/v2\/media?parent=619"}],"curies":[{"name":"wp","href":"https:\/\/api.w.org\/{rel}","templated":true}]}}