{"id":757,"date":"2023-05-11T09:03:22","date_gmt":"2023-05-11T07:03:22","guid":{"rendered":"https:\/\/ambpraga.esteri.it\/?page_id=757"},"modified":"2026-03-03T14:10:37","modified_gmt":"2026-03-03T13:10:37","slug":"carte-di-identita-elettroniche-cie","status":"publish","type":"page","link":"https:\/\/ambpraga.esteri.it\/it\/servizi-consolari-e-visti\/servizi-per-il-cittadino-italiano\/carte-di-identita-elettroniche-cie\/","title":{"rendered":"Carte di Identit\u00e0 Elettroniche (CIE)"},"content":{"rendered":"<p style=\"text-align: justify;\">La Carta di identit\u00e0 elettronica si pu\u00f2 richiedere, previo appuntamento, tramite la piattaforma <a href=\"https:\/\/prenotami.esteri.it\/\">PRENOT@MI<\/a>.<\/p>\n<p style=\"text-align: justify;\">La CIE potr\u00e0 essere rilasciata <u>esclusivamente<\/u> ai cittadini italiani regolarmente residenti nella propria circoscrizione consolare, in possesso della documentazione prescritta.<\/p>\n<p style=\"text-align: justify;\">NON \u00e8 possibile richiedere la CIE per un cittadino che non sia gi\u00e0 iscritto all\u2019AIRE (Anagrafe degli Italiani Residenti all\u2019Estero) presso la nostra circoscrizione consolare.<\/p>\n<p style=\"text-align: justify;\"><strong>N.B.: a decorrere dal 01\/06\/2026 i cittadini regolarmente iscritti AIRE avranno la possibilit\u00e0 di richiedere la CIE presso qualsiasi Comune italiano. La carta d&#8217;identit\u00e0 sar\u00e0 consegnata con le medesime modalit\u00e0 previste in caso di domanda presentata tramite l&#8217;Ufficio consolare, con facolt\u00e0 per l&#8217;interessato di ritirarla personalmente presso il Comune ovvero di richiederne la spedizione all&#8217;estero.<\/strong><\/p>\n<p style=\"text-align: justify;\">Accertata la completezza della documentazione presentata e la insussistenza di cause ostative (precedenti penali, mancanza di assenso dell\u2019altro genitore etc.) il documento potr\u00e0 essere inviato per la produzione il giorno stesso dell\u2019appuntamento.<\/p>\n<p style=\"text-align: justify;\">La CIE <strong>non <\/strong>\u00e8\u00a0rilasciata a vista il giorno dell\u2019appuntamento ma viene prodotta dall\u2019Istituto Poligrafico e Zecca dello Stato di Roma e successivamente spedita dall\u2019Italia, a mezzo posta, presso l\u2019indirizzo di residenza (o recapito) dichiarato dal richiedente.<\/p>\n<p style=\"text-align: justify;\">I tempi di attesa per il recapito del documento, successivi all\u2019appuntamento sono di circa un mese.<\/p>\n<p style=\"text-align: justify;\"><strong>\u00a0<\/strong><\/p>\n<p style=\"text-align: justify;\"><strong>MODALITA\u2019 DI RICHIESTA DELLA CARTA D\u2019IDENTITA\u2019 ELETTRONICA:<\/strong><\/p>\n<p style=\"text-align: justify;\">Per richiedere il rilascio della carta d\u2019identit\u00e0 elettronica \u00e8 necessario prenotare un appuntamento utilizzando la piattaforma <a href=\"https:\/\/prenotami.esteri.it\/\">Prenot@mi<\/a>.<\/p>\n<p style=\"text-align: justify;\">Per procedere alla prenotazione del servizio \u00e8 necessario compilare i campi obbligatori (contrassegnati con *) del formulario proposto dal sistema e inserire i DATI RELATIVI ALL\u2019INTESTATARIO del documento richiesto, se diversi dall\u2019utente\u00a0registrato.<\/p>\n<p style=\"text-align: justify;\">L\u2019appuntamento dovr\u00e0 essere fissato <strong>almeno 15 giorni <\/strong>dopo il giorno della richiesta effettuata sul portale <a href=\"https:\/\/prenotami.esteri.it\/\">Prenot@mi<\/a>. Questo per consentire all\u2019ufficio consolare di effettuare il controllo dei dati anagrafici, risolvere eventuali disallineamenti e verificare che non sussistano cause ostative al rilascio del documento.<\/p>\n<p style=\"text-align: justify;\"><strong>ATTENZIONE: Nel caso in cui, a seguito delle verifiche, emergessero elementi ostativi al rilascio della CIE, sar\u00e0 cura di questo Consolato informarne l\u2019interessato anche ai fini della cancellazione dell\u2019appuntamento.<\/strong><\/p>\n<p style=\"text-align: justify;\">Il giorno dell\u2019appuntamento in Consolato\u00a0la presenza del richiedente e\/o del titolare della carta richiesta \u00e8 obbligatoria poich\u00e9 saranno acquisiti i dati biometrici e verr\u00e0 validato il dossier.<\/p>\n<p style=\"text-align: justify;\">\u00a0<strong>DOCUMENTAZIONE DA PRESENTARE PER:<\/strong><\/p>\n<ul style=\"text-align: justify;\">\n<li><strong>RICHIEDENTE MAGGIORENNE:<\/strong>\n<ul>\n<li style=\"text-align: justify;\">vecchio documento \u2013 carta d\u2019identit\u00e0 e\/o passaporto in corso di validit\u00e0;\n<ul>\n<li>nel caso in cui il connazionale non sia in possesso di nessun documento di identit\u00e0 (CIE\/PASSAPORTO), sar\u00e0 necessario presentarsi il giorno dell\u2019appuntamento con 2 testimoni di cittadinanza EU che lo riconosceranno.<\/li>\n<\/ul>\n<\/li>\n<li style=\"text-align: justify;\">1 fotografia recente (massimo 6 mesi vecchia) formato ICAO (frontale, a colori, con sfondo bianco, dimensioni 35 x 40 mm);<\/li>\n<li style=\"text-align: justify;\">in caso di furto\/smarrimento del precedente documento, la relativa denuncia effettuata presso la polizia locale;<\/li>\n<li style=\"text-align: justify;\">in caso di deterioramento del precedente documento, il modulo di autodichiarazione di deterioramento del documento,\u00a0<a href=\"https:\/\/ambpraga.esteri.it\/wp-content\/uploads\/2023\/05\/mod_det_esaur_pagg.pdf\">cliccare qui per il modulo<\/a>;<\/li>\n<\/ul>\n<\/li>\n<\/ul>\n<p style=\"text-align: justify;\"><strong>In presenza di figli minori il richiedente dovr\u00e0 auto dichiarare di non essere stato colpito da provvedimento di inibitoria al rilascio del documento emesso dall\u2019autorit\u00e0 giudiziaria italiana. Sulla dichiarazione saranno eseguiti i dovuti accertamenti.<\/strong><\/p>\n<ul style=\"text-align: justify;\">\n<li><strong>RICHIESTA A FAVORE DI MINORE:<\/strong>\n<ul>\n<li>vecchio documento \u2013 carta d\u2019identit\u00e0 e\/o passaporto in corso di validit\u00e0 del minore;\n<ul>\n<li>nel caso in cui il minore non sia ancora in possesso di nessun documento di identit\u00e0 (CIE\/PASSAPORTO \u2013 anche di altri paesi EU), sar\u00e0 necessario presentarsi il giorno dell\u2019appuntamento con 2 testimoni di cittadinanza EU che lo riconosceranno;<\/li>\n<li>si consiglia, pertanto, ai genitori di bambini appena nati senza nessun documento di riconoscimento di presentarsi entrambi il giorno dell\u2019appuntamento. Fungeranno, infatti, loro da testimoni per il riconoscimento del bambino.<\/li>\n<\/ul>\n<\/li>\n<li>passaporto e\/o carta d\u2019identit\u00e0 in corso di validit\u00e0 di entrambi i genitori;<\/li>\n<li>1 fotografia recente (massimo 6 mesi vecchia) formato ICAO (frontale, a colori, con sfondo bianco, dimensioni 35 x 40 mm);<\/li>\n<li>in caso di furto\/smarrimento del precedente documento, la relativa denuncia effettuata presso la polizia locale;<\/li>\n<li>in caso di deterioramento del precedente documento, il modulo di autodichiarazione di deterioramento del documento,\u00a0<a href=\"https:\/\/ambpraga.esteri.it\/wp-content\/uploads\/2023\/05\/mod_det_esaur_pagg.pdf\">cliccare qui per il modulo<\/a>;<\/li>\n<li><strong>atto\/i di assenso dell\u2019altro genitore dei figli minorenni<\/strong>,\u00a0<a href=\"https:\/\/ambpraga.esteri.it\/wp-content\/uploads\/2023\/05\/modello_assenso_altro_genitore.pdf\">cliccare qui per il modulo<\/a>\n<ul>\n<li>in caso di richiesta di passaporto per un minore di 18 anni (se al momento dell\u2019appuntamento si presenter\u00e0 un solo genitore con il minore).<\/li>\n<\/ul>\n<\/li>\n<\/ul>\n<\/li>\n<\/ul>\n<p style=\"text-align: justify;\"><strong>La presenza del\/la minore \u00e8 assolutamente necessaria al momento dell\u2019appuntamento, poich\u00e9 l\u2019ufficio dovr\u00e0 riconoscere il\/la bambino\/a con la foto presentata per la produzione del documento. <\/strong>Anche i minori di et\u00e0 inferiore ai 12 anni devono essere presenti, perch\u00e9 \u00e8 necessaria l\u2019identificazione da parte del funzionario dell\u2019ufficio. I minori devono essere sempre accompagnati da uno dei genitori o comunque dal titolare della responsabilit\u00e0 genitoriale.<\/p>\n<p style=\"text-align: justify;\"><strong>AVVERTENZE:<\/strong><\/p>\n<p style=\"text-align: justify;\">Per i cittadini UE l\u2019atto di assenso va prodotto in originale unitamente ad una copia fotostatica del documento di identit\u00e0 del dichiarante. Per cittadini extra UE la firma deve essere autenticata dal funzionario consolare, oppure sar\u00e0 necessaria la presenza della persona al momento dell\u2019appuntamento. Nei casi in cui il\/la dichiarante, cittadino\/a di un paese terzo (extra UE), si trovi in un altro paese, l\u2019atto di assenso dovr\u00e0 essere sottoscritto presso la Sede consolare di competenza.<\/p>\n<p style=\"text-align: justify;\">Se il minore \u00e8 nato all\u2019estero, affinch\u00e9 ottenga la CIE \u00e8 necessario prima trascrivere la nascita in Italia: si veda a tal proposito la sezione <a href=\"https:\/\/ambpraga.esteri.it\/it\/servizi-consolari-e-visti\/servizi-per-il-cittadino-italiano\/stato-civile\/\">STATO CIVILE<\/a>\u00a0di questo sito, sotto la voce\u00a0<a href=\"https:\/\/ambpraga.esteri.it\/it\/servizi-consolari-e-visti\/servizi-per-il-cittadino-italiano\/stato-civile\/nascita\/\">NASCITA<\/a>. <strong>Se la nascita non \u00e8 stata ancora trascritta in Italia, l\u2019ufficio CIE non potr\u00e0 procedere con la richiesta della carta d\u2019identit\u00e0.<\/strong><\/p>\n<p style=\"text-align: justify;\">Nel caso in cui uno dei genitori si rifiuti di firmare\u00a0l\u2019atto di assenso al rilascio del documento in favore del minore, occorre che la persona richiedente il documento presenti alla Cancelleria Consolare una dichiarazione sottoscritta nella quale spieghi i motivi per i quali l\u2019altro genitore nega l\u2019assenso, indicando anche tutti i recapiti necessari a contattare quest\u2019ultimo.<\/p>\n<p style=\"text-align: justify;\">Nel caso in cui si riscontrasse che le motivazioni del dissenso non siano giustificate, il Capo della Cancelleria Consolare, con apposito decreto, potr\u00e0 autorizzare il rilascio del documento.<\/p>\n<p style=\"text-align: justify;\"><a href=\"https:\/\/ambpraga.esteri.it\/wp-content\/uploads\/2023\/05\/modello_istanza_Giudice_Tutelare.pdf\">Cliccare qui<\/a>\u00a0per il modulo di istanza al giudice tutelare da presentare alla Cancelleria Consolare.<\/p>\n<p style=\"text-align: justify;\"><strong>VALIDITA\u2019 DEL DOCUMENTO:<\/strong><\/p>\n<p style=\"text-align: justify;\"><strong>La validit\u00e0 del documento varia a seconda dell\u2019et\u00e0 del titolare ed \u00e8 di:<\/strong><\/p>\n<ul style=\"text-align: justify;\">\n<li>3 anni per i minori di et\u00e0 compresa tra 0 e 3 anni;<\/li>\n<li>5 anni per i minori di et\u00e0 compresa tra 3 anni e il raggiungimento della maggiore et\u00e0 (18 anni);<\/li>\n<li>10 anni dai 18 anni di et\u00e0.<\/li>\n<\/ul>\n<p style=\"text-align: justify;\"><strong>N.B.: una volta fissato l\u2019appuntamento, se per sopravvenute esigenze, non fosse pi\u00f9 possibile rispettarlo, se ne dovr\u00e0 dare tempestiva comunicazione all\u2019Ufficio tramite lo stesso portale.<\/strong><\/p>\n<p style=\"text-align: justify;\">Nel giorno e nell\u2019ora stabiliti bisogna recarsi all\u2019ufficio passaporti della Cancelleria consolare dell\u2019Ambasciata d\u2019Italia a Praga in via Nerudova 214\/20, presentando la documentazione completa.<\/p>\n<p style=\"text-align: justify;\">Il costo della CIE \u00e8 di\u00a0<strong>21.95 Euro<\/strong>\u00a0(27,11 Euro in caso di duplicato)\u00a0<strong>da pagare in contanti o con carta di credito\/debito ed in corone ceche, in base al <\/strong><a href=\"https:\/\/ambpraga.esteri.it\/it\/servizi-consolari-e-visti\/servizi-per-il-cittadino-italiano\/pagamenti-dei-servizi-consolari\/\"><strong>tasso di ragguaglio trimestrale di questa Ambasciata<\/strong><\/a><strong>. Non si accettano pagamenti in Euro.<\/strong><\/p>\n","protected":false},"excerpt":{"rendered":"La Carta di identit\u00e0 elettronica si pu\u00f2 richiedere, previo appuntamento, tramite la piattaforma PRENOT@MI. La CIE potr\u00e0 essere rilasciata esclusivamente ai cittadini italiani regolarmente residenti nella propria circoscrizione consolare, in possesso della documentazione prescritta. NON \u00e8 possibile richiedere la CIE per un cittadino che non sia gi\u00e0 iscritto all\u2019AIRE (Anagrafe degli Italiani Residenti all\u2019Estero) presso [&hellip;]","protected":false},"author":5,"featured_media":0,"parent":47,"menu_order":5,"comment_status":"closed","ping_status":"closed","template":"","meta":{"footnotes":""},"class_list":["post-757","page","type-page","status-publish","hentry"],"_links":{"self":[{"href":"https:\/\/ambpraga.esteri.it\/it\/wp-json\/wp\/v2\/pages\/757","targetHints":{"allow":["GET"]}}],"collection":[{"href":"https:\/\/ambpraga.esteri.it\/it\/wp-json\/wp\/v2\/pages"}],"about":[{"href":"https:\/\/ambpraga.esteri.it\/it\/wp-json\/wp\/v2\/types\/page"}],"author":[{"embeddable":true,"href":"https:\/\/ambpraga.esteri.it\/it\/wp-json\/wp\/v2\/users\/5"}],"replies":[{"embeddable":true,"href":"https:\/\/ambpraga.esteri.it\/it\/wp-json\/wp\/v2\/comments?post=757"}],"version-history":[{"count":6,"href":"https:\/\/ambpraga.esteri.it\/it\/wp-json\/wp\/v2\/pages\/757\/revisions"}],"predecessor-version":[{"id":8953,"href":"https:\/\/ambpraga.esteri.it\/it\/wp-json\/wp\/v2\/pages\/757\/revisions\/8953"}],"up":[{"embeddable":true,"href":"https:\/\/ambpraga.esteri.it\/it\/wp-json\/wp\/v2\/pages\/47"}],"wp:attachment":[{"href":"https:\/\/ambpraga.esteri.it\/it\/wp-json\/wp\/v2\/media?parent=757"}],"curies":[{"name":"wp","href":"https:\/\/api.w.org\/{rel}","templated":true}]}}