{"id":776,"date":"2025-06-24T09:38:00","date_gmt":"2025-06-24T07:38:00","guid":{"rendered":"https:\/\/ambpraga.esteri.it\/?page_id=776"},"modified":"2026-03-03T10:35:46","modified_gmt":"2026-03-03T09:35:46","slug":"nascita","status":"publish","type":"page","link":"https:\/\/ambpraga.esteri.it\/it\/servizi-consolari-e-visti\/servizi-per-il-cittadino-italiano\/stato-civile\/nascita\/","title":{"rendered":"Nascita"},"content":{"rendered":"<p style=\"text-align: justify;\">La Legge 23 maggio 2025, n. 74 ha convertito in legge, con modificazioni, il decreto-legge 28 marzo 2025, n. 36, recante disposizioni urgenti in materia di cittadinanza.<\/p>\n<p style=\"text-align: justify;\">Sulla base della nuova normativa introdotta questa Ambasciata sta provvedendo ad elaborare chiare ed esaustive indicazioni per l\u2019aggiornamento del proprio sito istituzionale.<\/p>\n<p style=\"text-align: justify;\">Alla luce delle recenti disposizioni normative, ai fini della trascrizione di atti di nascita si applicheranno i seguenti criteri.<\/p>\n<p style=\"text-align: justify;\">Il minore <strong><u>nato all\u2019estero<\/u><\/strong> da genitore\/i italiano\/i <strong>\u00e8 cittadino italiano se<\/strong>:<\/p>\n<ul style=\"text-align: justify;\">\n<li><strong>non possiede un\u2019altra cittadinanza<\/strong>, in tal caso sar\u00e0 necessario presentare documentazione che dimostri che il minore non si trovi nella possibilit\u00e0 di acquisire la cittadinanza straniera di cui uno o entrambi i genitori sono titolari.<\/li>\n<li><strong>il genitore cittadino italiano \u00e8 stato residente in Italia per almeno 2 anni continuativi prima della data di nascita del figlio\/a<\/strong>, in tal caso sar\u00e0 necessario presentare certificato storico anagrafico del genitore cittadino italiano o altra documentazione idonea a comprovare la residenza per almeno 2 anni continuativi dopo l\u2019acquisto della cittadinanza italiana e prima della nascita del minore.<\/li>\n<li><strong>un genitore possiede esclusivamente la cittadinanza italiana<\/strong>, in tal caso sar\u00e0 necessario presentare idonea documentazione rilasciata dalle Autorit\u00e0 competenti che attesti il non possesso di altre cittadinanze.<\/li>\n<li><strong>un nonno\/nonna possiede al momento della nascita del minore \u2013 o possedeva al momento della sua morte \u2013 esclusivamente la cittadinanza italiana<\/strong>, in tal caso sar\u00e0 necessario presentare idonea documentazione rilasciata dalle Autorit\u00e0 competenti che attesti il non possesso di altre cittadinanze.<\/li>\n<\/ul>\n<p style=\"text-align: justify;\">Non sar\u00e0 ritenuta valida alcuna autodichiarazione sul mancato possesso di altra cittadinanza.<\/p>\n<p style=\"text-align: justify;\">Ai fini della trascrizione di una nascita, sar\u00e0 necessario presentare alla Cancelleria Consolare di quest\u2019Ambasciata l\u2019Atto di Nascita (Rodn\u00fd List) in originale munito di allegato plurilingue in base al regolamento EU 1191\/2016. Gli atti rilasciati con estratto plurilingue non necessitano di traduzione e legalizzazione.<\/p>\n<p style=\"text-align: justify;\">Nel caso in cui il figlio sia nato da genitori non coniugati, occorre presentare, oltre all\u2019atto di nascita, anche il Protocollo di riconoscimento di paternit\u00e0 in originale (Z\u00e1pis o ur\u010den\u00ed otcovstv\u00ed souhlasn\u00fdm prohl\u00e1\u0161en\u00edm rodi\u010d\u016f), munito di una traduzione ufficiale in lingua italiana eseguita da uno dei traduttori registrati presso quest\u2019Ambasciata.<\/p>\n<p style=\"text-align: justify;\">Per presentare in Cancelleria consolare l\u2019atto da trascrivere, si prega di prendere appuntamento tramite il portale <a href=\"https:\/\/prenotami.esteri.it\/\" target=\"_blank\" rel=\"noopener\">PRENOT@MI<\/a>.<\/p>\n<p style=\"text-align: justify;\">CONTATTI:<\/p>\n<p style=\"text-align: justify;\">Tel.: +420 233 080 111<\/p>\n<p style=\"text-align: justify;\">E-mail: consolare.praga@esteri.it<\/p>\n<p style=\"text-align: justify;\">PEC: amb.praga.consolare@cert.esteri.it<\/p>\n<ul style=\"text-align: justify;\">\n<li style=\"text-align: justify;\"><a href=\"https:\/\/ambpraga.esteri.it\/it\/servizi-consolari-e-visti\/servizi-per-il-cittadino-italiano\/elenchi-tecnici-traduttori-e-professionisti-sanitari\/\" target=\"_blank\" rel=\"noopener\">Per i traduttori vedasi lista nella sezione elenco professionisti.<\/a><\/li>\n<\/ul>\n","protected":false},"excerpt":{"rendered":"La Legge 23 maggio 2025, n. 74 ha convertito in legge, con modificazioni, il decreto-legge 28 marzo 2025, n. 36, recante disposizioni urgenti in materia di cittadinanza. Sulla base della nuova normativa introdotta questa Ambasciata sta provvedendo ad elaborare chiare ed esaustive indicazioni per l\u2019aggiornamento del proprio sito istituzionale. Alla luce delle recenti disposizioni normative, [&hellip;]","protected":false},"author":5,"featured_media":0,"parent":410,"menu_order":1,"comment_status":"closed","ping_status":"closed","template":"","meta":{"footnotes":""},"class_list":["post-776","page","type-page","status-publish","hentry"],"_links":{"self":[{"href":"https:\/\/ambpraga.esteri.it\/it\/wp-json\/wp\/v2\/pages\/776","targetHints":{"allow":["GET"]}}],"collection":[{"href":"https:\/\/ambpraga.esteri.it\/it\/wp-json\/wp\/v2\/pages"}],"about":[{"href":"https:\/\/ambpraga.esteri.it\/it\/wp-json\/wp\/v2\/types\/page"}],"author":[{"embeddable":true,"href":"https:\/\/ambpraga.esteri.it\/it\/wp-json\/wp\/v2\/users\/5"}],"replies":[{"embeddable":true,"href":"https:\/\/ambpraga.esteri.it\/it\/wp-json\/wp\/v2\/comments?post=776"}],"version-history":[{"count":5,"href":"https:\/\/ambpraga.esteri.it\/it\/wp-json\/wp\/v2\/pages\/776\/revisions"}],"predecessor-version":[{"id":8911,"href":"https:\/\/ambpraga.esteri.it\/it\/wp-json\/wp\/v2\/pages\/776\/revisions\/8911"}],"up":[{"embeddable":true,"href":"https:\/\/ambpraga.esteri.it\/it\/wp-json\/wp\/v2\/pages\/410"}],"wp:attachment":[{"href":"https:\/\/ambpraga.esteri.it\/it\/wp-json\/wp\/v2\/media?parent=776"}],"curies":[{"name":"wp","href":"https:\/\/api.w.org\/{rel}","templated":true}]}}