{"id":781,"date":"2023-05-11T11:35:37","date_gmt":"2023-05-11T09:35:37","guid":{"rendered":"https:\/\/ambpraga.esteri.it\/?page_id=781"},"modified":"2023-05-17T14:42:06","modified_gmt":"2023-05-17T12:42:06","slug":"sposarsi-in-repubblica-ceca","status":"publish","type":"page","link":"https:\/\/ambpraga.esteri.it\/it\/servizi-consolari-e-visti\/servizi-per-il-cittadino-italiano\/stato-civile\/sposarsi-in-repubblica-ceca\/","title":{"rendered":"Sposarsi in Repubblica Ceca"},"content":{"rendered":"<p style=\"text-align: justify;\">Un cittadino italiano che intenda sposarsi in <strong>Repubblica Ceca<\/strong> deve richiedere alla Cancelleria Consolare di quest\u2019Ambasciata il <strong>certificato di capacit\u00e0 giuridica a contrarre matrimonio\u00a0o &#8220;Nulla Osta&#8221;<\/strong> (<em>Vysv\u011bd\u010den\u00ed o pr\u00e1vn\u00ed zp\u016fsobilosti k uzav\u0159en\u00ed man\u017eelstv\u00ed<\/em>) da presentare alle autorit\u00e0 locali prima della celebrazione del matrimonio.<\/p>\n<p style=\"text-align: justify;\">Ai fini del rilascio, il nubendo italiano deve produrre la seguente documentazione:<\/p>\n<ul style=\"text-align: justify;\">\n<li>l\u2019<strong>estratto dell&#8217;atto di nascita<\/strong>, nel quale compaiano i nomi dei genitori, rilasciato dal competente Comune italiano. Prima della presentazione alle autorit\u00e0 locali, l\u2019atto dovr\u00e0 anche essere munito di una traduzione ufficiale in lingua ceca;<\/li>\n<li><strong>per cittadini residenti in Italia e non iscritti all&#8217;AIRE servir\u00e0 produrre anche un certificato cumulativo o contestuale\u00a0(di cittadinanza, residenza e stato civile), che viene rilasciato esclusivamente dal Comune di residenza in Italia.<\/strong> Questo certificato ha una validit\u00e0 di 6 mesi dall\u2019emissione.<\/li>\n<li><strong>I cittadini italiani residenti in altro Stato estero<\/strong>, che intendono contrarre matrimonio presso un comune ceco, potranno richiedere il rilascio del <strong>\u201ccertificato cumulativo di iscrizione nello schedario consolare, di cittadinanza italiana e di stato civile\u201d<\/strong> direttamente alla rappresentanza consolare italiana nella cui circoscrizione risultano residenti ed iscritti.<\/li>\n<\/ul>\n<p style=\"text-align: justify;\">Tutta la documentazione sopraelencata deve essere presentata alla Cancelleria Consolare in <strong>originale e personalmente<\/strong> dal nubendo italiano, a cui verr\u00e0 restituita al momento del rilascio del Nulla Osta, ai fini della successiva presentazione alle autorit\u00e0 locali.<\/p>\n<p style=\"text-align: justify;\">Per il ritiro del documento, si prega di prendere appuntamento con la Cancelleria consolare tramite il portale <a href=\"https:\/\/prenotami.esteri.it\/\" target=\"_blank\" rel=\"noopener\">PRENOT@MI.<\/a><\/p>\n<p style=\"text-align: justify;\"><strong>CONTATTI:<\/strong><\/p>\n<ul style=\"text-align: justify;\">\n<li>Centralino: +420 233 080 111<\/li>\n<li>Email: <a href=\"mailto:consolare.praga@esteri.it\">consolare.praga@esteri.it<\/a><\/li>\n<li>PEC: <a href=\"mailto:amb.praga.consolare@cert.esteri.it\">amb.praga.consolare@cert.esteri.it<\/a><\/li>\n<\/ul>\n<p style=\"text-align: justify;\"><a href=\"https:\/\/ambpraga.esteri.it\/it\/servizi-consolari-e-visti\/servizi-per-il-cittadino-italiano\/elenchi-tecnici-traduttori-e-professionisti-sanitari\/\" target=\"_blank\" rel=\"noopener\">Per i traduttori vedasi lista nella sezione elenco professionisti.<\/a><\/p>\n","protected":false},"excerpt":{"rendered":"Un cittadino italiano che intenda sposarsi in Repubblica Ceca deve richiedere alla Cancelleria Consolare di quest\u2019Ambasciata il certificato di capacit\u00e0 giuridica a contrarre matrimonio\u00a0o &#8220;Nulla Osta&#8221; (Vysv\u011bd\u010den\u00ed o pr\u00e1vn\u00ed zp\u016fsobilosti k uzav\u0159en\u00ed man\u017eelstv\u00ed) da presentare alle autorit\u00e0 locali prima della celebrazione del matrimonio. Ai fini del rilascio, il nubendo italiano deve produrre la seguente documentazione: [&hellip;]","protected":false},"author":5,"featured_media":0,"parent":410,"menu_order":5,"comment_status":"closed","ping_status":"closed","template":"","meta":{"footnotes":""},"class_list":["post-781","page","type-page","status-publish","hentry"],"_links":{"self":[{"href":"https:\/\/ambpraga.esteri.it\/it\/wp-json\/wp\/v2\/pages\/781","targetHints":{"allow":["GET"]}}],"collection":[{"href":"https:\/\/ambpraga.esteri.it\/it\/wp-json\/wp\/v2\/pages"}],"about":[{"href":"https:\/\/ambpraga.esteri.it\/it\/wp-json\/wp\/v2\/types\/page"}],"author":[{"embeddable":true,"href":"https:\/\/ambpraga.esteri.it\/it\/wp-json\/wp\/v2\/users\/5"}],"replies":[{"embeddable":true,"href":"https:\/\/ambpraga.esteri.it\/it\/wp-json\/wp\/v2\/comments?post=781"}],"version-history":[{"count":0,"href":"https:\/\/ambpraga.esteri.it\/it\/wp-json\/wp\/v2\/pages\/781\/revisions"}],"up":[{"embeddable":true,"href":"https:\/\/ambpraga.esteri.it\/it\/wp-json\/wp\/v2\/pages\/410"}],"wp:attachment":[{"href":"https:\/\/ambpraga.esteri.it\/it\/wp-json\/wp\/v2\/media?parent=781"}],"curies":[{"name":"wp","href":"https:\/\/api.w.org\/{rel}","templated":true}]}}