{"id":95,"date":"2023-04-11T18:23:52","date_gmt":"2023-04-11T16:23:52","guid":{"rendered":"https:\/\/ambpraga.esteri.it\/?page_id=95"},"modified":"2024-08-01T10:28:43","modified_gmt":"2024-08-01T08:28:43","slug":"fare-affari-nella-repubblica-ceca","status":"publish","type":"page","link":"https:\/\/ambpraga.esteri.it\/it\/italia-e-repubblica-ceca\/diplomazia-economica\/fare-affari-nella-repubblica-ceca\/","title":{"rendered":"Fare affari nella Repubblica Ceca"},"content":{"rendered":"<p class=\"gmail--wm-msonormal\" style=\"text-align: justify;\"><b><span style=\"font-size: 12.0pt;\">COMMERCIO E TURISMO<\/span><\/b><\/p>\n<p class=\"gmail--wm-msonormal\" style=\"text-align: justify;\"><span style=\"font-size: 12.0pt;\">\u00a0<\/span><span style=\"font-size: 12.0pt;\">Le relazioni commerciali tra l\u2019Italia e la Repubblica Ceca mantengono un ottimo andamento, con un interscambio commerciale che continua a far segnare delle cifre record, seppur lievemente contenute rispetto alla tendenza degli ultimi anni dieci anni. Il trend attuale continua ad essere positivo: nel 2023 l\u2019interscambio complessivo si \u00e8 attestato sui 18 miliardi di euro, con rinnovate prospettive di crescita per il 2024. Siamo il 6\u00ba Paese cliente e fornitore della Repubblica Ceca, ma \u00e8 da osservare che in valori assoluti l\u2019Italia esporta di pi\u00f9 in Cechia che in paesi come Brasile, Giappone, India e Canada.<\/span><\/p>\n<p class=\"gmail--wm-msonormal\" style=\"text-align: justify;\"><span style=\"font-size: 12.0pt;\">Nel 2024 il commercio estero con l\u2019Italia riflette in parte l\u2019andamento complessivo dell\u2019economia ceca, che a causa dell\u2019indebolimento della domanda interna vede un calo delle importazioni. Eccellenti invece i risultati per le esportazioni italiane di macchinari e apparecchiature, che crescono a doppia cifra. Oltre che nel comparto industriale e agroalimentare, la cooperazione tra la Repubblica Ceca e l\u2019Italia continua a rafforzarsi in settori dall\u2019alto contenuto innovativo quali la ricerca spaziale, l&#8217;aviazione, le nanotecnologie e le infrastrutture dei trasporti, nonch\u00e9 nell&#8217;istruzione, nella scienza e nella ricerca. <\/span><\/p>\n<p class=\"gmail--wm-msonormal\" style=\"text-align: justify;\"><span style=\"font-size: 12.0pt;\">Da non trascurare poi il giro d\u2019affari che ruota intorno al Made in Italy e ai nostri prodotti d\u2019eccellenza. In questo Paese \u00e8 attiva un\u2019importante comunit\u00e0 imprenditoriale italiana: si calcolano circa 3.000 imprese di diversa dimensione, molte delle quali associate alla dinamica Camera di Commercio e dell\u2019Industria Italo-Ceca. Oltre 400 imprese operano nel settore del commercio all&#8217;ingrosso e al dettaglio, nell\u2019industria manifatturiera e nei servizi. Nel comparto industriale vi sono grandi gruppi con rilevanti impianti produttivi: tra questi,\u00a0 di rilievo il ruolo di Brembo, Beghelli, Brazzale, Brembo, Iveco, Mattoni 1873 (il pi\u00f9 grande produttore di acqua minerale e sorgiva nella Repubblica Ceca e azienda leader nel mercato delle bevande analcoliche in Europa centrale), Mapei, Nova Mosilana (produzione di tessuti di lana del gruppo Marzotto), SIAD e SAB Aerospace (azienda leader nell\u2019industria spaziale), che operano con rilevanti valori aggiunti nel campo dell\u2019innovazione e dell\u2019ecosostenibilit\u00e0, con eccellenti riscontri in termini di mercato. Sono presenti e particolarmente attivi Banca Intesa, Ferrero, Generali, Unicredit. Mentre nel mercato italiano operano centinaia di imprese ceche che hanno successo in diverse aree, come l\u2019aerospazio, la green energy, il digitale, l\u2019agricoltura e le tecnologie dell\u2019informazione. <\/span><\/p>\n<p class=\"gmail--wm-msonormal\" style=\"text-align: justify;\"><span style=\"font-size: 12.0pt;\">Notizie positive si registrano anche dal settore turistico, con l\u2019Italia che secondo i dati del ministero degli Esteri si conferma anche nel 2023 tra le mete preferite del turismo estivo ceco. Secondo Palazzo \u010cern\u00edn, l\u2019Italia \u00e8 la terza meta preferita dai cechi per passare le vacanze all\u2019estero. Nei mesi estivi del 2023 hanno visitato le citt\u00e0 d\u2019arte, le spiagge e le montagne della Penisola nei circa 470.000 cechi. La Grecia, seconda, ha registrato 640.000 presenze dalla Repubblica Ceca e la Croazia, che tradizionalmente \u00e8 la meta preferita per le vacanze estive dei cechi, 800.000.<\/span><\/p>\n<p class=\"gmail--wm-msonormal\" style=\"text-align: justify;\"><span style=\"font-size: 12.0pt;\">Informazioni dettagliate per le imprese sono disponibili sul portale\u00a0<a href=\"http:\/\/www.infomercatiesteri.it\/\" target=\"_blank\" rel=\"noopener\">http:\/\/www.infomercatiesteri.it<\/a>, mentre il focus dedicato alla Repubblica Ceca \u00e8 costantemente aggiornato al seguente link: <a name=\"-wm-_Hlk173152439\"><\/a><a href=\"https:\/\/www.infomercatiesteri.it\/paese.php?id_paesi=86\" target=\"_blank\" rel=\"noopener\">https:\/\/www.infomercatiesteri.it\/paese.php?id_paesi=86#<\/a> <\/span><\/p>\n<p class=\"gmail--wm-msonormal\" style=\"text-align: justify;\"><span style=\"font-size: 12.0pt;\">Le imprese italiane potranno contattare l\u2019ufficio commerciale dell\u2019Ambasciata utilizzando il portale <b>\u201cNEXUS<\/b>\u201d, l\u2019applicativo di customer relationship management predisposto dal Ministero degli Esteri e della Cooperazione Internazionale: <a href=\"https:\/\/nexus.esteri.it\/\" target=\"_blank\" rel=\"noopener\">https:\/\/nexus.esteri.it\/<\/a> <\/span><\/p>\n<p class=\"gmail--wm-msonormal\" style=\"text-align: justify;\"><b><span style=\"font-size: 12.0pt;\">Osservatorio economico: Scheda di sintesi sulla Repubblica Ceca<\/span><\/b><\/p>\n<p class=\"gmail--wm-msonormal\" style=\"text-align: justify;\"><span style=\"font-size: 12.0pt;\"><a href=\"https:\/\/www.infomercatiesteri.it\/public\/osservatorio\/schede-sintesi\/repubblica-ceca_86.pdf\" target=\"_blank\" rel=\"noopener\">https:\/\/www.infomercatiesteri.it\/public\/osservatorio\/schede-sintesi\/repubblica-ceca_86.pdf<\/a> <\/span><\/p>\n<p class=\"gmail--wm-msonormal\" style=\"text-align: justify;\"><b><span style=\"font-size: 12.0pt;\">FAQ sull\u2019assistenza alle imprese italiane all\u2019estero:<\/span><\/b><span style=\"font-size: 12.0pt;\">\u00a0<a href=\"https:\/\/ambdakar.esteri.it\/wp-content\/uploads\/2023\/11\/faq_assistenza_alle_imprese.pdf\" target=\"_blank\" rel=\"noopener\">FAQ<\/a><\/span><\/p>\n<p class=\"gmail--wm-msonormal\" style=\"text-align: justify;\"><span style=\"font-size: 12.0pt;\">\u00a0<\/span><b><span style=\"font-size: 12.0pt;\">infoMercatiEsteri<\/span><\/b><\/p>\n<p class=\"gmail--wm-msonormal\" style=\"text-align: justify;\"><span style=\"font-size: 12.0pt;\">infoMercatiEsteri \u00e8 una piattaforma innovativa e completamente gratuita, ideata e realizzata dalla Direzione Generale per la Promozione del Sistema Paese \u2013 Ufficio I del MAECI, per soddisfare la richiesta di informazioni sui mercati esteri proveniente dagli operatori economici nazionali. Grazie al costante lavoro di analisi delle Ambasciate e dei Consolati, con la collaborazione delle Unit\u00e0 dell\u2019Agenzia ICE in essi integrate, e ai contributi dell\u2019ENIT e delle Camere di Commercio italiane all\u2019estero, infoMercatiEsteri mette a disposizione del sistema produttivo italiano uno strumento ricco di informazioni utili per le scelte di internazionalizzazione. Scegliendo il percorso di accesso geografico, per ciascun Paese \u00e8 possibile ottenere informazioni su:<\/span><\/p>\n<p class=\"gmail--wm-msonormal\" style=\"margin-left: 36pt; text-align: justify;\"><span style=\"font-size: 12.0pt;\">&#8211;<\/span><span style=\"font-size: 7.0pt; font-family: 'Times New Roman',serif;\">\u00a0\u00a0\u00a0\u00a0\u00a0\u00a0\u00a0\u00a0\u00a0 <\/span><span style=\"font-size: 12.0pt;\">outlook economico e politico;<\/span><\/p>\n<p class=\"gmail--wm-msonormal\" style=\"margin-left: 36pt; text-align: justify;\"><span style=\"font-size: 12.0pt;\">&#8211;<\/span><span style=\"font-size: 7.0pt; font-family: 'Times New Roman',serif;\">\u00a0\u00a0\u00a0\u00a0\u00a0\u00a0\u00a0\u00a0\u00a0 <\/span><span style=\"font-size: 12.0pt;\">opportunit\u00e0 di mercato e possibilit\u00e0 di partnership con aziende locali e\/o italiane;<\/span><\/p>\n<p class=\"gmail--wm-msonormal\" style=\"margin-left: 36pt; text-align: justify;\"><span style=\"font-size: 12.0pt;\">&#8211;<\/span><span style=\"font-size: 7.0pt; font-family: 'Times New Roman',serif;\">\u00a0\u00a0\u00a0\u00a0\u00a0\u00a0\u00a0\u00a0\u00a0 <\/span><span style=\"font-size: 12.0pt;\">prossime iniziative promozionali;<\/span><\/p>\n<p class=\"gmail--wm-msonormal\" style=\"margin-left: 36pt; text-align: justify;\"><span style=\"font-size: 12.0pt;\">&#8211;<\/span><span style=\"font-size: 7.0pt; font-family: 'Times New Roman',serif;\">\u00a0\u00a0\u00a0\u00a0\u00a0\u00a0\u00a0\u00a0\u00a0 <\/span><span style=\"font-size: 12.0pt;\">ostacoli agli scambi, criticit\u00e0 negli investimenti e possibili rischi;<\/span><\/p>\n<p class=\"gmail--wm-msonormal\" style=\"margin-left: 36pt; text-align: justify;\"><span style=\"font-size: 12.0pt;\">&#8211;<\/span><span style=\"font-size: 7.0pt; font-family: 'Times New Roman',serif;\">\u00a0\u00a0\u00a0\u00a0\u00a0\u00a0\u00a0\u00a0\u00a0 <\/span><span style=\"font-size: 12.0pt;\">accesso al credito;<\/span><\/p>\n<p class=\"gmail--wm-msonormal\" style=\"margin-left: 36pt; text-align: justify;\"><span style=\"font-size: 12.0pt;\">&#8211;<\/span><span style=\"font-size: 7.0pt; font-family: 'Times New Roman',serif;\">\u00a0\u00a0\u00a0\u00a0\u00a0\u00a0\u00a0\u00a0\u00a0 <\/span><span style=\"font-size: 12.0pt;\">quadro della presenza italiana e dei rapporti bilaterali.<\/span><\/p>\n<p class=\"gmail--wm-msonormal\" style=\"text-align: justify;\"><span style=\"font-size: 12.0pt;\">In alternativa, scegliendo la modalit\u00e0 di accesso settoriale, \u00e8 possibile acquisire informazioni sul settore prescelto, nonch\u00e9 suggerimenti sui Paesi di prioritario interesse in quel settore secondo criteri personalizzabili relativi al commercio, agli investimenti, alle caratteristiche del mercato e alle segnalazioni provenienti dalle Sedi all\u2019estero.<\/span><\/p>\n<p class=\"gmail--wm-msonormal\" style=\"text-align: justify;\"><b><span style=\"font-size: 12.0pt;\">ICE \u2013 ITA Italian Trade Agency<\/span><\/b><\/p>\n<p class=\"gmail--wm-msonormal\" style=\"text-align: justify;\"><span style=\"font-size: 12.0pt;\">L\u2019ICE-Agenzia per la promozione all\u2019estero e l\u2019internazionalizzazione delle imprese italiane \u00e8 l\u2019organismo attraverso cui il Governo favorisce il consolidamento e lo sviluppo economico-commerciale delle nostre imprese sui mercati esteri. Agisce, inoltre, quale soggetto incaricato di promuovere l\u2019attrazione degli investimenti esteri in Italia. Con una organizzazione dinamica motivata e moderna e una diffusa rete di uffici all\u2019estero, l\u2019ICE svolge attivit\u00e0 di informazione, assistenza, consulenza, promozione e formazione alle piccole e medie imprese italiane. Grazie all\u2019utilizzo dei pi\u00f9 moderni strumenti di promozione e di comunicazione multicanale, agisce per affermare le eccellenze del Made in Italy nel mondo. Informazioni dettagliate per le imprese sono disponibili sul portale <a href=\"https:\/\/www.ice.it\/it\/chi-siamo\" target=\"_blank\" rel=\"noopener\">https:\/\/www.ice.it\/it\/chi-siamo<\/a> <\/span><\/p>\n<p class=\"gmail--wm-msonormal\" style=\"text-align: justify;\"><u><span style=\"font-size: 12.0pt;\">ICE \u2013 ITA Italian Trade Agency \u2013 (Punto di Corrispondenza per la Repubblica Ceca)<\/span><\/u><\/p>\n<p class=\"gmail--wm-msonormal\" style=\"text-align: justify;\"><span style=\"font-size: 12.0pt;\">Referente: Ag\u00e1ta Cacciotti<\/span><\/p>\n<p class=\"gmail--wm-msonormal\" style=\"text-align: justify;\"><span style=\"font-size: 12.0pt;\">Ambasciata d\u2019Italia a Praga<\/span><\/p>\n<p class=\"gmail--wm-msonormal\" style=\"text-align: justify;\"><span style=\"font-size: 12.0pt;\">Nerudova 214\/20, 118 00 \u2013 Praga 1<\/span><\/p>\n<p class=\"gmail--wm-msonormal\" style=\"text-align: justify;\"><span style=\"font-size: 12.0pt;\">Tel.: +420 220 560 799<\/span><\/p>\n<p class=\"gmail--wm-msonormal\" style=\"text-align: justify;\"><span style=\"font-size: 12.0pt;\">E-mail: <a href=\"mailto:praga@ice.it\" target=\"_blank\" rel=\"noopener\">praga@ice.it<\/a> <\/span><\/p>\n<p class=\"gmail--wm-msonormal\" style=\"text-align: justify;\"><span style=\"font-size: 12.0pt;\">Web: <a href=\"https:\/\/www.ice.it\/it\/mercati\/repubblica-ceca\" target=\"_blank\" rel=\"noopener\">https:\/\/www.ice.it\/it\/mercati\/repubblica-ceca<\/a> <\/span><\/p>\n<p class=\"gmail--wm-msonormal\" style=\"text-align: justify;\"><b><span style=\"font-size: 12.0pt;\">Camera di Commercio e dell\u2019Industria Italo-Ceca<\/span><\/b><\/p>\n<p class=\"gmail--wm-msonormal\" style=\"text-align: justify;\"><span style=\"font-size: 12.0pt;\">La Camera di Commercio e dell\u2019Industria mista Italo-Ceca (CAMIC) nasce a Praga nel 2001 e raggruppa in breve tempo un numero significativo di associati, in particolare imprenditori italiani che operano nel mercato ceco. Nel 2003 viene riconosciuta come Camera di Commercio Italiana all\u2019Estero dal Governo italiano (L.518 del 1\u00b0 luglio 1970) e dal Ministero dell\u2019Industria e del Commercio ceco (legge N.42\/1980 Coll.). Oggi \u00e8 tra le principali Camere di Commercio estere in Repubblica Ceca, con sede principale nel cuore di Praga, nel prestigioso Palazzo Trauttmannsdorf, con un ufficio secondario a Brno, nel polo fieristico BVV, presso il Consolato Onorario d\u2019Italia.<\/span><\/p>\n<p class=\"gmail--wm-msonormal\" style=\"text-align: justify;\"><span style=\"font-size: 12.0pt;\">Sito: <a href=\"https:\/\/www.camic.cz\/it\/\" target=\"_blank\" rel=\"noopener\">https:\/\/www.camic.cz\/it\/<\/a> <\/span><\/p>\n<p class=\"gmail--wm-msonormal\" style=\"text-align: justify;\"><span style=\"font-size: 12.0pt;\">Organizzazione e staff: <a href=\"https:\/\/www.camic.cz\/it\/organizzazione\/staff\/\" target=\"_blank\" rel=\"noopener\">https:\/\/www.camic.cz\/it\/organizzazione\/staff\/<\/a> <\/span><\/p>\n<p class=\"gmail--wm-msonormal\" style=\"text-align: justify;\"><span style=\"font-size: 12.0pt;\">Contatti per sviluppo mercato <a href=\"https:\/\/www.camic.cz\/it\/sviluppo-mercato\/\" target=\"_blank\" rel=\"noopener\">https:\/\/www.camic.cz\/it\/sviluppo-mercato\/<\/a> <\/span><\/p>\n<p class=\"gmail--wm-msonormal\" style=\"text-align: justify;\"><b><span style=\"font-size: 12.0pt;\">Czech Invest<\/span><\/b><\/p>\n<p class=\"gmail--wm-msonormal\" style=\"text-align: justify;\"><span style=\"font-size: 12.0pt;\">L&#8217;agenzia CzechInvest svolge un ruolo chiave nel campo del sostegno alle imprese e agli investimenti nella Repubblica Ceca. La combinazione integrata di operazioni regionali, centrali e internazionali assicura un collegamento tra le tendenze globali con le migliori condizioni regionali. Uno degli obiettivi di CzechInvest \u00e8 trasformare la Repubblica Ceca in un leader dell&#8217;innovazione in Europa. CzechInvest, fondata nel 1992, \u00e8 un&#8217;organizzazione finanziata dallo stato e subordinata al Ministero dell&#8217;Industria e del Commercio della Repubblica Ceca. <\/span><\/p>\n<p class=\"gmail--wm-msonormal\" style=\"text-align: justify;\"><span style=\"font-size: 12.0pt;\">Attivit\u00e0 di CzechInvest:<\/span><\/p>\n<p class=\"gmail--wm-msonormal\" style=\"margin-left: 36pt; text-align: justify;\"><span style=\"font-size: 12.0pt;\">&#8211;<\/span><span style=\"font-size: 7.0pt; font-family: 'Times New Roman',serif;\">\u00a0\u00a0\u00a0\u00a0\u00a0\u00a0\u00a0\u00a0\u00a0 <\/span><span style=\"font-size: 12.0pt;\">sviluppo del potenziale delle imprese tecnologiche ceche;<\/span><\/p>\n<p class=\"gmail--wm-msonormal\" style=\"margin-left: 36pt; text-align: justify;\"><span style=\"font-size: 12.0pt;\">&#8211;<\/span><span style=\"font-size: 7.0pt; font-family: 'Times New Roman',serif;\">\u00a0\u00a0\u00a0\u00a0\u00a0\u00a0\u00a0\u00a0\u00a0 <\/span><span style=\"font-size: 12.0pt;\">sostegno agli investimenti cosiddetti \u201cintelligenti\u201d;<\/span><\/p>\n<p class=\"gmail--wm-msonormal\" style=\"margin-left: 36pt; text-align: justify;\"><span style=\"font-size: 12.0pt;\">&#8211;<\/span><span style=\"font-size: 7.0pt; font-family: 'Times New Roman',serif;\">\u00a0\u00a0\u00a0\u00a0\u00a0\u00a0\u00a0\u00a0\u00a0 <\/span><span style=\"font-size: 12.0pt;\">motivazione degli investitori stranieri presenti nella Repubblica Ceca a realizzare investimenti complementari sofisticati; <\/span><\/p>\n<p class=\"gmail--wm-msonormal\" style=\"margin-left: 36pt; text-align: justify;\"><span style=\"font-size: 12.0pt;\">&#8211;<\/span><span style=\"font-size: 7.0pt; font-family: 'Times New Roman',serif;\">\u00a0\u00a0\u00a0\u00a0\u00a0\u00a0\u00a0\u00a0\u00a0 <\/span><span style=\"font-size: 12.0pt;\">incubazione e sviluppo di start-up e spin-off;<\/span><\/p>\n<p class=\"gmail--wm-msonormal\" style=\"margin-left: 36pt; text-align: justify;\"><span style=\"font-size: 12.0pt;\">&#8211;<\/span><span style=\"font-size: 7.0pt; font-family: 'Times New Roman',serif;\">\u00a0\u00a0\u00a0\u00a0\u00a0\u00a0\u00a0\u00a0\u00a0 <\/span><span style=\"font-size: 12.0pt;\">assistenza alle aziende ceche per l&#8217;ingresso nei mercati esteri; <\/span><\/p>\n<p class=\"gmail--wm-msonormal\" style=\"margin-left: 36pt; text-align: justify;\"><span style=\"font-size: 12.0pt;\">&#8211;<\/span><span style=\"font-size: 7.0pt; font-family: 'Times New Roman',serif;\">\u00a0\u00a0\u00a0\u00a0\u00a0\u00a0\u00a0\u00a0\u00a0 <\/span><span style=\"font-size: 12.0pt;\">promozione dell&#8217;economia, della tecnologia e della ricerca ceca anche in proiezione verso l&#8217;estero<\/span><\/p>\n<p class=\"gmail--wm-msonormal\" style=\"margin-left: 36pt; text-align: justify;\"><span style=\"font-size: 12.0pt;\">&#8211;<\/span><span style=\"font-size: 7.0pt; font-family: 'Times New Roman',serif;\">\u00a0\u00a0\u00a0\u00a0\u00a0\u00a0\u00a0\u00a0\u00a0 <\/span><span style=\"font-size: 12.0pt;\">collegare partner nel campo imprenditoriale, della ricerca e dello sviluppo in tutto il mondo.<\/span><\/p>\n<p class=\"gmail--wm-msonormal\" style=\"text-align: justify;\"><i><span style=\"font-size: 12.0pt;\">GALLERY:<\/span><\/i><\/p>\n<p class=\"gmail--wm-msonormal\" style=\"margin-left: 36pt; text-align: justify;\"><i><span style=\"font-size: 12.0pt;\">1-<\/span><\/i><i><span style=\"font-size: 7.0pt; font-family: 'Times New Roman',serif;\">\u00a0\u00a0\u00a0\u00a0\u00a0 <\/span><\/i><i><span style=\"font-size: 12.0pt;\">INFOMERCATIESTERI<\/span><\/i><\/p>\n<p><a href=\"https:\/\/www.infomercatiesteri.it\/paese.php?id_paesi=86#\" target=\"_blank\" rel=\"noopener\"><img loading=\"lazy\" decoding=\"async\" class=\"\" src=\"https:\/\/ambpraga.esteri.it\/wp-content\/uploads\/2024\/08\/infomercatiesteri-logo.png\" width=\"686\" height=\"100\" \/><\/a><\/p>\n<p class=\"gmail--wm-msonormal\" style=\"padding-left: 40px; text-align: justify;\"><i><span style=\"font-size: 12.0pt;\">\u00a0<\/span><\/i><i><span style=\"font-size: 12.0pt;\">2-<\/span><\/i><i><span style=\"font-size: 7.0pt; font-family: 'Times New Roman',serif;\">\u00a0\u00a0\u00a0\u00a0\u00a0 <\/span><\/i><i><span style=\"font-size: 12.0pt;\">ICE AGENZIA<\/span><\/i><\/p>\n<p><a href=\"https:\/\/www.ice.it\/it\/mercati\/repubblica-ceca\" target=\"_blank\" rel=\"noopener\"><img loading=\"lazy\" decoding=\"async\" class=\"\" src=\"https:\/\/ambpraga.esteri.it\/wp-content\/uploads\/2024\/08\/ICE-Agenzia.jpg\" width=\"250\" height=\"149\" \/><\/a><\/p>\n<p class=\"gmail--wm-msonormal\" style=\"padding-left: 40px; text-align: justify;\"><i><span style=\"font-size: 12.0pt;\">\u00a0<\/span><\/i><i><span style=\"font-size: 12.0pt;\">3-<\/span><\/i><i><span style=\"font-size: 7.0pt; font-family: 'Times New Roman',serif;\">\u00a0\u00a0\u00a0\u00a0\u00a0 <\/span><\/i><i><span style=\"font-size: 12.0pt;\">CAMIC<\/span><\/i><\/p>\n<p class=\"gmail--wm-msonormal\" style=\"text-align: justify;\"><a href=\"https:\/\/www.camic.cz\/it\/\" target=\"_blank\" rel=\"noopener\"><img loading=\"lazy\" decoding=\"async\" class=\"\" src=\"https:\/\/ambpraga.esteri.it\/wp-content\/uploads\/2024\/08\/Logo-Camic.jpg\" width=\"250\" height=\"201\" \/><\/a><\/p>\n<p class=\"gmail--wm-msonormal\" style=\"padding-left: 40px; text-align: justify;\"><i><span style=\"font-size: 12.0pt;\">\u00a0<\/span><\/i><i><span style=\"font-size: 12.0pt;\">4-<\/span><\/i><i><span style=\"font-size: 7.0pt; font-family: 'Times New Roman',serif;\">\u00a0\u00a0\u00a0\u00a0\u00a0 <\/span><\/i><i><span style=\"font-size: 12.0pt;\">CZECH INVEST<\/span><\/i><\/p>\n<p class=\"gmail--wm-msonormal\" style=\"text-align: justify;\"><a href=\"http:\/\/www.czech-research.com\/\" target=\"_blank\" rel=\"noopener\"><i><img loading=\"lazy\" decoding=\"async\" class=\"\" src=\"https:\/\/ambpraga.esteri.it\/wp-content\/uploads\/2024\/08\/Logo-Czech-Invest.png\" width=\"258\" height=\"100\" \/><\/i><\/a><\/p>\n","protected":false},"excerpt":{"rendered":"COMMERCIO E TURISMO \u00a0Le relazioni commerciali tra l\u2019Italia e la Repubblica Ceca mantengono un ottimo andamento, con un interscambio commerciale che continua a far segnare delle cifre record, seppur lievemente contenute rispetto alla tendenza degli ultimi anni dieci anni. Il trend attuale continua ad essere positivo: nel 2023 l\u2019interscambio complessivo si \u00e8 attestato sui 18 [&hellip;]","protected":false},"author":1,"featured_media":0,"parent":43,"menu_order":0,"comment_status":"closed","ping_status":"closed","template":"","meta":{"footnotes":""},"class_list":["post-95","page","type-page","status-publish","hentry"],"_links":{"self":[{"href":"https:\/\/ambpraga.esteri.it\/it\/wp-json\/wp\/v2\/pages\/95","targetHints":{"allow":["GET"]}}],"collection":[{"href":"https:\/\/ambpraga.esteri.it\/it\/wp-json\/wp\/v2\/pages"}],"about":[{"href":"https:\/\/ambpraga.esteri.it\/it\/wp-json\/wp\/v2\/types\/page"}],"author":[{"embeddable":true,"href":"https:\/\/ambpraga.esteri.it\/it\/wp-json\/wp\/v2\/users\/1"}],"replies":[{"embeddable":true,"href":"https:\/\/ambpraga.esteri.it\/it\/wp-json\/wp\/v2\/comments?post=95"}],"version-history":[{"count":3,"href":"https:\/\/ambpraga.esteri.it\/it\/wp-json\/wp\/v2\/pages\/95\/revisions"}],"predecessor-version":[{"id":3479,"href":"https:\/\/ambpraga.esteri.it\/it\/wp-json\/wp\/v2\/pages\/95\/revisions\/3479"}],"up":[{"embeddable":true,"href":"https:\/\/ambpraga.esteri.it\/it\/wp-json\/wp\/v2\/pages\/43"}],"wp:attachment":[{"href":"https:\/\/ambpraga.esteri.it\/it\/wp-json\/wp\/v2\/media?parent=95"}],"curies":[{"name":"wp","href":"https:\/\/api.w.org\/{rel}","templated":true}]}}