{"id":97,"date":"2023-04-11T18:24:01","date_gmt":"2023-04-11T16:24:01","guid":{"rendered":"https:\/\/ambpraga.esteri.it\/?page_id=97"},"modified":"2024-08-08T10:41:30","modified_gmt":"2024-08-08T08:41:30","slug":"fare-affari-in-italia","status":"publish","type":"page","link":"https:\/\/ambpraga.esteri.it\/it\/italia-e-repubblica-ceca\/diplomazia-economica\/fare-affari-in-italia\/","title":{"rendered":"Fare affari in Italia"},"content":{"rendered":"<p style=\"text-align: justify;\">L\u2019Italia \u00e8 il sesto Paese nell\u2019area OCSE e il quarto in quella europea per valore del Prodotto interno lordo. La produzione italiana costituisce pi\u00f9 del 13% del PIL dell\u2019Unione europea.<\/p>\n<p style=\"text-align: justify;\">Per caratteristiche della struttura produttiva, la composizione italiana per settori di attivit\u00e0 economica risulta simile a quella dei principali Paesi europei, con circa un terzo della produzione nel comparto manifatturiero e delle costruzioni e con gran parte del restante in quello dei servizi. All\u2019interno di quest\u2019ultimo settore, il commercio, i trasporti e le comunicazioni assorbono una quota di PIL pi\u00f9 elevata rispetto alla media dei Paesi europei.<\/p>\n<p style=\"text-align: justify;\">Situata nel cuore del mediterraneo, l\u2019Italia rappresenta uno snodo cruciale per i collegamenti stradali, marittimi ed aerei tra il Nord ed il Sud d\u2019Europa. Grazie alla sua ubicazione strategica, l\u2019Italia permette di raggiungere facilmente i 396 milioni di consumatori negli altri Stati dell\u2019Unione europea e i 240 milioni dell\u2019Africa settentrionale e del Medio Oriente. l\u2019Italia si colloca al primo posto come Paese con il minor costo di insediamento per il settore delle biotecnologie, al secondo posto per i test su prodotto nelle attivit\u00e0 di ricerca e sviluppo, nella chimica e nell\u2019elettronica. Nel corso degli anni sono state introdotte riforme strutturali che hanno permesso all\u2019Italia di armonizzare il proprio quadro normativo, fiscale ed agevolativo agli standard europei. In particolare sono state attuate riforme importanti nel mercato del lavoro, del credito, dell\u2019energia, della Pubblica Amministrazione al fine di rendere il Sistema Italia pi\u00f9 attraente per gli operatori economici e pi\u00f9 competitivo nel confronto internazionale.<\/p>\n<p style=\"text-align: justify;\"><a href=\"https:\/\/www.investinitaly.gov.it\/\"><strong>InvestinItaly.gov.it<\/strong><\/a>\u00a0\u00e8 il nuovo portale in lingua inglese che presenta le principali opportunit\u00e0 di investimento in Italia in 13 settori strategici, fornendo informazioni su incentivi e adempimenti per l\u2019acquisizione di oltre 250 siti industriali immediatamente disponibili agli investitori.<\/p>\n<p style=\"text-align: justify;\"><a href=\"https:\/\/investorvisa.mise.gov.it\/index.php\/it\/\"><strong>Investor Visa for Italy<\/strong><\/a>\u00a0\u00e8 un visto biennale per cittadini non UE che investono in asset strategici per l\u2019Italia, estendibile per altri tre anni mantenendo l\u2019investimento. Requisiti minimi di investimento:<\/p>\n<ul style=\"text-align: justify;\">\n<li>2 milioni di euro in titoli di Stato con scadenza minima di due anni<\/li>\n<li>500mila euro in una societ\u00e0 di capitali<\/li>\n<li>250mila euro in una start-up innovativa<\/li>\n<li>1 milione di euro in donazioni filantropiche per progetti di pubblico interesse<\/li>\n<\/ul>\n<p style=\"text-align: justify;\">Questo visto \u00e8 l\u2019opportunit\u00e0 ideale per stabilirsi in Italia con un regime fiscale agevolato, pagando un importo fisso di tasse indipendentemente dal reddito. Il programma ha gi\u00e0 beneficiato oltre 150 investitori, attirando circa 120 milioni di euro, principalmente in societ\u00e0 di capitali e start-up innovative italiane.<\/p>\n<p style=\"text-align: justify;\"><a href=\"https:\/\/italiastartupvisa.mise.gov.it\/#homepage\"><strong>Italia Startup Visa<\/strong><\/a>\u00a0\u00e8 un programma che \u00e8 stato lanciato dal Ministero dello Sviluppo Economico ed \u00e8 rivolto a tutti gli imprenditori provenienti da paesi non UE che hanno intenzione di ottenere un visto di ingresso per procedere alla costituzione di una startup innovativa sul territorio.<\/p>\n<p style=\"text-align: justify;\"><strong><u>Quadro macroeconomico<\/u><\/strong><\/p>\n<p style=\"text-align: justify;\">Dati aggiornati sull\u2019andamento dell\u2019economia italiana sono reperibili dalle fonti qui di seguito elencate.<\/p>\n<p style=\"text-align: justify;\"><strong>Banca d\u2019Italia<\/strong><\/p>\n<p style=\"text-align: justify;\"><a href=\"https:\/\/www.bancaditalia.it\/homepage\/index.html?com.dotmarketing.htmlpage.language=102\"><strong>Sul sito web della Banca d\u2019Italia<\/strong><\/a>\u00a0\u00e8 presente il collegamento alla sezione pubblicazioni attraverso il quale si accede ai servizi di carattere economico e statistico e di politica monetaria sull\u2019Italia. Di particolare interesse ai fini di un\u2019accurata ed aggiornata analisi sul quadro economico nazionale si segnala, in questa sezione, il Bollettino Economico.<\/p>\n<p style=\"text-align: justify;\"><strong>ISTAT<\/strong><br \/>\n<a href=\"https:\/\/www.istat.it\/it\/\"><strong>L\u2019Istituto Nazionale di Statistica<\/strong><\/a>\u00a0fornisce dati aggiornati su tutti gli indicatori economici del paese.<\/p>\n<p style=\"text-align: justify;\"><strong>Eurostat<\/strong><br \/>\n<a href=\"https:\/\/ec.europa.eu\/eurostat?etrans=it\"><strong>L\u2019Istituto Europeo di Statistica<\/strong><\/a>\u00a0fornisce dati aggiornati sui maggiori indicatori economici dei paesi UE.<\/p>\n<p style=\"text-align: justify;\"><strong><u>Istituzioni di riferimento<\/u><\/strong><\/p>\n<p style=\"text-align: justify;\"><a href=\"http:\/\/www.ice.gov.it\/\"><strong>ICE-Agenzia per la promozione all\u2019estero e l\u2019internazionalizzazione delle imprese italiane<\/strong><\/a>\u00a0\u00e8 l\u2019Agenzia italiana che facilita l\u2019accesso delle imprese italiane al mercato globale alle imprese italiane, soprattutto le PMI. Con una rete globale di 79 Unit\u00e0 operative, fornisce assistenza, consulenza e promozione commerciale, personalizzate per ogni impresa e per il Sistema Italia. Le sue attivit\u00e0 mirano a facilitare gli affari internazionali, fornendo informazioni sulle opportunit\u00e0 commerciali, sugli investimenti e sulle gare internazionali, contribuendo cos\u00ec allo sviluppo economico del Paese.<\/p>\n<p style=\"text-align: justify;\"><a href=\"http:\/\/www.unioncamere.gov.it\/\"><strong>Unione delle Camere di Commercio, Industria, Artigianato e Agricoltura<\/strong><\/a>\u00a0\u00e8 il punto di riferimento per i settori produttivi a livello locale, nazionale e internazionale. Promuove e gestisce servizi per le Camere di commercio e le categorie economiche, sviluppa la collaborazione con la rete delle CCIE e facilita l\u2019accesso a programmi comunitari e accordi internazionali, promuovendo l\u2019Italia nel mondo con tecnologie avanzate.<\/p>\n<p style=\"text-align: justify;\"><a href=\"https:\/\/www.assocamerestero.it\/\"><strong>Assocamerestero<\/strong><\/a>\u00a0\u00e8 l\u2019associazione delle Camere di Commercio Italiane nel mondo, nata per valorizzare e sviluppare le attivit\u00e0 delle Camere, aumentando la loro visibilit\u00e0 presso istituzioni e organizzazioni imprenditoriali italiane e internazionali. L\u2019Associazione promuove le Camere di Commercio Italiane all\u2019estero, facilitando collaborazioni strategiche, comunicazioni e assistenza per nuove Camere e networking internazionale.<\/p>\n<p style=\"text-align: justify;\"><a href=\"http:\/\/www.confindustria.it\/\"><strong>Confindustria<\/strong><\/a>\u00a0(Organizzazione rappresentativa delle imprese manifatturiere di servizi in Italia): fondata nel 1910, rappresenta le imprese manifatturiere e di servizi in Italia, con oltre 147.000 imprese e circa 5.416.777 addetti. Il suo obiettivo principale \u00e8 contribuire, insieme a varie istituzioni e organizzazioni, alla crescita economica e al progresso sociale del Paese.<\/p>\n<p style=\"text-align: justify;\"><a href=\"http:\/\/www.cdp.it\/\"><strong>Cassa depositi e prestiti<\/strong><\/a>, controllata dal Ministero dell\u2019Economia e delle Finanze, utilizza il risparmio nazionale per la crescita economica. Collabora con istituzioni finanziarie internazionali per promuovere investimenti infrastrutturali. Favorisce relazioni con investitori esteri per sostenere l\u2019espansione delle imprese italiane oltre confine.<\/p>\n<p style=\"text-align: justify;\"><a href=\"http:\/\/www.sace.it\/\"><strong>SACE \u2013 Servizi Assicurativi del Commercio Estero<\/strong><\/a><strong>:\u00a0<\/strong>societ\u00e0 di assicurazione all\u2019esportazione con il sostegno del Ministero dell\u2019Economia, copre rischi politici, economici e commerciali per gli operatori italiani all\u2019estero. Favorisce le esportazioni delle PMI italiane, agevolando l\u2019accesso alle garanzie assicurative.<\/p>\n<p style=\"text-align: justify;\"><a href=\"http:\/\/www.simest.it\/\"><strong>SIMEST \u2013 Finanziaria di sviluppo e promozione delle imprese italiane all\u2019estero<\/strong><\/a><strong>:<\/strong>\u00a0societ\u00e0 controllata dal governo italiano, promuove e sostiene le attivit\u00e0 delle imprese italiane all\u2019estero, specialmente PMI, attraverso sostegno agli scambi commerciali e agli investimenti. Fornisce assistenza, consulenza e supporto finanziario, gestisce fondi venture capital, eroga contributi agli interessi, finanzia studi di fattibilit\u00e0 e altre iniziative per facilitare l\u2019espansione internazionale delle imprese italiane.<\/p>\n<p style=\"text-align: justify;\"><strong><u>Alcune organizzazioni rappresentative<\/u><\/strong><\/p>\n<p style=\"text-align: justify;\"><strong>CONFAPI &#8211; Confederazione Italiana della Piccola e Media Industria<\/strong><\/p>\n<p style=\"text-align: justify;\">La Confapi \u00e8 cresciuta accanto alla piccola impresa italiana ed \u00e8 oggi una realt\u00e0 consolidata che rappresenta oltre 50mila aziende con circa un milione di addetti.<br \/>\nFinalit\u00e0 istituzionali della Confapi sono la difesa degli interessi e la valorizzazione dell\u2019industria italiana di piccola e media dimensione. Le iniziative e i programmi sono svolti con l\u2019obiettivo di favorire lo sviluppo economico e civile del Paese, in collegamento con le organizzazioni ed istituzioni nazionali ed europee. La Confederazione svolge il proprio ruolo di rappresentanza e di proposta a favore della piccola e media industria, sostenendo una politica economica nazionale, che faciliti la crescita imprenditoriale. Il sito web \u00e8 consultabile al seguente indirizzo:\u00a0<a href=\"https:\/\/www.confapi.org\/it\/\">CONFAPI<\/a><\/p>\n<p style=\"text-align: justify;\"><strong>FORMEZ<\/strong><br \/>\nCentro di Formazione e Studi<\/p>\n<p style=\"text-align: justify;\"><a href=\"https:\/\/www.formez.it\/\">Formez PA | Centro servizi, assistenza, studi e formazione per l\u2019ammodernamento delle P.A.<\/a><\/p>\n<p style=\"text-align: justify;\"><strong>INFORMEST<\/strong><br \/>\nCentro di Servizi e Documentazione per la Cooperazione Economica Internazionale<\/p>\n<p style=\"text-align: justify;\"><a href=\"https:\/\/www.informest.it\/\">Informest \u2013 HOME<\/a><\/p>\n<p style=\"text-align: justify;\"><strong><u>I siti web delle Regioni d\u2019Italia<\/u><\/strong><\/p>\n<p style=\"text-align: justify;\"><a href=\"http:\/\/www.regione.abruzzo.it\/\"><strong>Abruzzo<\/strong><\/a><br \/>\n<a href=\"http:\/\/www.regione.basilicata.it\/\"><strong>Basilicata<\/strong><\/a><br \/>\n<a href=\"http:\/\/www.regione.calabria.it\/\"><strong>Calabria<\/strong><\/a><br \/>\n<a href=\"http:\/\/www.regione.campania.it\/\"><strong>Campania<\/strong><\/a><br \/>\n<a href=\"http:\/\/www.regione.emilia-romagna.it\/\"><strong>Emilia Romagna<\/strong><\/a><br \/>\n<a href=\"http:\/\/www.regione.fvg.it\/\"><strong>Friuli Venezia Giulia<\/strong><\/a><br \/>\n<a href=\"http:\/\/www.regione.lazio.it\/\"><strong>Lazio<\/strong><\/a><br \/>\n<a href=\"http:\/\/www.regione.liguria.it\/\"><strong>Liguria<\/strong><\/a><br \/>\n<a href=\"http:\/\/www.regione.lombardia.it\/\"><strong>Lombardia<\/strong><\/a><br \/>\n<a href=\"http:\/\/www.regione.marche.it\/\"><strong>Marche<\/strong><\/a><br \/>\n<a href=\"http:\/\/www.regione.molise.it\/\"><strong>Molise<\/strong><\/a><br \/>\n<a href=\"http:\/\/www.regione.piemonte.it\/\"><strong>Piemonte<\/strong><\/a><br \/>\n<a href=\"http:\/\/www.regione.puglia.it\/\"><strong>Puglia<\/strong><\/a><br \/>\n<a href=\"http:\/\/www.regione.sardegna.it\/\"><strong>Sardegna<\/strong><\/a><br \/>\n<a href=\"http:\/\/www.regione.sicilia.it\/\"><strong>Sicilia<\/strong><\/a><br \/>\n<a href=\"http:\/\/www.regione.toscana.it\/\"><strong>Toscana<\/strong><\/a><br \/>\n<a href=\"http:\/\/www.regione.taa.it\/\"><strong>Trentino Alto Adige<\/strong><\/a><br \/>\n<a href=\"http:\/\/www.regione.umbria.it\/\"><strong>Umbria<\/strong><\/a><br \/>\n<a href=\"http:\/\/www.regione.vda.it\/\"><strong>Valle d\u2019Aosta<\/strong><\/a><br \/>\n<a href=\"http:\/\/www.regione.veneto.it\/\"><strong>Veneto<\/strong><\/a><\/p>\n","protected":false},"excerpt":{"rendered":"L\u2019Italia \u00e8 il sesto Paese nell\u2019area OCSE e il quarto in quella europea per valore del Prodotto interno lordo. La produzione italiana costituisce pi\u00f9 del 13% del PIL dell\u2019Unione europea. Per caratteristiche della struttura produttiva, la composizione italiana per settori di attivit\u00e0 economica risulta simile a quella dei principali Paesi europei, con circa un terzo [&hellip;]","protected":false},"author":1,"featured_media":0,"parent":43,"menu_order":0,"comment_status":"closed","ping_status":"closed","template":"","meta":{"footnotes":""},"class_list":["post-97","page","type-page","status-publish","hentry"],"_links":{"self":[{"href":"https:\/\/ambpraga.esteri.it\/it\/wp-json\/wp\/v2\/pages\/97","targetHints":{"allow":["GET"]}}],"collection":[{"href":"https:\/\/ambpraga.esteri.it\/it\/wp-json\/wp\/v2\/pages"}],"about":[{"href":"https:\/\/ambpraga.esteri.it\/it\/wp-json\/wp\/v2\/types\/page"}],"author":[{"embeddable":true,"href":"https:\/\/ambpraga.esteri.it\/it\/wp-json\/wp\/v2\/users\/1"}],"replies":[{"embeddable":true,"href":"https:\/\/ambpraga.esteri.it\/it\/wp-json\/wp\/v2\/comments?post=97"}],"version-history":[{"count":2,"href":"https:\/\/ambpraga.esteri.it\/it\/wp-json\/wp\/v2\/pages\/97\/revisions"}],"predecessor-version":[{"id":3573,"href":"https:\/\/ambpraga.esteri.it\/it\/wp-json\/wp\/v2\/pages\/97\/revisions\/3573"}],"up":[{"embeddable":true,"href":"https:\/\/ambpraga.esteri.it\/it\/wp-json\/wp\/v2\/pages\/43"}],"wp:attachment":[{"href":"https:\/\/ambpraga.esteri.it\/it\/wp-json\/wp\/v2\/media?parent=97"}],"curies":[{"name":"wp","href":"https:\/\/api.w.org\/{rel}","templated":true}]}}