{"id":9742,"date":"2026-05-08T09:04:48","date_gmt":"2026-05-08T07:04:48","guid":{"rendered":"https:\/\/ambpraga.esteri.it\/?page_id=9742"},"modified":"2026-05-08T09:05:22","modified_gmt":"2026-05-08T07:05:22","slug":"elenchi-di-professionisti-sanitari-parlanti-italiano-aggiornato-al-22-10-2025","status":"publish","type":"page","link":"https:\/\/ambpraga.esteri.it\/it\/servizi-consolari-e-visti\/servizi-per-il-cittadino-italiano\/stato-civile\/nascita\/acquisto-della-cittadinanza-di-figli-minori-conviventi-con-genitore-non-cittadino-dalla-nascita\/elenchi-di-professionisti-sanitari-parlanti-italiano-aggiornato-al-22-10-2025\/","title":{"rendered":"\u00a0ELENCHI DI PROFESSIONISTI SANITARI PARLANTI ITALIANO  aggiornato al 22\/10\/2025"},"content":{"rendered":"<p>&nbsp;<\/p>\n<p>&nbsp;<\/p>\n<h1>Ambasciata d\u2019Italia Praga<\/h1>\n<p><strong>\u00a0ELENCHI DI PROFESSIONISTI SANITARI PARLANTI ITALIANO <\/strong><\/p>\n<p><strong>aggiornato al 22\/10\/2025 <\/strong><\/p>\n<h1>MEDICI<\/h1>\n<table width=\"654\">\n<tbody>\n<tr>\n<td width=\"238\">\n<p style=\"text-align: center;\"><strong>NOME <\/strong><strong>JM\u00c9NO <\/strong><\/p>\n<\/td>\n<td style=\"text-align: center;\" width=\"277\"><strong>INDIRIZZO <\/strong><strong>ADRESA <\/strong><\/td>\n<td style=\"text-align: center;\" width=\"140\"><strong>TELEFONO <\/strong><strong>TELEFON <\/strong><\/td>\n<\/tr>\n<tr>\n<td width=\"238\">Dott.ssa Vanda \u0158ezn\u00ed\u010dkov\u00e1<\/p>\n<p><strong>Medicina generale <\/strong><\/td>\n<td width=\"277\">Salubrita &#8211; Palack\u00e9ho 720\/5,<\/p>\n<p>Praga 1 Nov\u00e9 M\u011bsto 110 00<\/td>\n<td width=\"140\">+420 251 642 196<\/p>\n<p>&nbsp;<\/td>\n<\/tr>\n<tr>\n<td width=\"238\">Dott. Paolo Baldi <strong>Odontoiatra\/Implantologo <\/strong><\/td>\n<td width=\"277\">Amati Dental Clinic &#8211; U Stud\u00e1nky<\/p>\n<p>139\/22,<\/p>\n<p>Praga 7 Hole\u0161ovice, 170 00<\/td>\n<td width=\"140\">+420 737 718 624<\/td>\n<\/tr>\n<tr>\n<td width=\"238\">Dott.ssa Jana Pel\u00e1nov\u00e1<\/p>\n<p><strong>Pediatra <\/strong><\/td>\n<td width=\"277\">Antala Sta\u0161ka 1670\/80,\u00a0 Praga 4, 140 00<\/td>\n<td width=\"140\">+420 241 400 443<\/td>\n<\/tr>\n<tr>\n<td width=\"238\">Dott. Roberto Folleri<\/p>\n<p><strong>Osteopata <\/strong><\/td>\n<td width=\"277\">Active Osteopathy<\/p>\n<p>Lidick\u00e1 766\/1, Praga 5, 150 00<\/td>\n<td width=\"140\">+420 604 615 634<\/td>\n<\/tr>\n<tr>\n<td width=\"238\">Dott.ssa Darina Shanshashvili<\/p>\n<p><strong>Odontoiatra<\/strong><\/td>\n<td width=\"277\">MEDICDENT zubni ordinace<\/p>\n<p>Kurta Konrada 2445\/7, Praga 9, 190 00<\/td>\n<td width=\"140\">+420 266 312 694<\/p>\n<p>+420 777 752 914<\/td>\n<\/tr>\n<tr>\n<td width=\"238\">Dott. Gabriele Felici<\/p>\n<p><strong>Medico specializzando in dermatologia <\/strong><\/td>\n<td width=\"277\">presso POLIKLINIKA HOLESOVICE,<\/p>\n<p>DERMACENTRUM, Plynarni 10,<\/p>\n<p>Praga 7, 170 00<\/td>\n<td width=\"140\">+420 607 559 439<\/p>\n<p>&nbsp;<\/td>\n<\/tr>\n<\/tbody>\n<\/table>\n<p><strong>\u00a0<\/strong><\/p>\n<p>Il presente elenco non \u00e8 da ritenersi esclusivamente a scopo informativo.<\/p>\n<p>L\u2019accettazione dei singoli casi rimane pienamente a discrezione di ogni professionista. Il rimborso delle prestazioni rimane conforme a quanto ordinariamente previsto dalla legge locale.<\/p>\n<p>L\u2019Ambasciata d\u2019Italia in Praga non risponde per l\u2019operato dei professionisti inclusi nell\u2019elenco.<\/p>\n<p>1<\/p>\n","protected":false},"excerpt":{"rendered":"&nbsp; &nbsp; Ambasciata d\u2019Italia Praga \u00a0ELENCHI DI PROFESSIONISTI SANITARI PARLANTI ITALIANO aggiornato al 22\/10\/2025 MEDICI NOME JM\u00c9NO INDIRIZZO ADRESA TELEFONO TELEFON Dott.ssa Vanda \u0158ezn\u00ed\u010dkov\u00e1 Medicina generale Salubrita &#8211; Palack\u00e9ho 720\/5, Praga 1 Nov\u00e9 M\u011bsto 110 00 +420 251 642 196 &nbsp; Dott. Paolo Baldi Odontoiatra\/Implantologo Amati Dental Clinic &#8211; U Stud\u00e1nky 139\/22, Praga 7 Hole\u0161ovice, [&hellip;]","protected":false},"author":15,"featured_media":0,"parent":6839,"menu_order":0,"comment_status":"closed","ping_status":"closed","template":"","meta":{"footnotes":""},"class_list":["post-9742","page","type-page","status-publish","hentry"],"_links":{"self":[{"href":"https:\/\/ambpraga.esteri.it\/it\/wp-json\/wp\/v2\/pages\/9742","targetHints":{"allow":["GET"]}}],"collection":[{"href":"https:\/\/ambpraga.esteri.it\/it\/wp-json\/wp\/v2\/pages"}],"about":[{"href":"https:\/\/ambpraga.esteri.it\/it\/wp-json\/wp\/v2\/types\/page"}],"author":[{"embeddable":true,"href":"https:\/\/ambpraga.esteri.it\/it\/wp-json\/wp\/v2\/users\/15"}],"replies":[{"embeddable":true,"href":"https:\/\/ambpraga.esteri.it\/it\/wp-json\/wp\/v2\/comments?post=9742"}],"version-history":[{"count":1,"href":"https:\/\/ambpraga.esteri.it\/it\/wp-json\/wp\/v2\/pages\/9742\/revisions"}],"predecessor-version":[{"id":9743,"href":"https:\/\/ambpraga.esteri.it\/it\/wp-json\/wp\/v2\/pages\/9742\/revisions\/9743"}],"up":[{"embeddable":true,"href":"https:\/\/ambpraga.esteri.it\/it\/wp-json\/wp\/v2\/pages\/6839"}],"wp:attachment":[{"href":"https:\/\/ambpraga.esteri.it\/it\/wp-json\/wp\/v2\/media?parent=9742"}],"curies":[{"name":"wp","href":"https:\/\/api.w.org\/{rel}","templated":true}]}}